{"id":738,"date":"2026-01-12T10:05:43","date_gmt":"2026-01-12T09:05:43","guid":{"rendered":"https:\/\/www.euro-soft.pl\/w\/?post_type=product&#038;p=738"},"modified":"2026-01-12T10:05:43","modified_gmt":"2026-01-12T09:05:43","slug":"dyktafon-8-gb-pendrive","status":"publish","type":"product","link":"https:\/\/www.euro-soft.pl\/w\/produkt\/dyktafon-8-gb-pendrive\/","title":{"rendered":"Dyktafon 8 GB pendrive"},"content":{"rendered":"<p><strong>Dyktafon 8 GB<\/strong>\u00a0przeznaczony jest do rejestracji rozm\u00f3w bezpo\u015brednich. Zapis wykonywany jest w standardzie WAV. Nagrania s\u0105 zapisywane w plikach cztero-godzinnych. Nagrane pliki posiadaj\u0105 dat\u0119 i godzin\u0119.<br \/>\n<strong>Dane techniczne:\u00a0<\/strong><br \/>\nPami\u0119\u0107 wewn\u0119trzna dyktafonu: 8 GB<br \/>\nPojemno\u015b\u0107 pami\u0119ci: do 400\u00a0 godzin<\/p>\n","protected":false},"excerpt":{"rendered":"<p>Czas ci\u0105g\u0142ego nagrywania: 15 godzin<br \/>\nFormat zapisu: WAV<br \/>\nZasilanie: akumulator: Li-Pol 110 mAh<br \/>\n\u0141adowanie akumulatora: USB<br \/>\nWymiary: 70 x 20 x 10 mm<br \/>\nObs\u0142ugiwane systemy: Windows, ME, 2000, XP, Vista, 7, 10<br \/>\nRekomendowane programy do odczytu nagra\u0144 : WavePad, AudaCity<\/p>\n","protected":false},"featured_media":639,"template":"","meta":[],"product_brand":[],"product_cat":[39,23],"product_tag":[],"class_list":{"0":"post-738","1":"product","2":"type-product","3":"status-publish","4":"has-post-thumbnail","6":"product_cat-bez-kategorii","7":"product_cat-mini-dyktafony","9":"first","10":"instock","11":"taxable","12":"shipping-taxable","13":"purchasable","14":"product-type-simple"},"_links":{"self":[{"href":"https:\/\/www.euro-soft.pl\/w\/wp-json\/wp\/v2\/product\/738","targetHints":{"allow":["GET"]}}],"collection":[{"href":"https:\/\/www.euro-soft.pl\/w\/wp-json\/wp\/v2\/product"}],"about":[{"href":"https:\/\/www.euro-soft.pl\/w\/wp-json\/wp\/v2\/types\/product"}],"wp:featuredmedia":[{"embeddable":true,"href":"https:\/\/www.euro-soft.pl\/w\/wp-json\/wp\/v2\/media\/639"}],"wp:attachment":[{"href":"https:\/\/www.euro-soft.pl\/w\/wp-json\/wp\/v2\/media?parent=738"}],"wp:term":[{"taxonomy":"product_brand","embeddable":true,"href":"https:\/\/www.euro-soft.pl\/w\/wp-json\/wp\/v2\/product_brand?post=738"},{"taxonomy":"product_cat","embeddable":true,"href":"https:\/\/www.euro-soft.pl\/w\/wp-json\/wp\/v2\/product_cat?post=738"},{"taxonomy":"product_tag","embeddable":true,"href":"https:\/\/www.euro-soft.pl\/w\/wp-json\/wp\/v2\/product_tag?post=738"}],"curies":[{"name":"wp","href":"https:\/\/api.w.org\/{rel}","templated":true}]}}