{"id":730,"date":"2025-11-19T11:30:47","date_gmt":"2025-11-19T10:30:47","guid":{"rendered":"https:\/\/www.euro-soft.pl\/w\/?post_type=product&#038;p=730"},"modified":"2025-11-19T11:37:46","modified_gmt":"2025-11-19T10:37:46","slug":"pokrowiec-zagluszajacy-karty-kredytowe-kluczyki","status":"publish","type":"product","link":"https:\/\/www.euro-soft.pl\/w\/produkt\/pokrowiec-zagluszajacy-karty-kredytowe-kluczyki\/","title":{"rendered":"Pokrowiec zag\u0142uszaj\u0105cy karty kredytowe, kluczyki"},"content":{"rendered":"","protected":false},"excerpt":{"rendered":"<p>Prezentowany pokrowiec odcina \u0142\u0105czno\u015b\u0107 radiow\u0105 z kluczykami samochodowymi, niezale\u017cnie od marki i typu pojazdu. Mo\u017cna te\u017c go u\u017cywa\u0107 do kart kredytowych \u2013 nie zostan\u0105 wtedy sczytane. Skuteczno\u015b\u0107 pokrowca 100 %.\u00a0 Wymiary 13 cm x 8,5 cm.<\/p>\n","protected":false},"featured_media":731,"template":"","meta":[],"product_brand":[],"product_cat":[20],"product_tag":[],"class_list":{"0":"post-730","1":"product","2":"type-product","3":"status-publish","4":"has-post-thumbnail","6":"product_cat-nasze-produkty","8":"first","9":"instock","10":"taxable","11":"shipping-taxable","12":"purchasable","13":"product-type-simple"},"_links":{"self":[{"href":"https:\/\/www.euro-soft.pl\/w\/wp-json\/wp\/v2\/product\/730","targetHints":{"allow":["GET"]}}],"collection":[{"href":"https:\/\/www.euro-soft.pl\/w\/wp-json\/wp\/v2\/product"}],"about":[{"href":"https:\/\/www.euro-soft.pl\/w\/wp-json\/wp\/v2\/types\/product"}],"wp:featuredmedia":[{"embeddable":true,"href":"https:\/\/www.euro-soft.pl\/w\/wp-json\/wp\/v2\/media\/731"}],"wp:attachment":[{"href":"https:\/\/www.euro-soft.pl\/w\/wp-json\/wp\/v2\/media?parent=730"}],"wp:term":[{"taxonomy":"product_brand","embeddable":true,"href":"https:\/\/www.euro-soft.pl\/w\/wp-json\/wp\/v2\/product_brand?post=730"},{"taxonomy":"product_cat","embeddable":true,"href":"https:\/\/www.euro-soft.pl\/w\/wp-json\/wp\/v2\/product_cat?post=730"},{"taxonomy":"product_tag","embeddable":true,"href":"https:\/\/www.euro-soft.pl\/w\/wp-json\/wp\/v2\/product_tag?post=730"}],"curies":[{"name":"wp","href":"https:\/\/api.w.org\/{rel}","templated":true}]}}