{"id":666,"date":"2025-09-24T11:57:11","date_gmt":"2025-09-24T09:57:11","guid":{"rendered":"https:\/\/www.euro-soft.pl\/wordpress\/produkt\/kamera-wi-fi-z-akumulatorem\/"},"modified":"2025-11-19T10:50:48","modified_gmt":"2025-11-19T09:50:48","slug":"kamera-wi-fi-z-akumulatorem","status":"publish","type":"product","link":"https:\/\/www.euro-soft.pl\/w\/produkt\/kamera-wi-fi-z-akumulatorem\/","title":{"rendered":"Kamera wi-fi z akumulatorem"},"content":{"rendered":"<p><strong>Dane techniczne:<br \/>\n<\/strong>Format wideo: AVI<br \/>\nLiczba klatek wideo na sekund\u0119: 15 kl.\/s<br \/>\nK\u0105t widzenia: 75 st.<br \/>\nKamera obraca si\u0119 o 180 st.<br \/>\nPojemno\u015b\u0107 baterii: oko\u0142o 1200 mAh<br \/>\nCzas nagrywania: oko\u0142o 420 minut<br \/>\nNapi\u0119cie \u0142adowania: DC-5V 1A<br \/>\nObs\u0142uga pami\u0119ci masowej: 8 GB-128 GB<br \/>\nSzybko\u015b\u0107 transmisji: USB 2.0<br \/>\nTryb pracy nocnej: dodatkowe diody.<br \/>\nPracuje na: 2,4 GHz<br \/>\nWymiary: 65 x 58 x 15 mm<br \/>\nNagrywa w p\u0119tli<\/p>\n","protected":false},"excerpt":{"rendered":"<p>Kamera wifi z wbudowanym akumulatorem, obrotow\u0105 kamer\u0105 i uchwytem do monta\u017cu. Czas nagrywania do 7 godzin. K\u0105t widzenia 75 st. Mo\u017ce by\u0107 pod\u0142\u0105czona na sta\u0142e do 230 V poprzez zasilacz 5 V lub power bank.<\/p>\n","protected":false},"featured_media":665,"template":"","meta":[],"product_brand":[],"product_cat":[20],"product_tag":[],"class_list":{"0":"post-666","1":"product","2":"type-product","3":"status-publish","4":"has-post-thumbnail","6":"product_cat-nasze-produkty","8":"first","9":"instock","10":"taxable","11":"shipping-taxable","12":"purchasable","13":"product-type-simple"},"_links":{"self":[{"href":"https:\/\/www.euro-soft.pl\/w\/wp-json\/wp\/v2\/product\/666","targetHints":{"allow":["GET"]}}],"collection":[{"href":"https:\/\/www.euro-soft.pl\/w\/wp-json\/wp\/v2\/product"}],"about":[{"href":"https:\/\/www.euro-soft.pl\/w\/wp-json\/wp\/v2\/types\/product"}],"wp:featuredmedia":[{"embeddable":true,"href":"https:\/\/www.euro-soft.pl\/w\/wp-json\/wp\/v2\/media\/665"}],"wp:attachment":[{"href":"https:\/\/www.euro-soft.pl\/w\/wp-json\/wp\/v2\/media?parent=666"}],"wp:term":[{"taxonomy":"product_brand","embeddable":true,"href":"https:\/\/www.euro-soft.pl\/w\/wp-json\/wp\/v2\/product_brand?post=666"},{"taxonomy":"product_cat","embeddable":true,"href":"https:\/\/www.euro-soft.pl\/w\/wp-json\/wp\/v2\/product_cat?post=666"},{"taxonomy":"product_tag","embeddable":true,"href":"https:\/\/www.euro-soft.pl\/w\/wp-json\/wp\/v2\/product_tag?post=666"}],"curies":[{"name":"wp","href":"https:\/\/api.w.org\/{rel}","templated":true}]}}