{"id":663,"date":"2025-09-24T11:57:11","date_gmt":"2025-09-24T09:57:11","guid":{"rendered":"https:\/\/www.euro-soft.pl\/wordpress\/produkt\/kamera-atrapa-ir-led\/"},"modified":"2025-09-24T11:58:05","modified_gmt":"2025-09-24T09:58:05","slug":"kamera-atrapa-ir-led","status":"publish","type":"product","link":"https:\/\/www.euro-soft.pl\/w\/produkt\/kamera-atrapa-ir-led\/","title":{"rendered":"Kamera atrapa IR Led"},"content":{"rendered":"<p>&nbsp;<\/p>\n","protected":false},"excerpt":{"rendered":"<p>&nbsp;Kamera atrapa wizualnie przypomina akamer\u0119 przemys\u0142ow\u0105. Mo\u017cna j\u0105 zainstalowa\u0107 zar\u00f3wno wewn\u0105trz jak i na zewn\u0105trz budynku. Jest zasilana bateriami ( 2 x 1,5 V AA). Posiada czerwon\u0105 , mrugajac\u0105 diod\u0119. Wymiary kamery: 8 x 17 x 21 cm.<\/p>\n","protected":false},"featured_media":662,"template":"","meta":[],"product_brand":[],"product_cat":[24],"product_tag":[],"class_list":{"0":"post-663","1":"product","2":"type-product","3":"status-publish","4":"has-post-thumbnail","6":"product_cat-kamery-atrapy","8":"first","9":"instock","10":"taxable","11":"shipping-taxable","12":"purchasable","13":"product-type-simple"},"_links":{"self":[{"href":"https:\/\/www.euro-soft.pl\/w\/wp-json\/wp\/v2\/product\/663","targetHints":{"allow":["GET"]}}],"collection":[{"href":"https:\/\/www.euro-soft.pl\/w\/wp-json\/wp\/v2\/product"}],"about":[{"href":"https:\/\/www.euro-soft.pl\/w\/wp-json\/wp\/v2\/types\/product"}],"wp:featuredmedia":[{"embeddable":true,"href":"https:\/\/www.euro-soft.pl\/w\/wp-json\/wp\/v2\/media\/662"}],"wp:attachment":[{"href":"https:\/\/www.euro-soft.pl\/w\/wp-json\/wp\/v2\/media?parent=663"}],"wp:term":[{"taxonomy":"product_brand","embeddable":true,"href":"https:\/\/www.euro-soft.pl\/w\/wp-json\/wp\/v2\/product_brand?post=663"},{"taxonomy":"product_cat","embeddable":true,"href":"https:\/\/www.euro-soft.pl\/w\/wp-json\/wp\/v2\/product_cat?post=663"},{"taxonomy":"product_tag","embeddable":true,"href":"https:\/\/www.euro-soft.pl\/w\/wp-json\/wp\/v2\/product_tag?post=663"}],"curies":[{"name":"wp","href":"https:\/\/api.w.org\/{rel}","templated":true}]}}