{"id":660,"date":"2025-09-24T11:57:11","date_gmt":"2025-09-24T09:57:11","guid":{"rendered":"https:\/\/www.euro-soft.pl\/wordpress\/produkt\/kamera-kopulkowa-atrapa\/"},"modified":"2025-09-24T11:58:05","modified_gmt":"2025-09-24T09:58:05","slug":"kamera-kopulkowa-atrapa","status":"publish","type":"product","link":"https:\/\/www.euro-soft.pl\/w\/produkt\/kamera-kopulkowa-atrapa\/","title":{"rendered":"Kamera kopu\u0142kowa-atrapa"},"content":{"rendered":"<p>Podczas pracy mruga czerwona dioda. Wymiary kammery 11,5 x 8 cm. Tylko kolor czarny.<\/p>\n","protected":false},"excerpt":{"rendered":"<p>Atrapa kamery wiernie odwzorowuje wygl\u0105d profesjonalnych urzadze\u0144 monitoruj\u0105cych. Produkt jest wykonany z plastiku, zasilany bateriami 2 x 1,5 V (AA). <\/p>\n","protected":false},"featured_media":659,"template":"","meta":[],"product_brand":[],"product_cat":[24],"product_tag":[],"class_list":{"0":"post-660","1":"product","2":"type-product","3":"status-publish","4":"has-post-thumbnail","6":"product_cat-kamery-atrapy","8":"first","9":"instock","10":"taxable","11":"shipping-taxable","12":"purchasable","13":"product-type-simple"},"_links":{"self":[{"href":"https:\/\/www.euro-soft.pl\/w\/wp-json\/wp\/v2\/product\/660","targetHints":{"allow":["GET"]}}],"collection":[{"href":"https:\/\/www.euro-soft.pl\/w\/wp-json\/wp\/v2\/product"}],"about":[{"href":"https:\/\/www.euro-soft.pl\/w\/wp-json\/wp\/v2\/types\/product"}],"wp:featuredmedia":[{"embeddable":true,"href":"https:\/\/www.euro-soft.pl\/w\/wp-json\/wp\/v2\/media\/659"}],"wp:attachment":[{"href":"https:\/\/www.euro-soft.pl\/w\/wp-json\/wp\/v2\/media?parent=660"}],"wp:term":[{"taxonomy":"product_brand","embeddable":true,"href":"https:\/\/www.euro-soft.pl\/w\/wp-json\/wp\/v2\/product_brand?post=660"},{"taxonomy":"product_cat","embeddable":true,"href":"https:\/\/www.euro-soft.pl\/w\/wp-json\/wp\/v2\/product_cat?post=660"},{"taxonomy":"product_tag","embeddable":true,"href":"https:\/\/www.euro-soft.pl\/w\/wp-json\/wp\/v2\/product_tag?post=660"}],"curies":[{"name":"wp","href":"https:\/\/api.w.org\/{rel}","templated":true}]}}