{"id":658,"date":"2025-09-24T11:57:11","date_gmt":"2025-09-24T09:57:11","guid":{"rendered":"https:\/\/www.euro-soft.pl\/wordpress\/produkt\/wykrywacz-podsluchow-rfd-5\/"},"modified":"2025-09-24T11:58:05","modified_gmt":"2025-09-24T09:58:05","slug":"wykrywacz-podsluchow-rfd-5","status":"publish","type":"product","link":"https:\/\/www.euro-soft.pl\/w\/produkt\/wykrywacz-podsluchow-rfd-5\/","title":{"rendered":"Wykrywacz pods\u0142uch\u00f3w RFD-5"},"content":{"rendered":"<p><strong><br \/><\/strong>&nbsp;Bardzo wysoka czu\u0142o\u015b\u0107 i szeroki zakres dynamiki.<\/p>\n<ul>\n<li>Obs\u0142ugiwane pasmo cz\u0119stotliwo\u015bci&nbsp;<strong>do 25GHz<\/strong>.<\/li>\n<li>Zapami\u0119tywanie poziom\u00f3w szczytowych&nbsp;&#8211; detekcja transmisji impulsowych.<\/li>\n<li>Zaawansowane&nbsp;filtrowanie interferencji.<\/li>\n<li>Demodulacja sygna\u0142u audio.<\/li>\n<li>D\u017awi\u0119kowa&nbsp;funkcja odwzorowania si\u0142y sygna\u0142u radiowego cz\u0119stotliwo\u015bci\u0105 trzask\u00f3w.<\/li>\n<li>4 sposoby odwzorowania si\u0142y sygna\u0142u&nbsp;&#8211; wska\u017anik s\u0142upkowy, wskazanie cyfrowe, wska\u017anik s\u0142upkowy z op\u00f3\u017anieniem, wskazanie szczytowe.<\/li>\n<li>Detekcja wszelkich rodzaj\u00f3w sygna\u0142\u00f3w radiowych&nbsp;&#8211; z uwzgl\u0119dnieniem kodowanych cyfrowo.<\/li>\n<li>Wykrywanie transmisji&nbsp;szerokopasmowych,&nbsp;impulsowych&nbsp;i&nbsp;z przeskokiem cz\u0119stotliwo\u015bci.<\/li>\n<\/ul>\n","protected":false},"excerpt":{"rendered":"<p>Wykrywacz RFD-5&nbsp; to szerokopasmowy detektor transmisji radiowych o bardzo wysokiej czu\u0142o\u015bci i szerokim zakresie dynamicznym. Jest zoptymalizowany do profesjonalnej detekcji i lokalizacji pods\u0142uch\u00f3w radiowych korzystaj\u0105cych z transmisji w pa\u015bmie a\u017c do 25 GHz zar\u00f3wno analogowych jak te\u017c i cyfrowych.<br \/>Najwa\u017cniejsze zalety wykrywacza pods\u0142uch\u00f3w RFD-5:<br \/>&#8211; Detekcja telefon\u00f3w kom\u00f3rkowych&nbsp;oraz lokalizator\u00f3w GPS<strong><strong><br \/><\/strong><\/strong><\/p>\n","protected":false},"featured_media":657,"template":"","meta":[],"product_brand":[],"product_cat":[21],"product_tag":[],"class_list":{"0":"post-658","1":"product","2":"type-product","3":"status-publish","4":"has-post-thumbnail","6":"product_cat-wykrywacze-podsluchu","8":"first","9":"instock","10":"taxable","11":"shipping-taxable","12":"purchasable","13":"product-type-simple"},"_links":{"self":[{"href":"https:\/\/www.euro-soft.pl\/w\/wp-json\/wp\/v2\/product\/658","targetHints":{"allow":["GET"]}}],"collection":[{"href":"https:\/\/www.euro-soft.pl\/w\/wp-json\/wp\/v2\/product"}],"about":[{"href":"https:\/\/www.euro-soft.pl\/w\/wp-json\/wp\/v2\/types\/product"}],"wp:featuredmedia":[{"embeddable":true,"href":"https:\/\/www.euro-soft.pl\/w\/wp-json\/wp\/v2\/media\/657"}],"wp:attachment":[{"href":"https:\/\/www.euro-soft.pl\/w\/wp-json\/wp\/v2\/media?parent=658"}],"wp:term":[{"taxonomy":"product_brand","embeddable":true,"href":"https:\/\/www.euro-soft.pl\/w\/wp-json\/wp\/v2\/product_brand?post=658"},{"taxonomy":"product_cat","embeddable":true,"href":"https:\/\/www.euro-soft.pl\/w\/wp-json\/wp\/v2\/product_cat?post=658"},{"taxonomy":"product_tag","embeddable":true,"href":"https:\/\/www.euro-soft.pl\/w\/wp-json\/wp\/v2\/product_tag?post=658"}],"curies":[{"name":"wp","href":"https:\/\/api.w.org\/{rel}","templated":true}]}}