{"id":654,"date":"2025-09-24T11:57:10","date_gmt":"2025-09-24T09:57:10","guid":{"rendered":"https:\/\/www.euro-soft.pl\/wordpress\/produkt\/wykrywacz-podsluchow-fc1002\/"},"modified":"2025-09-24T11:58:05","modified_gmt":"2025-09-24T09:58:05","slug":"wykrywacz-podsluchow-fc1002","status":"publish","type":"product","link":"https:\/\/www.euro-soft.pl\/w\/produkt\/wykrywacz-podsluchow-fc1002\/","title":{"rendered":"Wykrywacz pods\u0142uch\u00f3w FC1002"},"content":{"rendered":"<p>Parametry techniczne:<\/p>\n<ul>\n<li>zakres cz\u0119stotliwo\u015bci: 1MHz \u00f7 3GHz<\/li>\n<li>rozdzielczo\u015b\u0107: 0,1Hz<\/li>\n<li>16-segmentowy wska\u017anik si\u0142y sygna\u0142u<\/li>\n<li>wska\u017anik stanu akumulator\u00f3w<\/li>\n<li>filtr zapobiegaj\u0105cy wy\u015bwietlaniu sygna\u0142\u00f3w zak\u0142\u00f3caj\u0105cych<\/li>\n<li>zasilanie: wbudowane akumulatory Ni-Cd<\/li>\n<li>wymiary: 80 \u00d7 68 \u00d7 31 mm<\/li>\n<li>waga: 210g<\/li>\n<\/ul>\n<p>Najwa\u017cniejsze cechy:<\/p>\n<ul>\n<li>10 cyfrowy wy\u015bwietlacz LCD<\/li>\n<li>Ma\u0142y pob\u00f3r energii (<em>\u015brednie \u017cycie baterii \u2013 6 godzin<\/em>)<\/li>\n<li>Dostarczony z zestawem baterii NiCd, \u0142adowark\u0105 \u015bcienn\u0105 AC oraz anten\u0105 teleskopow\u0105<\/li>\n<li>Blokada wy\u015bwietlacza<\/li>\n<li>Wska\u017anik s\u0142abej baterii<\/li>\n<li>Ultra czu\u0142y, synchroniczny detektor 16 skalowy pokazuj\u0105cy si\u0142\u0119 sygna\u0142u RF<\/li>\n<li>Bardzo szybki 300 MHz-owy bezpo\u015bredni licznik z rozdzielczo\u015bci\u0105 0.1 Hz<\/li>\n<\/ul>\n","protected":false},"excerpt":{"rendered":"<p>Detektor cz\u0119stotliwo\u015bci FC-1002 jest kieszonkowym przyrz\u0105dem przeznaczonym do zdalnego wykrywania sygna\u0142\u00f3w analogowych w zakresie 1MHz \u2013 3 GHz. Pomiary s\u0105 prezentowane na 7-segmentowym wy\u015bwietlaczu LCD. Ultra-czu\u0142y detektor zsynchronizowany z 16-sekcyjnym barograficznym wska\u017anikiem si\u0142y sygna\u0142u pozwala na precyzyjne lokalizowanie \u017ar\u00f3de\u0142 sygna\u0142u.&nbsp;<\/p>\n","protected":false},"featured_media":653,"template":"","meta":[],"product_brand":[],"product_cat":[21],"product_tag":[],"class_list":{"0":"post-654","1":"product","2":"type-product","3":"status-publish","4":"has-post-thumbnail","6":"product_cat-wykrywacze-podsluchu","8":"first","9":"instock","10":"taxable","11":"shipping-taxable","12":"purchasable","13":"product-type-simple"},"_links":{"self":[{"href":"https:\/\/www.euro-soft.pl\/w\/wp-json\/wp\/v2\/product\/654","targetHints":{"allow":["GET"]}}],"collection":[{"href":"https:\/\/www.euro-soft.pl\/w\/wp-json\/wp\/v2\/product"}],"about":[{"href":"https:\/\/www.euro-soft.pl\/w\/wp-json\/wp\/v2\/types\/product"}],"wp:featuredmedia":[{"embeddable":true,"href":"https:\/\/www.euro-soft.pl\/w\/wp-json\/wp\/v2\/media\/653"}],"wp:attachment":[{"href":"https:\/\/www.euro-soft.pl\/w\/wp-json\/wp\/v2\/media?parent=654"}],"wp:term":[{"taxonomy":"product_brand","embeddable":true,"href":"https:\/\/www.euro-soft.pl\/w\/wp-json\/wp\/v2\/product_brand?post=654"},{"taxonomy":"product_cat","embeddable":true,"href":"https:\/\/www.euro-soft.pl\/w\/wp-json\/wp\/v2\/product_cat?post=654"},{"taxonomy":"product_tag","embeddable":true,"href":"https:\/\/www.euro-soft.pl\/w\/wp-json\/wp\/v2\/product_tag?post=654"}],"curies":[{"name":"wp","href":"https:\/\/api.w.org\/{rel}","templated":true}]}}