{"id":652,"date":"2025-09-24T11:57:10","date_gmt":"2025-09-24T09:57:10","guid":{"rendered":"https:\/\/www.euro-soft.pl\/wordpress\/produkt\/zestaw-uv\/"},"modified":"2025-09-24T11:58:05","modified_gmt":"2025-09-24T09:58:05","slug":"zestaw-uv","status":"publish","type":"product","link":"https:\/\/www.euro-soft.pl\/w\/produkt\/zestaw-uv\/","title":{"rendered":"Zestaw UV"},"content":{"rendered":"<p>Oznaczenia mo\u017cna robi\u0107 flamastrem albo proszkami UV-w zale\u017cno\u015bci od pod\u0142o\u017ca.<br \/>Latarka ma wbudowane diody UV (9 sztuk) . Zasilana jest bateriami 1,5 V AAA ( 3 szt -brak w zestawie).&nbsp;<\/p>\n<p>W zestawie:<\/p>\n<ul>\n<li>latarka UV x 1 szt<\/li>\n<li>flamaster UV x 1 szt<\/li>\n<li>proszek UV x 3 szt<\/li>\n<\/ul>\n","protected":false},"excerpt":{"rendered":"<p>Zestaw przeznaczony jest do identyfikacji oryginalno\u015bci banknot\u00f3w lub innych papier\u00f3w warto\u015bciowych, poprzez odczyt oryginalnych oznacze\u0144 widocznych w \u015bwietle UV. Mo\u017cna nim tak\u017ce umieszcza\u0107 w\u0142asne oznakowanie UV np. na przedmiotach, meblach i r\u00f3\u017cnych sprz\u0119tach.<\/p>\n","protected":false},"featured_media":651,"template":"","meta":[],"product_brand":[],"product_cat":[20],"product_tag":[],"class_list":{"0":"post-652","1":"product","2":"type-product","3":"status-publish","4":"has-post-thumbnail","6":"product_cat-nasze-produkty","8":"first","9":"instock","10":"taxable","11":"shipping-taxable","12":"purchasable","13":"product-type-simple"},"_links":{"self":[{"href":"https:\/\/www.euro-soft.pl\/w\/wp-json\/wp\/v2\/product\/652","targetHints":{"allow":["GET"]}}],"collection":[{"href":"https:\/\/www.euro-soft.pl\/w\/wp-json\/wp\/v2\/product"}],"about":[{"href":"https:\/\/www.euro-soft.pl\/w\/wp-json\/wp\/v2\/types\/product"}],"wp:featuredmedia":[{"embeddable":true,"href":"https:\/\/www.euro-soft.pl\/w\/wp-json\/wp\/v2\/media\/651"}],"wp:attachment":[{"href":"https:\/\/www.euro-soft.pl\/w\/wp-json\/wp\/v2\/media?parent=652"}],"wp:term":[{"taxonomy":"product_brand","embeddable":true,"href":"https:\/\/www.euro-soft.pl\/w\/wp-json\/wp\/v2\/product_brand?post=652"},{"taxonomy":"product_cat","embeddable":true,"href":"https:\/\/www.euro-soft.pl\/w\/wp-json\/wp\/v2\/product_cat?post=652"},{"taxonomy":"product_tag","embeddable":true,"href":"https:\/\/www.euro-soft.pl\/w\/wp-json\/wp\/v2\/product_tag?post=652"}],"curies":[{"name":"wp","href":"https:\/\/api.w.org\/{rel}","templated":true}]}}