{"id":646,"date":"2025-09-24T11:57:10","date_gmt":"2025-09-24T09:57:10","guid":{"rendered":"https:\/\/www.euro-soft.pl\/wordpress\/produkt\/lokalizator-gps-aplikacja\/"},"modified":"2025-09-24T11:58:05","modified_gmt":"2025-09-24T09:58:05","slug":"lokalizator-gps-aplikacja","status":"publish","type":"product","link":"https:\/\/www.euro-soft.pl\/w\/produkt\/lokalizator-gps-aplikacja\/","title":{"rendered":"Lokalizator GPS aplikacja"},"content":{"rendered":"<p>Lokalizator posiada wbudowany akumulator wielokrotnego \u0142adowania,&nbsp;kt\u00f3ry pozwola na ci\u0105g\u0142\u0105 prac\u0119&nbsp;<strong>do 5 dni<\/strong> w czuwaniu. Akumulator mo\u017cesz \u0142adowa\u0107 np. przez kabel zasilaj\u0105cy, pod\u0142\u0105czaj\u0105c do \u0142adowarki takiej jak od telefonu.&nbsp;Uzyskany czas pracy sprz\u0119tu zale\u017cy od wykorzystywanych opcji&nbsp;oraz&nbsp;zasi\u0119gu sygna\u0142u GPS\/GSM. Przy domy\u015blnej lokalizacji&nbsp;co 10 sekund&nbsp;realny czas do uzyskania&nbsp;to ok. 2-3 dni. Ustawienia mo\u017cemy zmienia\u0107 w aplikacji.&nbsp;Dok\u0142adno\u015b\u0107 lokalizatora to 3-5 metr\u00f3w. Historia po\u0142o\u017cenia jest magazynowana do 6 miesi\u0119cy wstecz, z funkcj\u0105 pobrania pliku z danych.<\/p>\n<p>W zestawie:<\/p>\n<ul>\n<li>lokalizator GPS x 1 szt<\/li>\n<li>kabel USB<\/li>\n<li>aplikacja<\/li>\n<\/ul>\n","protected":false},"excerpt":{"rendered":"<p>Lokalizator jest wielko\u015bci pude\u0142ka zapa\u0142ek. Wymiary: &nbsp;5,4 x 3,6 x 2,3cm.&nbsp;Posiada wbudowany <strong>magnes<\/strong>. Posiada wbudowany <strong>mikrofon<\/strong>. Pracuje w oparciu o <strong>aplikacj\u0119<\/strong> w telefonie.&nbsp;<\/p>\n","protected":false},"featured_media":645,"template":"","meta":[],"product_brand":[],"product_cat":[20],"product_tag":[],"class_list":{"0":"post-646","1":"product","2":"type-product","3":"status-publish","4":"has-post-thumbnail","6":"product_cat-nasze-produkty","8":"first","9":"instock","10":"taxable","11":"shipping-taxable","12":"purchasable","13":"product-type-simple"},"_links":{"self":[{"href":"https:\/\/www.euro-soft.pl\/w\/wp-json\/wp\/v2\/product\/646","targetHints":{"allow":["GET"]}}],"collection":[{"href":"https:\/\/www.euro-soft.pl\/w\/wp-json\/wp\/v2\/product"}],"about":[{"href":"https:\/\/www.euro-soft.pl\/w\/wp-json\/wp\/v2\/types\/product"}],"wp:featuredmedia":[{"embeddable":true,"href":"https:\/\/www.euro-soft.pl\/w\/wp-json\/wp\/v2\/media\/645"}],"wp:attachment":[{"href":"https:\/\/www.euro-soft.pl\/w\/wp-json\/wp\/v2\/media?parent=646"}],"wp:term":[{"taxonomy":"product_brand","embeddable":true,"href":"https:\/\/www.euro-soft.pl\/w\/wp-json\/wp\/v2\/product_brand?post=646"},{"taxonomy":"product_cat","embeddable":true,"href":"https:\/\/www.euro-soft.pl\/w\/wp-json\/wp\/v2\/product_cat?post=646"},{"taxonomy":"product_tag","embeddable":true,"href":"https:\/\/www.euro-soft.pl\/w\/wp-json\/wp\/v2\/product_tag?post=646"}],"curies":[{"name":"wp","href":"https:\/\/api.w.org\/{rel}","templated":true}]}}