{"id":643,"date":"2025-09-24T11:57:10","date_gmt":"2025-09-24T09:57:10","guid":{"rendered":"https:\/\/www.euro-soft.pl\/wordpress\/produkt\/dyktafon-w-dlugopisie\/"},"modified":"2025-09-24T11:58:05","modified_gmt":"2025-09-24T09:58:05","slug":"dyktafon-w-dlugopisie","status":"publish","type":"product","link":"https:\/\/www.euro-soft.pl\/w\/produkt\/dyktafon-w-dlugopisie\/","title":{"rendered":"Dyktafon w d\u0142ugopisie"},"content":{"rendered":"<p>Dyktafon przed u\u017cyciem nale\u017cy na\u0142adowa\u0107 przez komputer albo \u0142adowark\u0119 5 V. Zainstalowa\u0107 kart\u0119 mikro SD (pami\u0119\u0107 do 32 GB). W zale\u017cno\u015bci od pami\u0119ci nagramy od 48 do&nbsp; 384 h. Podczas nagrywania nie pod\u0142\u0105czamy s\u0142uchawek. Usuwanie nagra\u0144 najlepiej robi\u0107 przez komputer. Unikniemy usuni\u0119cia wa\u017cnych informacji.<\/p>\n<p>Dane techniczne:<\/p>\n<ul>\n<li>Czas \u0142adowania: 2 godz<\/li>\n<li>Czas nagrywania: do 15 godz<\/li>\n<li>Czas ods\u0142uchiwania: do 10 godz<\/li>\n<li>Brak pami\u0119ci (zapis na kart\u0119 SD-brak w zestawie)<\/li>\n<li>Format plik\u00f3w: WAV<\/li>\n<\/ul>\n<p>W zestawie:<\/p>\n<ul>\n<li>dyktafon w d\u0142ugopisie x 1 szt<\/li>\n<li>zestaw s\u0142uchawkowy x 1 szt<\/li>\n<li>kabel USB x 1 szt<\/li>\n<li>rysiki x 3 szt<\/li>\n<\/ul>\n","protected":false},"excerpt":{"rendered":"<p>Dyktafon jest prosty w obs\u0142udze. W\u0142\u0105cza si\u0119 go jednym przyciskiem. Mo\u017cna nim pisa\u0107 jak zwyk\u0142ym d\u0142ugopisem. Nagrania mo\u017cna ods\u0142uchiwa\u0107 bezpo\u015brednio z dyktafonu przez zestaw s\u0142uchawkowy z kompletu.<\/p>\n","protected":false},"featured_media":642,"template":"","meta":[],"product_brand":[],"product_cat":[23],"product_tag":[],"class_list":{"0":"post-643","1":"product","2":"type-product","3":"status-publish","4":"has-post-thumbnail","6":"product_cat-mini-dyktafony","8":"first","9":"instock","10":"taxable","11":"shipping-taxable","12":"purchasable","13":"product-type-simple"},"_links":{"self":[{"href":"https:\/\/www.euro-soft.pl\/w\/wp-json\/wp\/v2\/product\/643","targetHints":{"allow":["GET"]}}],"collection":[{"href":"https:\/\/www.euro-soft.pl\/w\/wp-json\/wp\/v2\/product"}],"about":[{"href":"https:\/\/www.euro-soft.pl\/w\/wp-json\/wp\/v2\/types\/product"}],"wp:featuredmedia":[{"embeddable":true,"href":"https:\/\/www.euro-soft.pl\/w\/wp-json\/wp\/v2\/media\/642"}],"wp:attachment":[{"href":"https:\/\/www.euro-soft.pl\/w\/wp-json\/wp\/v2\/media?parent=643"}],"wp:term":[{"taxonomy":"product_brand","embeddable":true,"href":"https:\/\/www.euro-soft.pl\/w\/wp-json\/wp\/v2\/product_brand?post=643"},{"taxonomy":"product_cat","embeddable":true,"href":"https:\/\/www.euro-soft.pl\/w\/wp-json\/wp\/v2\/product_cat?post=643"},{"taxonomy":"product_tag","embeddable":true,"href":"https:\/\/www.euro-soft.pl\/w\/wp-json\/wp\/v2\/product_tag?post=643"}],"curies":[{"name":"wp","href":"https:\/\/api.w.org\/{rel}","templated":true}]}}