{"id":640,"date":"2025-09-24T11:57:09","date_gmt":"2025-09-24T09:57:09","guid":{"rendered":"https:\/\/www.euro-soft.pl\/wordpress\/produkt\/dyktafon-4-gb-pendrive\/"},"modified":"2025-09-24T11:58:05","modified_gmt":"2025-09-24T09:58:05","slug":"dyktafon-4-gb-pendrive","status":"publish","type":"product","link":"https:\/\/www.euro-soft.pl\/w\/produkt\/dyktafon-4-gb-pendrive\/","title":{"rendered":"Dyktafon 4 GB pendrive"},"content":{"rendered":"<p>Czas ci\u0105g\u0142ego nagrywania: 15 godzin<br \/> Format zapisu: WAV&nbsp;<br \/> Zasilanie: akumulator: Li-Pol 110 mAh<br \/> \u0141adowanie akumulatora: USB<br \/>Wymiary: 70 x 20 x 10 mm<br \/> Obs\u0142ugiwane systemy: Windows, ME, 2000, XP, Vista, 7, 10<br \/> Rekomendowane programy do odczytu nagra\u0144 : WavePad, AudaCity<\/p>\n","protected":false},"excerpt":{"rendered":"<p><strong>Dyktafon 4 GB<\/strong>&nbsp;przeznaczony jest do rejestracji rozm\u00f3w bezpo\u015brednich. Zapis wykonywany jest w standardzie WAV. Nagrania s\u0105 zapisywane w plikach cztero-godzinnych. Nagrane pliki posiadaj\u0105 dat\u0119 i godzin\u0119.<br \/> <strong>Dane techniczne:&nbsp;<\/strong><br \/> Pami\u0119\u0107 wewn\u0119trzna dyktafonu: 4 GB<br \/> Pojemno\u015b\u0107 pami\u0119ci: do 200&nbsp; godzin<\/p>\n","protected":false},"featured_media":639,"template":"","meta":[],"product_brand":[],"product_cat":[23],"product_tag":[],"class_list":{"0":"post-640","1":"product","2":"type-product","3":"status-publish","4":"has-post-thumbnail","6":"product_cat-mini-dyktafony","8":"first","9":"instock","10":"taxable","11":"shipping-taxable","12":"purchasable","13":"product-type-simple"},"_links":{"self":[{"href":"https:\/\/www.euro-soft.pl\/w\/wp-json\/wp\/v2\/product\/640","targetHints":{"allow":["GET"]}}],"collection":[{"href":"https:\/\/www.euro-soft.pl\/w\/wp-json\/wp\/v2\/product"}],"about":[{"href":"https:\/\/www.euro-soft.pl\/w\/wp-json\/wp\/v2\/types\/product"}],"wp:featuredmedia":[{"embeddable":true,"href":"https:\/\/www.euro-soft.pl\/w\/wp-json\/wp\/v2\/media\/639"}],"wp:attachment":[{"href":"https:\/\/www.euro-soft.pl\/w\/wp-json\/wp\/v2\/media?parent=640"}],"wp:term":[{"taxonomy":"product_brand","embeddable":true,"href":"https:\/\/www.euro-soft.pl\/w\/wp-json\/wp\/v2\/product_brand?post=640"},{"taxonomy":"product_cat","embeddable":true,"href":"https:\/\/www.euro-soft.pl\/w\/wp-json\/wp\/v2\/product_cat?post=640"},{"taxonomy":"product_tag","embeddable":true,"href":"https:\/\/www.euro-soft.pl\/w\/wp-json\/wp\/v2\/product_tag?post=640"}],"curies":[{"name":"wp","href":"https:\/\/api.w.org\/{rel}","templated":true}]}}