{"id":635,"date":"2025-09-24T11:57:09","date_gmt":"2025-09-24T09:57:09","guid":{"rendered":"https:\/\/www.euro-soft.pl\/wordpress\/produkt\/dyktafon-8-gb-z-magnesem\/"},"modified":"2026-01-12T11:12:40","modified_gmt":"2026-01-12T10:12:40","slug":"dyktafon-8-gb-z-magnesem","status":"publish","type":"product","link":"https:\/\/www.euro-soft.pl\/w\/produkt\/dyktafon-8-gb-z-magnesem\/","title":{"rendered":"Dyktafon 32 GB z magnesem"},"content":{"rendered":"<p>Posiada wej\u015bcie na s\u0142uchawki, wi\u0119c mo\u017cemy nagrania ods\u0142uchiwa\u0107 bezpo\u015brednio z dyktafonu.<br \/>\nPosiada z\u0142\u0105cze USB, przez kt\u00f3re \u0142adujemy dyktafon i odczytujemy pliki w komputerze.<br \/>\nW komplecie jest klips do mocowania dyktafonu np. do ubrania.<br \/>\nKa\u017cde nagranie posiada dat\u0119 i godzin\u0119.<br \/>\nWymiary dyktafonu: 80 x 25 x 10 mm<\/p>\n<p><strong>Ustawienia (plik fabryczny):<\/strong><\/p>\n<p>VOR \u2013 aktywacja d\u017awi\u0119kiem, przy czym 0: brak aktywacji, 7-najwy\u017cszy poziom aktywacji<\/p>\n<p>BIT RATE-jako\u015b\u0107 nagrania, przy czym 0:najni\u017csza jako\u015b\u0107, 8: najlepsza (0:32Kbps 1:64Kbps 2:128Kbps 3:192Kbps 4:Translate ON 5:512Kbps 6:768Kbps 7:1024Kbps 8:1536Kbps)<\/p>\n<p>GAIN \u2013 czu\u0142o\u015b\u0107 mikrofonu, przy czym 0: najs\u0142absza, 7: najlepsza<\/p>\n<p>SECTION \u2013 czas trwania pliku (0-999 minut)<\/p>\n<p><strong>Nie nale\u017cy go pod\u0142\u0105cza\u0107 pod Mac&#8217;a, Androida.<br \/>\n<\/strong>Tylko systemy operacyjne: Windows 98\/Me\/Vista\/XP \/ Windows 7 (nie wymaga sterownik\u00f3w)<\/p>\n<p><strong>W zestawie:<br \/>\n<\/strong>dyktafon 32 GB z magnesem x 1 szt<br \/>\ns\u0142uchawki x 1 szt<br \/>\nuchwyt do mocowania x 1 szt<\/p>\n","protected":false},"excerpt":{"rendered":"<p><strong>Istotne informacje dotycz\u0105ce\u00a0 dyktafonu 32 GB:<br \/>\n<\/strong>Nagrywa do <strong>1100 godzin<\/strong> na wbudowanej pami\u0119ci (w zale\u017cno\u015bci od jako\u015bci nagrania)<br \/>\nPracuje na akumulatorze (do 60 godzin).<br \/>\nNagrywa <strong>pod sta\u0142ym zasilaniem<\/strong> 5 V (1A lub mniej). Wtedy mo\u017cemy wykorzysta\u0107 ca\u0142\u0105 pami\u0119\u0107 dyktafonu.<br \/>\nNagrywa z <strong>aktywacj\u0105 d\u017awi\u0119kiem<\/strong>. Posiada wbudowany<strong> magnes.<\/strong><\/p>\n<p>Brak na magazynie.<\/p>\n","protected":false},"featured_media":634,"template":"","meta":[],"product_brand":[],"product_cat":[23],"product_tag":[],"class_list":{"0":"post-635","1":"product","2":"type-product","3":"status-publish","4":"has-post-thumbnail","6":"product_cat-mini-dyktafony","8":"first","9":"instock","10":"taxable","11":"shipping-taxable","12":"purchasable","13":"product-type-simple"},"_links":{"self":[{"href":"https:\/\/www.euro-soft.pl\/w\/wp-json\/wp\/v2\/product\/635","targetHints":{"allow":["GET"]}}],"collection":[{"href":"https:\/\/www.euro-soft.pl\/w\/wp-json\/wp\/v2\/product"}],"about":[{"href":"https:\/\/www.euro-soft.pl\/w\/wp-json\/wp\/v2\/types\/product"}],"wp:featuredmedia":[{"embeddable":true,"href":"https:\/\/www.euro-soft.pl\/w\/wp-json\/wp\/v2\/media\/634"}],"wp:attachment":[{"href":"https:\/\/www.euro-soft.pl\/w\/wp-json\/wp\/v2\/media?parent=635"}],"wp:term":[{"taxonomy":"product_brand","embeddable":true,"href":"https:\/\/www.euro-soft.pl\/w\/wp-json\/wp\/v2\/product_brand?post=635"},{"taxonomy":"product_cat","embeddable":true,"href":"https:\/\/www.euro-soft.pl\/w\/wp-json\/wp\/v2\/product_cat?post=635"},{"taxonomy":"product_tag","embeddable":true,"href":"https:\/\/www.euro-soft.pl\/w\/wp-json\/wp\/v2\/product_tag?post=635"}],"curies":[{"name":"wp","href":"https:\/\/api.w.org\/{rel}","templated":true}]}}