{"id":627,"date":"2025-09-24T11:57:09","date_gmt":"2025-09-24T09:57:09","guid":{"rendered":"https:\/\/www.euro-soft.pl\/wordpress\/produkt\/mini-dyktafon-4-gb\/"},"modified":"2025-11-19T10:49:19","modified_gmt":"2025-11-19T09:49:19","slug":"mini-dyktafon-4-gb","status":"publish","type":"product","link":"https:\/\/www.euro-soft.pl\/w\/produkt\/mini-dyktafon-4-gb\/","title":{"rendered":"Mini dyktafon 4 GB"},"content":{"rendered":"<p style=\"text-align: center;\"><img loading=\"lazy\" decoding=\"async\" style=\"float: left;\" src=\"images\/Dyktafony\/Mini_Dyktafon_4-GB.jpg\" alt=\"Mini Dyktafon 4 GB\" width=\"513\" height=\"250\" \/><\/p>\n<p><strong>Dane techniczne:<br \/>\n<\/strong>Model dyktafonu: 4 GB<br \/>\nPami\u0119\u0107 wewn\u0119trzna dyktafonu: 4 GB<br \/>\nCzas ci\u0105g\u0142ego nagrywania: 20 godzin<br \/>\nPojemno\u015b\u0107 pami\u0119ci 70\u00a0 godzin<br \/>\nPasmo przenoszenia: 20 Hz &#8211; 20 kHz (-6dB)<br \/>\nZakres dynamiki : 65 dB<br \/>\nFormat zapisu: WAV &#8211; 128 Kbps<br \/>\nZasilanie: akumulator: Li-Pol 110 mAh<br \/>\n\u0141adowanie akumulatora: USB<br \/>\nObs\u0142ugiwane systemy: Win, ME, 2000, XP, Vista, 7, 10<br \/>\nWymiary: 40 x 15 x 8 mm<br \/>\nMagnes neodymowy: opcjonalnie<br \/>\nRekomendowane aplikacje do odczytu nagra\u0144 : WavePad, AudaCity<\/p>\n<p>&nbsp;<\/p>\n<p style=\"text-align: justify;\"><strong>Dyktafon 4 GB<\/strong>\u00a0umo\u017cliwia wykonanie nagrania do\u00a0 20\u00a0godzin. Nagranie jest realizowane w plikach czterogodzinnych z rozszerzeniem wav. Pliki te s\u0105 odtwarzane w ka\u017cdym komputerze z systemem WINDOWS.<\/p>\n<p>Ka\u017cde nagranie posiada w nazwie pliku dat\u0119 i godzin\u0119 jego wykonania. U\u0142atwia to obr\u00f3bk\u0119 nagra\u0144 poprzez wst\u0119pn\u0105 preselekcj\u0119 plik\u00f3w &#8211; nagra\u0144. Do\u00a0dok\u0142adnego ods\u0142uchu wykonanych nagra\u0144 polecamy\u00a0 program WavePad. Jest to darmowa aplikacja do obr\u00f3bki d\u017awi\u0119ku z opcj\u0105 poprawiania jako\u015bci nagrania. Mini dyktafon mo\u017ce by\u0107 wyposa\u017cony w magnesy neodymowe co przy pewnych scenariuszach u\u017cycia\u00a0 jest bardzo wygodnym rozwi\u0105zaniem.<\/p>\n<p>Akumulator u\u017cyty do zasilania dyktafonu 4 GB posiada w\u0142asny kontroler \u0142adowania i sygnalizuje proces \u0142adowania paleniem si\u0119 czerwonej diody. Pe\u0142ne na\u0142adowanie dyktafonu 4 GB jest sygnalizowane poprzez palenie si\u0119 diody czerwonej w spos\u00f3b ci\u0105g\u0142y. Podczas nagrywania pali si\u0119 bia\u0142a dioda. Jako\u015b\u0107 nagrania wykonanego na mini dyktafonie 4 GB zale\u017cy od akustyki pomieszczenia w kt\u00f3rym jest wykonywane nagranie, od poziomu zak\u0142\u00f3ce\u0144 (w\u0142\u0105czony telewizor). Bardzo wa\u017cnym elementem bezpo\u015brednio wp\u0142ywaj\u0105cym na jako\u015b\u0107 nagrania jest poziom sygna\u0142u nagrywanego oraz stopie\u0144 ukrycia mini dyktafonu.<\/p>\n<div class=\"center\" style=\"text-align: center;\"><\/div>\n<div><\/div>\n<p style=\"text-align: left;\"><strong>Dyktafon 4 GB<\/strong> jest tak\u017ce wykonywany w wersji z magnesem neodymowym. Rozwi\u0105zanie to pozwala na szybkie oraz dyskretne umieszczenie rejestratora w\u00a0odpowiednim miejscu.\u00a0Nagranie wykonane z u\u017cyciem mini dyktafonu jest\u00a0 odczytywane standardowymi programami istniej\u0105cymi na komputerze jako dodatki do systemu operacyjnego Windows (np. Media Player). Do szybkiej obr\u00f3bki wykonanych nagra\u0144 rekomendujemy program WavePad. Jest to darmowa aplikacja do pobrania w internecie w wersji polsko j\u0119zycznej.<\/p>\n<div class=\"center\" style=\"text-align: center;\">\u00a0<a href=\"https:\/\/wavepad.softonic.pl\/\"><img loading=\"lazy\" decoding=\"async\" title=\"Aplikacja do odczytu mini dyktafon\u00f3w\" src=\"images\/Dyktafon\/free_download.jpg\" alt=\"Aplikacja do odczytu mini dyktafon\u00f3w w wersji free\" width=\"445\" height=\"250\" \/><\/a><\/div>\n<p style=\"text-align: center;\">\n","protected":false},"excerpt":{"rendered":"<p style=\"text-align: justify;\"><strong>Dyktafon 4 GB<\/strong> przeznaczony jest do rejestracji rozm\u00f3w bezpo\u015brednich. Charakteryzuje si\u0119 ma\u0142ym gabarytem: 40 x 15 x 8 mm. Pliki zapisuje w standardzie WAV w plikach czterogodzinnych. Nagrane pliki posiadaj\u0105 dat\u0119 i godzin\u0119 ich wykonania.<\/p>\n","protected":false},"featured_media":626,"template":"","meta":[],"product_brand":[],"product_cat":[23],"product_tag":[],"class_list":{"0":"post-627","1":"product","2":"type-product","3":"status-publish","4":"has-post-thumbnail","6":"product_cat-mini-dyktafony","8":"first","9":"instock","10":"taxable","11":"shipping-taxable","12":"purchasable","13":"product-type-simple"},"_links":{"self":[{"href":"https:\/\/www.euro-soft.pl\/w\/wp-json\/wp\/v2\/product\/627","targetHints":{"allow":["GET"]}}],"collection":[{"href":"https:\/\/www.euro-soft.pl\/w\/wp-json\/wp\/v2\/product"}],"about":[{"href":"https:\/\/www.euro-soft.pl\/w\/wp-json\/wp\/v2\/types\/product"}],"wp:featuredmedia":[{"embeddable":true,"href":"https:\/\/www.euro-soft.pl\/w\/wp-json\/wp\/v2\/media\/626"}],"wp:attachment":[{"href":"https:\/\/www.euro-soft.pl\/w\/wp-json\/wp\/v2\/media?parent=627"}],"wp:term":[{"taxonomy":"product_brand","embeddable":true,"href":"https:\/\/www.euro-soft.pl\/w\/wp-json\/wp\/v2\/product_brand?post=627"},{"taxonomy":"product_cat","embeddable":true,"href":"https:\/\/www.euro-soft.pl\/w\/wp-json\/wp\/v2\/product_cat?post=627"},{"taxonomy":"product_tag","embeddable":true,"href":"https:\/\/www.euro-soft.pl\/w\/wp-json\/wp\/v2\/product_tag?post=627"}],"curies":[{"name":"wp","href":"https:\/\/api.w.org\/{rel}","templated":true}]}}