{"id":625,"date":"2025-09-24T11:57:08","date_gmt":"2025-09-24T09:57:08","guid":{"rendered":"https:\/\/www.euro-soft.pl\/wordpress\/produkt\/mikro-sluchawka-przewodowa\/"},"modified":"2026-02-04T16:35:15","modified_gmt":"2026-02-04T15:35:15","slug":"mikro-sluchawka-przewodowa","status":"publish","type":"product","link":"https:\/\/www.euro-soft.pl\/w\/produkt\/mikro-sluchawka-przewodowa\/","title":{"rendered":"Mikro s\u0142uchawka przewodowa"},"content":{"rendered":"<p>W komplecie znajduje si\u0119 wysokiej klasy zestaw s\u0142uchawkowy do telefonu z kt\u00f3rym b\u0119dziesz rozmawia\u0142. Urzucie dw\u00f3ch s\u0142uchawek dousznych przez osob\u0119 z kt\u00f3ra rozmawiasz pozwala na s\u0142yszenie bardzo cichego szeptu. W tym rozwi\u0105zaniu mikrofon umieszczony jest w obudowie blootuth. W praktyce po za\u0142o\u017ceniu p\u0119tli na szyj\u0119 mikrofon znajduje sie w odleg\u0142o\u015bci ok. 7-10 cm od ust. Niezwprzeczalna zalet\u0105 tego rozwi\u0105zania jest mozliwo\u015b\u0107 ods\u0142uchu nagrania\u00a0 wykonanego na telefonie. To rozwi\u0105zanie nie wymaga stosowania baterii co powoduje podniesienie wsp\u00f3\u0142czynnkia niezawodnosci.<\/p>\n<p style=\"text-align: center;\"><img decoding=\"async\" title=\"Proces produkcyjny p\u0119tli indukcyjnej mikro s\u0142uchawki. Na uwag\u0119 zaloguje p\u0119tla posiadaj\u0105ca 20 zwoj\u00f3w. Zapewnia to znakomita s\u0142yszalno\u015b\u0107 w s\u0142uchawce.\" src=\"images\/sluchawka\/mini_s\u0142uchawka_petla_indukcyjna.jpg\" alt=\"Produkcja p\u0119tli do mikro s\u0142uchawki.\" \/><\/p>\n<p>Kolejne etapy produkcji p\u0119tli indukcyjnej do zestawu egzaminacyjnego. Nasze p\u0119tle posiadaj\u0105 <strong>20 zwoj\u00f3w<\/strong> co zapewnia doskona\u0142\u0105 s\u0142yszalno\u015b\u0107 w s\u0142uchawce. Zestawy s\u0142uchawkowe oferowane na Allegro wyposa\u017cone s\u0105 w p\u0119tle indukcyjne importowane s Chin posiadaj\u0105ce zaledwie siedmioma zwojami.<\/p>\n<div><strong>W sk\u0142ad zestawu wchodzi:<\/strong><\/div>\n<div><\/div>\n<div>Dwudziesto zwojowa p\u0119tla indukcyjna bluetooth zapewniaj\u0105ca doskona\u0142y ods\u0142uch cichego szeptu.<\/div>\n<div>Mikro s\u0142uchawka .<\/div>\n<div>Kabel do \u0142adowania bluetooth.<\/div>\n<div>Zestaw s\u0142uchawkowy do telefonu z kt\u00f3rym b\u0119dziesz prowadzi\u0142 rozmow\u0119.<\/div>\n<div><\/div>\n<div>Przed zakupem mo\u017cesz wykona\u0107 test jako\u015bci w naszej siedzibie w Warszawie. Zapraszamy.<\/div>\n<div>Mikro s\u0142uchawka powinna by\u0107 u\u017cywana przez jedna osob\u0119.<\/div>\n<div><strong>Wypo\u017cyczanie mikro s\u0142uchawki innej osobie mo\u017ce skutkowa\u0107 zara\u017ceniem grzybica przewodu s\u0142uchowego.<\/strong><\/div>\n<div><strong>Infekcja ta jest bardzo uci\u0105\u017cliwa w leczeniu.\u00a0<\/strong><\/div>\n<div>(Brak w magazynie)<\/div>\n","protected":false},"excerpt":{"rendered":"<h1 style=\"text-align: center;\">S\u0142uchawka przewodowa<\/h1>\n<p>Zestaw zosta\u0142 wykonany w Euro-Soft w oparciu o importowane p\u00f3\u0142produkty<strong>.<\/strong> Zapewnia to osi\u0105gni\u0119cie doskona\u0142ej s\u0142yszalno\u015bci nawet cichego szeptu. Czas pracy mikro s\u0142uchawki na nowej baterii t ok. 3 godzin.<\/p>\n","protected":false},"featured_media":624,"template":"","meta":[],"product_brand":[],"product_cat":[22],"product_tag":[],"class_list":{"0":"post-625","1":"product","2":"type-product","3":"status-publish","4":"has-post-thumbnail","6":"product_cat-mikro-sluchawki","8":"first","9":"instock","10":"taxable","11":"shipping-taxable","12":"purchasable","13":"product-type-simple"},"_links":{"self":[{"href":"https:\/\/www.euro-soft.pl\/w\/wp-json\/wp\/v2\/product\/625","targetHints":{"allow":["GET"]}}],"collection":[{"href":"https:\/\/www.euro-soft.pl\/w\/wp-json\/wp\/v2\/product"}],"about":[{"href":"https:\/\/www.euro-soft.pl\/w\/wp-json\/wp\/v2\/types\/product"}],"wp:featuredmedia":[{"embeddable":true,"href":"https:\/\/www.euro-soft.pl\/w\/wp-json\/wp\/v2\/media\/624"}],"wp:attachment":[{"href":"https:\/\/www.euro-soft.pl\/w\/wp-json\/wp\/v2\/media?parent=625"}],"wp:term":[{"taxonomy":"product_brand","embeddable":true,"href":"https:\/\/www.euro-soft.pl\/w\/wp-json\/wp\/v2\/product_brand?post=625"},{"taxonomy":"product_cat","embeddable":true,"href":"https:\/\/www.euro-soft.pl\/w\/wp-json\/wp\/v2\/product_cat?post=625"},{"taxonomy":"product_tag","embeddable":true,"href":"https:\/\/www.euro-soft.pl\/w\/wp-json\/wp\/v2\/product_tag?post=625"}],"curies":[{"name":"wp","href":"https:\/\/api.w.org\/{rel}","templated":true}]}}