{"id":611,"date":"2025-09-24T11:57:07","date_gmt":"2025-09-24T09:57:07","guid":{"rendered":"https:\/\/www.euro-soft.pl\/wordpress\/produkt\/pokrowiec-zagluszajacy-tablet\/"},"modified":"2025-11-19T11:37:07","modified_gmt":"2025-11-19T10:37:07","slug":"pokrowiec-zagluszajacy-tablet","status":"publish","type":"product","link":"https:\/\/www.euro-soft.pl\/w\/produkt\/pokrowiec-zagluszajacy-tablet\/","title":{"rendered":"Pokrowiec zag\u0142uszaj\u0105cy tablet"},"content":{"rendered":"<p style=\"text-align: center;\"><img decoding=\"async\" src=\"images\/polrowiec3.jpg\" alt=\"pokrowiec do zag\u0142uszania teblet\u00f3w\" \/><\/p>\n<p><b>Pokrowiec zag\u0142uszaj\u0105cy <\/b> tablet oraz inne urz\u0105dzenia tego typu gwarantuje skuteczne odci\u0119cie od sygna\u0142u z routera oraz od sygna\u0142u GSM. Uniemo\u017cliwia to jak\u0105kolwiek ingerencje z zewn\u0105trz.<\/p>\n<p><strong>Dane techniczne:<\/strong><\/p>\n<ul>\n<li>Materia\u0142 zewn\u0119trzny: sk\u00f3ra ekologiczna<\/li>\n<li>Kolor pokrowca: czarny<\/li>\n<li>Regulacja: za pomoc\u0105 rzepu<\/li>\n<li>Wymiary (d\u0142. x szer. x grub.): 270 x 220 x 10 mm<\/li>\n<li>Waga: 49g<\/li>\n<\/ul>\n<p>Pokrowiec posiada dwie komory. Jedna komora jest klatk\u0105 faradaja odcinaj\u0105c\u0105 zewn\u0119trzne pole elektromagnetyczne<\/p>\n<p style=\"text-align: center;\"><img loading=\"lazy\" decoding=\"async\" title=\"Pokrowiec zag\u0142uszaj\u0105cy kluczyki samochodowe\" src=\"..\/media\/upload\/images\/zag%C5%82uszanie_pokrowiec\/oznaczenia.png\" alt=\"Pokrowiec zag\u0142uszaj\u0105cy kluczyki samochodowe\" width=\"337\" height=\"123\" \/><\/p>\n<p style=\"text-align: center;\"><img loading=\"lazy\" decoding=\"async\" title=\"Pokrowiec zag\u0142uszaj\u0105cy kluczyki samochodowe\" src=\"..\/media\/upload\/images\/pokrowiec_pc\/oferta_pokrowce.jpg\" alt=\"Pokrowiec zag\u0142uszaj\u0105cy kluczyki samochodowe\" width=\"739\" height=\"178\" \/><\/p>\n<p>&nbsp;<\/p>\n","protected":false},"excerpt":{"rendered":"<p style=\"text-align: left;\">Prezentowany pokrowiec odcina tablet od operatora. Uniemo\u017cliwia lokalizacj\u0119. Uniemo\u017cliwia po\u0142\u0105czenie z routerem. Mo\u017cna go r\u00f3wnie\u017c stosowa\u0107 do telefon\u00f3w kom\u00f3rkowych, kart kredytowych i kluczyk\u00f3w samochodowych. Skuteczno\u015b\u0107 pokrowca 100 %.<\/p>\n","protected":false},"featured_media":610,"template":"","meta":[],"product_brand":[],"product_cat":[20],"product_tag":[],"class_list":{"0":"post-611","1":"product","2":"type-product","3":"status-publish","4":"has-post-thumbnail","6":"product_cat-nasze-produkty","8":"first","9":"instock","10":"taxable","11":"shipping-taxable","12":"purchasable","13":"product-type-simple"},"_links":{"self":[{"href":"https:\/\/www.euro-soft.pl\/w\/wp-json\/wp\/v2\/product\/611","targetHints":{"allow":["GET"]}}],"collection":[{"href":"https:\/\/www.euro-soft.pl\/w\/wp-json\/wp\/v2\/product"}],"about":[{"href":"https:\/\/www.euro-soft.pl\/w\/wp-json\/wp\/v2\/types\/product"}],"wp:featuredmedia":[{"embeddable":true,"href":"https:\/\/www.euro-soft.pl\/w\/wp-json\/wp\/v2\/media\/610"}],"wp:attachment":[{"href":"https:\/\/www.euro-soft.pl\/w\/wp-json\/wp\/v2\/media?parent=611"}],"wp:term":[{"taxonomy":"product_brand","embeddable":true,"href":"https:\/\/www.euro-soft.pl\/w\/wp-json\/wp\/v2\/product_brand?post=611"},{"taxonomy":"product_cat","embeddable":true,"href":"https:\/\/www.euro-soft.pl\/w\/wp-json\/wp\/v2\/product_cat?post=611"},{"taxonomy":"product_tag","embeddable":true,"href":"https:\/\/www.euro-soft.pl\/w\/wp-json\/wp\/v2\/product_tag?post=611"}],"curies":[{"name":"wp","href":"https:\/\/api.w.org\/{rel}","templated":true}]}}