{"id":539,"date":"2016-03-07T22:49:24","date_gmt":"2016-03-07T21:49:24","guid":{"rendered":"https:\/\/www.euro-soft.pl\/wordpress\/urzadzenia-do-odzyskiwania-danych-z-telefonow\/"},"modified":"2016-03-07T22:49:24","modified_gmt":"2016-03-07T21:49:24","slug":"urzadzenia-do-odzyskiwania-danych-z-telefonow","status":"publish","type":"page","link":"https:\/\/www.euro-soft.pl\/w\/urzadzenia-do-odzyskiwania-danych-z-telefonow\/","title":{"rendered":"URZ\u0104DZENIA DO ODZYSKIWANIA DANYCH Z TELEFON\u00d3W"},"content":{"rendered":"<div class=\"art-content-layout\">\n<div class=\"art-content-layout-row\">\n<div class=\"art-layout-cell\" style=\"width: 100%;\">\n<p>UFED (Universal Forensic Exctraction Device) to, zintegrowane i przeno\u015bne urz\u0105dzenie, wykorzystuj\u0105ce najnowsze technologie stosowane w informatyce \u015bledczej do pozyskiwania i analizy danych z telefon\u00f3w kom\u00f3rkowych, smartfon\u00f3w i urz\u0105dze\u0144 GPS. Pracuje w srodowisku iOS, Android, BlackBerry, Symbian, Windows Mobile oraz Palm. Pozwala na pobranie wszystkich danych, tak\u017ce usuni\u0119tych i ukrytych informacji) znajduj\u0105cych si\u0119 w telefonie kom\u00f3rkowym. Mozna odzyska\u0107: kontakty, wiadomo\u015bci SMS, zdj\u0119cia, historia po\u0142\u0105cze\u0144, pliki audio, video oraz numery IMEI\/IMSI\/ESN. Wsp\u00f3\u0142pracuje z sieci\u0105 GSM, TDMA, CDMA. Obs\u0142uguje wi\u0119kszo\u015b\u0107 modeli telefon\u00f3w dost\u0119pnych na \u015bwiatowym rynku. UFED Ultimate pozwala na odzyskanie danych do cel\u00f3w s\u0105dowych i wojskowych. UFED daje realny dost\u0119p do zasob\u00f3w telefonu niedost\u0119pnych w ekstrakcji programowej. Pozwala na zrzut zawarto\u015bci pami\u0119ci, dost\u0119p do systemu plik\u00f3w, ekstrakcj\u0119 hase\u0142 w telefonie, odczytanie danych z nawigacji GPS i mo\u017cliwo\u015bci ich zaawansowanej analizy.<\/p>\n<p>&nbsp;<\/p>\n<p style=\"text-align: center;\"><img loading=\"lazy\" decoding=\"async\" class=\" size-full wp-image-535\" src=\"https:\/\/www.euro-soft.pl\/wordpress\/wp-content\/uploads\/2016\/03\/tmp904.png\" alt=\"wykrywanie pods\u0142uchu Koszalin\" width=\"674\" height=\"290\" class=\"art-lightbox\" title=\"wykrywanie pods\u0142uchu Koszalin\" srcset=\"https:\/\/www.euro-soft.pl\/w\/wp-content\/uploads\/2016\/03\/tmp904.png 674w, https:\/\/www.euro-soft.pl\/w\/wp-content\/uploads\/2016\/03\/tmp904-300x129.png 300w, https:\/\/www.euro-soft.pl\/w\/wp-content\/uploads\/2016\/03\/tmp904-600x258.png 600w\" sizes=\"auto, (max-width: 674px) 100vw, 674px\" \/><\/p>\n<p style=\"text-align: center;\">&nbsp;<\/p>\n<p style=\"text-align: left;\">Prezentacja zamieszczona powni\u017cej pokazuje procedur\u0119 odczytu skasowanych sms opracowan\u0105 w Izraelskiej firmie Cellebrite. Odczyt skasowanych sms odbywa si\u0119 poprzez ekstrakcj\u0119 ca\u0142ej struktury plik\u00f3w z telefonu kom\u00f3rkowego do komputera. Nast\u0119pnie przy pomocy odpowiednich skrypt\u00f3w napisanych w j\u0119zyku Python dokonywane s\u0105 odczyty skasowanych sms-\u00f3w oraz innych skasowanych danych. Nale\u017cy zawsze pami\u0119ta\u0107 \u017ce w krosuj\u0105c dan\u0105 informacj\u0119 w telefonie lub w komputerze usuwamy adres dost\u0119pu do tej informacji, natomiast tre\u015b\u0107 tej informacji pozostaje w pami\u0119ci telefonu. Odczyt skasowanych sms jest mo\u017cliwy do momentu zapisania innej informacji w miejscu poprzedniej.<\/p>\n<p style=\"text-align: left;\">&nbsp;<\/p>\n<p style=\"text-align: center;\">&nbsp;<\/p>\n<p style=\"text-align: left;\">&nbsp;<\/p>\n<h1>Odzyskiwanie danych z telefonu kom\u00f3rkowego:<\/h1>\n<ol>\n<li><span style=\"font-size: 14px; line-height: 17px;\">Obs\u0142uga szerokiego zakresu typ\u00f3w urz\u0105dze\u0144 dzi\u0119ki wsp\u00f3\u0142pracy z ich producentami:<\/span><\/li>\n<li><span style=\"font-size: 14px; line-height: 17px;\">Odzyskiwanie danycha ponad 3697 modeli telefon\u00f3w w zakresie ekstrakcji logicznej<\/span><\/li>\n<li><span style=\"font-size: 14px; line-height: 17px;\">Odzyskiwanie danycha ponad 1251 modeli telefon\u00f3w w zakresie ekstrakcji fizycznej<\/span><\/li>\n<li><span style=\"font-size: 14px; line-height: 17px;\">Odzyskiwanie danych danych z systemu plik\u00f3w z 1115 urz\u0105dze\u0144<\/span><\/li>\n<li><span style=\"font-size: 14px; line-height: 17px;\">Odzyskiwanie danych hase\u0142 w 784 modelach<\/span><\/li>\n<li><span style=\"font-size: 14px; line-height: 17px;\">Odzyskiwanie danych &#8211; has\u0142a w telefonie<\/span><\/li>\n<li><span style=\"font-size: 14px; line-height: 17px;\">Odzyskiwanie danych istniej\u0105cych i usuni\u0119te na kartach SIM<\/span><\/li>\n<li><span style=\"font-size: 14px; line-height: 17px;\">Odzyskiwanie danych z zewn\u0119trznych urz\u0105dze\u0144, takich jak karty SD<\/span><\/li>\n<li><span style=\"font-size: 14px; line-height: 17px;\">Odzyskiwanie danychz zewn\u0119trznych aplikacji, np wyszukiwania w GPS<\/span><\/li>\n<li><span style=\"font-size: 14px; line-height: 17px;\">Odzyskiwanie danych z historii IMSI i IMEI\/ESN<\/span><\/li>\n<li><span style=\"font-size: 14px; line-height: 17px;\">Niezawodna i bezpieczna ekstrakcja wszystkich danych:<\/span><\/li>\n<\/ol>\n<p>&nbsp;<\/p>\n<\/div>\n<\/div>\n<\/div>\n<div class=\"art-content-layout\">\n<div class=\"art-content-layout-row\">\n<div class=\"art-layout-cell\" style=\"width: 100%;\">\n<h1 style=\"text-align: center;\">Cennik<\/h1>\n<\/div>\n<\/div>\n<\/div>\n<div class=\"art-content-layout\">\n<div class=\"art-content-layout-row\">\n<div class=\"art-layout-cell\" style=\"width: 100%;\">\n<hr \/>\n<\/div>\n<\/div>\n<\/div>\n<div class=\"art-content-layout\">\n<div class=\"art-content-layout-row\">\n<div class=\"art-layout-cell\" style=\"width: 33%;\">\n<p style=\"text-align: center;\"><img loading=\"lazy\" decoding=\"async\" class=\" size-full wp-image-536\" src=\"https:\/\/www.euro-soft.pl\/wordpress\/wp-content\/uploads\/2016\/03\/tmp980A.png\" alt=\"wykrywanie pods\u0142uchu Koszalin\" width=\"200\" height=\"143\" class=\"art-lightbox\" title=\"wykrywanie pods\u0142uchu Koszalin\" \/><\/p>\n<\/div>\n<div class=\"art-layout-cell\" style=\"width: 67%;\">\n<h1><span style=\"font-size: 26px;\">UFED Ultimate<\/span><\/h1>\n<p>UFED (Universal Forensic Exctraction Device) to, zintegrowane i przeno\u015bne urz\u0105dzenie, wykorzystuj\u0105ce najnowsze technologie stosowane w informatyce \u015bledczej do pozyskiwania i analizy danych z telefon\u00f3w kom\u00f3rkowych, smartfon\u00f3w i urz\u0105dze\u0144 GPS<\/p>\n<p>&nbsp;<\/p>\n<p style=\"text-align: center;\"><span style=\"font-weight: bold; font-size: 16px;\">Cena 55 500z\u0142<\/span><\/p>\n<p style=\"text-align: center;\">&nbsp;<a href=\"https:\/\/www.euro-soft.pl\/sklep\/?p=productsMore&amp;iProduct=385&amp;sName=UFED-Ultimate\" target=\"_blank\" rel=\"noopener\" class=\"art-button\">Przejd\u017a do sklepu i dowiedz si\u0119 wi\u0119cej<\/a>&nbsp;<\/p>\n<\/div>\n<\/div>\n<\/div>\n<div class=\"art-content-layout\">\n<div class=\"art-content-layout-row\">\n<div class=\"art-layout-cell\" style=\"width: 100%;\">\n<hr \/>\n<\/div>\n<\/div>\n<\/div>\n<div class=\"art-content-layout\">\n<div class=\"art-content-layout-row\">\n<div class=\"art-layout-cell\" style=\"width: 33%;\">\n<p style=\"text-align: center;\"><img loading=\"lazy\" decoding=\"async\" class=\" size-full wp-image-537\" src=\"https:\/\/www.euro-soft.pl\/wordpress\/wp-content\/uploads\/2016\/03\/tmp1ACA.png\" alt=\"wykrywanie pods\u0142uchu Koszalin\" width=\"200\" height=\"98\" class=\"art-lightbox\" title=\"wykrywanie pods\u0142uchu Koszalin\" \/><\/p>\n<\/div>\n<div class=\"art-layout-cell\" style=\"width: 67%;\">\n<h1><span style=\"font-size: 26px;\">UFED Chinx Kit<\/span><\/h1>\n<p>Zestaw umo\u017cliwiaj\u0105cy pod\u0142\u0105czanie telefon\u00f3w kom\u00f3rkowych produkowanych w Chinach do UFED Ultimate.<\/p>\n<p>&nbsp;<\/p>\n<p style=\"text-align: center;\"><span style=\"font-size: 16px; font-weight: bold;\">Cena 10 500z\u0142.<\/span><\/p>\n<p style=\"text-align: center;\"><a href=\"https:\/\/www.euro-soft.pl\/sklep\/?p=productsMore&amp;iProduct=386&amp;sName=UFED-Chinx-Kit\" target=\"_blank\" rel=\"noopener\" class=\"art-button\">Przejd\u017a do sklepu i dowiedz si\u0119 wi\u0119cej<\/a><\/p>\n<\/div>\n<\/div>\n<\/div>\n<div class=\"art-content-layout\">\n<div class=\"art-content-layout-row\">\n<div class=\"art-layout-cell\" style=\"width: 100%;\">\n<hr \/>\n<\/div>\n<\/div>\n<\/div>\n<div class=\"art-content-layout\">\n<div class=\"art-content-layout-row\">\n<div class=\"art-layout-cell\" style=\"width: 33%;\">\n<p style=\"text-align: center;\"><img loading=\"lazy\" decoding=\"async\" class=\" size-full wp-image-538\" src=\"https:\/\/www.euro-soft.pl\/wordpress\/wp-content\/uploads\/2016\/03\/tmpCF8.png\" alt=\"wykrywanie pods\u0142uchu Koszalin\" width=\"200\" height=\"186\" class=\"art-lightbox\" title=\"wykrywanie pods\u0142uchu Koszalin\" \/><\/p>\n<\/div>\n<div class=\"art-layout-cell\" style=\"width: 67%;\">\n<h1><span style=\"font-size: 26px;\">Toshiba Satellite Pro<\/span><\/h1>\n<p>Czterodzia\u0142aniowy komputer z zainstalowanym oprogramowaniem do wsp\u00f3\u0142pracy z UFED Ultimate. Windows 7. Bardzo du\u017ca moc przetwarzanie danych niezb\u0119dna do wsp\u00f3\u0142pracy z UFED.<\/p>\n<p>&nbsp;<\/p>\n<p style=\"text-align: center;\"><span style=\"font-size: 16px; font-weight: bold;\">Cena 3000z\u0142.<\/span><\/p>\n<p style=\"text-align: center;\"><a href=\"https:\/\/www.euro-soft.pl\/sklep\/?p=productsMore&amp;iProduct=387&amp;sName=Toshiba-Satellite-Pro\" target=\"_blank\" rel=\"noopener\" class=\"art-button\">Przejd\u017a do sklepu i dowiedz si\u0119 wi\u0119cej<\/a><\/p>\n<\/div>\n<\/div>\n<\/div>\n","protected":false},"excerpt":{"rendered":"<p>UFED (Universal Forensic Exctraction Device) to, zintegrowane i przeno\u015bne urz\u0105dzenie, wykorzystuj\u0105ce najnowsze technologie stosowane w informatyce \u015bledczej do pozyskiwania i analizy danych z telefon\u00f3w kom\u00f3rkowych, smartfon\u00f3w i urz\u0105dze\u0144 GPS. Pracuje w srodowisku iOS, Android, BlackBerry, Symbian, Windows Mobile oraz Palm. Pozwala na pobranie wszystkich danych, tak\u017ce usuni\u0119tych i ukrytych informacji) znajduj\u0105cych si\u0119 w telefonie kom\u00f3rkowym. [&hellip;]<\/p>\n","protected":false},"author":1,"featured_media":535,"parent":0,"menu_order":0,"comment_status":"closed","ping_status":"closed","template":"","meta":{"footnotes":""},"categories":[17],"tags":[],"class_list":["post-539","page","type-page","status-publish","has-post-thumbnail","hentry","category-artykuly"],"blocksy_meta":[],"_links":{"self":[{"href":"https:\/\/www.euro-soft.pl\/w\/wp-json\/wp\/v2\/pages\/539","targetHints":{"allow":["GET"]}}],"collection":[{"href":"https:\/\/www.euro-soft.pl\/w\/wp-json\/wp\/v2\/pages"}],"about":[{"href":"https:\/\/www.euro-soft.pl\/w\/wp-json\/wp\/v2\/types\/page"}],"author":[{"embeddable":true,"href":"https:\/\/www.euro-soft.pl\/w\/wp-json\/wp\/v2\/users\/1"}],"replies":[{"embeddable":true,"href":"https:\/\/www.euro-soft.pl\/w\/wp-json\/wp\/v2\/comments?post=539"}],"version-history":[{"count":0,"href":"https:\/\/www.euro-soft.pl\/w\/wp-json\/wp\/v2\/pages\/539\/revisions"}],"wp:featuredmedia":[{"embeddable":true,"href":"https:\/\/www.euro-soft.pl\/w\/wp-json\/wp\/v2\/media\/535"}],"wp:attachment":[{"href":"https:\/\/www.euro-soft.pl\/w\/wp-json\/wp\/v2\/media?parent=539"}],"wp:term":[{"taxonomy":"category","embeddable":true,"href":"https:\/\/www.euro-soft.pl\/w\/wp-json\/wp\/v2\/categories?post=539"},{"taxonomy":"post_tag","embeddable":true,"href":"https:\/\/www.euro-soft.pl\/w\/wp-json\/wp\/v2\/tags?post=539"}],"curies":[{"name":"wp","href":"https:\/\/api.w.org\/{rel}","templated":true}]}}