{"id":534,"date":"2016-03-07T22:49:24","date_gmt":"2016-03-07T21:49:24","guid":{"rendered":"https:\/\/www.euro-soft.pl\/wordpress\/kamery-w-kamuflazach\/"},"modified":"2016-03-07T22:49:24","modified_gmt":"2016-03-07T21:49:24","slug":"kamery-w-kamuflazach","status":"publish","type":"page","link":"https:\/\/www.euro-soft.pl\/w\/kamery-w-kamuflazach\/","title":{"rendered":"KAMERY W KAMUFLA\u017bACH"},"content":{"rendered":"<div class=\"art-content-layout\">\n<div class=\"art-content-layout-row\">\n<div class=\"art-layout-cell\" style=\"width: 100%;\">\n<p>\u00a0<\/p>\n<p style=\"text-align: center;\"><img loading=\"lazy\" decoding=\"async\" class=\"art-lightbox size-full wp-image-530\" title=\"wykrywanie pods\u0142uchu Koszalin\" src=\"https:\/\/www.euro-soft.pl\/wordpress\/wp-content\/uploads\/2016\/03\/tmpBD58.png\" alt=\"wykrywanie pods\u0142uchu Koszalin\" width=\"428\" height=\"149\" srcset=\"https:\/\/www.euro-soft.pl\/w\/wp-content\/uploads\/2016\/03\/tmpBD58.png 428w, https:\/\/www.euro-soft.pl\/w\/wp-content\/uploads\/2016\/03\/tmpBD58-300x104.png 300w\" sizes=\"auto, (max-width: 428px) 100vw, 428px\" \/><\/p>\n<p>\u00a0<\/p>\n<h1 style=\"text-align: center;\">Cennik<\/h1>\n<\/div>\n<\/div>\n<\/div>\n<div class=\"art-content-layout\">\n<div class=\"art-content-layout-row\">\n<div class=\"art-layout-cell\" style=\"width: 100%;\">\n<div class=\"art-content-layout\">\n<div class=\"art-content-layout-row\">\n<div class=\"art-layout-cell\" style=\"width: 100%;\">\n<hr \/>\n<\/div>\n<\/div>\n<\/div>\n<div class=\"art-content-layout\">\n<div class=\"art-content-layout-row responsive-layout-row-2\">\n<div class=\"art-layout-cell\" style=\"width: 33%;\">\n<p>\u00a0<\/p>\n<p style=\"text-align: center;\"><img loading=\"lazy\" decoding=\"async\" class=\"art-lightbox size-full wp-image-531\" title=\"wykrywanie pods\u0142uchu Koszalin\" src=\"https:\/\/www.euro-soft.pl\/wordpress\/wp-content\/uploads\/2016\/03\/tmp3C4E.png\" alt=\"wykrywanie pods\u0142uchu Koszalin\" width=\"150\" height=\"150\" srcset=\"https:\/\/www.euro-soft.pl\/w\/wp-content\/uploads\/2016\/03\/tmp3C4E.png 150w, https:\/\/www.euro-soft.pl\/w\/wp-content\/uploads\/2016\/03\/tmp3C4E-100x100.png 100w\" sizes=\"auto, (max-width: 150px) 100vw, 150px\" \/><\/p>\n<\/div>\n<div class=\"art-layout-cell\" style=\"width: 67%;\">\n<h1><span style=\"font-size: 24px;\">Kamera w breloczku C karta do 16 GB<\/span><\/h1>\n<p>KAMERA w breloczku C.<br \/>Kamera ukryta w breloczku do kluczy.<br \/>SPECYFIKACJA TECHNICZNA:<br \/>Rozdzielczo\u015b\u0107 filmowania HD 640 x 480 , 30 klatek\/s ( AVI , FULL KOLOR )<br \/>Aparat FOTO w rozdzielczo\u015bci 1280&#215;1024<br \/>Wbudowany mikrofon czu\u0142y do 5m<\/p>\n<p style=\"text-align: center;\"><span style=\"font-size: 16px; font-weight: bold;\">Cena 180z\u0142.<\/span><span style=\"font-size: 16px; font-weight: bold;\"><br \/><\/span><\/p>\n<p style=\"text-align: center;\">\u00a0<a class=\"art-button\" href=\"http:\/\/www.euro-soft.pl\/sklep\/?p=productsMore&amp;iProduct=297&amp;sName=Kamera-w-breloczku-C-karta-do-16-GB.\" target=\"_blank\">Przejd\u017a do sklepu i dowiedz si\u0119 wi\u0119cej<\/a>\u00a0<\/p>\n<\/div>\n<\/div>\n<\/div>\n<div class=\"art-content-layout\">\n<div class=\"art-content-layout-row\">\n<div class=\"art-layout-cell\" style=\"width: 100%;\">\n<hr \/>\n<\/div>\n<\/div>\n<\/div>\n<div class=\"art-content-layout\">\n<div class=\"art-content-layout-row responsive-layout-row-2\">\n<div class=\"art-layout-cell\" style=\"width: 33%;\">\n<p>\u00a0<\/p>\n<p style=\"text-align: center;\"><img loading=\"lazy\" decoding=\"async\" class=\"art-lightbox size-full wp-image-532\" title=\"wykrywanie pods\u0142uchu Koszalin\" src=\"https:\/\/www.euro-soft.pl\/wordpress\/wp-content\/uploads\/2016\/03\/tmp87A7.png\" alt=\"wykrywanie pods\u0142uchu Koszalin\" width=\"200\" height=\"207\" \/><\/p>\n<\/div>\n<div class=\"art-layout-cell\" style=\"width: 67%;\">\n<h1><span style=\"font-size: 24px;\">Kamera i pods\u0142uch w d\u0142ugopisie 4 GB<\/span><\/h1>\n<p>Obs\u0142uga kamery odbywa si\u0119 przy pomocy jednego przycisku.Dioda sygnalizuj\u0105ca prac\u0119 kamery jest umieszczona po przeciwnej stronie d\u0142ugopisu na wysoko\u015bci obiektywu kamery.<br \/>Posiada pami\u0119\u0107 flash 4 GB.<\/p>\n<p style=\"text-align: center;\"><span style=\"font-size: 16px; font-weight: bold;\">Cena 200z\u0142.<\/span><span style=\"font-size: 16px; font-weight: bold;\"><br \/><\/span><\/p>\n<p style=\"text-align: center;\">\u00a0<a class=\"art-button\" href=\"http:\/\/www.euro-soft.pl\/sklep\/?p=productsMore&amp;iProduct=299&amp;sName=Kamera-i-podsluch-w-dlugopisie-4-GB\" target=\"_blank\">Przejd\u017a do sklepu i dowiedz si\u0119 wi\u0119cej<\/a>\u00a0<\/p>\n<\/div>\n<\/div>\n<\/div>\n<div class=\"art-content-layout\">\n<div class=\"art-content-layout-row\">\n<div class=\"art-layout-cell\" style=\"width: 100%;\">\n<hr \/>\n<\/div>\n<\/div>\n<\/div>\n<div class=\"art-content-layout\">\n<div class=\"art-content-layout-row responsive-layout-row-2\">\n<div class=\"art-layout-cell\" style=\"width: 33%;\">\n<p>\u00a0<\/p>\n<p style=\"text-align: center;\"><img loading=\"lazy\" decoding=\"async\" class=\"art-lightbox size-full wp-image-533\" title=\"wykrywanie pods\u0142uchu Koszalin\" src=\"https:\/\/www.euro-soft.pl\/wordpress\/wp-content\/uploads\/2016\/03\/tmp799F.png\" alt=\"wykrywanie pods\u0142uchu Koszalin\" width=\"150\" height=\"150\" srcset=\"https:\/\/www.euro-soft.pl\/w\/wp-content\/uploads\/2016\/03\/tmp799F.png 150w, https:\/\/www.euro-soft.pl\/w\/wp-content\/uploads\/2016\/03\/tmp799F-100x100.png 100w\" sizes=\"auto, (max-width: 150px) 100vw, 150px\" \/><\/p>\n<\/div>\n<div class=\"art-layout-cell\" style=\"width: 67%;\">\n<h1><span style=\"font-size: 24px;\">Kamera i pods\u0142uch w KH200 karta do 8GB<\/span><\/h1>\n<p>Zapalniczka posiada opcj\u0119 aktywacji nagrywania obrazu d\u017awi\u0119kiem z poziomu 65 dB. Nagrywanie jest przerywane po 2 minutach gdy dochodz\u0105cy d\u017awi\u0119k do mikrofonu ma warto\u015b\u0107 poni\u017cej 65dB. Obiektyw kamery umieszczony jest w osi zapalniczki co w znacznym stopniu u\u0142atwia prowadzenie nagrywania.Zapalniczka jest sprzedawana bez karty pami\u0119ci.<\/p>\n<p style=\"text-align: center;\"><span style=\"font-weight: bold; font-size: 16px;\">Cena 150z\u0142.<\/span><\/p>\n<p style=\"text-align: center;\">\u00a0<a class=\"art-button\" href=\"http:\/\/www.euro-soft.pl\/sklep\/?p=productsMore&amp;iProduct=301&amp;sName=Kamera-i-podsluch-w-KH200-karta-do-8GB\" target=\"_blank\">Przejd\u017a do sklepu i dowiedz si\u0119 wi\u0119cej<\/a>\u00a0<\/p>\n<\/div>\n<\/div>\n<\/div>\n<\/div>\n<\/div>\n<\/div>\n","protected":false},"excerpt":{"rendered":"<p>\u00a0 \u00a0 Cennik \u00a0 Kamera w breloczku C karta do 16 GB KAMERA w breloczku C.Kamera ukryta w breloczku do kluczy.SPECYFIKACJA TECHNICZNA:Rozdzielczo\u015b\u0107 filmowania HD 640 x 480 , 30 klatek\/s ( AVI , FULL KOLOR )Aparat FOTO w rozdzielczo\u015bci 1280&#215;1024Wbudowany mikrofon czu\u0142y do 5m Cena 180z\u0142. \u00a0Przejd\u017a do sklepu i dowiedz si\u0119 wi\u0119cej\u00a0 \u00a0 Kamera [&hellip;]<\/p>\n","protected":false},"author":1,"featured_media":530,"parent":0,"menu_order":0,"comment_status":"closed","ping_status":"closed","template":"","meta":{"footnotes":""},"categories":[17],"tags":[],"class_list":["post-534","page","type-page","status-publish","has-post-thumbnail","hentry","category-artykuly"],"blocksy_meta":[],"_links":{"self":[{"href":"https:\/\/www.euro-soft.pl\/w\/wp-json\/wp\/v2\/pages\/534","targetHints":{"allow":["GET"]}}],"collection":[{"href":"https:\/\/www.euro-soft.pl\/w\/wp-json\/wp\/v2\/pages"}],"about":[{"href":"https:\/\/www.euro-soft.pl\/w\/wp-json\/wp\/v2\/types\/page"}],"author":[{"embeddable":true,"href":"https:\/\/www.euro-soft.pl\/w\/wp-json\/wp\/v2\/users\/1"}],"replies":[{"embeddable":true,"href":"https:\/\/www.euro-soft.pl\/w\/wp-json\/wp\/v2\/comments?post=534"}],"version-history":[{"count":0,"href":"https:\/\/www.euro-soft.pl\/w\/wp-json\/wp\/v2\/pages\/534\/revisions"}],"wp:featuredmedia":[{"embeddable":true,"href":"https:\/\/www.euro-soft.pl\/w\/wp-json\/wp\/v2\/media\/530"}],"wp:attachment":[{"href":"https:\/\/www.euro-soft.pl\/w\/wp-json\/wp\/v2\/media?parent=534"}],"wp:term":[{"taxonomy":"category","embeddable":true,"href":"https:\/\/www.euro-soft.pl\/w\/wp-json\/wp\/v2\/categories?post=534"},{"taxonomy":"post_tag","embeddable":true,"href":"https:\/\/www.euro-soft.pl\/w\/wp-json\/wp\/v2\/tags?post=534"}],"curies":[{"name":"wp","href":"https:\/\/api.w.org\/{rel}","templated":true}]}}