{"id":529,"date":"2016-03-07T22:49:24","date_gmt":"2016-03-07T21:49:24","guid":{"rendered":"https:\/\/www.euro-soft.pl\/wordpress\/mini-kamery\/"},"modified":"2016-03-07T22:49:24","modified_gmt":"2016-03-07T21:49:24","slug":"mini-kamery","status":"publish","type":"page","link":"https:\/\/www.euro-soft.pl\/w\/mini-kamery\/","title":{"rendered":"MINI KAMERY"},"content":{"rendered":"<div class=\"art-content-layout\">\n<div class=\"art-content-layout-row\">\n<div class=\"art-layout-cell\" style=\"width: 100%;\">\n<p>\u00a0<\/p>\n<h1 style=\"text-align: center;\">Cennik<\/h1>\n<\/div>\n<\/div>\n<\/div>\n<div class=\"art-content-layout\">\n<div class=\"art-content-layout-row\">\n<div class=\"art-layout-cell\" style=\"width: 100%;\">\n<div class=\"art-content-layout\">\n<div class=\"art-content-layout-row\">\n<div class=\"art-layout-cell\" style=\"width: 100%;\">\n<hr \/>\n<\/div>\n<\/div>\n<\/div>\n<div class=\"art-content-layout\">\n<div class=\"art-content-layout-row responsive-layout-row-2\">\n<div class=\"art-layout-cell\" style=\"width: 33%;\">\n<p>\u00a0<\/p>\n<p style=\"text-align: center;\"><img loading=\"lazy\" decoding=\"async\" class=\"art-lightbox size-full wp-image-520\" title=\"wykrywanie pods\u0142uchu Koszalin\" src=\"https:\/\/www.euro-soft.pl\/wordpress\/wp-content\/uploads\/2016\/03\/tmp3D71.png\" alt=\"wykrywanie pods\u0142uchu Koszalin\" width=\"200\" height=\"188\" \/><\/p>\n<\/div>\n<div class=\"art-layout-cell\" style=\"width: 67%;\">\n<h1><span style=\"font-size: 24px;\">Mini Kamera SONY 1\/3&#8243; LC-S742 BWXP4<\/span><\/h1>\n<p>Mini Kamera SONY 1\/3&#8243; LC-S742 BWXP4<br \/>Przetwornik SONY CCD z matryc\u0105 1\/3\u201d, rozdzielczo\u015b\u0107 420 tvl. Doskonale pracuje w dzie\u0144 i w nocy. Czu\u0142o\u015b\u0107 0,005 Luxa . Automatycznie prze\u0142\u0105cza si\u0119 w tryb nocny gdy o\u015bwietlenie spada poni\u017cej minimum. Kamera jest odporna na wstrz\u0105sy i umo\u017cliwia prac\u0119 r\u00f3wnie\u017c w trudnych warunkach o\u015bwietleniowych. \u015arednica obiektywu 1 mm pozwala na zastosowanie jej w r\u00f3\u017cnego rodzaju kamufla\u017cach.Kamera ta posiada systemy kompensacji wizji: Gain Control, BLC, Balans Bieli.<\/p>\n<p style=\"text-align: center;\"><span style=\"font-weight: bold; font-size: 16px;\">Cena 450<\/span><\/p>\n<p style=\"text-align: center;\">\u00a0<a class=\"art-button\" href=\"http:\/\/www.euro-soft.pl\/sklep\/?p=productsMore&amp;iProduct=359&amp;sName=Mini-Kamera-SONY-1-3-LC-S742-BWXP4\" target=\"_blank\">Przejd\u017a do sklepu i dowiedz si\u0119 wi\u0119cej<\/a>\u00a0<\/p>\n<\/div>\n<\/div>\n<\/div>\n<div class=\"art-content-layout\">\n<div class=\"art-content-layout-row\">\n<div class=\"art-layout-cell\" style=\"width: 100%;\">\n<hr \/>\n<\/div>\n<\/div>\n<\/div>\n<div class=\"art-content-layout\">\n<div class=\"art-content-layout-row responsive-layout-row-2\">\n<div class=\"art-layout-cell\" style=\"width: 33%;\">\n<p>\u00a0<\/p>\n<p style=\"text-align: center;\"><img loading=\"lazy\" decoding=\"async\" class=\"art-lightbox size-full wp-image-521\" title=\"wykrywanie pods\u0142uchu Koszalin\" src=\"https:\/\/www.euro-soft.pl\/wordpress\/wp-content\/uploads\/2016\/03\/tmp2906.png\" alt=\"wykrywanie pods\u0142uchu Koszalin\" width=\"200\" height=\"188\" \/><\/p>\n<\/div>\n<div class=\"art-layout-cell\" style=\"width: 67%;\">\n<h1><span style=\"font-size: 24px;\">Mini Kamera SONY 1\/3&#8243; LC-S742 C42P4<\/span><\/h1>\n<p>Mini kamera o rozdzielczo\u015b\u0107 420 TVL.Kamera ta jest najpopularniejsz\u0105 kamer\u0105 w swojej serii. Posiada \u015brednic\u0119 obiektywu 1 mm co pozwala pozwala na stosowanie jej w r\u00f3\u017cnego rodzaju kamufla\u017cach. Kamera ta posiada systemy kompensacji wizji: Gain Control, BLC, Balans Bieli.<\/p>\n<p style=\"text-align: center;\"><span style=\"font-weight: bold; font-size: 16px;\">Cena 500z\u0142.<\/span><\/p>\n<p style=\"text-align: center;\">\u00a0<a class=\"art-button\" href=\"http:\/\/www.euro-soft.pl\/sklep\/?p=productsMore&amp;iProduct=360&amp;sName=Mini-Kamera-SONY-1-3-LC-S742-C42P4\" target=\"_blank\">Przejd\u017a do sklepu i dowiedz si\u0119 wi\u0119cej<\/a>\u00a0<\/p>\n<\/div>\n<\/div>\n<\/div>\n<div class=\"art-content-layout\">\n<div class=\"art-content-layout-row\">\n<div class=\"art-layout-cell\" style=\"width: 100%;\">\n<hr \/>\n<\/div>\n<\/div>\n<\/div>\n<div class=\"art-content-layout\">\n<div class=\"art-content-layout-row responsive-layout-row-2\">\n<div class=\"art-layout-cell\" style=\"width: 33%;\">\n<p>\u00a0<\/p>\n<p style=\"text-align: center;\"><img loading=\"lazy\" decoding=\"async\" class=\"art-lightbox size-full wp-image-522\" title=\"wykrywanie pods\u0142uchu Koszalin\" src=\"https:\/\/www.euro-soft.pl\/wordpress\/wp-content\/uploads\/2016\/03\/tmp3BE6.png\" alt=\"wykrywanie pods\u0142uchu Koszalin\" width=\"200\" height=\"205\" \/><\/p>\n<\/div>\n<div class=\"art-layout-cell\" style=\"width: 67%;\">\n<h1><span style=\"font-size: 24px;\">Mini Kamera MK 520<\/span><\/h1>\n<p>Mini Kamera MK 520 doskonale nadaje si\u0119 do wykonywanie r\u00f3\u017cnego rodzaj\u00f3w kamufla\u017cy.<br \/>Ze wzgl\u0119du na bardzo nisk\u0105 wag\u0119 (1g) doskonale nadaje si\u0119 do umieszczania w modelach samolot\u00f3w lub szybowc\u00f3w.<br \/>Wymiary 9,5 x 9,5 x 12 mm<br \/>Rozdzielczo\u015b\u0107 520 TVL<br \/>Czu\u0142o\u015b\u0107 0,008 Luxa<br \/>Zasilanie 3-5V.<br \/><span style=\"font-weight: bold;\">Wersja bez fonii.<\/p>\n<p><\/span><\/p>\n<p style=\"text-align: center;\"><span style=\"font-weight: bold; font-size: 16px;\">Cena 500z\u0142.<\/span><\/p>\n<p style=\"text-align: center;\">\u00a0<a class=\"art-button\" href=\"http:\/\/www.euro-soft.pl\/sklep\/?p=productsMore&amp;iProduct=366&amp;sName=Mini-Kamera-MK-520\" target=\"_blank\">Przejd\u017a do sklepu i dowiedz si\u0119 wi\u0119cej<\/a>\u00a0<\/p>\n<\/div>\n<\/div>\n<\/div>\n<div class=\"art-content-layout\">\n<div class=\"art-content-layout-row\">\n<div class=\"art-layout-cell\" style=\"width: 100%;\">\n<hr \/>\n<\/div>\n<\/div>\n<\/div>\n<div class=\"art-content-layout\">\n<div class=\"art-content-layout-row responsive-layout-row-2\">\n<div class=\"art-layout-cell\" style=\"width: 33%;\">\n<p>\u00a0<\/p>\n<p style=\"text-align: center;\"><img loading=\"lazy\" decoding=\"async\" class=\"art-lightbox size-full wp-image-523\" title=\"wykrywanie pods\u0142uchu Koszalin\" src=\"https:\/\/www.euro-soft.pl\/wordpress\/wp-content\/uploads\/2016\/03\/tmpB60C.png\" alt=\"wykrywanie pods\u0142uchu Koszalin\" width=\"200\" height=\"198\" srcset=\"https:\/\/www.euro-soft.pl\/w\/wp-content\/uploads\/2016\/03\/tmpB60C.png 200w, https:\/\/www.euro-soft.pl\/w\/wp-content\/uploads\/2016\/03\/tmpB60C-150x150.png 150w, https:\/\/www.euro-soft.pl\/w\/wp-content\/uploads\/2016\/03\/tmpB60C-100x100.png 100w\" sizes=\"auto, (max-width: 200px) 100vw, 200px\" \/><\/p>\n<\/div>\n<div class=\"art-layout-cell\" style=\"width: 67%;\">\n<h1><span style=\"font-size: 24px;\">Mini Kamera MKF 520<\/span><\/h1>\n<p>Mini Kamera MKF 520 doskonale nadaje si\u0119 do wykonywanie r\u00f3\u017cnego rodzaj\u00f3w kamufla\u017cy.<br \/>Ze wzgl\u0119du na bardzo nisk\u0105 wag\u0119 (1g) doskonale nadaje si\u0119 do umieszczania w modelach samolot\u00f3w lub szybowc\u00f3w.<br \/>Wymiary 9,5 x 9,5 x 17 mm<br \/>Rozdzielczo\u015b\u0107 520 TVL<br \/>Czu\u0142o\u015b\u0107 0,008 Luxa<br \/>Zasilanie 3-5V.<br \/>Wersja z torem fonii.<\/p>\n<p style=\"text-align: center;\"><span style=\"font-weight: bold; font-size: 16px;\">Cena 550z\u0142.<\/span><\/p>\n<p style=\"text-align: center;\">\u00a0<a class=\"art-button\" href=\"http:\/\/www.euro-soft.pl\/sklep\/?p=productsMore&amp;iProduct=367&amp;sName=Mini-Kamera-MKF-520\" target=\"_blank\">Przejd\u017a do sklepu i dowiedz si\u0119 wi\u0119cej<\/a>\u00a0<\/p>\n<\/div>\n<\/div>\n<\/div>\n<div class=\"art-content-layout\">\n<div class=\"art-content-layout-row\">\n<div class=\"art-layout-cell\" style=\"width: 100%;\">\n<hr \/>\n<\/div>\n<\/div>\n<\/div>\n<div class=\"art-content-layout\">\n<div class=\"art-content-layout-row responsive-layout-row-2\">\n<div class=\"art-layout-cell\" style=\"width: 33%;\">\n<p>\u00a0<\/p>\n<p style=\"text-align: center;\"><img loading=\"lazy\" decoding=\"async\" class=\"art-lightbox size-full wp-image-524\" title=\"wykrywanie pods\u0142uchu Koszalin\" src=\"https:\/\/www.euro-soft.pl\/wordpress\/wp-content\/uploads\/2016\/03\/tmp468E.png\" alt=\"wykrywanie pods\u0142uchu Koszalin\" width=\"200\" height=\"196\" \/><\/p>\n<\/div>\n<div class=\"art-layout-cell\" style=\"width: 67%;\">\n<h1><span style=\"font-size: 24px;\">Mini kamera MK 520 IR<\/span><\/h1>\n<p>Mini kamera MK 520 IR jest najmniejsz\u0105 kamer\u0105 z aktywnym pod\u015bwietleniem IR w swojej klasie. Posiada doskona\u0142\u0105 rozdzielczo\u015b\u0107 ( 520 TVL ) oraz bardzo wysoka czu\u0142o\u015b\u0107 ( 0,008 Luxa ). Szeroki przedziel napi\u0119ciowy pr\u0105du zasilania (3 &#8211; 5 V ) pozwala na stosowanie tej kamery w r\u00f3\u017cnych kamufla\u017cach.<\/p>\n<p>\u00a0<\/p>\n<p style=\"text-align: center;\"><span style=\"font-weight: bold; font-size: 16px;\">Cena 540z\u0142.<\/span><\/p>\n<p style=\"text-align: center;\">\u00a0<a class=\"art-button\" href=\"http:\/\/www.euro-soft.pl\/sklep\/?p=productsMore&amp;iProduct=365&amp;sName=Mini-kamera-MK-520-IR\" target=\"_blank\">Przejd\u017a do sklepu i dowiedz si\u0119 wi\u0119cej<\/a>\u00a0<\/p>\n<\/div>\n<\/div>\n<\/div>\n<div class=\"art-content-layout\">\n<div class=\"art-content-layout-row\">\n<div class=\"art-layout-cell\" style=\"width: 100%;\">\n<hr \/>\n<\/div>\n<\/div>\n<\/div>\n<div class=\"art-content-layout\">\n<div class=\"art-content-layout-row responsive-layout-row-2\">\n<div class=\"art-layout-cell\" style=\"width: 33%;\">\n<p>\u00a0<\/p>\n<p style=\"text-align: center;\"><img loading=\"lazy\" decoding=\"async\" class=\"art-lightbox size-full wp-image-525\" title=\"wykrywanie pods\u0142uchu Koszalin\" src=\"https:\/\/www.euro-soft.pl\/wordpress\/wp-content\/uploads\/2016\/03\/tmp8C3D.png\" alt=\"wykrywanie pods\u0142uchu Koszalin\" width=\"200\" height=\"199\" srcset=\"https:\/\/www.euro-soft.pl\/w\/wp-content\/uploads\/2016\/03\/tmp8C3D.png 200w, https:\/\/www.euro-soft.pl\/w\/wp-content\/uploads\/2016\/03\/tmp8C3D-150x150.png 150w, https:\/\/www.euro-soft.pl\/w\/wp-content\/uploads\/2016\/03\/tmp8C3D-100x100.png 100w\" sizes=\"auto, (max-width: 200px) 100vw, 200px\" \/><\/p>\n<\/div>\n<div class=\"art-layout-cell\" style=\"width: 67%;\">\n<h1><span style=\"font-size: 24px;\">Mini kameraMK 520 Pin<\/span><\/h1>\n<p>Mini Kamera MK 520 Pin doskonale nadaje si\u0119 do wykonywanie r\u00f3\u017cnego rodzaj\u00f3w kamufla\u017cy.<br \/>Ze wzgl\u0119du na bardzo nisk\u0105 wag\u0119 (1g) doskonale nadaje si\u0119 do umieszczania w modelach samolot\u00f3w lub szybowc\u00f3w.<br \/>Wymiary 9,5 x 9,5 x 17 mm<br \/>Rozdzielczo\u015b\u0107 520 TVL<br \/>Czu\u0142o\u015b\u0107 0,008 Luxa<br \/>Zasilanie 3-5V<\/p>\n<p style=\"text-align: center;\"><span style=\"font-weight: bold; font-size: 16px;\">Cena 500z\u0142.<\/span><\/p>\n<p style=\"text-align: center;\">\u00a0<a class=\"art-button\" href=\"http:\/\/www.euro-soft.pl\/sklep\/?p=productsMore&amp;iProduct=369&amp;sName=Mini-kameraMK-520-Pin\" target=\"_blank\">Przejd\u017a do sklepu i dowiedz si\u0119 wi\u0119cej<\/a>\u00a0<\/p>\n<\/div>\n<\/div>\n<\/div>\n<div class=\"art-content-layout\">\n<div class=\"art-content-layout-row\">\n<div class=\"art-layout-cell\" style=\"width: 100%;\">\n<hr \/>\n<\/div>\n<\/div>\n<\/div>\n<div class=\"art-content-layout\">\n<div class=\"art-content-layout-row responsive-layout-row-2\">\n<div class=\"art-layout-cell\" style=\"width: 33%;\">\n<p>\u00a0<\/p>\n<p style=\"text-align: center;\"><img loading=\"lazy\" decoding=\"async\" class=\"art-lightbox size-full wp-image-526\" title=\"wykrywanie pods\u0142uchu Koszalin\" src=\"https:\/\/www.euro-soft.pl\/wordpress\/wp-content\/uploads\/2016\/03\/tmp31F2.png\" alt=\"wykrywanie pods\u0142uchu Koszalin\" width=\"200\" height=\"200\" srcset=\"https:\/\/www.euro-soft.pl\/w\/wp-content\/uploads\/2016\/03\/tmp31F2.png 200w, https:\/\/www.euro-soft.pl\/w\/wp-content\/uploads\/2016\/03\/tmp31F2-150x150.png 150w, https:\/\/www.euro-soft.pl\/w\/wp-content\/uploads\/2016\/03\/tmp31F2-100x100.png 100w\" sizes=\"auto, (max-width: 200px) 100vw, 200px\" \/><\/p>\n<\/div>\n<div class=\"art-layout-cell\" style=\"width: 67%;\">\n<h1><span style=\"font-size: 24px;\">Kamera SHARP 1\/3&#8243; (guzik) kolor CCD<\/span><\/h1>\n<p>Kamera SHARP 1\/3&#8243; kolor CCD zapewnia wysok\u0105 rozdzielczo\u015b\u0107 obrazu nawet w z\u0142ych warunkach o\u015bwietleniowych. Obiektyw kamery umieszczony jest w atrapie guzika co pozwala na wykonanie odpowiednich kamufla\u017cy. W komplecie z kamer\u0105 s\u0105 do\u0142\u0105czone dodatkowe guziki do normalnego przyszywania.Wyposa\u017cona jest w tor fonii co zapewnia mo\u017cliwo\u015b\u0107 prowadzenia ods\u0142uchu obserwowanej przestrzeni. Charakteryzuje si\u0119 bardzo wysok\u0105 odporno\u015bci\u0105 na uszkodzenia mechaniczne.<\/p>\n<p>\u00a0<\/p>\n<p style=\"text-align: center;\"><span style=\"font-weight: bold; font-size: 16px;\">Cena 330z\u0142.<\/span><\/p>\n<p style=\"text-align: center;\">\u00a0<a class=\"art-button\" href=\"http:\/\/www.euro-soft.pl\/sklep\/?p=productsMore&amp;iProduct=246&amp;sName=Kamera-SHARP-1-3-(guzik)-kolor-CCD\" target=\"_blank\">Przejd\u017a do sklepu i dowiedz si\u0119 wi\u0119cej<\/a>\u00a0<\/p>\n<\/div>\n<\/div>\n<\/div>\n<div class=\"art-content-layout\">\n<div class=\"art-content-layout-row\">\n<div class=\"art-layout-cell\" style=\"width: 100%;\">\n<hr \/>\n<\/div>\n<\/div>\n<\/div>\n<div class=\"art-content-layout\">\n<div class=\"art-content-layout-row responsive-layout-row-2\">\n<div class=\"art-layout-cell\" style=\"width: 33%;\">\n<p>\u00a0<\/p>\n<p style=\"text-align: center;\"><img loading=\"lazy\" decoding=\"async\" class=\"art-lightbox size-full wp-image-527\" title=\"wykrywanie pods\u0142uchu Koszalin\" src=\"https:\/\/www.euro-soft.pl\/wordpress\/wp-content\/uploads\/2016\/03\/tmpED35.png\" alt=\"wykrywanie pods\u0142uchu Koszalin\" width=\"200\" height=\"178\" \/><\/p>\n<\/div>\n<div class=\"art-layout-cell\" style=\"width: 67%;\">\n<h1><span style=\"font-size: 24px;\">Kamera SONY 1\/3&#8243; (\u015brubka) kolor CCD<\/span><\/h1>\n<p>Kamera SONY 1\/3&#8243; kolor CCD zapewnia wysok\u0105 rozdzielczo\u015b\u0107 obrazu nawet w z\u0142ych warunkach o\u015bwietleniowych. Obiektyw kamery umieszczony jest w atrapie \u015brubki co pozwala na wykonanie odpowiednich kamufla\u017cy. Kamera wyposa\u017cona jest w tor fonii co zapewnia mo\u017cliwo\u015b\u0107 prowadzenia ods\u0142uchu obserwowanej przestrzeni. Charakteryzuje si\u0119 bardzo wysok\u0105 odporno\u015bci\u0105 na uszkodzenia mechaniczne.<\/p>\n<p>\u00a0<\/p>\n<p style=\"text-align: center;\"><span style=\"font-weight: bold; font-size: 16px;\">Cena 380z\u0142.<\/span><\/p>\n<p style=\"text-align: center;\">\u00a0<a class=\"art-button\" href=\"http:\/\/www.euro-soft.pl\/sklep\/?p=productsMore&amp;iProduct=247&amp;sName=Kamera-SONY-1-3-(srubka)-kolor-CCD\" target=\"_blank\">Przejd\u017a do sklepu i dowiedz si\u0119 wi\u0119cej<\/a>\u00a0<\/p>\n<\/div>\n<\/div>\n<\/div>\n<div class=\"art-content-layout\">\n<div class=\"art-content-layout-row\">\n<div class=\"art-layout-cell\" style=\"width: 100%;\">\n<hr \/>\n<\/div>\n<\/div>\n<\/div>\n<div class=\"art-content-layout\">\n<div class=\"art-content-layout-row responsive-layout-row-2\">\n<div class=\"art-layout-cell\" style=\"width: 33%;\">\n<p>\u00a0<\/p>\n<p style=\"text-align: center;\"><img loading=\"lazy\" decoding=\"async\" class=\"art-lightbox size-full wp-image-528\" title=\"wykrywanie pods\u0142uchu Koszalin\" src=\"https:\/\/www.euro-soft.pl\/wordpress\/wp-content\/uploads\/2016\/03\/tmpBA42.png\" alt=\"wykrywanie pods\u0142uchu Koszalin\" width=\"200\" height=\"200\" srcset=\"https:\/\/www.euro-soft.pl\/w\/wp-content\/uploads\/2016\/03\/tmpBA42.png 200w, https:\/\/www.euro-soft.pl\/w\/wp-content\/uploads\/2016\/03\/tmpBA42-150x150.png 150w, https:\/\/www.euro-soft.pl\/w\/wp-content\/uploads\/2016\/03\/tmpBA42-100x100.png 100w\" sizes=\"auto, (max-width: 200px) 100vw, 200px\" \/><\/p>\n<\/div>\n<div class=\"art-layout-cell\" style=\"width: 67%;\">\n<h1><span style=\"font-size: 24px;\">Kamera SONY 1\/3&#8243; F0 330<\/span><\/h1>\n<p>Kamera SONY 1\/3&#8243; kolor CCD zapewnia wysok\u0105 rozdzielczo\u015b\u0107 obrazu nawet w z\u0142ych warunkach o\u015bwietleniowych. Wyposa\u017cona jest w tor fonii co zapewnia mo\u017cliwo\u015b\u0107 prowadzenia ods\u0142uchu obserwowanej przestrzeni. Charakteryzuje<br \/>si\u0119 bardzo wysok\u0105 odporno\u015bci\u0105 na uszkodzenia mechaniczne. Posiada obiektyw o \u015brednicy 1 mm co umo\u017cliwia stosowanie\u00a0jej do wykonywania r\u00f3\u017cnych kamufla\u017cy.<\/p>\n<p style=\"text-align: center;\"><span style=\"font-weight: bold; font-size: 16px;\">Cena 480z\u0142.<\/span><\/p>\n<p style=\"text-align: center;\">\u00a0<a class=\"art-button\" href=\"http:\/\/www.euro-soft.pl\/sklep\/?p=productsMore&amp;iProduct=245&amp;sName=Kamera-SONY-1-3--F0-330\" target=\"_blank\">Przejd\u017a do sklepu i dowiedz si\u0119 wi\u0119cej<\/a>\u00a0<\/p>\n<\/div>\n<\/div>\n<\/div>\n<\/div>\n<\/div>\n<\/div>\n","protected":false},"excerpt":{"rendered":"<p>\u00a0 Cennik \u00a0 Mini Kamera SONY 1\/3&#8243; LC-S742 BWXP4 Mini Kamera SONY 1\/3&#8243; LC-S742 BWXP4Przetwornik SONY CCD z matryc\u0105 1\/3\u201d, rozdzielczo\u015b\u0107 420 tvl. Doskonale pracuje w dzie\u0144 i w nocy. Czu\u0142o\u015b\u0107 0,005 Luxa . Automatycznie prze\u0142\u0105cza si\u0119 w tryb nocny gdy o\u015bwietlenie spada poni\u017cej minimum. Kamera jest odporna na wstrz\u0105sy i umo\u017cliwia prac\u0119 r\u00f3wnie\u017c w [&hellip;]<\/p>\n","protected":false},"author":1,"featured_media":520,"parent":0,"menu_order":0,"comment_status":"closed","ping_status":"closed","template":"","meta":{"footnotes":""},"categories":[17],"tags":[],"class_list":["post-529","page","type-page","status-publish","has-post-thumbnail","hentry","category-artykuly"],"blocksy_meta":[],"_links":{"self":[{"href":"https:\/\/www.euro-soft.pl\/w\/wp-json\/wp\/v2\/pages\/529","targetHints":{"allow":["GET"]}}],"collection":[{"href":"https:\/\/www.euro-soft.pl\/w\/wp-json\/wp\/v2\/pages"}],"about":[{"href":"https:\/\/www.euro-soft.pl\/w\/wp-json\/wp\/v2\/types\/page"}],"author":[{"embeddable":true,"href":"https:\/\/www.euro-soft.pl\/w\/wp-json\/wp\/v2\/users\/1"}],"replies":[{"embeddable":true,"href":"https:\/\/www.euro-soft.pl\/w\/wp-json\/wp\/v2\/comments?post=529"}],"version-history":[{"count":0,"href":"https:\/\/www.euro-soft.pl\/w\/wp-json\/wp\/v2\/pages\/529\/revisions"}],"wp:featuredmedia":[{"embeddable":true,"href":"https:\/\/www.euro-soft.pl\/w\/wp-json\/wp\/v2\/media\/520"}],"wp:attachment":[{"href":"https:\/\/www.euro-soft.pl\/w\/wp-json\/wp\/v2\/media?parent=529"}],"wp:term":[{"taxonomy":"category","embeddable":true,"href":"https:\/\/www.euro-soft.pl\/w\/wp-json\/wp\/v2\/categories?post=529"},{"taxonomy":"post_tag","embeddable":true,"href":"https:\/\/www.euro-soft.pl\/w\/wp-json\/wp\/v2\/tags?post=529"}],"curies":[{"name":"wp","href":"https:\/\/api.w.org\/{rel}","templated":true}]}}