{"id":501,"date":"2016-03-07T22:49:24","date_gmt":"2016-03-07T21:49:24","guid":{"rendered":"https:\/\/www.euro-soft.pl\/wordpress\/dyktafony\/"},"modified":"2016-03-07T22:49:24","modified_gmt":"2016-03-07T21:49:24","slug":"dyktafony","status":"publish","type":"page","link":"https:\/\/www.euro-soft.pl\/w\/dyktafony\/","title":{"rendered":"DYKTAFONY"},"content":{"rendered":"<div class=\"art-content-layout\">\n<div class=\"art-content-layout-row\">\n<div class=\"art-layout-cell\" style=\"width: 100%;\">\n<p>\u00a0<\/p>\n<p>Dyktafon z serii MINI przeznaczony jest do prowadzenie dyskretnego nagrywania fonii w trakcie rozm\u00f3w bezpo\u015brednich. Mog\u0105 s\u0142u\u017cy\u0107 tak\u017ce do rejestracji fonii w pomieszczeniach. Mikro dyktafon w wersji Mini KS-280 mo\u017ce wykona\u0107 nagrania o \u0142\u0105cznym czasie ok. 280 godzin. Nagranie to jest wykonywane w plikach czterogodzinnych. Ka\u017cdy plik posiada dat\u0119 i godzin\u0119 wykonania nagrania. U\u0142atwia to obr\u00f3bk\u0119 wykonanego nagrania. Procedura \u0142adowania. Powy\u017csze informacje s\u0105 zamieszczone na ka\u017ce poni\u017cszej stronie produktu.<\/p>\n<p style=\"text-align: center;\"><img loading=\"lazy\" decoding=\"async\" class=\"art-lightbox size-full wp-image-492\" title=\"wykrywanie pods\u0142uchu Koszalin\" src=\"https:\/\/www.euro-soft.pl\/wordpress\/wp-content\/uploads\/2016\/03\/tmp47CB.png\" alt=\"wykrywanie pods\u0142uchu Koszalin\" width=\"480\" height=\"300\" srcset=\"https:\/\/www.euro-soft.pl\/w\/wp-content\/uploads\/2016\/03\/tmp47CB.png 480w, https:\/\/www.euro-soft.pl\/w\/wp-content\/uploads\/2016\/03\/tmp47CB-300x188.png 300w\" sizes=\"auto, (max-width: 480px) 100vw, 480px\" \/><\/p>\n<p>Informacje dotycz\u0105ce naszej oferty dyktafon\u00f3w &#8211; rejestrator\u00f3w d\u017awi\u0119ki mo\u017cna uzyska\u0107 na naszym blogu:\u00a0<a href=\"http:\/\/dyktafon.blog.pl\/\">http:\/\/dyktafon.blog.pl<\/a><\/p>\n<p>\u00a0<\/p>\n<h1 style=\"text-align: center;\">CENNIK<\/h1>\n<\/div>\n<\/div>\n<\/div>\n<div class=\"art-content-layout\">\n<div class=\"art-content-layout-row\">\n<div class=\"art-layout-cell\" style=\"width: 100%;\">\n<div class=\"art-content-layout\">\n<div class=\"art-content-layout-row\">\n<div class=\"art-layout-cell\" style=\"width: 100%;\">\n<hr \/>\n<\/div>\n<\/div>\n<\/div>\n<div class=\"art-content-layout\">\n<div class=\"art-content-layout-row responsive-layout-row-2\">\n<div class=\"art-layout-cell\" style=\"width: 33%;\">\n<p>\u00a0<\/p>\n<p style=\"text-align: center;\"><img loading=\"lazy\" decoding=\"async\" class=\"art-lightbox size-full wp-image-493\" title=\"wykrywanie pods\u0142uchu Koszalin\" src=\"https:\/\/www.euro-soft.pl\/wordpress\/wp-content\/uploads\/2016\/03\/tmpB109.png\" alt=\"wykrywanie pods\u0142uchu Koszalin\" width=\"150\" height=\"153\" \/><\/p>\n<\/div>\n<div class=\"art-layout-cell\" style=\"width: 67%;\">\n<h1><span style=\"font-size: 24px;\">Dyktafon KS-280<\/span><\/h1>\n<p>Dyktafon KS-280 umo\u017cliwia prowadzenie nagrania ci\u0105g\u0142ego o d\u0142ugo\u015bci 280 godzin. . Przeznaczony jest do prowadzenia nagra\u0144 w d\u0142ugich okresach czasu. \u0141adowanie dyktafonu odbywa si\u0119 poprzez z\u0142\u0105cze USB w komputerze lub \u0142adowarce sieciowej 230 V. W celu osi\u0105gni\u0119cia stanu pe\u0142nego na\u0142adowania nale\u017cy \u0142adowa\u0107 Dyktafon KS-280 do momentu a\u017c czerwona dioda w dyktafonie przestanie mruga\u0107 i zacznie si\u0119 pali\u0107 \u015bwiat\u0142em ci\u0105g\u0142ym. Czas \u0142adowania zale\u017cy od wydajno\u015bci pr\u0105dowej z\u0142\u0105cza USB i wynosi ok. 50-60 min. Czas \u0142adowania w USB 3 b\u0119dzie kr\u00f3tszy w por\u00f3wnaniu z czasem \u0142adowania w USB 2. KS-280 posiada mikrofon na kablu 0k. 10 cm. Umo\u017cliwia to swobodne ukrycie rejestratora. Do obr\u00f3bki (ods\u0142uchu) dokonanego nagrania polecamy og\u00f3lnie dost\u0119pny program Auda City. Program ten mo\u017cna u\u017cywa\u0107 bez jakichkolwiek op\u0142at. Program ten umo\u017cliwia szybkie przewijanie nagrania w miejscach gdzie nie ma \u017cadnych d\u017awi\u0119k\u00f3w (g\u0142osu). W procesorze modu\u0142u rejestruj\u0105cego zainstalowana jest aplikacja datuj\u0105ca wykonane nagrania d\u017awi\u0119kowe. Oznacza to \u017ce ka\u017cde nagrania posiada dat\u0119 i godzin\u0119 jego wykonania. Informacje te s\u0105 dost\u0119pne we w\u0142a\u015bciwo\u015bciach konkretnego pliku.<\/p>\n<p>\u00a0<\/p>\n<p style=\"text-align: center;\"><span style=\"font-weight: bold; font-size: 16px;\">Cena 350z\u0142.<\/span><\/p>\n<p style=\"text-align: center;\">\u00a0<a class=\"art-button\" href=\"#\" target=\"_blank\">Przejd\u017a do sklepu i dowiedz si\u0119 wi\u0119cej<\/a>\u00a0<\/p>\n<\/div>\n<\/div>\n<\/div>\n<div class=\"art-content-layout\">\n<div class=\"art-content-layout-row\">\n<div class=\"art-layout-cell\" style=\"width: 100%;\">\n<hr \/>\n<\/div>\n<\/div>\n<\/div>\n<div class=\"art-content-layout\">\n<div class=\"art-content-layout-row responsive-layout-row-2\">\n<div class=\"art-layout-cell\" style=\"width: 33%;\">\n<p>\u00a0<\/p>\n<p style=\"text-align: center;\"><img loading=\"lazy\" decoding=\"async\" class=\"art-lightbox size-full wp-image-494\" title=\"wykrywanie pods\u0142uchu Koszalin\" src=\"https:\/\/www.euro-soft.pl\/wordpress\/wp-content\/uploads\/2016\/03\/tmp7FDE.png\" alt=\"wykrywanie pods\u0142uchu Koszalin\" width=\"150\" height=\"153\" \/><\/p>\n<\/div>\n<div class=\"art-layout-cell\" style=\"width: 67%;\">\n<h1><span style=\"font-size: 24px;\">Dyktafon KS-140<\/span><\/h1>\n<p>Dyktafon KS-140 podobnie jak Dyktafon KS-280 przeznaczony jet do wykonywania d\u0142ugotrwa\u0142ych nagra\u0144 w cyklu ci\u0105g\u0142ym. Nagranie to jast wykonywane w plikach cztero godzinnych. Ka\u017cdy z tych plik\u00f3w posiada dat\u0119 i godzin\u0119 jego wykonania. Mikrofon w tym dyktafonie mo\u017ce by\u0107 umieszczony na przewodzie o d\u0142ugo\u015bci ok. 10 cm. Rozwi\u0105zanie takie u\u0142atwia skuteczne ukrycie dyktafonu w dowolnym miejscu.Przeznaczony jest do pro wadzenia nagra\u0144 w d\u0142ugich okresach czasu. \u0141adowanie dyktafonu odbywa si\u0119 poprzez z\u0142\u0105cze USB. Czas \u0142adowania zale\u017cy od wydajno\u015bci pr\u0105dowej z\u0142\u0105cza USB i wynosi ok. 150-160 min. Czas \u0142adowania w USB 3 b\u0119dzie kr\u00f3tszy. Do obr\u00f3bki (ods\u0142uchu) dokonanego nagrania rekomendujemy og\u00f3lnie dost\u0119pny program Auda City.<\/p>\n<p>\u00a0<\/p>\n<p style=\"text-align: center;\"><span style=\"font-weight: bold; font-size: 16px;\">Cena 300z\u0142.<\/span><\/p>\n<p style=\"text-align: center;\">\u00a0<a class=\"art-button\" href=\"http:\/\/www.euro-soft.pl\/sklep\/?p=productsMore&amp;iProduct=418&amp;sName=Dyktafon-KS-140\" target=\"_blank\">Przejd\u017a do sklepu i dowiedz si\u0119 wi\u0119cej<\/a>\u00a0<\/p>\n<\/div>\n<\/div>\n<\/div>\n<div class=\"art-content-layout\">\n<div class=\"art-content-layout-row\">\n<div class=\"art-layout-cell\" style=\"width: 100%;\">\n<hr \/>\n<\/div>\n<\/div>\n<\/div>\n<div class=\"art-content-layout\">\n<div class=\"art-content-layout-row responsive-layout-row-2\">\n<div class=\"art-layout-cell\" style=\"width: 33%;\">\n<p>\u00a0<\/p>\n<p style=\"text-align: center;\"><img loading=\"lazy\" decoding=\"async\" class=\"art-lightbox size-full wp-image-495\" title=\"wykrywanie pods\u0142uchu Koszalin\" src=\"https:\/\/www.euro-soft.pl\/wordpress\/wp-content\/uploads\/2016\/03\/tmp1B6A.png\" alt=\"wykrywanie pods\u0142uchu Koszalin\" width=\"150\" height=\"150\" srcset=\"https:\/\/www.euro-soft.pl\/w\/wp-content\/uploads\/2016\/03\/tmp1B6A.png 150w, https:\/\/www.euro-soft.pl\/w\/wp-content\/uploads\/2016\/03\/tmp1B6A-100x100.png 100w\" sizes=\"auto, (max-width: 150px) 100vw, 150px\" \/><\/p>\n<\/div>\n<div class=\"art-layout-cell\" style=\"width: 67%;\">\n<h1><span style=\"font-size: 24px;\">Dyktafon RF-20<\/span><\/h1>\n<p>Dyktafon RF-20 przeznaczony jest do nagrywania rozm\u00f3w bezpo\u015brednich w kt\u00f3rych osoba prowadz\u0105ca nagrywanie bierze udzia\u0142. Kobiety Dyktafon RF-20 cz\u0119sto umieszczaj\u0105 w biustonoszu, m\u0119\u017cczy\u017ani np. w krawatach.Dyktafon RF-20 wykorzystywany jest tak\u017ce do prowadzenia nagra\u0144 w trybie dziennym. Mo\u017cna na tym rejestratorze nagra\u0107 20 godzin w plikach cztero-godzinnych. Jest najmniejszym rejestratorem w naszej ofercie. \u0141adowanie dyktafonu odbywa si\u0119 poprzez z\u0142\u0105cze USB.Czas \u0142adowania zale\u017cy od wydajno\u015bci pr\u0105dowej z\u0142\u0105cza USB i wynosi ok. 30 min. Nagrania s\u0105 automatycznie ods\u0142uchiwane przez standardowe oprogramowanie istniej\u0105ce na ka\u017cdym komputerze z systemem operacyjnym Windows. Mo\u017cna tak\u017ce korzysta\u0107 z aplikacji znanej pod nazw\u0105 AudaCity.<\/p>\n<p>\u00a0<\/p>\n<p style=\"text-align: center;\"><span style=\"font-weight: bold; font-size: 16px;\">Cena 280z\u0142.<\/span><\/p>\n<p style=\"text-align: center;\">\u00a0<a class=\"art-button\" href=\"http:\/\/www.euro-soft.pl\/sklep\/?p=productsMore&amp;iProduct=420&amp;sName=-Dyktafon-RF-20\" target=\"_blank\">Przejd\u017a do sklepu i dowiedz si\u0119 wi\u0119cej<\/a>\u00a0<\/p>\n<\/div>\n<\/div>\n<\/div>\n<div class=\"art-content-layout\">\n<div class=\"art-content-layout-row\">\n<div class=\"art-layout-cell\" style=\"width: 100%;\">\n<hr \/>\n<\/div>\n<\/div>\n<\/div>\n<div class=\"art-content-layout\">\n<div class=\"art-content-layout-row responsive-layout-row-2\">\n<div class=\"art-layout-cell\" style=\"width: 33%;\">\n<p>\u00a0<\/p>\n<p style=\"text-align: center;\"><img loading=\"lazy\" decoding=\"async\" class=\"art-lightbox size-full wp-image-496\" title=\"wykrywanie pods\u0142uchu Koszalin\" src=\"https:\/\/www.euro-soft.pl\/wordpress\/wp-content\/uploads\/2016\/03\/tmp2A03.png\" alt=\"wykrywanie pods\u0142uchu Koszalin\" width=\"150\" height=\"150\" srcset=\"https:\/\/www.euro-soft.pl\/w\/wp-content\/uploads\/2016\/03\/tmp2A03.png 150w, https:\/\/www.euro-soft.pl\/w\/wp-content\/uploads\/2016\/03\/tmp2A03-100x100.png 100w\" sizes=\"auto, (max-width: 150px) 100vw, 150px\" \/><\/p>\n<\/div>\n<div class=\"art-layout-cell\" style=\"width: 67%;\">\n<h1><span style=\"font-size: 24px;\">Dyktafon KS-70j<\/span><\/h1>\n<p>Dyktafon KS-70j przeznaczenie: Mikrofon umieszczony w igle chirurgicznej o d\u0142ugo\u015bci 10 cm. pozwala na wykonywanie nagra\u0144 z wykorzystaniem szczelin lub otwor\u00f3w o bardzo ma\u0142ych \u015brednicach. Jest to nietypowe rozwi\u0105zanie nie spotykane na rynku. Do obr\u00f3bki (ods\u0142uchu) dokonanego nagrania polecamy og\u00f3lnie dost\u0119pny program Auda City. Program ten mo\u017cna u\u017cywa\u0107 bez jakichkolwiek op\u0142at. Program ten umo\u017cliwia szybkie przewijanie nagrania w miejscach gdzie nie ma \u017cadnych d\u017awi\u0119k\u00f3w (g\u0142osu).<\/p>\n<p>\u00a0<\/p>\n<p style=\"text-align: center;\"><span style=\"font-weight: bold; font-size: 16px;\">Cena 240z\u0142.<\/span><\/p>\n<p style=\"text-align: center;\">\u00a0<a class=\"art-button\" href=\"http:\/\/www.euro-soft.pl\/sklep\/?p=productsMore&amp;iProduct=419&amp;sName=Dyktafon-KS-70j\" target=\"_blank\">Przejd\u017a do sklepu i dowiedz si\u0119 wi\u0119cej<\/a>\u00a0<\/p>\n<\/div>\n<\/div>\n<\/div>\n<div class=\"art-content-layout\">\n<div class=\"art-content-layout-row\">\n<div class=\"art-layout-cell\" style=\"width: 100%;\">\n<hr \/>\n<\/div>\n<\/div>\n<\/div>\n<div class=\"art-content-layout\">\n<div class=\"art-content-layout-row responsive-layout-row-2\">\n<div class=\"art-layout-cell\" style=\"width: 33%;\">\n<p>\u00a0<\/p>\n<p style=\"text-align: center;\"><img loading=\"lazy\" decoding=\"async\" class=\"art-lightbox size-full wp-image-497\" title=\"wykrywanie pods\u0142uchu Koszalin\" src=\"https:\/\/www.euro-soft.pl\/wordpress\/wp-content\/uploads\/2016\/03\/tmpDB54.png\" alt=\"wykrywanie pods\u0142uchu Koszalin\" width=\"150\" height=\"150\" srcset=\"https:\/\/www.euro-soft.pl\/w\/wp-content\/uploads\/2016\/03\/tmpDB54.png 150w, https:\/\/www.euro-soft.pl\/w\/wp-content\/uploads\/2016\/03\/tmpDB54-100x100.png 100w\" sizes=\"auto, (max-width: 150px) 100vw, 150px\" \/><\/p>\n<\/div>\n<div class=\"art-layout-cell\" style=\"width: 67%;\">\n<h1><span style=\"font-size: 24px;\">Dyktafon KSm-48<\/span><\/h1>\n<p>Dyktafon KSm-48 przeznaczenie: do prowadzenia nagra\u0144 w okresie ok. 48 godzin. Ma\u0142e gabaryty pozwalaj\u0105 na dyskretne umieszczanie rejestratora w damskich torebkach, w ubraniach lub zabawkach w r\u00f3\u017cnych sytuacjach. Dyktafon KSm-48 umo\u017cliwia prowadzenie ci\u0105g\u0142e nagranie w okresie 48 godzin. Przeznaczony jest do prowadzenia nagra\u0144 w cyklach dziennych. \u0141adowanie dyktafonu odbywa si\u0119 poprzez z\u0142\u0105cze USB w komputerze lub \u0142adowarce sieciowej 230 V. W celu osi\u0105gni\u0119cia stanu pe\u0142nego na\u0142adowania nale\u017cy \u0142adowa\u0107 Dyktafon KSm-48 do momentu a\u017c czerwona dioda w dyktafonie przestanie mruga\u0107 i zacznie si\u0119 pali\u0107 \u015bwiat\u0142em ci\u0105g\u0142ym. Czas \u0142adowania zale\u017cy od wydajno\u015bci pr\u0105dowej z\u0142\u0105cza USB i wynosi ok. 30-40 min. Czas \u0142adowania w USB 3 b\u0119dzie kr\u00f3tszy w por\u00f3wnaniu z czasem \u0142adowania w USB 2. Do obr\u00f3bki (ods\u0142uchu) dokonanego nagrania polecamy og\u00f3lnie dost\u0119pny program Auda City. Program ten mo\u017cna u\u017cywa\u0107 bez jakichkolwiek op\u0142at. Program ten umo\u017cliwia szybkie przewijanie nagrania w miejscach gdzie nie ma \u017cadnych d\u017awi\u0119k\u00f3w (g\u0142osu).<\/p>\n<p>\u00a0<\/p>\n<p style=\"text-align: center;\"><span style=\"font-weight: bold; font-size: 16px;\">Cena 300z\u0142.<\/span><\/p>\n<p style=\"text-align: center;\">\u00a0<a class=\"art-button\" href=\"#\" target=\"_blank\">Przejd\u017a do sklepu i dowiedz si\u0119 wi\u0119cej<\/a>\u00a0<\/p>\n<\/div>\n<\/div>\n<\/div>\n<div class=\"art-content-layout\">\n<div class=\"art-content-layout-row\">\n<div class=\"art-layout-cell\" style=\"width: 100%;\">\n<hr \/>\n<\/div>\n<\/div>\n<\/div>\n<div class=\"art-content-layout\">\n<div class=\"art-content-layout-row responsive-layout-row-2\">\n<div class=\"art-layout-cell\" style=\"width: 33%;\">\n<p>\u00a0<\/p>\n<p style=\"text-align: center;\"><img loading=\"lazy\" decoding=\"async\" class=\"art-lightbox size-full wp-image-498\" title=\"wykrywanie pods\u0142uchu Koszalin\" src=\"https:\/\/www.euro-soft.pl\/wordpress\/wp-content\/uploads\/2016\/03\/tmp33AB.png\" alt=\"wykrywanie pods\u0142uchu Koszalin\" width=\"150\" height=\"150\" srcset=\"https:\/\/www.euro-soft.pl\/w\/wp-content\/uploads\/2016\/03\/tmp33AB.png 150w, https:\/\/www.euro-soft.pl\/w\/wp-content\/uploads\/2016\/03\/tmp33AB-100x100.png 100w\" sizes=\"auto, (max-width: 150px) 100vw, 150px\" \/><\/p>\n<\/div>\n<div class=\"art-layout-cell\" style=\"width: 67%;\">\n<h1><span style=\"font-size: 24px;\">Dyktafon KS-12m<\/span><\/h1>\n<p>Dyktafon KS-12m umo\u017cliwia prowadzenie ci\u0105g\u0142e nagranie w okresie 12 godzin. Przeznaczony jest do prowadzenia nagra\u0144 w cyklach dziennych. Mikrofon umieszczony na kablu umo\u017cliwia wygodne ukrycie dyktafony w meblach lub w samochodzie. \u0141adowanie dyktafonu odbywa si\u0119 poprzez z\u0142\u0105cze USB w komputerze lub \u0142adowarce sieciowej 230 V. W celu osi\u0105gni\u0119cia stanu pe\u0142nego na\u0142adowania nale\u017cy \u0142adowa\u0107 Dyktafon KS-12m do momentu a\u017c czerwona dioda w dyktafonie przestanie mruga\u0107 i zacznie si\u0119 pali\u0107 \u015bwiat\u0142em ci\u0105g\u0142ym. Czas \u0142adowania zale\u017cy od wydajno\u015bci pr\u0105dowej z\u0142\u0105cza USB i wynosi ok. 15-20 min. Czas \u0142adowania w USB 3 b\u0119dzie kr\u00f3tszy w por\u00f3wnaniu z czasem \u0142adowania w USB 2.Do obr\u00f3bki (ods\u0142uchu) dokonanego nagrania polecamy og\u00f3lnie dost\u0119pny program Auda City. Program ten mo\u017cna u\u017cywa\u0107 bez jakichkolwiek op\u0142at. Program ten umo\u017cliwia szybkie przewijanie nagrania w miejscach gdzie nie ma \u017cadnych d\u017awi\u0119k\u00f3w (g\u0142osu).<\/p>\n<p style=\"text-align: center;\"><span style=\"font-weight: bold; font-size: 16px;\">Cena 230z\u0142.<\/span><\/p>\n<p style=\"text-align: center;\">\u00a0<a class=\"art-button\" href=\"http:\/\/www.euro-soft.pl\/sklep\/?p=productsMore&amp;iProduct=417&amp;sName=-Dyktafon--KS-12m\" target=\"_blank\">Przejd\u017a do sklepu i dowiedz si\u0119 wi\u0119cej<\/a>\u00a0<\/p>\n<\/div>\n<\/div>\n<\/div>\n<div class=\"art-content-layout\">\n<div class=\"art-content-layout-row\">\n<div class=\"art-layout-cell\" style=\"width: 100%;\">\n<hr \/>\n<\/div>\n<\/div>\n<\/div>\n<div class=\"art-content-layout\">\n<div class=\"art-content-layout-row responsive-layout-row-2\">\n<div class=\"art-layout-cell\" style=\"width: 33%;\">\n<p>\u00a0<\/p>\n<p style=\"text-align: center;\"><img loading=\"lazy\" decoding=\"async\" class=\"art-lightbox size-full wp-image-499\" title=\"wykrywanie pods\u0142uchu Koszalin\" src=\"https:\/\/www.euro-soft.pl\/wordpress\/wp-content\/uploads\/2016\/03\/tmp5DB7.png\" alt=\"wykrywanie pods\u0142uchu Koszalin\" width=\"150\" height=\"150\" srcset=\"https:\/\/www.euro-soft.pl\/w\/wp-content\/uploads\/2016\/03\/tmp5DB7.png 150w, https:\/\/www.euro-soft.pl\/w\/wp-content\/uploads\/2016\/03\/tmp5DB7-100x100.png 100w\" sizes=\"auto, (max-width: 150px) 100vw, 150px\" \/><\/p>\n<\/div>\n<div class=\"art-layout-cell\" style=\"width: 67%;\">\n<h1><span style=\"font-size: 24px;\">Dyktafon KS-12<\/span><\/h1>\n<p>Dyktafon KS-12 umo\u017cliwia prowadzenie ci\u0105g\u0142e nagranie w okresie 12 godzin. Przeznaczony jest do prowadzenia nagra\u0144 w cyklach dziennych. Mikrofon umieszczony na kablu umo\u017cliwia wygodne ukrycie dyktafony w meblach lub w samochodzie. \u0141adowanie dyktafonu odbywa si\u0119 poprzez z\u0142\u0105cze USB w komputerze lub \u0142adowarce sieciowej 230 V. W celu osi\u0105gni\u0119cia stanu pe\u0142nego na\u0142adowania nale\u017cy \u0142adowa\u0107 Dyktafon KS-12 do momentu a\u017c czerwona dioda w dyktafonie przestanie mruga\u0107 i zacznie si\u0119 pali\u0107 \u015bwiat\u0142em ci\u0105g\u0142ym. Czas \u0142adowania zale\u017cy od wydajno\u015bci pr\u0105dowej z\u0142\u0105cza USB i wynosi ok. 15-20 min. Czas \u0142adowania w USB 3 b\u0119dzie kr\u00f3tszy w por\u00f3wnaniu z czasem \u0142adowania w USB 2. Do obr\u00f3bki (ods\u0142uchu) dokonanego nagrania polecamy og\u00f3lnie dost\u0119pny program Auda City. Program ten mo\u017cna u\u017cywa\u0107 bez jakichkolwiek op\u0142at. Program ten umo\u017cliwia szybkie przewijanie nagrania w miejscach gdzie nie ma \u017cadnych d\u017awi\u0119k\u00f3w (g\u0142osu).<\/p>\n<p>\u00a0<\/p>\n<p style=\"text-align: center;\"><span style=\"font-weight: bold; font-size: 16px;\">Cena 200z\u0142.<\/span><\/p>\n<p style=\"text-align: center;\">\u00a0<a class=\"art-button\" href=\"http:\/\/www.euro-soft.pl\/sklep\/?p=productsMore&amp;iProduct=416&amp;sName=-Dyktafon--KS-12\" target=\"_blank\">Przejd\u017a do sklepu i dowiedz si\u0119 wi\u0119cej<\/a>\u00a0<\/p>\n<\/div>\n<\/div>\n<\/div>\n<div class=\"art-content-layout\">\n<div class=\"art-content-layout-row\">\n<div class=\"art-layout-cell\" style=\"width: 100%;\">\n<hr \/>\n<\/div>\n<\/div>\n<\/div>\n<div class=\"art-content-layout\">\n<div class=\"art-content-layout-row responsive-layout-row-2\">\n<div class=\"art-layout-cell\" style=\"width: 33%;\">\n<p>\u00a0<\/p>\n<p style=\"text-align: center;\"><img loading=\"lazy\" decoding=\"async\" class=\"art-lightbox size-full wp-image-500\" title=\"wykrywanie pods\u0142uchu Koszalin\" src=\"https:\/\/www.euro-soft.pl\/wordpress\/wp-content\/uploads\/2016\/03\/tmpD595.png\" alt=\"wykrywanie pods\u0142uchu Koszalin\" width=\"150\" height=\"146\" \/><\/p>\n<\/div>\n<div class=\"art-layout-cell\" style=\"width: 67%;\">\n<h1><span style=\"font-size: 24px;\">Dyktafon Edik T20<\/span><\/h1>\n<p>Dyktafon Edik T20 charakteryzuje si\u0119 bardzo ma\u0142ymi gabarytami. Czas nagrywania ci\u0105g\u0142ego wynosi 20 godzin. Okres nagrywania jest zdeterminowany pojemno\u015bci\u0105 akumulatora (110 mAh). Na Dyktafon Edik T20 mo\u017cna zgromadzi\u0107 70 godzin nagrania. \u0141adowanie odbywa si\u0119 poprzez po\u0142\u0105czenie Dyktafonu Edik T2 z dowolnym z\u0142\u0105czem USC. Do dyktafonu do\u0142\u0105czony jest miernik pr\u0105du \u0142adowania, kt\u00f3ry pozwala na pe\u0142ne na\u0142adowanie akumulatora dyktafonu a co za tym idzie na osi\u0105gni\u0119cie maksymalnego czasu nagrywania. Nagrania s\u0105 realizowane w plikach cztero godzinnych. Odpowiednia aplikacja umieszczona w procesorze dyktafonu zapewnia datowanie ka\u017cdego wykonanego nagrania. Oznacza to \u017ce ka\u017cde nagrania ma dat\u0119 i godzin\u0119 jego wykonania. Wykonane nagrania s\u0105 automatycznie odczytywane przez aplikacja Media Player istniej\u0105c\u0105 na ka\u017cdym komputerze z systemem operacyjnym Windows. Dodatkowo polecamy darmowy og\u00f3lnie dost\u0119pny program Auda City. Umo\u017cliwia on szybk\u0105 i precyzyjn\u0105 obr\u00f3bk\u0105 wykonanych nagra\u0144.<\/p>\n<p style=\"text-align: center;\"><span style=\"font-weight: bold; font-size: 16px;\">Cena 250z\u0142.<\/span><\/p>\n<p style=\"text-align: center;\">\u00a0<a class=\"art-button\" href=\"#\" target=\"_blank\">Przejd\u017a do sklepu i dowiedz si\u0119 wi\u0119cej<\/a>\u00a0<\/p>\n<\/div>\n<\/div>\n<\/div>\n<\/div>\n<\/div>\n<\/div>\n","protected":false},"excerpt":{"rendered":"<p>\u00a0 Dyktafon z serii MINI przeznaczony jest do prowadzenie dyskretnego nagrywania fonii w trakcie rozm\u00f3w bezpo\u015brednich. Mog\u0105 s\u0142u\u017cy\u0107 tak\u017ce do rejestracji fonii w pomieszczeniach. Mikro dyktafon w wersji Mini KS-280 mo\u017ce wykona\u0107 nagrania o \u0142\u0105cznym czasie ok. 280 godzin. Nagranie to jest wykonywane w plikach czterogodzinnych. Ka\u017cdy plik posiada dat\u0119 i godzin\u0119 wykonania nagrania. U\u0142atwia [&hellip;]<\/p>\n","protected":false},"author":1,"featured_media":492,"parent":0,"menu_order":0,"comment_status":"closed","ping_status":"closed","template":"","meta":{"footnotes":""},"categories":[17],"tags":[],"class_list":["post-501","page","type-page","status-publish","has-post-thumbnail","hentry","category-artykuly"],"blocksy_meta":[],"_links":{"self":[{"href":"https:\/\/www.euro-soft.pl\/w\/wp-json\/wp\/v2\/pages\/501","targetHints":{"allow":["GET"]}}],"collection":[{"href":"https:\/\/www.euro-soft.pl\/w\/wp-json\/wp\/v2\/pages"}],"about":[{"href":"https:\/\/www.euro-soft.pl\/w\/wp-json\/wp\/v2\/types\/page"}],"author":[{"embeddable":true,"href":"https:\/\/www.euro-soft.pl\/w\/wp-json\/wp\/v2\/users\/1"}],"replies":[{"embeddable":true,"href":"https:\/\/www.euro-soft.pl\/w\/wp-json\/wp\/v2\/comments?post=501"}],"version-history":[{"count":0,"href":"https:\/\/www.euro-soft.pl\/w\/wp-json\/wp\/v2\/pages\/501\/revisions"}],"wp:featuredmedia":[{"embeddable":true,"href":"https:\/\/www.euro-soft.pl\/w\/wp-json\/wp\/v2\/media\/492"}],"wp:attachment":[{"href":"https:\/\/www.euro-soft.pl\/w\/wp-json\/wp\/v2\/media?parent=501"}],"wp:term":[{"taxonomy":"category","embeddable":true,"href":"https:\/\/www.euro-soft.pl\/w\/wp-json\/wp\/v2\/categories?post=501"},{"taxonomy":"post_tag","embeddable":true,"href":"https:\/\/www.euro-soft.pl\/w\/wp-json\/wp\/v2\/tags?post=501"}],"curies":[{"name":"wp","href":"https:\/\/api.w.org\/{rel}","templated":true}]}}