{"id":491,"date":"2016-03-07T22:49:24","date_gmt":"2016-03-07T21:49:24","guid":{"rendered":"https:\/\/www.euro-soft.pl\/wordpress\/zmieniacz-glosu\/"},"modified":"2016-03-07T22:49:24","modified_gmt":"2016-03-07T21:49:24","slug":"zmieniacz-glosu","status":"publish","type":"page","link":"https:\/\/www.euro-soft.pl\/w\/zmieniacz-glosu\/","title":{"rendered":"ZMIENIACZ G\u0141OSU"},"content":{"rendered":"<div class=\"art-content-layout\">\n<div class=\"art-content-layout-row\">\n<div class=\"art-layout-cell\" style=\"width: 100%;\">\n<p>\u00a0<\/p>\n<\/div>\n<\/div>\n<\/div>\n<div class=\"art-content-layout\">\n<div class=\"art-content-layout-row\">\n<div class=\"art-layout-cell\" style=\"width: 100%;\">\n<h1 style=\"text-align: center;\">Cennik<\/h1>\n<\/div>\n<\/div>\n<\/div>\n<div class=\"art-content-layout\">\n<div class=\"art-content-layout-row\">\n<div class=\"art-layout-cell\" style=\"width: 100%;\">\n<hr \/>\n<\/div>\n<\/div>\n<\/div>\n<div class=\"art-content-layout\">\n<div class=\"art-content-layout-row\">\n<div class=\"art-layout-cell\" style=\"width: 33%;\">\n<p style=\"text-align: center;\"><img loading=\"lazy\" decoding=\"async\" class=\"art-lightbox size-full wp-image-486\" title=\"wykrywanie pods\u0142uchu Koszalin\" src=\"https:\/\/www.euro-soft.pl\/wordpress\/wp-content\/uploads\/2016\/03\/tmpF4DE.png\" alt=\"wykrywanie pods\u0142uchu Koszalin\" width=\"200\" height=\"223\" \/><\/p>\n<\/div>\n<div class=\"art-layout-cell\" style=\"width: 67%;\">\n<h1><span style=\"font-size: 26px;\">Zmieniacz g\u0142osu do telefonu WD-3<\/span><\/h1>\n<p>Zmieniacz g\u0142osu WD-3 wsp\u00f3\u0142pracuje z telefonem kom\u00f3rkowym Samsung, HTC, Iphone. Zmianacz g\u0142osu pracuje w czasie realnym bez jakichkolwiek op\u00f3\u017anie\u0144. Zmieniacz posiada prze\u0142\u0105cznik na zmian\u0119 g\u0142osu damskiego lub m\u0119skiego. Zmieniacz g\u0142osu WD-3 posiada prze\u0142\u0105cznik umo\u017cliwiaj\u0105cy odzyskanie prawdziwego brzmienia g\u0142osu w trakcie prowadzonej rozmowy telefonicznej.Wykorzystuj\u0105c zmieniacz WD-3 mo\u017cemy prowadzi\u0107 rozmow\u0119 telefoniczn\u0105 bez obawy o rozpoznanie naszego g\u0142osu nawet przez najbli\u017csze osoby. W przypadku konieczno\u015bci pod\u0142\u0105czenia zmieniacza do innego telefonu prosimy o kontakt z 501-159-903.<\/p>\n<p>\u00a0<\/p>\n<p style=\"text-align: center;\"><span style=\"font-weight: bold; font-size: 16px;\">Cena 250z\u0142.<\/span><\/p>\n<p style=\"text-align: center;\">\u00a0<a class=\"art-button\" href=\"http:\/\/www.euro-soft.pl\/sklep\/?p=productsMore&amp;iProduct=92&amp;sName=Zmieniacz-glosu-do-telefonu-WD-3-\" target=\"_blank\">Przejd\u017a do sklepu i dowiedz si\u0119 wi\u0119cej<\/a>\u00a0<\/p>\n<\/div>\n<\/div>\n<\/div>\n<div class=\"art-content-layout\">\n<div class=\"art-content-layout-row\">\n<div class=\"art-layout-cell\" style=\"width: 100%;\">\n<hr \/>\n<\/div>\n<\/div>\n<\/div>\n<div class=\"art-content-layout\">\n<div class=\"art-content-layout-row\">\n<div class=\"art-layout-cell\" style=\"width: 33%;\">\n<p>\u00a0<\/p>\n<p style=\"text-align: center;\"><img loading=\"lazy\" decoding=\"async\" class=\"art-lightbox size-full wp-image-487\" title=\"wykrywanie pods\u0142uchu Koszalin\" src=\"https:\/\/www.euro-soft.pl\/wordpress\/wp-content\/uploads\/2016\/03\/tmpDFE5.png\" alt=\"wykrywanie pods\u0142uchu Koszalin\" width=\"249\" height=\"229\" \/><\/p>\n<\/div>\n<div class=\"art-layout-cell\" style=\"width: 67%;\">\n<p style=\"text-align: center;\">\u00a0<\/p>\n<p style=\"text-align: left;\">Rozmieszczenie poszczeg\u00f3lnych prze\u0142\u0105cznik\u00f3w na tylnej \u015bcianie zmieniacza g\u0142osu WD-3.<\/p>\n<p style=\"text-align: left;\">Zmieniacz g\u0142osu WD-3 zasilany jest dwoma bateriami typu AG3\/LR41 1,5V. Do ka\u017cdego zakupionego zmieniacza g\u0142osu do\u0142\u0105czony jest komplet \u015bwie\u017cych baterii.<\/p>\n<\/div>\n<\/div>\n<\/div>\n<div class=\"art-content-layout\">\n<div class=\"art-content-layout-row\">\n<div class=\"art-layout-cell\" style=\"width: 33%;\">\n<p style=\"text-align: center;\"><img loading=\"lazy\" decoding=\"async\" class=\"art-lightbox size-full wp-image-488\" title=\"wykrywanie pods\u0142uchu Koszalin\" src=\"https:\/\/www.euro-soft.pl\/wordpress\/wp-content\/uploads\/2016\/03\/tmpB22A.png\" alt=\"wykrywanie pods\u0142uchu Koszalin\" width=\"200\" height=\"189\" \/><\/p>\n<\/div>\n<div class=\"art-layout-cell\" style=\"width: 34%;\">\n<p style=\"text-align: center;\"><img loading=\"lazy\" decoding=\"async\" class=\"art-lightbox size-full wp-image-489\" title=\"wykrywanie pods\u0142uchu Koszalin\" src=\"https:\/\/www.euro-soft.pl\/wordpress\/wp-content\/uploads\/2016\/03\/tmp16A2.png\" alt=\"wykrywanie pods\u0142uchu Koszalin\" width=\"200\" height=\"190\" \/><\/p>\n<\/div>\n<div class=\"art-layout-cell\" style=\"width: 33%;\">\n<p style=\"text-align: center;\"><img loading=\"lazy\" decoding=\"async\" class=\"art-lightbox size-full wp-image-490\" title=\"wykrywanie pods\u0142uchu Koszalin\" src=\"https:\/\/www.euro-soft.pl\/wordpress\/wp-content\/uploads\/2016\/03\/tmp6C26.png\" alt=\"wykrywanie pods\u0142uchu Koszalin\" width=\"200\" height=\"187\" \/><\/p>\n<\/div>\n<\/div>\n<\/div>\n","protected":false},"excerpt":{"rendered":"<p>\u00a0 Cennik Zmieniacz g\u0142osu do telefonu WD-3 Zmieniacz g\u0142osu WD-3 wsp\u00f3\u0142pracuje z telefonem kom\u00f3rkowym Samsung, HTC, Iphone. Zmianacz g\u0142osu pracuje w czasie realnym bez jakichkolwiek op\u00f3\u017anie\u0144. Zmieniacz posiada prze\u0142\u0105cznik na zmian\u0119 g\u0142osu damskiego lub m\u0119skiego. Zmieniacz g\u0142osu WD-3 posiada prze\u0142\u0105cznik umo\u017cliwiaj\u0105cy odzyskanie prawdziwego brzmienia g\u0142osu w trakcie prowadzonej rozmowy telefonicznej.Wykorzystuj\u0105c zmieniacz WD-3 mo\u017cemy prowadzi\u0107 rozmow\u0119 [&hellip;]<\/p>\n","protected":false},"author":1,"featured_media":486,"parent":0,"menu_order":0,"comment_status":"closed","ping_status":"closed","template":"","meta":{"footnotes":""},"categories":[17],"tags":[],"class_list":["post-491","page","type-page","status-publish","has-post-thumbnail","hentry","category-artykuly"],"blocksy_meta":[],"_links":{"self":[{"href":"https:\/\/www.euro-soft.pl\/w\/wp-json\/wp\/v2\/pages\/491","targetHints":{"allow":["GET"]}}],"collection":[{"href":"https:\/\/www.euro-soft.pl\/w\/wp-json\/wp\/v2\/pages"}],"about":[{"href":"https:\/\/www.euro-soft.pl\/w\/wp-json\/wp\/v2\/types\/page"}],"author":[{"embeddable":true,"href":"https:\/\/www.euro-soft.pl\/w\/wp-json\/wp\/v2\/users\/1"}],"replies":[{"embeddable":true,"href":"https:\/\/www.euro-soft.pl\/w\/wp-json\/wp\/v2\/comments?post=491"}],"version-history":[{"count":0,"href":"https:\/\/www.euro-soft.pl\/w\/wp-json\/wp\/v2\/pages\/491\/revisions"}],"wp:featuredmedia":[{"embeddable":true,"href":"https:\/\/www.euro-soft.pl\/w\/wp-json\/wp\/v2\/media\/486"}],"wp:attachment":[{"href":"https:\/\/www.euro-soft.pl\/w\/wp-json\/wp\/v2\/media?parent=491"}],"wp:term":[{"taxonomy":"category","embeddable":true,"href":"https:\/\/www.euro-soft.pl\/w\/wp-json\/wp\/v2\/categories?post=491"},{"taxonomy":"post_tag","embeddable":true,"href":"https:\/\/www.euro-soft.pl\/w\/wp-json\/wp\/v2\/tags?post=491"}],"curies":[{"name":"wp","href":"https:\/\/api.w.org\/{rel}","templated":true}]}}