{"id":477,"date":"2016-03-07T22:49:24","date_gmt":"2016-03-07T21:49:24","guid":{"rendered":"https:\/\/www.euro-soft.pl\/wordpress\/podsluch-gsm\/"},"modified":"2016-03-07T22:49:24","modified_gmt":"2016-03-07T21:49:24","slug":"podsluch-gsm","status":"publish","type":"page","link":"https:\/\/www.euro-soft.pl\/w\/podsluch-gsm\/","title":{"rendered":"PODS\u0141UCH GSM"},"content":{"rendered":"<div class=\"art-content-layout\">\n<div class=\"art-content-layout-row\">\n<div class=\"art-layout-cell\" style=\"width: 100%;\">\n<p style=\"text-align: center;\"><img loading=\"lazy\" decoding=\"async\" class=\"art-lightbox size-full wp-image-474\" title=\"wykrywanie pods\u0142uchu Koszalin\" src=\"https:\/\/www.euro-soft.pl\/wordpress\/wp-content\/uploads\/2016\/03\/tmp8BBC.png\" alt=\"wykrywanie pods\u0142uchu Koszalin\" width=\"428\" height=\"149\" srcset=\"https:\/\/www.euro-soft.pl\/w\/wp-content\/uploads\/2016\/03\/tmp8BBC.png 428w, https:\/\/www.euro-soft.pl\/w\/wp-content\/uploads\/2016\/03\/tmp8BBC-300x104.png 300w\" sizes=\"auto, (max-width: 428px) 100vw, 428px\" \/><\/p>\n<p style=\"text-align: left;\">Pods\u0142uch GSM wykorzystuje sie\u0107 telefonii kom\u00f3rkowej do prowadzenia akustycznej kontroli pomieszcze\u0144. W ka\u017cdym pods\u0142uchu GSM musi by\u0107 zainstalowana karta SIM. Pods\u0142uch tego typu charakteryzuje si\u0119 nieograniczonym zasi\u0119giem.<\/p>\n<p style=\"text-align: left;\">\u00a0<\/p>\n<\/div>\n<\/div>\n<\/div>\n<div class=\"art-content-layout\">\n<div class=\"art-content-layout-row\">\n<div class=\"art-layout-cell\" style=\"width: 100%;\">\n<h1 style=\"text-align: center;\">Cennik<\/h1>\n<\/div>\n<\/div>\n<\/div>\n<div class=\"art-content-layout\">\n<div class=\"art-content-layout-row\">\n<div class=\"art-layout-cell\" style=\"width: 100%;\">\n<hr \/>\n<\/div>\n<\/div>\n<\/div>\n<div class=\"art-content-layout\">\n<div class=\"art-content-layout-row\">\n<div class=\"art-layout-cell\" style=\"width: 33%;\">\n<p style=\"text-align: center;\">\u00a0<\/p>\n<p style=\"text-align: center;\"><img loading=\"lazy\" decoding=\"async\" class=\"art-lightbox size-full wp-image-475\" title=\"wykrywanie pods\u0142uchu Koszalin\" src=\"https:\/\/www.euro-soft.pl\/wordpress\/wp-content\/uploads\/2016\/03\/tmpAF7B.png\" alt=\"wykrywanie pods\u0142uchu Koszalin\" width=\"200\" height=\"200\" srcset=\"https:\/\/www.euro-soft.pl\/w\/wp-content\/uploads\/2016\/03\/tmpAF7B.png 200w, https:\/\/www.euro-soft.pl\/w\/wp-content\/uploads\/2016\/03\/tmpAF7B-150x150.png 150w, https:\/\/www.euro-soft.pl\/w\/wp-content\/uploads\/2016\/03\/tmpAF7B-100x100.png 100w\" sizes=\"auto, (max-width: 200px) 100vw, 200px\" \/><\/p>\n<\/div>\n<div class=\"art-layout-cell\" style=\"width: 67%;\">\n<h1><span style=\"font-size: 26px;\">Pods\u0142uch GSM-100<\/span><\/h1>\n<p>Urz\u0105dzenie ma zasi\u0119g globalny. Jest \u0142atwe w obs\u0142udze (nie jest potrzebna \u017cadna konfiguracja, aby prawid\u0142owo dzia\u0142a\u0142o), bardzo ma\u0142y gabaryt z wbudowanym zasilaniem.<\/p>\n<p>\u00a0<\/p>\n<p><span style=\"font-weight: bold;\">Specyfikacja:<\/span><br \/>Pracuje w pasmach: 800, 900, 1800 MHz<br \/>Waga: 0,18 kg<\/p>\n<p>Wymiary: 37 x 30 x 16 mm z bateri\u0105<\/p>\n<p>Czu\u0142o\u015b\u0107 mikrofonu: 3-5 m<\/p>\n<p>Pracuje w temperaturze: -40 do oko\u0142o 50\u2019C<\/p>\n<p>Czas czuwania : do 3 dni<\/p>\n<p>Czas nadawania: do 2 godzin (na w pe\u0142ni na\u0142adowanym akumulatorze &#8211; pod koniec okresu czuwania czas ten ulega skr\u00f3ceniu)<\/p>\n<p>\u00a0<\/p>\n<p>\u00a0<\/p>\n<p style=\"text-align: center;\"><span style=\"font-weight: bold; font-size: 16px;\">Cena 250z\u0142.<\/span><\/p>\n<p style=\"text-align: center;\">\u00a0<a class=\"art-button\" href=\"http:\/\/www.euro-soft.pl\/sklep\/?p=productsMore&amp;iProduct=251&amp;sName=Podsluch-GSM-100\" target=\"_blank\">Przejd\u017a do sklepu i dowiedz si\u0119 wi\u0119cej<\/a>\u00a0<\/p>\n<\/div>\n<\/div>\n<\/div>\n<div class=\"art-content-layout\">\n<div class=\"art-content-layout-row\">\n<div class=\"art-layout-cell\" style=\"width: 100%;\">\n<hr \/>\n<\/div>\n<\/div>\n<\/div>\n<div class=\"art-content-layout\">\n<div class=\"art-content-layout-row\">\n<div class=\"art-layout-cell\" style=\"width: 33%;\">\n<p>\u00a0<\/p>\n<p style=\"text-align: center;\"><img loading=\"lazy\" decoding=\"async\" class=\"art-lightbox size-full wp-image-476\" title=\"wykrywanie pods\u0142uchu Koszalin\" src=\"https:\/\/www.euro-soft.pl\/wordpress\/wp-content\/uploads\/2016\/03\/tmp3C71.png\" alt=\"wykrywanie pods\u0142uchu Koszalin\" width=\"200\" height=\"208\" \/><\/p>\n<\/div>\n<div class=\"art-layout-cell\" style=\"width: 67%;\">\n<h1><span style=\"font-size: 26px;\">Pods\u0142uch GSM-100 S<\/span><\/h1>\n<p>Urz\u0105dzenie ma zasi\u0119g globalny. Jest \u0142atwe w obs\u0142udze (nie jest potrzebna \u017cadna konfiguracja, aby prawid\u0142owo dzia\u0142a\u0142o), bardzo d\u0142ugi czas pracy.<\/p>\n<p><span style=\"font-weight: bold;\">Specyfikacja:<\/span><\/p>\n<p>Pracuje w pasmach: 800, 900, 1800 MHz<\/p>\n<p>Waga: 0,08 kg<\/p>\n<p>Wymiary:52 x 30 x 8 mm z bateri\u0105<\/p>\n<p>Czu\u0142o\u015b\u0107 mikrofonu: 3-5 m<\/p>\n<p>Pracuje w temperaturze: -40 do oko\u0142o 50\u2019C<\/p>\n<p>Czas czuwania : do 13 dni<\/p>\n<p>Czas nadawania: do 20 godzin.<\/p>\n<p>\u00a0<\/p>\n<p>\u00a0<\/p>\n<p style=\"text-align: center;\"><span style=\"font-weight: bold; font-size: 16px;\">Cena 350z\u0142.<\/span><\/p>\n<p style=\"text-align: center;\">\u00a0<a class=\"art-button\" href=\"http:\/\/www.euro-soft.pl\/sklep\/?p=productsMore&amp;iProduct=388&amp;sName=Podsluch-GSM-100-S\" target=\"_blank\">Przejd\u017a do sklepu i dowiedz si\u0119 wi\u0119cej<\/a>\u00a0<\/p>\n<\/div>\n<\/div>\n<\/div>\n","protected":false},"excerpt":{"rendered":"<p>Pods\u0142uch GSM wykorzystuje sie\u0107 telefonii kom\u00f3rkowej do prowadzenia akustycznej kontroli pomieszcze\u0144. W ka\u017cdym pods\u0142uchu GSM musi by\u0107 zainstalowana karta SIM. Pods\u0142uch tego typu charakteryzuje si\u0119 nieograniczonym zasi\u0119giem. \u00a0 Cennik \u00a0 Pods\u0142uch GSM-100 Urz\u0105dzenie ma zasi\u0119g globalny. Jest \u0142atwe w obs\u0142udze (nie jest potrzebna \u017cadna konfiguracja, aby prawid\u0142owo dzia\u0142a\u0142o), bardzo ma\u0142y gabaryt z wbudowanym zasilaniem. \u00a0 [&hellip;]<\/p>\n","protected":false},"author":1,"featured_media":474,"parent":0,"menu_order":0,"comment_status":"closed","ping_status":"closed","template":"","meta":{"footnotes":""},"categories":[17],"tags":[],"class_list":["post-477","page","type-page","status-publish","has-post-thumbnail","hentry","category-artykuly"],"blocksy_meta":[],"_links":{"self":[{"href":"https:\/\/www.euro-soft.pl\/w\/wp-json\/wp\/v2\/pages\/477","targetHints":{"allow":["GET"]}}],"collection":[{"href":"https:\/\/www.euro-soft.pl\/w\/wp-json\/wp\/v2\/pages"}],"about":[{"href":"https:\/\/www.euro-soft.pl\/w\/wp-json\/wp\/v2\/types\/page"}],"author":[{"embeddable":true,"href":"https:\/\/www.euro-soft.pl\/w\/wp-json\/wp\/v2\/users\/1"}],"replies":[{"embeddable":true,"href":"https:\/\/www.euro-soft.pl\/w\/wp-json\/wp\/v2\/comments?post=477"}],"version-history":[{"count":0,"href":"https:\/\/www.euro-soft.pl\/w\/wp-json\/wp\/v2\/pages\/477\/revisions"}],"wp:featuredmedia":[{"embeddable":true,"href":"https:\/\/www.euro-soft.pl\/w\/wp-json\/wp\/v2\/media\/474"}],"wp:attachment":[{"href":"https:\/\/www.euro-soft.pl\/w\/wp-json\/wp\/v2\/media?parent=477"}],"wp:term":[{"taxonomy":"category","embeddable":true,"href":"https:\/\/www.euro-soft.pl\/w\/wp-json\/wp\/v2\/categories?post=477"},{"taxonomy":"post_tag","embeddable":true,"href":"https:\/\/www.euro-soft.pl\/w\/wp-json\/wp\/v2\/tags?post=477"}],"curies":[{"name":"wp","href":"https:\/\/api.w.org\/{rel}","templated":true}]}}