{"id":467,"date":"2016-03-07T22:49:24","date_gmt":"2016-03-07T21:49:24","guid":{"rendered":"https:\/\/www.euro-soft.pl\/wordpress\/wykrywacze-kamer\/"},"modified":"2016-03-07T22:49:24","modified_gmt":"2016-03-07T21:49:24","slug":"wykrywacze-kamer","status":"publish","type":"page","link":"https:\/\/www.euro-soft.pl\/w\/wykrywacze-kamer\/","title":{"rendered":"WYKRYWACZE KAMER"},"content":{"rendered":"<div class=\"art-content-layout\">\n<div class=\"art-content-layout-row\">\n<div class=\"art-layout-cell\" style=\"width: 100%;\">\n<p>&nbsp;<\/p>\n<h1 style=\"text-align: center;\">CENNIK<\/h1>\n<\/div>\n<\/div>\n<\/div>\n<div class=\"art-content-layout\">\n<div class=\"art-content-layout-row\">\n<div class=\"art-layout-cell\" style=\"width: 100%;\">\n<div class=\"art-content-layout\">\n<div class=\"art-content-layout-row\">\n<div class=\"art-layout-cell\" style=\"width: 100%;\">\n<hr \/>\n<\/div>\n<\/div>\n<\/div>\n<div class=\"art-content-layout\">\n<div class=\"art-content-layout-row responsive-layout-row-2\">\n<div class=\"art-layout-cell\" style=\"width: 33%;\">\n<p>&nbsp;<\/p>\n<p style=\"text-align: center;\"><img loading=\"lazy\" decoding=\"async\" class=\" size-full wp-image-466\" src=\"https:\/\/www.euro-soft.pl\/wordpress\/wp-content\/uploads\/2016\/03\/tmp2103.png\" alt=\"wykrywanie pods\u0142uchu Koszalin\" width=\"180\" height=\"176\" class=\"art-lightbox\" title=\"wykrywanie pods\u0142uchu Koszalin\" \/><\/p>\n<\/div>\n<div class=\"art-layout-cell\" style=\"width: 67%;\">\n<p>Wykrywacz kamer WK-8<\/p>\n<p>WK-8&nbsp;pozwala na szybkie zlokalizowanie obiektywu kamery (przewodowej i bezprzewodowej). Lokalizacja obiektywu kamery odbywa si\u0119 poprzez obserwacj\u0119 otoczenia prowadzon\u0105 za pomoc\u0105 wykrywacza WK-8. Napotkany obiektyw wrogiej kamery b\u0119dzie \u015bwieci\u0142 intensywnym czerwonym blaskiem. Ka\u017cdy taki punkt musi by\u0107 zweryfikowany poniewa\u017c mo\u017ce stanowi\u0107 bardzo powa\u017cne zagro\u017cenie.<\/p>\n<p style=\"text-align: center;\"><span style=\"font-weight: bold; font-size: 16px;\">Cena 300z\u0142.<\/span><\/p>\n<p style=\"text-align: center;\">&nbsp;<a href=\"http:\/\/www.euro-soft.pl\/sklep\/?p=productsMore&amp;iProduct=345&amp;sName=Wykrywacz-kamer-WK-8\" target=\"_blank\" class=\"art-button\">Przejd\u017a do sklepu i dowiedz si\u0119 wi\u0119cej<\/a>&nbsp; &nbsp;<\/p>\n<p style=\"text-align: center;\"><span class=\"m_-3950991729211302424gmail-Apple-style-span\" style=\"padding: 0px; margin: 0px; border: 0px; outline: 0px; font-weight: bold; font-style: inherit; font-family: inherit; vertical-align: baseline;\">Wykrywanie GPS&nbsp;<\/span><span class=\"m_-3950991729211302424gmail-Apple-style-span\" style=\"padding: 0px; margin: 0px; border: 0px; outline: 0px; font-weight: bold; font-style: inherit; font-family: inherit; vertical-align: baseline;\">Koszalin tel. 884-83-370<\/span><\/p>\n<p style=\"margin-top: 0.5em; margin-bottom: 0.5em; border: 0px; outline: 0px; font-family: verdana, arial, helvetica, sans-serif; vertical-align: baseline; color: #000000; text-align: center;\"><span style=\"padding: 0px; margin: 0px; border: 0px; outline: 0px; font-style: inherit; font-size: 12pt; font-family: inherit; vertical-align: baseline;\"><span class=\"m_-3950991729211302424gmail-Apple-style-span\" style=\"padding: 0px; margin: 0px; border: 0px; outline: 0px; font-weight: bold; font-style: inherit; font-family: inherit; vertical-align: baseline;\">Wykrywanie GPS Warszawa&nbsp;<\/span><span class=\"m_-3950991729211302424gmail-Apple-style-span\" style=\"padding: 0px; margin: 0px; border: 0px; outline: 0px; font-weight: bold; font-style: inherit; font-family: inherit; vertical-align: baseline;\">tel. 501-159-903<\/span><\/span><\/p>\n<div style=\"padding: 0px; margin: 0px; border: 0px; outline: 0px; font-size: 15px; font-family: 'helvetica neue', helvetica, arial, sans-serif; vertical-align: baseline; color: #333333; line-height: 1.625; text-align: center;\">Ko\u0142obrzeg tel.&nbsp;884-835-370<br style=\"padding: 0px; margin: 0px; color: inherit; font-style: inherit; line-height: 1.625;\" \/>Bydgoszcz tel&#8230;&#8230;&#8230;..<\/div>\n<div style=\"padding: 0px; margin: 0px; border: 0px; outline: 0px; font-size: 15px; font-family: 'helvetica neue', helvetica, arial, sans-serif; vertical-align: baseline; color: #333333; line-height: 1.625; text-align: center;\">Gda\u0144sk tel. 884-835-370<br style=\"padding: 0px; margin: 0px; color: inherit; font-style: inherit; line-height: 1.625;\" \/>Ustka tel. 884-835-370<br style=\"padding: 0px; margin: 0px; color: inherit; font-style: inherit; line-height: 1.625;\" \/>Katowice tel&#8230;&#8230;&#8230;&#8230;<\/div>\n<div style=\"padding: 0px; margin: 0px; border: 0px; outline: 0px; font-size: 15px; font-family: 'helvetica neue', helvetica, arial, sans-serif; vertical-align: baseline; color: #333333; line-height: 1.625; text-align: center;\">S\u0142upsk tel. 884-835-370<br style=\"padding: 0px; margin: 0px; color: inherit; font-style: inherit; line-height: 1.625;\" \/>Krak\u00f3w tel&#8230;&#8230;&#8230;&#8230;..<\/div>\n<div style=\"padding: 0px; margin: 0px; border: 0px; outline: 0px; font-size: 15px; font-family: 'helvetica neue', helvetica, arial, sans-serif; vertical-align: baseline; color: #333333; line-height: 1.625; text-align: center;\">Lublin tel&#8230;&#8230;&#8230;&#8230;..<\/div>\n<div style=\"padding: 0px; margin: 0px; border: 0px; outline: 0px; font-size: 15px; font-family: 'helvetica neue', helvetica, arial, sans-serif; vertical-align: baseline; color: #333333; line-height: 1.625; text-align: center;\">\u0141\u00f3d\u017a tel&#8230;&#8230;&#8230;&#8230;&#8230;.<\/div>\n<div style=\"padding: 0px; margin: 0px; border: 0px; outline: 0px; font-size: 15px; font-family: 'helvetica neue', helvetica, arial, sans-serif; vertical-align: baseline; color: #333333; line-height: 1.625; text-align: center;\">Olsztyn tel&#8230;&#8230;&#8230;&#8230;.<\/div>\n<div style=\"padding: 0px; margin: 0px; border: 0px; outline: 0px; font-size: 15px; font-family: 'helvetica neue', helvetica, arial, sans-serif; vertical-align: baseline; color: #333333; line-height: 1.625; text-align: center;\">Pi\u0142a tel.884-835-370<br style=\"padding: 0px; margin: 0px; color: inherit; font-style: inherit; line-height: 1.625;\" \/>Pozna\u0144 tel&#8230;&#8230;&#8230;&#8230;..<\/div>\n<div style=\"padding: 0px; margin: 0px; border: 0px; outline: 0px; font-size: 15px; font-family: 'helvetica neue', helvetica, arial, sans-serif; vertical-align: baseline; color: #333333; line-height: 1.625; text-align: center;\">Rzesz\u00f3w tel&#8230;&#8230;&#8230;&#8230;.<\/div>\n<div style=\"padding: 0px; margin: 0px; border: 0px; outline: 0px; font-size: 15px; font-family: 'helvetica neue', helvetica, arial, sans-serif; vertical-align: baseline; color: #333333; line-height: 1.625; text-align: center;\">Sopot tel.&nbsp;884-835-370<br style=\"padding: 0px; margin: 0px; color: inherit; font-style: inherit; line-height: 1.625;\" \/>Szczecin tel.884-835-370<br style=\"padding: 0px; margin: 0px; color: inherit; font-style: inherit; line-height: 1.625;\" \/>Toru\u0144 tel&#8230;&#8230;&#8230;&#8230;&#8230;<\/div>\n<div style=\"padding: 0px; margin: 0px; border: 0px; outline: 0px; font-size: 15px; font-family: 'helvetica neue', helvetica, arial, sans-serif; vertical-align: baseline; color: #333333; line-height: 1.625; text-align: center;\">Wroc\u0142aw tel&#8230;&#8230;&#8230;&#8230;.<\/div>\n<div style=\"padding: 0px; margin: 0px; border: 0px; outline: 0px; font-size: 15px; font-family: 'helvetica neue', helvetica, arial, sans-serif; vertical-align: baseline; color: #333333; line-height: 1.625; text-align: center;\">Gdynia tel.884-835-370<\/div>\n<p>&nbsp;<\/p>\n<p>&nbsp;<\/p>\n<p>&nbsp;<\/p>\n<\/div>\n<\/div>\n<\/div>\n<\/div>\n<\/div>\n<\/div>\n","protected":false},"excerpt":{"rendered":"<p>&nbsp; CENNIK &nbsp; Wykrywacz kamer WK-8 WK-8&nbsp;pozwala na szybkie zlokalizowanie obiektywu kamery (przewodowej i bezprzewodowej). Lokalizacja obiektywu kamery odbywa si\u0119 poprzez obserwacj\u0119 otoczenia prowadzon\u0105 za pomoc\u0105 wykrywacza WK-8. Napotkany obiektyw wrogiej kamery b\u0119dzie \u015bwieci\u0142 intensywnym czerwonym blaskiem. Ka\u017cdy taki punkt musi by\u0107 zweryfikowany poniewa\u017c mo\u017ce stanowi\u0107 bardzo powa\u017cne zagro\u017cenie. Cena 300z\u0142. &nbsp;Przejd\u017a do sklepu i [&hellip;]<\/p>\n","protected":false},"author":1,"featured_media":466,"parent":0,"menu_order":0,"comment_status":"closed","ping_status":"closed","template":"","meta":{"footnotes":""},"categories":[17],"tags":[],"class_list":["post-467","page","type-page","status-publish","has-post-thumbnail","hentry","category-artykuly"],"blocksy_meta":[],"_links":{"self":[{"href":"https:\/\/www.euro-soft.pl\/w\/wp-json\/wp\/v2\/pages\/467","targetHints":{"allow":["GET"]}}],"collection":[{"href":"https:\/\/www.euro-soft.pl\/w\/wp-json\/wp\/v2\/pages"}],"about":[{"href":"https:\/\/www.euro-soft.pl\/w\/wp-json\/wp\/v2\/types\/page"}],"author":[{"embeddable":true,"href":"https:\/\/www.euro-soft.pl\/w\/wp-json\/wp\/v2\/users\/1"}],"replies":[{"embeddable":true,"href":"https:\/\/www.euro-soft.pl\/w\/wp-json\/wp\/v2\/comments?post=467"}],"version-history":[{"count":0,"href":"https:\/\/www.euro-soft.pl\/w\/wp-json\/wp\/v2\/pages\/467\/revisions"}],"wp:featuredmedia":[{"embeddable":true,"href":"https:\/\/www.euro-soft.pl\/w\/wp-json\/wp\/v2\/media\/466"}],"wp:attachment":[{"href":"https:\/\/www.euro-soft.pl\/w\/wp-json\/wp\/v2\/media?parent=467"}],"wp:term":[{"taxonomy":"category","embeddable":true,"href":"https:\/\/www.euro-soft.pl\/w\/wp-json\/wp\/v2\/categories?post=467"},{"taxonomy":"post_tag","embeddable":true,"href":"https:\/\/www.euro-soft.pl\/w\/wp-json\/wp\/v2\/tags?post=467"}],"curies":[{"name":"wp","href":"https:\/\/api.w.org\/{rel}","templated":true}]}}