{"id":465,"date":"2016-03-07T22:49:24","date_gmt":"2016-03-07T21:49:24","guid":{"rendered":"https:\/\/www.euro-soft.pl\/wordpress\/wykrywacze-podsluchu\/"},"modified":"2016-03-07T22:49:24","modified_gmt":"2016-03-07T21:49:24","slug":"wykrywacze-podsluchu","status":"publish","type":"page","link":"https:\/\/www.euro-soft.pl\/w\/wykrywacze-podsluchu\/","title":{"rendered":"WYKRYWACZE PODS\u0141UCHU"},"content":{"rendered":"<div class=\"art-content-layout\">\n<div class=\"art-content-layout-row\">\n<div class=\"art-layout-cell\" style=\"width: 100%;\">\n<p>&nbsp;<\/p>\n<p style=\"text-align: center;\"><img loading=\"lazy\" decoding=\"async\" class=\" size-full wp-image-453\" src=\"https:\/\/www.euro-soft.pl\/wordpress\/wp-content\/uploads\/2016\/03\/tmpA2F1.png\" alt=\"wykrywanie pods\u0142uchu Koszalin\" width=\"428\" height=\"149\" class=\"art-lightbox\" title=\"wykrywanie pods\u0142uchu Koszalin\" srcset=\"https:\/\/www.euro-soft.pl\/w\/wp-content\/uploads\/2016\/03\/tmpA2F1.png 428w, https:\/\/www.euro-soft.pl\/w\/wp-content\/uploads\/2016\/03\/tmpA2F1-300x104.png 300w\" sizes=\"auto, (max-width: 428px) 100vw, 428px\" \/><\/p>\n<p>&nbsp;<\/p>\n<p>Cz\u0119sto na stronach www zamieszczane s\u0105 zdj\u0119cia profesjonalnego sprz\u0119tu do wykrywania pods\u0142uch\u00f3w. Zabieg ten jest typowym blefem maj\u0105cym na celu sugerowanie posiadanej bazy sprz\u0119towej co jest oczywi\u015bcie nieprawd\u0105. Te informacje trzeba zawsze weryfikowa\u0107. Podstawowym narz\u0119dziem do wykrywanie pods\u0142uch\u00f3w jest Korelator Akustyczny OSCOR-5000. Urz\u0105dzenie to produkowane jest w USA i pozwala na wykonywanie zaawansowanych procedur zwi\u0105zanych z wykrywaniem pods\u0142uchu w czasie realnym jak i na prowadzenie ci\u0105g\u0142ego nadzoru w konkretnej przestrzeni w d\u0142ugich okresach czasu. Podstawow\u0105 procedur\u0105 wykorzystywan\u0105 do wykrywanie pods\u0142uchu jest &#8222;korelacja akustyczne sygna\u0142u&#8221;. Algorytm tej procedury oparty jest na wyszukiwaniu no\u015bnej sygna\u0142u i w przypadku zarejestrowania jej poziomu powy\u017cej zadanej bezpiecznej warto\u015bci generowanie sygna\u0142u akustycznego. Je\u017celi sygna\u0142 akustyczny powoduje modulacje zbocza wykrytej no\u015bnej,oznacza to \u017ce mikrofon tego nadajnika jest w tej samej przestrzeni akustycznej co wykrywacz pods\u0142uchu OSCOR. Na tym etapie czynno\u015bci sprawdzaj\u0105cych mo\u017cemy uruchomi\u0107 procedur\u0119 &#8222;triangulacji sygna\u0142u&#8221; lub przy u\u017cyciu r\u0119cznego skanera np. VR-25 okre\u015bli\u0107 po\u0142o\u017cenie nadajnika pods\u0142uchowego. Procedur\u0119 triangulacji wykonujemy z u\u017cyciem specjalnego mikrofonu, kt\u00f3ry jest na wyposa\u017ceniu Oscora. W wyniku zastosowania tej procedury wykrywania pods\u0142uchu uzyskujemy wsp\u00f3\u0142rz\u0119dne po\u0142o\u017cenia \u017ar\u00f3d\u0142a promieniowania czyli miejsce w kt\u00f3rym jest umieszczony nadajnik pods\u0142uchowy.<\/p>\n<p>&nbsp;<\/p>\n<p>Wykrywanie pods\u0142uch\u00f3w wykonujemy <span style=\"font-weight: bold;\">Korelatorem Akustycznym Oscor-5000<\/span>. Urz\u0105dzenie to jest podstawowym narz\u0119dziem do wykrywania pods\u0142uchu stosowanym na ca\u0142ym \u015bwiecie przez profesjonalist\u00f3w. Oskor-5000 pozwala na realizowanie szeregu procedur wykrywania \u017ar\u00f3de\u0142 promieniowania elektromagnetycznego. Podstawow\u0105 metod\u0105 stosowan\u0105 przy wykrywaniu pods\u0142uch\u00f3w jest Korelacja Akustyczna sprawdzanej przestrzeni. Procedura ta pozwala na stwierdzenie czy mikrofon danego nadajnika o przechwyconej no\u015bnej znajduje si\u0119 w tej samej przestrzeni akustycznej co korelator. Dowodem na istnienie w badanej przestrzeni pracuj\u0105cego pods\u0142uchu w tym przypadku jest modulacja zbocza no\u015bnej nadajnika. W przypadku uzyskania pozytywnych wynik\u00f3w Korelacji Akustycznej uruchamiana jest procedura Triangulacji \u0179r\u00f3d\u0142a. W wyniku triangulacji uzyskujemy wsp\u00f3\u0142rz\u0119dne po\u0142o\u017cenia przestrzennego nadajnika pods\u0142uchowego. Do bardzo przydatnych procedur mo\u017cna zaliczy\u0107 Analiz\u0119 \u015aladu, Analiz\u0119 Harmonicznych i Analiz\u0119 Pod-harmonicznych. W przypadku wykonywania analizy harmonicznych i pod-harmonicznych wyst\u0119puje silne sprz\u0119\u017cenie akustyczne korelatora z nadajnikiem pods\u0142uchowym.<\/p>\n<p>Doskona\u0142ym uzupe\u0142nieniem Korelatora Akustycznego OSCOR-5000 jest Detektor Z\u0142\u0105cz Nieliniowych LORNET-24. Urz\u0105dzenie to pozwala na wykrycie zagro\u017ce\u0144 nieb\u0119d\u0105cych \u017ar\u00f3d\u0142em promieniowania elektromagnetycznego. Wykrywanie pods\u0142uch\u00f3w w Warszawie (tak\u017ce w ka\u017cdym innym miejscu) powinno zak\u0142ada\u0107 istnienie zagro\u017ce\u0144 typu dyktafony lub kamery przewodowe. Detektor nieliniowy jest w stanie zlokalizowa\u0107 sztuczne z\u0142\u0105cza p\u00f3\u0142przewodnikowe typu \u201enp\u201d lub \u201epn\u201d. Z\u0142\u0105cza te s\u0105 wykorzystywane w budowie element\u00f3w p\u00f3\u0142przewodnikowych typu dioda, tranzystor, uk\u0142ad scalony lub procesor. Zasada dzia\u0142ania DZN opiera si\u0119 na analizie drugiej i trzeciej harmonicznej generowanego sygna\u0142u kontrolnego. Detektorem nieliniowym mo\u017cemy sprawdzi\u0107 ka\u017cdy przedmiot pod k\u0105tem istnienia w nim struktur elektronicznych bez konieczno\u015bci jego demonta\u017cu. Urz\u0105dzenie to powinno znajdowa\u0107 si\u0119 na wyposa\u017ceniu ka\u017cdej ekipy wyst\u0119puj\u0105cej pod szyldem &#8211; Wykrywanie pods\u0142uch\u00f3w w Warszawie &#8211; oczywi\u015bcie w innych miastach tak\u017ce.<\/p>\n<\/div>\n<\/div>\n<div class=\"art-content-layout\">\n<div class=\"art-content-layout-row\">\n<div class=\"art-layout-cell\" style=\"width: 100%;\">\n<p>&nbsp;<\/p>\n<p style=\"text-align: center;\"><img loading=\"lazy\" decoding=\"async\" class=\" size-full wp-image-454\" src=\"https:\/\/www.euro-soft.pl\/wordpress\/wp-content\/uploads\/2016\/03\/tmp92C9.png\" alt=\"wykrywanie pods\u0142uchu Koszalin\" width=\"425\" height=\"262\" class=\"art-lightbox\" title=\"wykrywanie pods\u0142uchu Koszalin\" srcset=\"https:\/\/www.euro-soft.pl\/w\/wp-content\/uploads\/2016\/03\/tmp92C9.png 425w, https:\/\/www.euro-soft.pl\/w\/wp-content\/uploads\/2016\/03\/tmp92C9-300x185.png 300w\" sizes=\"auto, (max-width: 425px) 100vw, 425px\" \/><\/p>\n<p><span style=\"font-weight: bold;\">Oprogramowanie OPC-5000<\/span> umo\u017cliwia wsp\u00f3\u0142prace wykrywacza pods\u0142uchu OSCOR z komputerem. Pozwala to na tworzenie odpowiednich baz danych dotycz\u0105cych pomiar\u00f3w w danej lokalizacji i wykonywanie analiz por\u00f3wnawczych. Tego typu procedury s\u0105 wykorzystywane podczas stosowania metody zwane Analiz\u0105 T\u0142a. Polega ona na zbieraniu danych w r\u00f3\u017cnych miejscach badanego obiektu a nast\u0119pnie tworzeniu sumarycznego obrazu poziomu promieniowania elektromagnetycznego. Korzystanie z ekranu komputera umo\u017cliwia tak\u017ce b\u0142yskawiczn\u0105 mo\u017cliwo\u015b\u0107 oceny stanu badanej przestrzeni. OPC-5000 pozwala na szczeg\u00f3\u0142owe wykonywanie analizy widmowej co w znacznym stopniu u\u0142atwia wykrywanie pods\u0142uch\u00f3w w ka\u017cdej sytuacji. Wykorzystanie komputera do wsp\u00f3\u0142pracy z wykrywaczem pods\u0142uchu OSCOR pozwala na wykonywanie przejrzystych zestawie\u0144 tabelarycznych z wyszczeg\u00f3lnieniem poziomu zagro\u017cenia ka\u017cdego sygna\u0142u oraz z procentowym okre\u015bleniem si\u0142y sygna\u0142u oraz poziomu modulacji sygna\u0142u akustycznego. Nieodzownym uzupe\u0142nieniem sprz\u0119towym w trakcie wykrywania pods\u0142uchu s\u0105 Detektory Z\u0142\u0105cz Nieliniowych. Urz\u0105dzenia tego typu pozwalaj\u0105 na lokalizacj\u0119 sztucznych z\u0142\u0105cz p\u00f3\u0142przewodnikowych typu &#8222;np&#8221;. Z\u0142\u0105cza te s\u0105 wykorzystywane w elementach p\u00f3\u0142przewodnikowych typu dioda, tranzystor, uk\u0142ad scalony, procesor. Fakt wykrycia tego typu z\u0142\u0105czy w trakcie wykrywania pods\u0142uchu wymusza od os\u00f3b wykonuj\u0105cych czynno\u015bci sprawdzaj\u0105ce, dok\u0142adne sprawdzenie podejrzanego obszaru. Wykrywacze pods\u0142uchu DZN s\u0105 w stanie odr\u00f3\u017cni\u0107 sztuczne z\u0142\u0105cza &#8222;np&#8221; od naturalnych z\u0142\u0105cz tego typu powstaj\u0105ce na granicy tlenk\u00f3w metali.<\/p>\n<p>&nbsp;<\/p>\n<p>&nbsp;<\/p>\n<\/div>\n<\/div>\n<\/div>\n<div class=\"art-content-layout\">\n<div class=\"art-content-layout-row\">\n<div class=\"art-layout-cell\" style=\"width: 25%;\">\n<p style=\"text-align: center;\"><img loading=\"lazy\" decoding=\"async\" class=\" size-full wp-image-455\" src=\"https:\/\/www.euro-soft.pl\/wordpress\/wp-content\/uploads\/2016\/03\/tmp66C5.png\" alt=\"wykrywanie pods\u0142uchu Koszalin\" width=\"181\" height=\"139\" class=\"art-lightbox\" title=\"wykrywanie pods\u0142uchu Koszalin\" \/><\/p>\n<\/div>\n<div class=\"art-layout-cell\" style=\"width: 75%;\">\n<p><span style=\"font-weight: bold;\">Wykrywacz pods\u0142uchu DZN 36<\/span> jest klasycznym detektoremi z\u0142\u0105cz nieliniowych. DZN-36 pozwala na zdaln\u0105 lokalizacj\u0119 z odleg\u0142o\u015bci ok. 10 m aktywnych i nieaktywnych \u017ar\u00f3de\u0142 promieniowania elektromagnetycznego oraz wszystkich struktur elektronicznych zawieraj\u0105cych elementy typu dioda, tranzystor, uk\u0142ad scalony, procesor np. dyktafon lub kamera bezprzewodowa.<\/p>\n<\/div>\n<\/div>\n<\/div>\n<div class=\"art-content-layout\">\n<div class=\"art-content-layout-row\">\n<div class=\"art-layout-cell\" style=\"width: 25%;\">\n<p style=\"text-align: center;\"><img loading=\"lazy\" decoding=\"async\" class=\" size-full wp-image-456\" src=\"https:\/\/www.euro-soft.pl\/wordpress\/wp-content\/uploads\/2016\/03\/tmpC2B2.png\" alt=\"wykrywanie pods\u0142uchu Koszalin\" width=\"181\" height=\"165\" class=\"art-lightbox\" title=\"wykrywanie pods\u0142uchu Koszalin\" \/><\/p>\n<\/div>\n<div class=\"art-layout-cell\" style=\"width: 75%;\">\n<p><span style=\"font-weight: bold;\">Wykrywacze pods\u0142uch\u00f3w DZN 24<\/span> pozwalaj\u0105 na lokalizacj\u0119 aktywnych i nieaktywnych \u017ar\u00f3de\u0142 promieniowania elektromagnetycznego oraz wszystkich struktur elektronicznych zawieraj\u0105cych elementy typu dioda, tranzystor, uk\u0142ad scalony, procesor np. dyktafon lub kamera bezprzewodowa. Automatyczny wyb\u00f3r cz\u0119stotliwo\u015bci pozwala na funkcjonowanie w z\u0142o\u017conych \u015brodowiskach elektromagnetycznych. Jego moc jest nieszkodliwe dla zdrowia operatora. Praca z wi\u0119kszymi cz\u0119stotliwo\u015bciami sprawia, \u017ce w niekt\u00f3rych przypadkach jest bardziej skuteczny ni\u017c standardowe detektory cz\u0119stotliwo\u015bci, ale posiada wi\u0119ksz\u0105 moc. Zestaw zawiera s\u0142uchawki bezprzewodowe w komplecie.<\/p>\n<\/div>\n<\/div>\n<\/div>\n<div class=\"art-content-layout\">\n<div class=\"art-content-layout-row\">\n<div class=\"art-layout-cell\" style=\"width: 25%;\">\n<p style=\"text-align: center;\"><img loading=\"lazy\" decoding=\"async\" class=\" size-full wp-image-457\" src=\"https:\/\/www.euro-soft.pl\/wordpress\/wp-content\/uploads\/2016\/03\/tmpA8AF.png\" alt=\"wykrywanie pods\u0142uchu Koszalin\" width=\"162\" height=\"173\" class=\"art-lightbox\" title=\"wykrywanie pods\u0142uchu Koszalin\" \/><\/p>\n<\/div>\n<div class=\"art-layout-cell\" style=\"width: 75%;\">\n<p><span style=\"font-weight: bold;\">Wykrywacz pods\u0142uchu LX2000<\/span> pozwala na lokalizacj\u0119 aktywnych i nieaktywnych \u017ar\u00f3de\u0142 promieniowania elektromagnetycznego oraz wszystkich struktur elektronicznych zawieraj\u0105cych elementy typu dioda, tranzystor, uk\u0142ad scalony, procesor np. dyktafon lub kamera bezprzewodowa. Cechy charakterystyczne: LX 2000 sk\u0142ada si\u0119 z: anteny, teleskopowego uchwytu, gdzie umieszczony jest odbiornik i nadajnik oraz jednostka przetwarzania. Mo\u017cliwo\u015b\u0107 pod\u0142\u0105czenia s\u0142uchawek. Nielinearne symulatory sygna\u0142u s\u0105 w komplecie. Ma\u0142e rozmiary, ergonomiczny kszta\u0142t,niska waga: 1.3 kg Regulacja mocy i czu\u0142o\u015bci.<\/p>\n<\/div>\n<\/div>\n<\/div>\n<div class=\"art-content-layout\">\n<div class=\"art-content-layout-row\">\n<div class=\"art-layout-cell\" style=\"width: 100%;\">\n<p>&nbsp;<\/p>\n<p>Wykrywanie pods\u0142uch\u00f3w powinno si\u0119 odbywa\u0107 tak\u017ce w sieci energetycznej 230 V. W tym obszarze nale\u017cy spodziewa\u0107 si\u0119 nadajnik\u00f3w pods\u0142uchowych zasilanych z sieci pr\u0105dowej a tak\u017ce mikrofon\u00f3w wykorzystuj\u0105cych przewody pr\u0105dowe do przekazywania sygna\u0142\u00f3w audio. Tak\u017ce w sieci telefonii stacjonarnej mo\u017cna spodziewa\u0107 si\u0119 tego typu urz\u0105dze\u0144 pods\u0142uchowych. Wykrywanie pods\u0142uch\u00f3w w sieci telefonii stacjonarnej musi obejmowa\u0107 tak\u017ce urz\u0105dzenia nagrywaj\u0105ce. Wykrycie tego typu sprz\u0119tu poprzez pomiary jest bardzo trudne, zw\u0142aszcza szeregowe po\u0142\u0105czenia alkaliczne s\u0105 praktycznie niewykrywalne.<br \/>Wykrywanie pods\u0142uch\u00f3w w postaci nadajnik\u00f3w pods\u0142uchowych musi by\u0107 wykonywane z zastosowaniem czynnik\u00f3w powoduj\u0105cych zaktywowanie nadajnika pods\u0142uchowego do pracy. W praktyce wyst\u0119puj\u0105 nadajniki pods\u0142uchowe aktywowane np. drog\u0105 radiow\u0105, g\u0142osem lub z programatorem czasowym. Zaktywowanie nadajnika sterowanego radiem jest praktycznie nie mo\u017cliwe. Wykrycie takiego nadajnika jest mo\u017cliwe jedynie przy u\u017cyciu detektora z\u0142\u0105cz nieliniowych. Wykrywanie pods\u0142uch\u00f3w sterowanego &#8222;taimerem&#8221; wymaga prowadzenia pomiar\u00f3w w d\u0142ugich przedzia\u0142ach czasowych co w znacznym stopniu utrudnia jego wykrycie. Wykrywanie pods\u0142uch\u00f3w aktywowanego g\u0142osem wymaga wygenerowanie odpowiedniego przebiegu akustycznego np. harmonicznych mowy i jednoczesnego prowadzenia pomiar\u00f3w.<\/p>\n<p style=\"text-align: center;\">&nbsp;<img loading=\"lazy\" decoding=\"async\" class=\" size-full wp-image-458\" src=\"https:\/\/www.euro-soft.pl\/wordpress\/wp-content\/uploads\/2016\/03\/tmp5822.png\" alt=\"wykrywanie pods\u0142uchu Koszalin\" width=\"800\" height=\"268\" class=\"art-lightbox\" title=\"wykrywanie pods\u0142uchu Koszalin\" srcset=\"https:\/\/www.euro-soft.pl\/w\/wp-content\/uploads\/2016\/03\/tmp5822.png 800w, https:\/\/www.euro-soft.pl\/w\/wp-content\/uploads\/2016\/03\/tmp5822-300x101.png 300w, https:\/\/www.euro-soft.pl\/w\/wp-content\/uploads\/2016\/03\/tmp5822-768x257.png 768w, https:\/\/www.euro-soft.pl\/w\/wp-content\/uploads\/2016\/03\/tmp5822-600x201.png 600w\" sizes=\"auto, (max-width: 800px) 100vw, 800px\" \/><\/p>\n<p style=\"text-align: left;\">Powy\u017cej pokazany jest typowy przyk\u0142ad wykrycia nadajnika pods\u0142uchowego oraz jego kolejnych harmonicznych w programie OSC-5000.<\/p>\n<p style=\"text-align: left;\">&nbsp;<\/p>\n<p style=\"text-align: center;\"><img loading=\"lazy\" decoding=\"async\" class=\" size-full wp-image-459\" src=\"https:\/\/www.euro-soft.pl\/wordpress\/wp-content\/uploads\/2016\/03\/tmp8DE4.png\" alt=\"wykrywanie pods\u0142uchu Koszalin\" width=\"225\" height=\"602\" class=\"art-lightbox\" title=\"wykrywanie pods\u0142uchu Koszalin\" srcset=\"https:\/\/www.euro-soft.pl\/w\/wp-content\/uploads\/2016\/03\/tmp8DE4.png 225w, https:\/\/www.euro-soft.pl\/w\/wp-content\/uploads\/2016\/03\/tmp8DE4-112x300.png 112w\" sizes=\"auto, (max-width: 225px) 100vw, 225px\" \/><\/p>\n<p style=\"text-align: left;\">Powy\u017cszy wydruk z korelatora akustycznego wykonany zosta\u0142 w trakcie wykrywania pods\u0142uch\u00f3wi pokazuje sygna\u0142 podstawowy na cz\u0119stotliwo\u015bci 149.625 MHz oraz sygna\u0142y harmoniczne (oznaczone czerwonymi kropkami).<\/p>\n<p style=\"text-align: left;\">&nbsp;<\/p>\n<p style=\"text-align: left;\"><span style=\"font-weight: bold;\">Pierwszy kontakt z osobami wykonuj\u0105cymi wykrywanie pods\u0142uch\u00f3w powinien uwzgl\u0119dnia\u0107 poni\u017csze zasady:<\/span><\/p>\n<p>&nbsp;<\/p>\n<ol>\n<li><span style=\"font-size: 14px; line-height: 17px;\">Kontakt nie mo\u017ce by\u0107 wykonywany w pomieszczeniach podejrzanych.<\/span><\/li>\n<li><span style=\"font-size: 14px; line-height: 17px;\">Kontakt nie mo\u017ce by\u0107 wykonywany osobistymi telefonami kom\u00f3rkowymi lub telefonami stacjonarnymi w strefie podejrzanej.<\/span><\/li>\n<li><span style=\"font-size: 14px; line-height: 17px;\">Zalecany kana\u0142 to publiczny automat telefoniczny lub telefon kom\u00f3rkowy z poza podejrzanej strefy.<\/span><\/li>\n<\/ol>\n<p>&nbsp;<\/p>\n<h1 style=\"text-align: center;\">Cennik<\/h1>\n<p style=\"text-align: center;\">&nbsp;<\/p>\n<p>&nbsp;<\/p>\n<\/div>\n<\/div>\n<\/div>\n<div class=\"art-content-layout\">\n<div class=\"art-content-layout-row\">\n<div class=\"art-layout-cell\" style=\"width: 100%;\">\n<div class=\"art-content-layout\">\n<div class=\"art-content-layout-row\">\n<div class=\"art-layout-cell\" style=\"width: 100%;\">\n<hr \/>\n<\/div>\n<\/div>\n<\/div>\n<div class=\"art-content-layout\">\n<div class=\"art-content-layout-row responsive-layout-row-2\">\n<div class=\"art-layout-cell\" style=\"width: 33%;\">\n<p>&nbsp;<\/p>\n<p style=\"text-align: center;\"><img loading=\"lazy\" decoding=\"async\" class=\" size-full wp-image-460\" src=\"https:\/\/www.euro-soft.pl\/wordpress\/wp-content\/uploads\/2016\/03\/tmpBB21.png\" alt=\"wykrywanie pods\u0142uchu Koszalin\" width=\"200\" height=\"126\" class=\"art-lightbox\" title=\"wykrywanie pods\u0142uchu Koszalin\" \/><\/p>\n<\/div>\n<div class=\"art-layout-cell\" style=\"width: 67%;\">\n<h1><span style=\"font-size: 24px;\">Wykrywacz RAKSA SEL-SP71R<\/span><\/h1>\n<p>Detektor RAKSA SEL SP-71R (Pro-M) mo\u017ce by\u0107 u\u017cywany do wykrycia i zlokalizowania w bliskim zasi\u0119gu szerokiej gamy nadajnik\u00f3w radiowych dostosowanych do wykradania informacji tajnych oraz telefon\u00f3w kom\u00f3rkowych GSM900\/1800, UMTS (3G), CDMA450 , DECT, Biuetooth i Wi-Fi. Cechy szczeg\u00f3lne: (!) selektywny odbi\u00f3r sygna\u0142\u00f3w radiowych O wysoka pr\u0119dko\u015b\u0107 skanowania i analizy detekcja sygna\u0142\u00f3w szerokopasmowych i cyfrowych \u017a dostosowanie do szumu t\u0142a w trybie stra\u017cnika r\u00f3\u017cne tryby wyszukiwania monitoring audio \u0088 pomiar cz\u0119stotliwo\u015b\u0107 i mocy sygna\u0142u logi zdarze\u0144 alarmowych O bezg\u0142o\u015bna sygnalizacja (wibracja) S nie potrzebuje zewn\u0119trznej anteny.<\/p>\n<p>&nbsp;<\/p>\n<p style=\"text-align: center;\"><span style=\"font-weight: bold; font-size: 16px;\">Cena 3 450z\u0142.<\/span><\/p>\n<p style=\"text-align: center;\">&nbsp;<a href=\"http:\/\/www.euro-soft.pl\/sklep\/?p=productsMore&amp;iProduct=404&amp;sName=WYKRYWACZ-RAKSA-SEL-SP71R\" target=\"_blank\" class=\"art-button\">Przejd\u017a do sklepu i dowiedz si\u0119 wi\u0119cej<\/a>&nbsp;<\/p>\n<\/div>\n<\/div>\n<\/div>\n<div class=\"art-content-layout\">\n<div class=\"art-content-layout-row\">\n<div class=\"art-layout-cell\" style=\"width: 100%;\">\n<hr \/>\n<\/div>\n<\/div>\n<\/div>\n<div class=\"art-content-layout\">\n<div class=\"art-content-layout-row responsive-layout-row-2\">\n<div class=\"art-layout-cell\" style=\"width: 33%;\">\n<p>&nbsp;<\/p>\n<p style=\"text-align: center;\"><img loading=\"lazy\" decoding=\"async\" class=\" size-full wp-image-461\" src=\"https:\/\/www.euro-soft.pl\/wordpress\/wp-content\/uploads\/2016\/03\/tmpEDE1.png\" alt=\"wykrywanie pods\u0142uchu Koszalin\" width=\"200\" height=\"187\" class=\"art-lightbox\" title=\"wykrywanie pods\u0142uchu Koszalin\" \/><\/p>\n<\/div>\n<div class=\"art-layout-cell\" style=\"width: 67%;\">\n<h1><span style=\"font-size: 24px;\">Wykrywacz pods\u0142uchu QM-400<\/span><\/h1>\n<p>System Q master pozwala na szybkie wykrywanie pods\u0142uch\u00f3w w ka\u017cdych warunkach. Pozwala tak\u017ce na przechowywanie wynik\u00f3w pomiar\u00f3w i wykonywanie por\u00f3wnawczej analizy sygna\u0142\u00f3w w funkcji czasu. Umo\u017cliwia to wykonywanie procedury znanej pod nazw\u0105 &#8222;Analiza \u015aladu&#8221;. Q master posiada rekomendacje Ministerstwa Obrony jednego z pa\u0144stw NATO.<\/p>\n<p>Cena systemu bez komputera. Informacje pod telefonem 501-159-903<\/p>\n<p>&nbsp;<\/p>\n<p style=\"text-align: center;\"><span style=\"font-weight: bold; font-size: 16px;\">Cena 25 500z\u0142.<\/span><\/p>\n<p style=\"text-align: center;\">&nbsp;<a href=\"http:\/\/www.euro-soft.pl\/sklep\/?p=productsMore&amp;iProduct=194&amp;sName=Wykrywacz-podsluchu-QM-400\" target=\"_blank\" class=\"art-button\">Przejd\u017a do sklepu i dowiedz si\u0119 wi\u0119cej<\/a>&nbsp;<\/p>\n<\/div>\n<\/div>\n<\/div>\n<div class=\"art-content-layout\">\n<div class=\"art-content-layout-row\">\n<div class=\"art-layout-cell\" style=\"width: 100%;\">\n<hr \/>\n<\/div>\n<\/div>\n<\/div>\n<div class=\"art-content-layout\">\n<div class=\"art-content-layout-row responsive-layout-row-2\">\n<div class=\"art-layout-cell\" style=\"width: 33%;\">\n<p>&nbsp;<\/p>\n<p style=\"text-align: center;\"><img loading=\"lazy\" decoding=\"async\" class=\" size-full wp-image-462\" src=\"https:\/\/www.euro-soft.pl\/wordpress\/wp-content\/uploads\/2016\/03\/tmp285D.png\" alt=\"wykrywanie pods\u0142uchu Koszalin\" width=\"200\" height=\"190\" class=\"art-lightbox\" title=\"wykrywanie pods\u0142uchu Koszalin\" \/><\/p>\n<\/div>\n<div class=\"art-layout-cell\" style=\"width: 67%;\">\n<h1><span style=\"font-size: 24px;\">Wykrywacz pods\u0142uchu VR-25<\/span><\/h1>\n<p>VR-25 jest wykrywaczem nadajnik\u00f3w pods\u0142uchowych. Posiada mo\u017cliwo\u015b\u0107 demodulacji przechwyconego sygna\u0142u do poziomu 25 GHz. Umo\u017cliwia wykrywanie wszystkich typ\u00f3w nadajnik\u00f3w pods\u0142uchowych najnowszej generacji. VR-25 posiada bardzo du\u017c\u0105 czu\u0142o\u015b\u0107 umo\u017cliwiaj\u0105c\u0105 przechwycenie bardzo s\u0142abych. Ten wykrywacz pods\u0142uchu umo\u017cliwia odczyt obwiedni sygna\u0142u cyfrowego generowanego przez telefony kom\u00f3rkowe.<\/p>\n<p style=\"text-align: center;\"><span style=\"font-weight: bold; font-size: 16px;\">Cena 8 500z\u0142.<\/span><\/p>\n<p style=\"text-align: center;\">&nbsp;<a href=\"http:\/\/www.euro-soft.pl\/sklep\/?p=productsMore&amp;iProduct=118&amp;sName=Wykrywacz-podsluchu-VR-25\" target=\"_blank\" class=\"art-button\">Przejd\u017a do sklepu i dowiedz si\u0119 wi\u0119cej<\/a>&nbsp;<\/p>\n<\/div>\n<\/div>\n<\/div>\n<div class=\"art-content-layout\">\n<div class=\"art-content-layout-row\">\n<div class=\"art-layout-cell\" style=\"width: 100%;\">\n<hr \/>\n<\/div>\n<\/div>\n<\/div>\n<div class=\"art-content-layout\">\n<div class=\"art-content-layout-row responsive-layout-row-2\">\n<div class=\"art-layout-cell\" style=\"width: 33%;\">\n<p>&nbsp;<\/p>\n<p style=\"text-align: center;\"><img loading=\"lazy\" decoding=\"async\" class=\" size-full wp-image-463\" src=\"https:\/\/www.euro-soft.pl\/wordpress\/wp-content\/uploads\/2016\/03\/tmp274D.png\" alt=\"wykrywanie pods\u0142uchu Koszalin\" width=\"200\" height=\"149\" class=\"art-lightbox\" title=\"wykrywanie pods\u0142uchu Koszalin\" \/><\/p>\n<\/div>\n<div class=\"art-layout-cell\" style=\"width: 67%;\">\n<h1><span style=\"font-size: 24px;\">Wykrywacz pods\u0142uch\u00f3w C 308+<\/span><\/h1>\n<p>Wykrywacz pods\u0142uchu C 308+ pozwala na zlokalizowanie nadajnika pods\u0142uchowego oraz kamery.Procedura wykrywania jest bardzo prosta i dok\u0142adnie opisane w instrukcji.<\/p>\n<p>&nbsp;<\/p>\n<p style=\"text-align: center;\"><span style=\"font-weight: bold; font-size: 16px;\">Cena 200z\u0142.<\/span><\/p>\n<p style=\"text-align: center;\">&nbsp;<a href=\"http:\/\/www.euro-soft.pl\/sklep\/?p=productsMore&amp;iProduct=376&amp;sName=Wykrywacz-podsluchow-C-308-\" target=\"_blank\" class=\"art-button\">Przejd\u017a do sklepu i dowiedz si\u0119 wi\u0119cej<\/a>&nbsp;<\/p>\n<\/div>\n<\/div>\n<\/div>\n<div class=\"art-content-layout\">\n<div class=\"art-content-layout-row\">\n<div class=\"art-layout-cell\" style=\"width: 100%;\">\n<hr \/>\n<\/div>\n<\/div>\n<\/div>\n<div class=\"art-content-layout\">\n<div class=\"art-content-layout-row responsive-layout-row-2\">\n<div class=\"art-layout-cell\" style=\"width: 33%;\">\n<p>&nbsp;<\/p>\n<p style=\"text-align: center;\"><img loading=\"lazy\" decoding=\"async\" class=\" size-full wp-image-464\" src=\"https:\/\/www.euro-soft.pl\/wordpress\/wp-content\/uploads\/2016\/03\/tmpD679.png\" alt=\"wykrywanie pods\u0142uchu Koszalin\" width=\"200\" height=\"194\" class=\"art-lightbox\" title=\"wykrywanie pods\u0142uchu Koszalin\" \/><\/p>\n<\/div>\n<div class=\"art-layout-cell\" style=\"width: 67%;\">\n<h1><span style=\"font-size: 24px;\">Wykrywacz pods\u0142uchu RF Detektor<\/span><\/h1>\n<p>Wykrywacz pods\u0142uchu RF pozwala na szybkie i skuteczne sprawdzenie pomieszcze\u0144, pod k\u0105tem istnienia nadajnik\u00f3w pods\u0142uchowych. Z technicznego punktu widzenia jest to generator samowzbudny reaguj\u0105cy na ka\u017cde zag\u0119szczenie energii pola elektromagnetycznego bez wzgl\u0119du na rodzaj modulacji.<\/p>\n<p>&nbsp;<\/p>\n<p style=\"text-align: center;\"><span style=\"font-weight: bold; font-size: 16px;\">Cena 150z\u0142.<\/span><\/p>\n<p style=\"text-align: center;\">&nbsp;<a href=\"http:\/\/www.euro-soft.pl\/sklep\/?p=productsMore&amp;iProduct=4&amp;sName=Wykrywacz-podsluchu-RF-Detektor\" target=\"_blank\" class=\"art-button\">Przejd\u017a do sklepu i dowiedz si\u0119 wi\u0119cej<\/a>&nbsp;<\/p>\n<\/div>\n<\/div>\n<\/div>\n<\/div>\n<\/div>\n<\/div>\n<\/div>\n","protected":false},"excerpt":{"rendered":"<p>&nbsp; &nbsp; Cz\u0119sto na stronach www zamieszczane s\u0105 zdj\u0119cia profesjonalnego sprz\u0119tu do wykrywania pods\u0142uch\u00f3w. Zabieg ten jest typowym blefem maj\u0105cym na celu sugerowanie posiadanej bazy sprz\u0119towej co jest oczywi\u015bcie nieprawd\u0105. Te informacje trzeba zawsze weryfikowa\u0107. Podstawowym narz\u0119dziem do wykrywanie pods\u0142uch\u00f3w jest Korelator Akustyczny OSCOR-5000. Urz\u0105dzenie to produkowane jest w USA i pozwala na wykonywanie zaawansowanych [&hellip;]<\/p>\n","protected":false},"author":1,"featured_media":453,"parent":0,"menu_order":0,"comment_status":"closed","ping_status":"closed","template":"","meta":{"footnotes":""},"categories":[17],"tags":[],"class_list":["post-465","page","type-page","status-publish","has-post-thumbnail","hentry","category-artykuly"],"blocksy_meta":[],"_links":{"self":[{"href":"https:\/\/www.euro-soft.pl\/w\/wp-json\/wp\/v2\/pages\/465","targetHints":{"allow":["GET"]}}],"collection":[{"href":"https:\/\/www.euro-soft.pl\/w\/wp-json\/wp\/v2\/pages"}],"about":[{"href":"https:\/\/www.euro-soft.pl\/w\/wp-json\/wp\/v2\/types\/page"}],"author":[{"embeddable":true,"href":"https:\/\/www.euro-soft.pl\/w\/wp-json\/wp\/v2\/users\/1"}],"replies":[{"embeddable":true,"href":"https:\/\/www.euro-soft.pl\/w\/wp-json\/wp\/v2\/comments?post=465"}],"version-history":[{"count":0,"href":"https:\/\/www.euro-soft.pl\/w\/wp-json\/wp\/v2\/pages\/465\/revisions"}],"wp:featuredmedia":[{"embeddable":true,"href":"https:\/\/www.euro-soft.pl\/w\/wp-json\/wp\/v2\/media\/453"}],"wp:attachment":[{"href":"https:\/\/www.euro-soft.pl\/w\/wp-json\/wp\/v2\/media?parent=465"}],"wp:term":[{"taxonomy":"category","embeddable":true,"href":"https:\/\/www.euro-soft.pl\/w\/wp-json\/wp\/v2\/categories?post=465"},{"taxonomy":"post_tag","embeddable":true,"href":"https:\/\/www.euro-soft.pl\/w\/wp-json\/wp\/v2\/tags?post=465"}],"curies":[{"name":"wp","href":"https:\/\/api.w.org\/{rel}","templated":true}]}}