{"id":408,"date":"2016-03-07T22:49:24","date_gmt":"2016-03-07T21:49:24","guid":{"rendered":"https:\/\/www.euro-soft.pl\/wordpress\/w-czym-sie-specjalizujemy\/"},"modified":"2025-10-21T09:34:52","modified_gmt":"2025-10-21T07:34:52","slug":"w-czym-sie-specjalizujemy","status":"publish","type":"page","link":"https:\/\/www.euro-soft.pl\/w\/w-czym-sie-specjalizujemy\/","title":{"rendered":"Wykrywanie pods\u0142uchu Warszawa | Bieg\u0142y Sadowy"},"content":{"rendered":"<div class=\"art-content-layout\">\n<div class=\"art-content-layout-row\">\n<div class=\"art-layout-cell\" style=\"width: 100%;\">&nbsp;<\/div>\n<\/div>\n<\/div>\n<div class=\"art-content-layout\">\n<div class=\"art-content-layout-row\">\n<div class=\"art-layout-cell\" style=\"width: 33%;\">\n<p style=\"text-align: center;\">&nbsp;<\/p>\n<p style=\"text-align: center;\"><img decoding=\"async\" class=\" size-full wp-image-406\" src=\"https:\/\/www.euro-soft.pl\/wordpress\/wp-content\/uploads\/2016\/03\/tmpE8C.png\" alt=\"wykrywanie GPS Warszawa\" width=\"95%\" class=\"art-lightbox\" title=\"wykrywanie GPS Warszawa\" \/><\/p>\n<\/div>\n<div class=\"art-layout-cell\" style=\"width: 67%;\">\n<p>&nbsp;<\/p>\n<h1 style=\"text-align: center;\">Wykrywanie lokalizator\u00f3w GPS-GSM Warszawa<\/h1>\n<p style=\"text-align: center;\">&nbsp;tel. 501-159-903 Warszawa Powsta\u0144c\u00f3w \u015al\u0105skich 124 (parking)<br \/><span style=\"font-size: 1rem; caret-color: auto;\">koszt wykrywania GPS &#8211; 500 z\u0142<br \/><\/span>eurosoft@euro-soft.pl<\/p>\n<p style=\"text-align: justify;\"><strong>Wykrywanie pods\u0142uchu Warszawa<\/strong>&nbsp;i lokalizator\u00f3w po\u0142o\u017cenia GPS w samochodzie wykonujemy dwuetapow\u0105 metod\u0105 opracowan\u0105 w Euro-Soft. Polega ona na za\u0142o\u017ceniu \u017ce w badanym samochodzie istnieje zdolny do pracy lokalizator GPS. Zdolny to znaczy \u017ce jest pod napi\u0119ciem i karta w nim zamontowana pozwala mu na po\u0142\u0105czenia si\u0119 z operatorem telefonii kom\u00f3rkowej. Po dokonaniu takiego z\u0142o\u017cenia blokujemy dost\u0119p lokalizatora do swojego operatora GSM. Blokada taka trwa ok 5 min. W celu zresetowania poprzednich parametr\u00f3w po\u0142\u0105czenia. Po usuni\u0119ciu tej blokady lokalizator GPS b\u0119dzie si\u0119 ponownie logowa\u0142 do do swojego operatora. Logowanie to nazywamy wymuszon\u0105 emisj\u0105 ujawniaj\u0105c\u0105. Emisje t\u0105 mierzymy skanerem VR-25 o czu\u0142o\u015bci 1000 \u00b5V. Czas istnienia tej emisji to ok. 2 sekundy. W trakcie istnienia emisji pojawiaj\u0105 si\u0119 od dw\u00f3ch do trzech pik\u00f3w mierzonego sygna\u0142u. Pojawienie si\u0119 takiego sygna\u0142u \u015bwiadczy o istnieniu nieautoryzowanego modu\u0142u GSM w sprawdzanym samochodzie. Nale\u017cy pami\u0119ta\u0107 \u017ce lokalizator po\u0142o\u017cenia GPS zbudowany jest z odbiornika sygna\u0142u GPS i nadajnika GSM, kt\u00f3ry przekazuje wsp\u00f3\u0142rz\u0119dne po\u0142o\u017cenia do innego telefonu (kana\u0142em GSM) lub do internetu na stron\u0119 do \u015bledzenia trasy (kana\u0142em GPRS).<\/p>\n<h3 style=\"text-align: center;\"><a href=\"https:\/\/www.euro-soft.pl\/w\/wykrywanie-lokalizatorow-gsm-gps\/\" rel=\"alternate\" title=\"wykrywanie GPS Warszawa\">Dodatkowe informacje mo\u017cna uzyska\u0107 https:\/\/www.euro-soft.pl<\/a><\/h3>\n<p>&nbsp;<\/p>\n<\/div>\n<\/div>\n<\/div>\n<div class=\"art-content-layout\">\n<div class=\"art-content-layout-row\">\n<div class=\"art-layout-cell\" style=\"width: 100%;\">&nbsp;<\/div>\n<\/div>\n<\/div>\n<div class=\"art-content-layout\">\n<div class=\"art-content-layout-row\">\n<div class=\"art-layout-cell\" style=\"width: 33%;\">\n<p>&nbsp;<\/p>\n<p style=\"text-align: center;\"><img decoding=\"async\" class=\" size-full wp-image-407\" src=\"https:\/\/www.euro-soft.pl\/wordpress\/wp-content\/uploads\/2016\/03\/5.jpg\" alt=\"wykrywanie GPS Warszawa\" width=\"95%\" class=\"art-lightbox\" title=\"wykrywanie GPS Warszawa\" \/><\/p>\n<\/div>\n<div class=\"art-layout-cell\" style=\"width: 67%;\">\n<p>&nbsp;<\/p>\n<h1 style=\"text-align: center;\">Wykrywanie pods\u0142uchu<\/h1>\n<p>&nbsp;<\/p>\n<p style=\"text-align: justify;\"><strong>Wykrywanie pods\u0142uchu<\/strong> odbywa si\u0119 z u\u017cyciem VR-25 &#8211; skanera pracuj\u0105cego do 25 GHz. Czu\u0142o\u015b\u0107 tego urz\u0105dzenia jest ok. 1000 razy wy\u017csza od popularnego sprz\u0119tu zakupionego na Allegro lub w innych sklepach internetowych. VR-25 umo\u017cliwia dokonania demodulacji przechwyconego sygna\u0142u. Oznacza to \u017ce w s\u0142uchawkach b\u0119dziemy s\u0142yszeli d\u017awi\u0119ki wytwarzane w trakcie wykrywania (mowa lub inny ha\u0142as. W trakcie wykrywania generowany jest silny sygna\u0142 akustyczny w celu pobudzenia do pracy nadajnika z aktywacj\u0105 g\u0142osem. Drugim etapem jest sprawdzania pomieszczenia pod k\u0105tem istnienia pods\u0142uch GSM. W tym celu odcinamy pods\u0142uch GSM od jego operatora telefonii kom\u00f3rkowej. Po usuni\u0119ciu tej blokady dochodzi do ponownego logowania si\u0119 pods\u0142uchu GSM do swojego operatora. Jest to tak zwana emisja ujawniaj\u0105ca trwaj\u0105c ok. 2 sekundy. Emisje t\u0105 wykrywamy skanerem VR-25. <strong>Wykrywanie pods\u0142uchu Koszalin<\/strong> wykonywane jest w ka\u017cdym uzgodnionym terminie. &nbsp;Czynno\u015bci uzupe\u0142niaj\u0105ce to sprawdzenie pomieszczenia pod k\u0105tem istnienia kamer przewodowych i bezprzewodowych oraz mini dyktafon\u00f3w. Z ofer\u0105 mini dyktafon\u00f3w mo\u017cna zapozna\u0107 si\u0119&nbsp; na stronie <a href=\"https:\/\/www.euro-soft.pl\/w\/kategoria-produktu\/sklep-euro-soft\/mini-dyktafony\/\" title=\"mini dyktafon\">www.euro-soft.pl <\/a>Wykrywanie pods\u0142uchu w danym pomieszczeniu musi si\u0119 odbywa\u0107 przy w\u0142\u0105czonych komputerach i od\u0142o\u017conych s\u0142uchawkach telefon\u00f3w stacjonarnych, oczywi\u015bcie je\u017celi takowe istniej\u0105 w badanym pomieszczeniu.<br \/>Dodatkowe informacje uzyskasz<a href=\"http:\/\/www.podsluchy.pl\/\" rel=\"alternate\" title=\"Wykrywanie pods\u0142uchu Koszalin\"> www.podsluchy.pl<\/a><\/p>\n<p>&nbsp;<\/p>\n<\/div>\n<\/div>\n<\/div>\n<div class=\"art-content-layout\">\n<div class=\"art-content-layout-row\">\n<div class=\"art-layout-cell\" style=\"width: 100%;\">\n<hr \/>\n<\/div>\n<\/div>\n<\/div>\n<div class=\"art-content-layout\">\n<div class=\"art-content-layout-row\">\n<div class=\"art-layout-cell\" style=\"width: 33%;\">&nbsp;<\/div>\n<div class=\"art-layout-cell\" style=\"width: 67%;\">\n<p>&nbsp;Nasza oferta Mini dyktafon:&nbsp;<a href=\"https:\/\/www.euro-soft.pl\/w\/kategoria-produktu\/sklep-euro-soft\/mini-dyktafony\/\">https:\/\/www.euro-soft.pl\/joomla\/index.php\/8-oferty\/154-mini-dyktafon1<\/a><\/p>\n<\/div>\n<\/div>\n<\/div>\n","protected":false},"excerpt":{"rendered":"<p>&nbsp; &nbsp; &nbsp; Wykrywanie lokalizator\u00f3w GPS-GSM Warszawa &nbsp;tel. 501-159-903 Warszawa Powsta\u0144c\u00f3w \u015al\u0105skich 124 (parking)koszt wykrywania GPS &#8211; 500 z\u0142eurosoft@euro-soft.pl Wykrywanie pods\u0142uchu Warszawa&nbsp;i lokalizator\u00f3w po\u0142o\u017cenia GPS w samochodzie wykonujemy dwuetapow\u0105 metod\u0105 opracowan\u0105 w Euro-Soft. Polega ona na za\u0142o\u017ceniu \u017ce w badanym samochodzie istnieje zdolny do pracy lokalizator GPS. Zdolny to znaczy \u017ce jest pod napi\u0119ciem i [&hellip;]<\/p>\n","protected":false},"author":1,"featured_media":406,"parent":0,"menu_order":0,"comment_status":"closed","ping_status":"closed","template":"","meta":{"footnotes":""},"categories":[17],"tags":[],"class_list":["post-408","page","type-page","status-publish","has-post-thumbnail","hentry","category-artykuly"],"blocksy_meta":[],"_links":{"self":[{"href":"https:\/\/www.euro-soft.pl\/w\/wp-json\/wp\/v2\/pages\/408","targetHints":{"allow":["GET"]}}],"collection":[{"href":"https:\/\/www.euro-soft.pl\/w\/wp-json\/wp\/v2\/pages"}],"about":[{"href":"https:\/\/www.euro-soft.pl\/w\/wp-json\/wp\/v2\/types\/page"}],"author":[{"embeddable":true,"href":"https:\/\/www.euro-soft.pl\/w\/wp-json\/wp\/v2\/users\/1"}],"replies":[{"embeddable":true,"href":"https:\/\/www.euro-soft.pl\/w\/wp-json\/wp\/v2\/comments?post=408"}],"version-history":[{"count":1,"href":"https:\/\/www.euro-soft.pl\/w\/wp-json\/wp\/v2\/pages\/408\/revisions"}],"predecessor-version":[{"id":698,"href":"https:\/\/www.euro-soft.pl\/w\/wp-json\/wp\/v2\/pages\/408\/revisions\/698"}],"wp:featuredmedia":[{"embeddable":true,"href":"https:\/\/www.euro-soft.pl\/w\/wp-json\/wp\/v2\/media\/406"}],"wp:attachment":[{"href":"https:\/\/www.euro-soft.pl\/w\/wp-json\/wp\/v2\/media?parent=408"}],"wp:term":[{"taxonomy":"category","embeddable":true,"href":"https:\/\/www.euro-soft.pl\/w\/wp-json\/wp\/v2\/categories?post=408"},{"taxonomy":"post_tag","embeddable":true,"href":"https:\/\/www.euro-soft.pl\/w\/wp-json\/wp\/v2\/tags?post=408"}],"curies":[{"name":"wp","href":"https:\/\/api.w.org\/{rel}","templated":true}]}}