{"id":362,"date":"2020-10-13T08:57:25","date_gmt":"2020-10-13T06:57:25","guid":{"rendered":"https:\/\/www.euro-soft.pl\/wordpress\/nagrywanie-przemocy-domowej\/"},"modified":"2020-10-13T08:57:25","modified_gmt":"2020-10-13T06:57:25","slug":"nagrywanie-przemocy-domowej","status":"publish","type":"page","link":"https:\/\/www.euro-soft.pl\/w\/nagrywanie-przemocy-domowej\/","title":{"rendered":"Nagrywanie  przemocy domowej"},"content":{"rendered":"<h1 style=\"text-align: center;\">Nagrywanie&nbsp; przemocy domowej<\/h1>\n<p>Nagrywanie przemocy domowej wymaga podj\u0119cia decyzji o tego typu dzia\u0142aniach. Jest to cz\u0119sto decyzja wbrew pozorom trudna dla zdominowanej osoby. Nale\u017cy jednak pami\u0119ta\u0107 o tym, \u017ce tego typu nagrywanie, jest aktem samoobrony przed agresj\u0105 i przemoc\u0105 domow\u0105.&nbsp; Z wieloletniej praktyki w temacie nagrywania rozm\u00f3w mo\u017cemy dokona\u0107 analizy procesu nagrywania przemocy domowej.&nbsp; Sytuacje tego typu wyst\u0119puj\u0105 w okre\u015blonych sta\u0142ych godzinach np. po powrocie z pracy lub mog\u0105 si\u0119 odbywa\u0107 w przypadkowym czasie, niezale\u017cnie od cyklu zaj\u0119\u0107. W pierwszym przypadku istnieje mo\u017cliwo\u015b\u0107 przygotowania si\u0119 do prowadzenia nagrywania przemocy domowej. Oznacza to, \u017ce mo\u017cemy w\u0142\u0105czy\u0107&nbsp; mini dyktafon i umie\u015bci\u0107 w obr\u0119bie pomieszczenia, w kt\u00f3rym mo\u017ce doj\u015b\u0107 do przysz\u0142ej rozmowy. W przypadku drugiego wariantu nale\u017cy mini dyktafon w\u0142\u0105czy\u0107 znacznie wcze\u015bniej i umie\u015bci\u0107 go np. w kieszeni lub w przypadku kobiet np. w biustonoszu.<\/p>\n<p style=\"text-align: center;\"><img loading=\"lazy\" decoding=\"async\" class=\" size-full wp-image-361\" src=\"https:\/\/www.euro-soft.pl\/wordpress\/wp-content\/uploads\/2020\/10\/nagrywanie_przemocy_domowej.jpg\" alt=\"nagrywanie przemocy domowej\" width=\"712\" height=\"160\" srcset=\"https:\/\/www.euro-soft.pl\/w\/wp-content\/uploads\/2020\/10\/nagrywanie_przemocy_domowej.jpg 712w, https:\/\/www.euro-soft.pl\/w\/wp-content\/uploads\/2020\/10\/nagrywanie_przemocy_domowej-300x67.jpg 300w, https:\/\/www.euro-soft.pl\/w\/wp-content\/uploads\/2020\/10\/nagrywanie_przemocy_domowej-600x135.jpg 600w\" sizes=\"auto, (max-width: 712px) 100vw, 712px\" \/><\/p>\n<p style=\"text-align: justify;\">Powy\u017cej prezentujemy popularne miejsca ukrywania mini dyktafon\u00f3w do nagrywania w sytuacji wyst\u0105pienia przemocy domowej. Zar\u00f3wno biustonosz w przypadku kobiet jak i krawat w przypadku m\u0119\u017cczyzn jest najlepszym rozwi\u0105zaniem wyboru miejsca ukrycia &#8211; kamufla\u017cu mini dyktafon\u00f3w do nagrywania. Mini dyktafon u\u017cyty do rejestracji powinien charakteryzowa\u0107 si\u0119:<\/p>\n<ol>\n<li style=\"text-align: left;\">Doskona\u0142\u0105 jako\u015bci\u0105 akustyczn\u0105 wykonywanych nagra\u0144 (zalecany stosowanie mini dyktafon\u00f3w nagrywaj\u0105cych w standardzie zapisu mp3)<\/li>\n<li>Minimalnymi rozmiarami, co umo\u017cliwi skuteczne ukrycie rejestratora w sugerowanych miejscach.<\/li>\n<li>Czas nagrywania powinien wynosi\u0107 ok. 1-4 godziny.&nbsp;<\/li>\n<\/ol>\n<h2 style=\"text-align: center;\">Mini dyktafony do rejestracji przemocy<\/h2>\n<p style=\"text-align: center;\"><img loading=\"lazy\" decoding=\"async\" class=\" alignleft size-full wp-image-265\" src=\"https:\/\/www.euro-soft.pl\/wordpress\/wp-content\/uploads\/2019\/05\/mini_dyktafon_KP-320.jpg\" alt=\"\" style=\"float: left;\" width=\"140\" height=\"160\" \/><\/p>\n<p>Mini dyktafon K-320 z zapisem na kart\u0119 SD. <b>Nagrywa w standardzie&nbsp;mp3<\/b>. Umo\u017cliwia wykonanie nagrania trawi\u0105cego ok. 5 godzin. Wymiary: 30 x 40 x 5 mm.<\/p>\n<p class=\"clear-both\" style=\"text-align: center;\"><img loading=\"lazy\" decoding=\"async\" class=\" alignleft size-full wp-image-263\" src=\"https:\/\/www.euro-soft.pl\/wordpress\/wp-content\/uploads\/2019\/05\/mini_dyktafon_KS-20.jpg\" alt=\"\" width=\"129\" height=\"128\" style=\"float: left;\" srcset=\"https:\/\/www.euro-soft.pl\/w\/wp-content\/uploads\/2019\/05\/mini_dyktafon_KS-20.jpg 161w, https:\/\/www.euro-soft.pl\/w\/wp-content\/uploads\/2019\/05\/mini_dyktafon_KS-20-150x150.jpg 150w, https:\/\/www.euro-soft.pl\/w\/wp-content\/uploads\/2019\/05\/mini_dyktafon_KS-20-100x100.jpg 100w\" sizes=\"auto, (max-width: 129px) 100vw, 129px\" \/><\/p>\n<p>Mini dyktafon KS-20.&nbsp;<b>Nagrywa w standardzie&nbsp;WAW.&nbsp;<\/b>Nagrane pliki zapisuj\u0105 si\u0119 na wbudowanej&nbsp; pami\u0119ci&nbsp; 4 GB<b>. <\/b>Bardzo ma\u0142y akumulator&nbsp;&nbsp;umo\u017cliwia prac\u0119&nbsp; dyktafonu nawet do&nbsp; 20 godzin . Nagrania jest podzielone na pliki po 4 godziny ka\u017cdy. Pliki posiadaj\u0105 w swoim opisie dat\u0119 i godzin\u0119 ich wykonania, co bardzo u\u0142atwia p\u00f3\u017aniejsz\u0105 analiz\u0119 wykonanych nagra\u0144. Wymiary: 15 x 40 x 5 mm<\/p>\n<h2 style=\"text-align: center;\">&nbsp;<\/h2>\n<h2 style=\"text-align: center;\">Sugerowana procedura rejestracji nagra\u0144 przemocy domowej<\/h2>\n<p>W trakcie wykonywania takiego nagrania nale\u017cy zawsze pami\u0119ta\u0107 o zadawaniu specyficznych pyta\u0144. Odpowiedzi na te pytania musz\u0105 by\u0107 starannie nagrywane. W przypadku, gdy w trakcie przemocy domowej nie dochodzi do rozm\u00f3w &#8211; wymiany zda\u0144 nale\u017cy g\u0142o\u015bno m\u00f3wi\u0107&nbsp; np. &#8222;dlaczego mnie uderzy\u0142e\u015b&#8221; lub &#8221; nie bij mnie, to boli &#8222;.&nbsp; Zawsze po zako\u0144czeniu takiego &#8222;epizodu&#8221; trzeba&nbsp; nagra\u0107 swoj\u0105 wypowiedz o tre\u015bci : &#8222;nazywam si\u0119 Kowalska i rozmawia\u0142am z Kowalskim, dzisiaj jest czwartek czternastego grudnia godzina siedemnasta pi\u0119tna\u015bcie, w trakcie rozmowy zosta\u0142am pobita przez pana Kowalskiego&#8221;. Zamieszczenie tego typu informacji pozwoli prawnikowi na identyfikacj\u0119 uczestnik\u00f3w rozmowy , na okre\u015blenie wydarze\u0144 maj\u0105cych miejsce w trakcie rozmowy&nbsp; i na okre\u015blenie czasu nagranego epizodu.<\/p>\n","protected":false},"excerpt":{"rendered":"<p>Nagrywanie&nbsp; przemocy domowej Nagrywanie przemocy domowej wymaga podj\u0119cia decyzji o tego typu dzia\u0142aniach. Jest to cz\u0119sto decyzja wbrew pozorom trudna dla zdominowanej osoby. Nale\u017cy jednak pami\u0119ta\u0107 o tym, \u017ce tego typu nagrywanie, jest aktem samoobrony przed agresj\u0105 i przemoc\u0105 domow\u0105.&nbsp; Z wieloletniej praktyki w temacie nagrywania rozm\u00f3w mo\u017cemy dokona\u0107 analizy procesu nagrywania przemocy domowej.&nbsp; Sytuacje [&hellip;]<\/p>\n","protected":false},"author":1,"featured_media":361,"parent":0,"menu_order":0,"comment_status":"closed","ping_status":"closed","template":"","meta":{"footnotes":""},"categories":[8],"tags":[],"class_list":["post-362","page","type-page","status-publish","has-post-thumbnail","hentry","category-blog"],"blocksy_meta":[],"_links":{"self":[{"href":"https:\/\/www.euro-soft.pl\/w\/wp-json\/wp\/v2\/pages\/362","targetHints":{"allow":["GET"]}}],"collection":[{"href":"https:\/\/www.euro-soft.pl\/w\/wp-json\/wp\/v2\/pages"}],"about":[{"href":"https:\/\/www.euro-soft.pl\/w\/wp-json\/wp\/v2\/types\/page"}],"author":[{"embeddable":true,"href":"https:\/\/www.euro-soft.pl\/w\/wp-json\/wp\/v2\/users\/1"}],"replies":[{"embeddable":true,"href":"https:\/\/www.euro-soft.pl\/w\/wp-json\/wp\/v2\/comments?post=362"}],"version-history":[{"count":0,"href":"https:\/\/www.euro-soft.pl\/w\/wp-json\/wp\/v2\/pages\/362\/revisions"}],"wp:featuredmedia":[{"embeddable":true,"href":"https:\/\/www.euro-soft.pl\/w\/wp-json\/wp\/v2\/media\/361"}],"wp:attachment":[{"href":"https:\/\/www.euro-soft.pl\/w\/wp-json\/wp\/v2\/media?parent=362"}],"wp:term":[{"taxonomy":"category","embeddable":true,"href":"https:\/\/www.euro-soft.pl\/w\/wp-json\/wp\/v2\/categories?post=362"},{"taxonomy":"post_tag","embeddable":true,"href":"https:\/\/www.euro-soft.pl\/w\/wp-json\/wp\/v2\/tags?post=362"}],"curies":[{"name":"wp","href":"https:\/\/api.w.org\/{rel}","templated":true}]}}