{"id":344,"date":"2020-03-14T07:05:22","date_gmt":"2020-03-14T06:05:22","guid":{"rendered":"https:\/\/www.euro-soft.pl\/wordpress\/wykaz-zidentyfikowanych-aplikacji-podsluchowych\/"},"modified":"2020-03-14T07:05:22","modified_gmt":"2020-03-14T06:05:22","slug":"wykaz-zidentyfikowanych-aplikacji-podsluchowych","status":"publish","type":"page","link":"https:\/\/www.euro-soft.pl\/w\/wykaz-zidentyfikowanych-aplikacji-podsluchowych\/","title":{"rendered":"Wykaz zidentyfikowanych aplikacji pods\u0142uchowych"},"content":{"rendered":"<h1 style=\"text-align: center;\">Brak dostepu.<\/h1>\n<p style=\"text-align: center;\">Baza danych stanowi tejmnic\u0119 s\u0142u\u017cbow\u0105 i jest wykorzystywana do bada\u0144 telefon\u00f3w wykonywanych w&nbsp; Euro-Soft.<\/p>\n<p style=\"text-align: center;\"><img loading=\"lazy\" decoding=\"async\" class=\" size-full wp-image-124\" src=\"https:\/\/www.euro-soft.pl\/wordpress\/wp-content\/uploads\/2017\/10\/logo.jpg\" alt=\"wykrywanie pods\u0142uchu w telefonie\" width=\"161\" height=\"94\" \/><\/p>\n","protected":false},"excerpt":{"rendered":"<p>Brak dostepu. Baza danych stanowi tejmnic\u0119 s\u0142u\u017cbow\u0105 i jest wykorzystywana do bada\u0144 telefon\u00f3w wykonywanych w&nbsp; Euro-Soft.<\/p>\n","protected":false},"author":1,"featured_media":124,"parent":0,"menu_order":13,"comment_status":"closed","ping_status":"closed","template":"","meta":{"footnotes":""},"categories":[7],"tags":[],"class_list":["post-344","page","type-page","status-publish","has-post-thumbnail","hentry","category-ukryte"],"blocksy_meta":[],"_links":{"self":[{"href":"https:\/\/www.euro-soft.pl\/w\/wp-json\/wp\/v2\/pages\/344","targetHints":{"allow":["GET"]}}],"collection":[{"href":"https:\/\/www.euro-soft.pl\/w\/wp-json\/wp\/v2\/pages"}],"about":[{"href":"https:\/\/www.euro-soft.pl\/w\/wp-json\/wp\/v2\/types\/page"}],"author":[{"embeddable":true,"href":"https:\/\/www.euro-soft.pl\/w\/wp-json\/wp\/v2\/users\/1"}],"replies":[{"embeddable":true,"href":"https:\/\/www.euro-soft.pl\/w\/wp-json\/wp\/v2\/comments?post=344"}],"version-history":[{"count":0,"href":"https:\/\/www.euro-soft.pl\/w\/wp-json\/wp\/v2\/pages\/344\/revisions"}],"wp:featuredmedia":[{"embeddable":true,"href":"https:\/\/www.euro-soft.pl\/w\/wp-json\/wp\/v2\/media\/124"}],"wp:attachment":[{"href":"https:\/\/www.euro-soft.pl\/w\/wp-json\/wp\/v2\/media?parent=344"}],"wp:term":[{"taxonomy":"category","embeddable":true,"href":"https:\/\/www.euro-soft.pl\/w\/wp-json\/wp\/v2\/categories?post=344"},{"taxonomy":"post_tag","embeddable":true,"href":"https:\/\/www.euro-soft.pl\/w\/wp-json\/wp\/v2\/tags?post=344"}],"curies":[{"name":"wp","href":"https:\/\/api.w.org\/{rel}","templated":true}]}}