{"id":341,"date":"2020-02-18T09:09:43","date_gmt":"2020-02-18T08:09:43","guid":{"rendered":"https:\/\/www.euro-soft.pl\/wordpress\/cena-odczytu-danych\/"},"modified":"2020-02-18T09:09:43","modified_gmt":"2020-02-18T08:09:43","slug":"cena-odczytu-danych","status":"publish","type":"page","link":"https:\/\/www.euro-soft.pl\/w\/cena-odczytu-danych\/","title":{"rendered":"Cena odczytu danych"},"content":{"rendered":"<p><img loading=\"lazy\" decoding=\"async\" class=\" size-full wp-image-124\" src=\"https:\/\/www.euro-soft.pl\/wordpress\/wp-content\/uploads\/2017\/10\/logo.jpg\" alt=\"Euro-Soft\" style=\"display: block; margin-left: auto; margin-right: auto;\" width=\"161\" height=\"94\" \/><\/p>\n<p style=\"text-align: center;\"><img loading=\"lazy\" decoding=\"async\" class=\" alignleft size-full wp-image-166\" src=\"https:\/\/www.euro-soft.pl\/wordpress\/wp-content\/uploads\/2017\/12\/UFED_4PC.jpg\" alt=\"odczyt danych z telefonu\" width=\"278\" height=\"330\" style=\"float: left;\" srcset=\"https:\/\/www.euro-soft.pl\/w\/wp-content\/uploads\/2017\/12\/UFED_4PC.jpg 305w, https:\/\/www.euro-soft.pl\/w\/wp-content\/uploads\/2017\/12\/UFED_4PC-253x300.jpg 253w\" sizes=\"auto, (max-width: 278px) 100vw, 278px\" \/><\/p>\n<p style=\"text-align: justify;\">&nbsp;<\/p>\n<p style=\"text-align: justify;\">Euro-Soft specjalizuje si\u0119 w odczycie informacji z telefonu. W wielu przypadkach odczyt jest wykonywany tak\u017ce w telefonach zablokowanych. Odczytujemy&nbsp; informacje skasowane takie jak np. skasowane SMS-y. W zakres naszej oferty wchodzi tak\u017ce wykrywanie oprogramowania szpiegowskiego w telefonie i usuwanie blokad w telefonie.<\/p>\n<p style=\"text-align: justify;\">Wyniki odczytu s\u0105 opracowywane w postaci plik\u00f3w PDF i zapisywane na pendriv&#8217;e. Przed przys\u0142aniem telefonu do ekspertyzy nale\u017cy poda\u0107 mark\u0119 i model telefonu oraz poziom oprogramowania systemowego. <strong>Dane te s\u0105 niezb\u0119dne do okre\u015blenia mo\u017cliwo\u015bci systemu. <\/strong>Tel. 501-159-903 lub eurosoft@euro-soft.pl<\/p>\n<table border=\"3\">\n<tbody>\n<tr>\n<td style=\"text-align: center;\"><strong>Opis czynno\u015bci<\/strong><\/td>\n<td style=\"text-align: center;\"><strong>Typ ekstrakcji<\/strong><\/td>\n<td style=\"text-align: center;\"><strong>Tryb<\/strong><\/td>\n<td style=\"text-align: center;\"><strong>&nbsp;Cena z\u0142<\/strong><\/td>\n<\/tr>\n<tr>\n<td>&nbsp;Odczyt informacji istniej\u0105cych w telefonie<\/td>\n<td style=\"text-align: center;\">logiczna<\/td>\n<td style=\"text-align: center;\">standard*<\/td>\n<td style=\"text-align: center;\">600<\/td>\n<\/tr>\n<tr>\n<td>&nbsp;Odczyt informacji istniej\u0105cych w telefonie<\/td>\n<td style=\"text-align: center;\">logiczna<\/td>\n<td style=\"text-align: center;\">expres**<\/td>\n<td style=\"text-align: center;\">&nbsp;1000<\/td>\n<\/tr>\n<tr>\n<td>Odczyt informacji istniej\u0105cych w telefonie w tym informacji skasowanych<\/td>\n<td style=\"text-align: center;\">fizyczna<\/td>\n<td style=\"text-align: center;\">standard*<\/td>\n<td style=\"text-align: center;\">&nbsp;600<\/td>\n<\/tr>\n<tr>\n<td>Odczyt informacji istniej\u0105cych w telefonie w tym informacji skasowanych<\/td>\n<td style=\"text-align: center;\">fizyczna<\/td>\n<td style=\"text-align: center;\">expres**<\/td>\n<td style=\"text-align: center;\">&nbsp;1000<\/td>\n<\/tr>\n<tr>\n<td>&nbsp;Wykrywanie pods\u0142uchu w telefonie<\/td>\n<td style=\"text-align: center;\">logiczna&nbsp;<\/td>\n<td style=\"text-align: center;\">standard*&nbsp;<\/td>\n<td style=\"text-align: center;\">&nbsp;600<\/td>\n<\/tr>\n<tr>\n<td>&nbsp;Wykrywanie pods\u0142uchu w telefonie<\/td>\n<td style=\"text-align: center;\">logiczna&nbsp;<\/td>\n<td style=\"text-align: center;\">expres**&nbsp;<\/td>\n<td style=\"text-align: center;\">&nbsp;1000<\/td>\n<\/tr>\n<tr>\n<td>&nbsp;Usuwanie blokady&nbsp; w telefonie<\/td>\n<td style=\"text-align: center;\">fizyczna<\/td>\n<td style=\"text-align: center;\">&nbsp;standard*<\/td>\n<td style=\"text-align: center;\">&nbsp;600<\/td>\n<\/tr>\n<tr>\n<td>&nbsp;Usuwanie blokady w telefonie<\/td>\n<td style=\"text-align: center;\">fizyczna&nbsp;<\/td>\n<td style=\"text-align: center;\">expres**&nbsp;<\/td>\n<td style=\"text-align: center;\">&nbsp;700<\/td>\n<\/tr>\n<\/tbody>\n<\/table>\n<p>&nbsp;<\/p>\n<p>*Tryb standardowy to czas 5-7 dni roboczych.<br \/>**Tryb ekspresowy to odczyt w dniu otrzymania telefonu do ekspertyzy.<\/p>\n<p><strong>W przypadku niepowodzenia procesu odczytu koszt pracy UFED 4PC wynosi 200 z\u0142<br \/>Podane ceny s\u0105 cenami netto.<\/strong><\/p>\n","protected":false},"excerpt":{"rendered":"<p>&nbsp; Euro-Soft specjalizuje si\u0119 w odczycie informacji z telefonu. W wielu przypadkach odczyt jest wykonywany tak\u017ce w telefonach zablokowanych. Odczytujemy&nbsp; informacje skasowane takie jak np. skasowane SMS-y. W zakres naszej oferty wchodzi tak\u017ce wykrywanie oprogramowania szpiegowskiego w telefonie i usuwanie blokad w telefonie. Wyniki odczytu s\u0105 opracowywane w postaci plik\u00f3w PDF i zapisywane na pendriv&#8217;e. [&hellip;]<\/p>\n","protected":false},"author":1,"featured_media":124,"parent":0,"menu_order":5,"comment_status":"closed","ping_status":"closed","template":"","meta":{"footnotes":""},"categories":[7],"tags":[],"class_list":["post-341","page","type-page","status-publish","has-post-thumbnail","hentry","category-ukryte"],"blocksy_meta":[],"_links":{"self":[{"href":"https:\/\/www.euro-soft.pl\/w\/wp-json\/wp\/v2\/pages\/341","targetHints":{"allow":["GET"]}}],"collection":[{"href":"https:\/\/www.euro-soft.pl\/w\/wp-json\/wp\/v2\/pages"}],"about":[{"href":"https:\/\/www.euro-soft.pl\/w\/wp-json\/wp\/v2\/types\/page"}],"author":[{"embeddable":true,"href":"https:\/\/www.euro-soft.pl\/w\/wp-json\/wp\/v2\/users\/1"}],"replies":[{"embeddable":true,"href":"https:\/\/www.euro-soft.pl\/w\/wp-json\/wp\/v2\/comments?post=341"}],"version-history":[{"count":0,"href":"https:\/\/www.euro-soft.pl\/w\/wp-json\/wp\/v2\/pages\/341\/revisions"}],"wp:featuredmedia":[{"embeddable":true,"href":"https:\/\/www.euro-soft.pl\/w\/wp-json\/wp\/v2\/media\/124"}],"wp:attachment":[{"href":"https:\/\/www.euro-soft.pl\/w\/wp-json\/wp\/v2\/media?parent=341"}],"wp:term":[{"taxonomy":"category","embeddable":true,"href":"https:\/\/www.euro-soft.pl\/w\/wp-json\/wp\/v2\/categories?post=341"},{"taxonomy":"post_tag","embeddable":true,"href":"https:\/\/www.euro-soft.pl\/w\/wp-json\/wp\/v2\/tags?post=341"}],"curies":[{"name":"wp","href":"https:\/\/api.w.org\/{rel}","templated":true}]}}