{"id":340,"date":"2020-02-17T07:33:22","date_gmt":"2020-02-17T06:33:22","guid":{"rendered":"https:\/\/www.euro-soft.pl\/wordpress\/pelna-oferta-dyktafonow-spec-przeznaczenia\/"},"modified":"2025-10-21T09:34:46","modified_gmt":"2025-10-21T07:34:46","slug":"pelna-oferta-dyktafonow-spec-przeznaczenia","status":"publish","type":"page","link":"https:\/\/www.euro-soft.pl\/w\/pelna-oferta-dyktafonow-spec-przeznaczenia\/","title":{"rendered":"Pe\u0142na oferta dyktafon\u00f3w specjalnego przeznaczenia"},"content":{"rendered":"<h1 style=\"text-align: center;\">Dyktafony specjalnego przeznaczenia<\/h1>\n<table border=\"3\" style=\"width: 900px; height: 999px;\" cellpadding=\"3\">\n<tbody>\n<tr>\n<td><a href=\"https:\/\/www.euro-soft.pl\/w\/kategoria-produktu\/sklep-euro-soft\/mini-dyktafony\/\"><img loading=\"lazy\" decoding=\"async\" class=\" size-full wp-image-331\" src=\"https:\/\/www.euro-soft.pl\/wordpress\/wp-content\/uploads\/2020\/02\/mini_dyktafon_20.png\" alt=\"mini dyktafon 20\" style=\"display: block; margin-left: auto; margin-right: auto;\" width=\"323\" height=\"151\" srcset=\"https:\/\/www.euro-soft.pl\/w\/wp-content\/uploads\/2020\/02\/mini_dyktafon_20.png 323w, https:\/\/www.euro-soft.pl\/w\/wp-content\/uploads\/2020\/02\/mini_dyktafon_20-300x140.png 300w\" sizes=\"auto, (max-width: 323px) 100vw, 323px\" \/><\/a><\/td>\n<td><strong>Model rejestratora ; KS- 20<\/strong><\/p>\n<div class=\"center\" style=\"text-align: left;\">Pami\u0119\u0107 wewn\u0119trzna : 4 GB<br \/>Czas ci\u0105g\u0142ego nagrywani : 20 godzin<br \/>Pojemno\u015b\u0107 pami\u0119ci : 70 godzin<br \/>Pasmo przenoszenia : 20 Hz &#8211; 20 kHz (-6dB)<br \/>Zakres dynamiki : 65 dB<br \/>Format zapisu : WAV &#8211; 128 Kbps<br \/>Zasilanie : Akumulator Li-Poly&nbsp;220 mAh<br \/>\u0141adowanie akumulatora : 5 V DC (USB)<\/div>\n<div class=\"center\" style=\"text-align: left;\"><span style=\"color: #ff0000;\">Magnes neodymowy : nie<\/span><\/div>\n<div class=\"center\" style=\"text-align: left;\"><span style=\"color: #ff0000;\">Mikrofon zewn\u0119trzny : nie<\/span><br \/>Funkcja odtwarzania : PC<br \/>Obs\u0142ugiwane systemy : Win. ME, 2000, XP, Vista, 7, 10<br \/>Wymiary : 40 &#8211; 16 &#8211; 7 mm<\/div>\n<p>&nbsp;Aplikacje do ods\u0142uchu : Media Player, Audacity, WavePad<\/td>\n<\/tr>\n<tr>\n<td><a href=\"https:\/\/www.euro-soft.pl\/w\/mini-dyktafon-ks-40\/\"><img loading=\"lazy\" decoding=\"async\" class=\" size-full wp-image-332\" src=\"https:\/\/www.euro-soft.pl\/wordpress\/wp-content\/uploads\/2020\/02\/mini_dyktafon_40.png\" alt=\"mini dyktafon 40\" style=\"display: block; margin-left: auto; margin-right: auto;\" width=\"306\" height=\"148\" srcset=\"https:\/\/www.euro-soft.pl\/w\/wp-content\/uploads\/2020\/02\/mini_dyktafon_40.png 306w, https:\/\/www.euro-soft.pl\/w\/wp-content\/uploads\/2020\/02\/mini_dyktafon_40-300x145.png 300w\" sizes=\"auto, (max-width: 306px) 100vw, 306px\" \/><\/a><\/td>\n<td><strong>Model&nbsp;mini dyktafonu&nbsp;: KS- 40<\/strong><br \/>Pami\u0119\u0107 wewn\u0119trzna : 4 GB<br \/>Czas ci\u0105g\u0142ego nagrywani : 20 godzin<br \/>Pojemno\u015b\u0107 pami\u0119ci : 70 godzin<br \/>Pasmo przenoszenia : 20 Hz &#8211; 20 kHz (-6dB)<br \/>Zakres dynamiki : 65 dB<br \/>Format zapisu : WAV &#8211; 128 Kbps<br \/>Zasilanie : Akumulator Li-Poly&nbsp;220 mAh<br \/>\u0141adowanie akumulatora : 5 V DC (USB)<br \/>Funkcja odtwarzania : PC<br \/>Obs\u0142ugiwane systemy : Win. ME, 2000, XP, Vista, 7, 10<br \/><span style=\"color: #ff0000;\">Mikrofon zewn\u0119trzny :&nbsp;nie<\/span><br \/><span style=\"color: #ff0000;\">Magnes neodymowy : nie<\/span><br \/>Wymiary : 40 &#8211; 16 &#8211; 7 mm<br \/>Aplikacje do ods\u0142uchu : Media Player, Audacity, WavePad<\/td>\n<\/tr>\n<tr>\n<td><a href=\"https:\/\/www.euro-soft.pl\/w\/mini-dyktafon-ks-40\/\"><img loading=\"lazy\" decoding=\"async\" class=\" size-full wp-image-333\" src=\"https:\/\/www.euro-soft.pl\/wordpress\/wp-content\/uploads\/2020\/02\/mini_dyktafon_60.png\" alt=\"mini dyktafon 60\" style=\"display: block; margin-left: auto; margin-right: auto;\" width=\"316\" height=\"166\" srcset=\"https:\/\/www.euro-soft.pl\/w\/wp-content\/uploads\/2020\/02\/mini_dyktafon_60.png 316w, https:\/\/www.euro-soft.pl\/w\/wp-content\/uploads\/2020\/02\/mini_dyktafon_60-300x158.png 300w\" sizes=\"auto, (max-width: 316px) 100vw, 316px\" \/><\/a><\/td>\n<td><strong>Model&nbsp;mini dyktafonu&nbsp;: KS- 40<\/strong><br \/>Pami\u0119\u0107 wewn\u0119trzna : 4 GB<br \/>Czas ci\u0105g\u0142ego nagrywani : 20 godzin<br \/>Pojemno\u015b\u0107 pami\u0119ci : 70 godzin<br \/>Pasmo przenoszenia : 20 Hz &#8211; 20 kHz (-6dB)<br \/>Zakres dynamiki : 65 dB<br \/>Format zapisu : WAV &#8211; 128 Kbps<br \/>Zasilanie : Akumulator Li-Poly&nbsp;220 mAh<br \/>\u0141adowanie akumulatora : 5 V DC (USB)<br \/>Funkcja odtwarzania : PC<br \/>Obs\u0142ugiwane systemy : Win. ME, 2000, XP, Vista, 7, 10<br \/><span style=\"color: #ff0000;\">Mikrofon zewn\u0119trzny :&nbsp;nie<\/span><br \/><span style=\"color: #ff0000;\">Magnes neodymowy : nie<\/span><br \/>Wymiary : 40 &#8211; 16 &#8211; 7 mm<br \/>Aplikacje do ods\u0142uchu : Media Player, Audacity<\/td>\n<\/tr>\n<tr>\n<td>&nbsp;<a href=\"https:\/\/www.euro-soft.pl\/w\/kategoria-produktu\/sklep-euro-soft\/mini-dyktafony\/\"><img loading=\"lazy\" decoding=\"async\" src=\"images\/Dyktafon\/70_blok.jpg\" alt=\"70 blok\" width=\"315\" height=\"265\" style=\"display: block; margin-left: auto; margin-right: auto;\" \/><\/a><\/td>\n<td>\n<p><strong>Model dyktafonu: KS70SX<br \/><\/strong><span style=\"color: #ff0000;\">Blokada odczytu<\/span><br \/>Pami\u0119\u0107 wewn\u0119trzna dyktafonu: 4 GB<br \/>Czas ci\u0105g\u0142ego nagrywania :70 godzin<br \/>Pojemni\u015b\u0107 pami\u0119ci dyktafonu: 70 godzin<br \/>Pasmo przenoszenia: 20 Hz &#8211; 20 kHz&nbsp; (-6dB)<br \/>Zakres dynamiki: 65 dB<br \/>Format zapisu: WAV &#8211; 128 kBps<br \/>Zasilanie: akumulator Li-Poly 450 mAh<br \/>Odtwarzanie na: system Win<br \/><span style=\"color: #ff0000;\">Mikrofon zewn\u0119trzny: nie<br \/>Mikrofon zewn\u0119trzny: nie<\/span><br \/>Wymiary 40-16-16 mm<br \/>Aplikacja do ods\u0142uchu: Media Player<br \/>Rekomendowane oprogramowania: AudaCity, WavePad<\/p>\n<\/td>\n<\/tr>\n<tr>\n<td>&nbsp;<a href=\"https:\/\/www.euro-soft.pl\/w\/kategoria-produktu\/sklep-euro-soft\/mini-dyktafony\/\"><img loading=\"lazy\" decoding=\"async\" class=\" size-full wp-image-334\" src=\"https:\/\/www.euro-soft.pl\/wordpress\/wp-content\/uploads\/2020\/02\/KS-140.jpg\" alt=\"KS 140\" style=\"display: block; margin-left: auto; margin-right: auto;\" width=\"346\" height=\"230\" srcset=\"https:\/\/www.euro-soft.pl\/w\/wp-content\/uploads\/2020\/02\/KS-140.jpg 346w, https:\/\/www.euro-soft.pl\/w\/wp-content\/uploads\/2020\/02\/KS-140-300x199.jpg 300w\" sizes=\"auto, (max-width: 346px) 100vw, 346px\" \/><\/a><\/td>\n<td>\n<p>&nbsp;<strong>Model rejestratora : KS- 140<\/strong><br \/>Pami\u0119\u0107 wewn\u0119trzna : 8 GB<br \/>Czas ci\u0105g\u0142ego nagrywania : 140 godzin<br \/>Pojemno\u015b\u0107 pami\u0119ci : 140 godzin<br \/>Pasmo przenoszenia : 20 Hz &#8211; 20 kHz (-6dB)<br \/>Zakres dynamiki : 65 dB<br \/>Format zapisu : WAV &#8211; 128 Kbps<br \/>Zasilanie : Akumulator Li-Poly 800 mAh<br \/>\u0141adowanie akumulatora : 5 V DC (USB)<br \/>Funkcja odtwarzania : :&nbsp;Win. ME, 2000, XP, Vista, 7, 10<br \/><span style=\"color: #ff0000;\">Mikrofon zewn\u0119trzny :&nbsp;nie<\/span><br \/><span style=\"color: #ff0000;\">Magnes neodymowy : nie<\/span><br \/>Wymiary : 40 &#8211; 16 &#8211; 7 mm<br \/>Aplikacje do ods\u0142uchu : Media Player, Audacity, WavePad<\/p>\n<\/td>\n<\/tr>\n<tr>\n<td>&nbsp;<a href=\"https:\/\/www.euro-soft.pl\/w\/kategoria-produktu\/sklep-euro-soft\/mini-dyktafony\/\"><img loading=\"lazy\" decoding=\"async\" class=\" size-full wp-image-335\" src=\"https:\/\/www.euro-soft.pl\/wordpress\/wp-content\/uploads\/2020\/02\/KS-140_A.jpg\" alt=\"KS 140 A\" style=\"display: block; margin-left: auto; margin-right: auto;\" width=\"281\" height=\"229\" \/><\/a><\/td>\n<td>&nbsp;<strong>Model rejestratora : KS- 140 AN<\/strong><br \/>Pami\u0119\u0107 wewn\u0119trzna : 8 GB<br \/>Czas ci\u0105g\u0142ego nagrywania : 140 godzin<br \/>Pojemno\u015b\u0107 pami\u0119ci : 140 godzin<br \/>Pasmo przenoszenia : 20 Hz &#8211; 20 kHz (-6dB)<br \/>Zakres dynamiki : 65 dB<br \/>Format zapisu : WAV &#8211; 128 Kbps<br \/>Zasilanie : Akumulator Li-Poly 800 mAh<br \/>\u0141adowanie akumulatora : 5 V DC (USB)<br \/>Funkcja odtwarzania : :&nbsp;Win. ME, 2000, XP, Vista, 7, 10<br \/><span style=\"color: #ff0000;\">Mikrofon zewn\u0119trzny :&nbsp;tak<\/span><br \/><span style=\"color: #ff0000;\">Mocowanie: magnes neodymowy<\/span><br \/>Wymiary : 40 &#8211; 16 &#8211; 7 mm<br \/>Aplikacje do ods\u0142uchu : Media Player, Audacity, WavePad<\/td>\n<\/tr>\n<tr>\n<td>&nbsp;<a href=\"https:\/\/www.euro-soft.pl\/w\/kategoria-produktu\/sklep-euro-soft\/mini-dyktafony\/\"><img loading=\"lazy\" decoding=\"async\" class=\" size-full wp-image-336\" src=\"https:\/\/www.euro-soft.pl\/wordpress\/wp-content\/uploads\/2020\/02\/KS-280.jpg\" alt=\"KS 280\" style=\"display: block; margin-left: auto; margin-right: auto;\" width=\"320\" height=\"277\" srcset=\"https:\/\/www.euro-soft.pl\/w\/wp-content\/uploads\/2020\/02\/KS-280.jpg 320w, https:\/\/www.euro-soft.pl\/w\/wp-content\/uploads\/2020\/02\/KS-280-300x260.jpg 300w\" sizes=\"auto, (max-width: 320px) 100vw, 320px\" \/><\/a><\/td>\n<td><strong>&nbsp;Model rejestratora : KS- 280<\/strong><br \/>Pami\u0119\u0107 wewn\u0119trzna : 16 GB<br \/>Czas ci\u0105g\u0142ego nagrywania : 280 godzin<br \/>Pojemno\u015b\u0107 pami\u0119ci : 280 godzin<br \/>Pasmo przenoszenia : 20 Hz &#8211; 20 kHz (-6dB)<br \/>Zakres dynamiki : 65 dB<br \/>Format zapisu : WAV &#8211; 128 Kbps<br \/>Zasilanie : Akumulator Li-Poly 3400 mAh<br \/>\u0141adowanie akumulatora : PC<br \/>Obs\u0142ugiwane systemy : Win. ME, 2000, XP, Vista, 7, 10<br \/><span style=\"color: #ff0000;\">Mikrofon zewn\u0119trzny :&nbsp;nie<\/span><br \/><span style=\"color: #ff0000;\">Magnes neodymowy : nie<\/span><br \/>Wymiary : 40 &#8211; 16 &#8211; 7 mm<br \/>Aplikacje do ods\u0142uchu : Media Player, Audacity, WavePad<\/td>\n<\/tr>\n<tr>\n<td>&nbsp;<a href=\"https:\/\/www.euro-soft.pl\/w\/kategoria-produktu\/sklep-euro-soft\/mini-dyktafony\/\"><img loading=\"lazy\" decoding=\"async\" class=\" size-full wp-image-337\" src=\"https:\/\/www.euro-soft.pl\/wordpress\/wp-content\/uploads\/2020\/02\/KS-280_A.jpg\" alt=\"KS 280 A\" style=\"display: block; margin-left: auto; margin-right: auto;\" width=\"334\" height=\"277\" srcset=\"https:\/\/www.euro-soft.pl\/w\/wp-content\/uploads\/2020\/02\/KS-280_A.jpg 334w, https:\/\/www.euro-soft.pl\/w\/wp-content\/uploads\/2020\/02\/KS-280_A-300x249.jpg 300w\" sizes=\"auto, (max-width: 334px) 100vw, 334px\" \/><\/a><\/td>\n<td><strong>Model rejestratora : KS- 280AN<\/strong><br \/>Pami\u0119\u0107 wewn\u0119trzna : 16 GB<br \/>Czas ci\u0105g\u0142ego nagrywania : 280 godzin<br \/>Pojemno\u015b\u0107 pami\u0119ci : 280 godzin<br \/>Pasmo przenoszenia : 20 Hz &#8211; 20 kHz (-6dB)<br \/>Zakres dynamiki : 65 dB<br \/>Format zapisu : WAV &#8211; 128 Kbps<br \/>Zasilanie : Akumulator Li-Poly 3400 mAh<br \/>\u0141adowanie akumulatora : 5 V DC (USB)<br \/>Funkcja odtwarzania : PC<br \/><span style=\"color: #ff0000;\">Mikrofon zewn\u0119trzny : tak<\/span><br \/><span style=\"color: #ff0000;\">Mocowane : magnes neodymowy<\/span><br \/>Wymiary : 40 &#8211; 16 &#8211; 7 mm<br \/>Aplikacje do ods\u0142uchu : Media Player, Audacity, WavePad<\/td>\n<\/tr>\n<tr>\n<td><a href=\"https:\/\/www.euro-soft.pl\/w\/sklep\/\"><img loading=\"lazy\" decoding=\"async\" class=\" size-full wp-image-338\" src=\"https:\/\/www.euro-soft.pl\/wordpress\/wp-content\/uploads\/2020\/02\/280_blok.jpg\" alt=\"280 blok\" width=\"343\" height=\"253\" style=\"display: block; margin-left: auto; margin-right: auto;\" srcset=\"https:\/\/www.euro-soft.pl\/w\/wp-content\/uploads\/2020\/02\/280_blok.jpg 541w, https:\/\/www.euro-soft.pl\/w\/wp-content\/uploads\/2020\/02\/280_blok-300x222.jpg 300w\" sizes=\"auto, (max-width: 343px) 100vw, 343px\" \/><\/a>&nbsp;<\/td>\n<td>&nbsp;<strong>Model dyktafonu: KS-280 BN<br \/><\/strong><span style=\"color: #ff0000;\">Blokada odczytu<\/span><br \/>Pami\u0119\u0107 wewn\u0119trzna dyktafonu: 16 GB<br \/>Czas ci\u0105g\u0142ego nagrywania : 280 godzin<br \/>Pojemni\u015b\u0107 pami\u0119ci dyktafonu: 280 godzin<br \/>Pasmo przenoszenia: 20 Hz &#8211; 20 kHz (-6dB)<br \/>Zakres dynamiki: 65 dB<br \/>Format zapisu: WAV &#8211; 128 kBps<br \/>Zasilanie: akumulator Li-Poly 3400 mAh<br \/>Ladowanie akumulatora: 5 V DC (USB) <br \/>Odtwarzanie na: system Win<br \/><span style=\"color: #ff0000;\">Mikrofon zewn\u0119trzny: nie<\/span><br \/><span style=\"color: #ff0000;\">Magnes neodymowy: tak<\/span><br \/>Wymiary 68-21-19 mm<br \/>Aplikacje do ods\u0142uchu : Media Player, Audacity, WavePad<\/td>\n<\/tr>\n<tr>\n<td><img loading=\"lazy\" decoding=\"async\" class=\" size-full wp-image-339\" src=\"https:\/\/www.euro-soft.pl\/wordpress\/wp-content\/uploads\/2020\/02\/mini_dyktafon_mp3.jpg\" alt=\"mini dyktafon mp3\" style=\"display: block; margin-left: auto; margin-right: auto;\" width=\"200\" height=\"229\" \/><\/td>\n<td>\n<p>Rejestracja w standarcie MP3<\/p>\n<p>Zapis na kart\u0119 mikro SD<\/p>\n<\/td>\n<\/tr>\n<\/tbody>\n<\/table>\n<p>&nbsp;<\/p>\n","protected":false},"excerpt":{"rendered":"<p>Dyktafony specjalnego przeznaczenia Model rejestratora ; KS- 20 Pami\u0119\u0107 wewn\u0119trzna : 4 GBCzas ci\u0105g\u0142ego nagrywani : 20 godzinPojemno\u015b\u0107 pami\u0119ci : 70 godzinPasmo przenoszenia : 20 Hz &#8211; 20 kHz (-6dB)Zakres dynamiki : 65 dBFormat zapisu : WAV &#8211; 128 KbpsZasilanie : Akumulator Li-Poly&nbsp;220 mAh\u0141adowanie akumulatora : 5 V DC (USB) Magnes neodymowy : nie Mikrofon [&hellip;]<\/p>\n","protected":false},"author":1,"featured_media":331,"parent":0,"menu_order":3,"comment_status":"closed","ping_status":"closed","template":"","meta":{"footnotes":""},"categories":[8],"tags":[],"class_list":["post-340","page","type-page","status-publish","has-post-thumbnail","hentry","category-blog"],"blocksy_meta":[],"_links":{"self":[{"href":"https:\/\/www.euro-soft.pl\/w\/wp-json\/wp\/v2\/pages\/340","targetHints":{"allow":["GET"]}}],"collection":[{"href":"https:\/\/www.euro-soft.pl\/w\/wp-json\/wp\/v2\/pages"}],"about":[{"href":"https:\/\/www.euro-soft.pl\/w\/wp-json\/wp\/v2\/types\/page"}],"author":[{"embeddable":true,"href":"https:\/\/www.euro-soft.pl\/w\/wp-json\/wp\/v2\/users\/1"}],"replies":[{"embeddable":true,"href":"https:\/\/www.euro-soft.pl\/w\/wp-json\/wp\/v2\/comments?post=340"}],"version-history":[{"count":1,"href":"https:\/\/www.euro-soft.pl\/w\/wp-json\/wp\/v2\/pages\/340\/revisions"}],"predecessor-version":[{"id":686,"href":"https:\/\/www.euro-soft.pl\/w\/wp-json\/wp\/v2\/pages\/340\/revisions\/686"}],"wp:featuredmedia":[{"embeddable":true,"href":"https:\/\/www.euro-soft.pl\/w\/wp-json\/wp\/v2\/media\/331"}],"wp:attachment":[{"href":"https:\/\/www.euro-soft.pl\/w\/wp-json\/wp\/v2\/media?parent=340"}],"wp:term":[{"taxonomy":"category","embeddable":true,"href":"https:\/\/www.euro-soft.pl\/w\/wp-json\/wp\/v2\/categories?post=340"},{"taxonomy":"post_tag","embeddable":true,"href":"https:\/\/www.euro-soft.pl\/w\/wp-json\/wp\/v2\/tags?post=340"}],"curies":[{"name":"wp","href":"https:\/\/api.w.org\/{rel}","templated":true}]}}