{"id":277,"date":"2019-09-09T08:19:09","date_gmt":"2019-09-09T06:19:09","guid":{"rendered":"https:\/\/www.euro-soft.pl\/wordpress\/wykrywanie-podsluchu-weryfikacja\/"},"modified":"2025-10-22T16:36:22","modified_gmt":"2025-10-22T14:36:22","slug":"wykrywanie-podsluchu-weryfikacja","status":"publish","type":"page","link":"https:\/\/www.euro-soft.pl\/w\/wykrywanie-podsluchu-weryfikacja\/","title":{"rendered":"Weryfikacja wykonawcy"},"content":{"rendered":"\n<h2 class=\"wp-block-heading\">Wykrywanie pods\u0142uchu<\/h2>\n\n\n\n<p>Pierwszym pytaniem, jakie zadaje potencjalny klient w rozmowie z nami to:<strong> Jaka jest cena za wykrywanie pods\u0142uchu.<\/strong> Ot\u00f3\u017c nale\u017cy mie\u0107 \u015bwiadomo\u015b\u0107, \u017ce cena jest pochodn\u0105 wielu czynnik\u00f3w, takich jak: wiedza w zakresie wykrywania pods\u0142uch\u00f3w, poziom wykszta\u0142cenia i dorobek zawodowy w omawianej tematyce, udokumentowana historia pracy w obszarze wykrywania pods\u0142uchu, sprz\u0119t kt\u00f3rym wykonuje si\u0119 czynno\u015bci sprawdzaj\u0105ce. Tak\u017ce pozom akceptowalnej ceny przez zleceniodawc\u0119 jest pochodn\u0105 potencjalnych strat wynikaj\u0105cych z istnienia pods\u0142uchu.<\/p>\n\n\n\n<p>Oczywi\u015bcie pytania zadawane przysz\u0142emu wykonawcy&nbsp; maj\u0105&nbsp; na celu zweryfikowanie&nbsp; ich mo\u017cliwo\u015bci merytoryczno sprz\u0119towych z oferowan\u0105 przez nich cen\u0105. Sugerujemy nast\u0119puj\u0105cy scenariusz wst\u0119pnej rozmowy weryfikacyjnej przeprowadzanej z potencjalnym wykonawc\u0105:<\/p>\n\n\n\n<ul class=\"wp-block-list\">\n<li>Jakie posiadasz do\u015bwiadczenie w zakresie wykrywania pods\u0142uchu. <a href=\"https:\/\/www.euro-soft.pl\/w\/uprawnienia\/\"><span style=\"background-color: #0000ff; color: #ffffff;\">Nasza odpowiedz<\/span>.<\/a><\/li>\n\n\n\n<li>Jakim sprz\u0119tem si\u0119 pos\u0142ugujesz .<span style=\"background-color: #0000ff; color: #ffffff;\"><a style=\"background-color: #0000ff; color: #ffffff;\" href=\"https:\/\/www.euro-soft.pl\/w\/\"> Nasza odpowiedz.<\/a><\/span><\/li>\n\n\n\n<li>Czy posiadasz udokumentowane zlecenia z zakresu wykrywania pods\u0142uchu. <a href=\"https:\/\/www.euro-soft.pl\/w\"><span style=\"background-color: #0000ff; color: #ffffff;\">Nasza odpowiedz<\/span>.<\/a><\/li>\n\n\n\n<li>Jakie posiadasz rekomendacje.<span style=\"background-color: #0000ff; color: #ffffff;\"><a style=\"background-color: #0000ff; color: #ffffff;\" href=\"https:\/\/www.euro-soft.pl\/w\/referencje\/\"> Nasza odpowiedz.<\/a><\/span><\/li>\n\n\n\n<li>Jakie s\u0105 koszty kompleksowego procesu wykrywanie pods\u0142uchu.\u00a0<a href=\"https:\/\/www.euro-soft.pl\/w\/cena\/\"><span style=\"background-color: #0000ff; color: #ffffff;\">Nasza cena<\/span>.<\/a><\/li>\n<\/ul>\n\n\n\n<figure class=\"wp-block-image alignleft\"><img decoding=\"async\" src=\"https:\/\/www.euro-soft.pl\/media\/upload\/images\/oscor_green\/oscor_zd1.jpg\" alt=\"Wykrywanie pods\u0142uchu - weryfikacja wykonawcy\"\/><\/figure>\n\n\n\n<p>Uzyskuj\u0105c odpowiedzi na powy\u017csze pytania zleceniodawca powinien oceni\u0107 poziom merytoryczno sprz\u0119towy potencjalnego wykonawcy.&nbsp; Nale\u017cy pami\u0119ta\u0107, \u017ce powszechnie dost\u0119pne urz\u0105dzenia do inwigilacji istniej\u0105ce na polskim rynku, wymagaj\u0105 bardzo zaawansowanego sprz\u0119tu do ich wykrywania. Przyk\u0142adem mo\u017ce by\u0107 lokalizator po\u0142o\u017cenia o nazwie Noti One. Wykrycie tego lokalizatora wymaga u\u017cycia czu\u0142ego analizatora widma. W tym przypadku my pos\u0142ugujemy si\u0119 analizatorem OSCOR Green. Noti One posiada gabaryty zbli\u017cone do monety dwu z\u0142otowej a czas pracy na standardowej baterii to okres ok. 12 miesi\u0119cy.<\/p>\n\n\n\n<p class=\"clear\">W celu okre\u015blenia poziomu cenowego prosimy o podania ilo\u015bci przestrzeni akustycznych podlegaj\u0105cych badaniu oraz przybli\u017conego adresu obiektu w kt\u00f3rym b\u0119d\u0105 przeprowadzane pomiary. Wykrywanie pods\u0142uchu nie jest wykonywane na zlecenie pracownik\u00f3w w pomieszczeniach, w kt\u00f3rych pracuj\u0105. Kontakt tel. 501-159-903 lub eurosoft@euro-soft.pl&nbsp;<\/p>\n\n\n\n<figure class=\"wp-block-image\"><img loading=\"lazy\" decoding=\"async\" width=\"631\" height=\"200\" src=\"https:\/\/www.euro-soft.pl\/wordpress\/wp-content\/uploads\/2019\/09\/wykrywanie-podsluchu.png\" alt=\"Wykrywanie pods\u0142uchu - weryfikacja wykonawcy\" class=\"wp-image-274\" srcset=\"https:\/\/www.euro-soft.pl\/w\/wp-content\/uploads\/2019\/09\/wykrywanie-podsluchu.png 631w, https:\/\/www.euro-soft.pl\/w\/wp-content\/uploads\/2019\/09\/wykrywanie-podsluchu-300x95.png 300w, https:\/\/www.euro-soft.pl\/w\/wp-content\/uploads\/2019\/09\/wykrywanie-podsluchu-600x190.png 600w\" sizes=\"auto, (max-width: 631px) 100vw, 631px\" \/><\/figure>\n\n\n\n<p class=\"has-text-align-center\"><\/p>\n\n\n\n<figure class=\"wp-block-image alignleft\"><a href=\"https:\/\/www.euro-soft.pl\/wordpress\/wp-content\/uploads\/2019\/09\/Untitled_8.jpg\"><img loading=\"lazy\" decoding=\"async\" width=\"323\" height=\"200\" src=\"https:\/\/www.euro-soft.pl\/wordpress\/wp-content\/uploads\/2019\/09\/GPS_M.jpg\" alt=\"weryfikacja wykonawcy\" class=\"wp-image-276\" srcset=\"https:\/\/www.euro-soft.pl\/w\/wp-content\/uploads\/2019\/09\/GPS_M.jpg 323w, https:\/\/www.euro-soft.pl\/w\/wp-content\/uploads\/2019\/09\/GPS_M-300x186.jpg 300w\" sizes=\"auto, (max-width: 323px) 100vw, 323px\" \/><\/a><\/figure>\n\n\n\n<p class=\"has-text-align-center clear-both\"><\/p>\n\n\n\n<p>Wykonujemy tak\u017ce <strong>wykrywanie&nbsp; GPS<\/strong> w samochodach lub w przesy\u0142kach pocztowych. Wykrywamy r\u00f3wnie\u017c lokalizatory istniej\u0105ce na polskim rynku pod nazw\u0105 <strong>NotiOne<\/strong>. . Stosowana przez nas procedura niezapewnia stu procentow\u0105 skuteczno\u015b\u0107.&nbsp;<\/p>\n","protected":false},"excerpt":{"rendered":"<p>Wykrywanie pods\u0142uchu Pierwszym pytaniem, jakie zadaje potencjalny klient w rozmowie z nami to: Jaka jest cena za wykrywanie pods\u0142uchu. Ot\u00f3\u017c nale\u017cy mie\u0107 \u015bwiadomo\u015b\u0107, \u017ce cena jest pochodn\u0105 wielu czynnik\u00f3w, takich jak: wiedza w zakresie wykrywania pods\u0142uch\u00f3w, poziom wykszta\u0142cenia i dorobek zawodowy w omawianej tematyce, udokumentowana historia pracy w obszarze wykrywania pods\u0142uchu, sprz\u0119t kt\u00f3rym wykonuje si\u0119 [&hellip;]<\/p>\n","protected":false},"author":1,"featured_media":0,"parent":0,"menu_order":0,"comment_status":"closed","ping_status":"closed","template":"","meta":{"footnotes":""},"categories":[9],"tags":[],"class_list":["post-277","page","type-page","status-publish","hentry","category-wykrywanie-podsluchu-cena"],"blocksy_meta":[],"_links":{"self":[{"href":"https:\/\/www.euro-soft.pl\/w\/wp-json\/wp\/v2\/pages\/277","targetHints":{"allow":["GET"]}}],"collection":[{"href":"https:\/\/www.euro-soft.pl\/w\/wp-json\/wp\/v2\/pages"}],"about":[{"href":"https:\/\/www.euro-soft.pl\/w\/wp-json\/wp\/v2\/types\/page"}],"author":[{"embeddable":true,"href":"https:\/\/www.euro-soft.pl\/w\/wp-json\/wp\/v2\/users\/1"}],"replies":[{"embeddable":true,"href":"https:\/\/www.euro-soft.pl\/w\/wp-json\/wp\/v2\/comments?post=277"}],"version-history":[{"count":2,"href":"https:\/\/www.euro-soft.pl\/w\/wp-json\/wp\/v2\/pages\/277\/revisions"}],"predecessor-version":[{"id":703,"href":"https:\/\/www.euro-soft.pl\/w\/wp-json\/wp\/v2\/pages\/277\/revisions\/703"}],"wp:attachment":[{"href":"https:\/\/www.euro-soft.pl\/w\/wp-json\/wp\/v2\/media?parent=277"}],"wp:term":[{"taxonomy":"category","embeddable":true,"href":"https:\/\/www.euro-soft.pl\/w\/wp-json\/wp\/v2\/categories?post=277"},{"taxonomy":"post_tag","embeddable":true,"href":"https:\/\/www.euro-soft.pl\/w\/wp-json\/wp\/v2\/tags?post=277"}],"curies":[{"name":"wp","href":"https:\/\/api.w.org\/{rel}","templated":true}]}}