{"id":268,"date":"2019-05-29T06:28:46","date_gmt":"2019-05-29T04:28:46","guid":{"rendered":"https:\/\/www.euro-soft.pl\/wordpress\/mini-dyktafon-2\/"},"modified":"2025-10-21T09:34:48","modified_gmt":"2025-10-21T07:34:48","slug":"mini-dyktafon-2","status":"publish","type":"page","link":"https:\/\/www.euro-soft.pl\/w\/mini-dyktafon-2\/","title":{"rendered":"Dyktafony"},"content":{"rendered":"<h2 style=\"text-align: initial;\"><span class=\"marker\">Mini dyktafon Warszawa<\/span><\/h2>\n<p><strong>Dyktafon <\/strong>oferowany przez Euro-Soft&nbsp;jest podstawowym narz\u0119dziem w pracy detektywistycznej. Gwarantuj\u0105 one skuteczn\u0105 rejestracj\u0119 krystalicznie czystego d\u017awi\u0119ku i niezawodn\u0105 prac\u0119 przez wiele godzin.<\/p>\n<p><strong>Dyktafon<\/strong> s\u0142u\u017cy do prowadzenia dyskretnego nagrywania fonii w trakcie rozm\u00f3w bezpo\u015brednich, do nagrywania rozm\u00f3w w pomieszczeniu lub w samochodzie. Czas zapisu wynosi do 20 godzin. Przede wszystkim ka\u017cdy plik w swojej nazwie posiada dat\u0119 i godzin\u0119 jego wykonania. Tego typu oznakowanie plik\u00f3w pozwala na dokonanie wst\u0119pnej preselekcji nagranego materia\u0142u i wyeliminowanie plik\u00f3w &#8211; nagra\u0144 z okres\u00f3w nas nie interesuj\u0105cych.<\/p>\n<p>Nagrane pliki posiadaj\u0105 rozszerzenie WAV. Odtwarzane s\u0105 przez oprogramowanie istniej\u0105ce na ka\u017cdym komputerze z systemem operacyjnym Windows &#8211; Media Player. Jednak korzystanie z tego oprogramowania jest bardzo czasoch\u0142onne. Proponujemy wykorzysta\u0107 program Wave Pad. Jest to darmowa aplikacja umo\u017cliwiaj\u0105ca szybkie i dok\u0142adne ods\u0142uchanie tre\u015bci wykonanych nagra\u0144.<\/p>\n<p>Program ten umo\u017cliwia obserwacj\u0119 modulacji g\u0142osu. Oznacza to \u017ce widzimy gdzie wyst\u0119puje cisza a gdzie rozmowa. Mo\u017cemy zaznacza\u0107 kr\u00f3tkie przedzia\u0142y wykonanego nagrania i ods\u0142uchiwa\u0107 je w p\u0119tli. Taki ods\u0142uch pozwala na zidentyfikowanie wyraz\u00f3w, kt\u00f3re przy pierwszym ods\u0142uchu mog\u0105 by\u0107 niewyra\u017ane &#8211; niezrozumia\u0142e.<\/p>\n<h2 class=\"clear-both\">Mini dyktafon 4 GB<\/h2>\n<p style=\"text-align: center;\"><img loading=\"lazy\" decoding=\"async\" class=\" alignleft size-full wp-image-263\" src=\"https:\/\/www.euro-soft.pl\/wordpress\/wp-content\/uploads\/2019\/05\/mini_dyktafon_KS-20.jpg\" alt=\"Dyktafon 4 GB charakteryzuje si\u0119 ma\u0142ymi gabarytami. Nagrywa od 20 do 60 godzin. Nagranie jest wykonane w plikach po 4 godzin. Pliki s\u0105 datowane\" width=\"148\" height=\"147\" style=\"margin: 22px; border: 1px solid #000000; float: left;\" title=\"Dyktafon 4 GB przeznaczony jest do nagra\u0144 kr\u00f3tko okresowych.\" srcset=\"https:\/\/www.euro-soft.pl\/w\/wp-content\/uploads\/2019\/05\/mini_dyktafon_KS-20.jpg 161w, https:\/\/www.euro-soft.pl\/w\/wp-content\/uploads\/2019\/05\/mini_dyktafon_KS-20-150x150.jpg 150w, https:\/\/www.euro-soft.pl\/w\/wp-content\/uploads\/2019\/05\/mini_dyktafon_KS-20-100x100.jpg 100w\" sizes=\"auto, (max-width: 148px) 100vw, 148px\" \/><\/p>\n<p><strong>Dyktafon<\/strong> wyst\u0119puje w kilku wersjach, r\u00f3\u017cni\u0105cych si\u0119 czasem nagrywania oraz gabarytem. Podstawowa wersja to mini dyktafonu KS-20. Wykonuje nagrania rozm\u00f3w bezpo\u015brednich. Ma\u0142y gabaryt dyktafonu u\u0142atwia jego dyskretne ukrycie. Kobiety umieszczaj\u0105 mini dyktafon np. w biustonoszach, m\u0119\u017cczy\u017ani w krawatach. Dyktafon 4 GB umo\u017cliwia wykonanie <strong>20 godzin<\/strong> nagrania. i. Nagrania s\u0105 wykonywane w standardzie wav z pr\u00f3bkowaniem 128 Kb \/ s. Do ods\u0142uchu rekomendujemy darmow\u0105 aplikacje Wave Pad.<\/p>\n<h3 style=\"text-align: right;\">300 z\u0142&nbsp;<a href=\"https:\/\/www.euro-soft.pl\/w\/produkt\/mini-dyktafon-4-gb\/\"><img loading=\"lazy\" decoding=\"async\" class=\" size-full wp-image-264\" src=\"https:\/\/www.euro-soft.pl\/wordpress\/wp-content\/uploads\/2019\/05\/dodatkowe_informacje.jpg\" alt=\"dodatkowe informacje\" width=\"200\" height=\"32\" style=\"border: 1px solid rgb(255, 0, 0);\" \/><\/a><\/h3>\n<h3 style=\"text-align: right;\">&nbsp;&nbsp;<\/h3>\n<p style=\"text-align: right;\">&nbsp;<\/p>\n<h2 class=\"clear-both\">Mini dyktafon&nbsp;na kart\u0119 SD<\/h2>\n<h2 style=\"text-align: center;\"><img loading=\"lazy\" decoding=\"async\" class=\" alignleft size-full wp-image-265\" src=\"https:\/\/www.euro-soft.pl\/wordpress\/wp-content\/uploads\/2019\/05\/mini_dyktafon_KP-320.jpg\" alt=\"Dyktafon 2 GB SD pozwala na wykonanie nagrania rozmowy bezpo\u015bredniej w bardzo dobrej jako\u015bci d\u017awi\u0119ku. Nagrywa w standardzie mp3 z wysokim poziomem modulacji sygna\u0142u.\" width=\"147\" height=\"168\" style=\"margin: 22px; border: 1px solid #000000; float: left;\" title=\"Dyktafon 2 GB SD umo\u017cliwia wykonanie nagrania o wysokiej modulacji w standardzie mp3.\" \/><\/h2>\n<p>Rejestrator na kart\u0119 przeznaczony jest do nagrywania rozm\u00f3w bezpo\u015brednich. Nagrania wykonane s\u0105 w standardzie<strong> mp3 <\/strong>co zapewnia uzyskania bardzo wysokiego poziomu modulacji rejestrowanego d\u017awi\u0119ku. Ponadto dodatkow\u0105 zaleta tego mini rejestratora jest to \u017ce zapis tre\u015bci nagra\u0144 jest wykonany na karcie mikro SD. Zapewnia to mo\u017cliwo\u015b\u0107 zabezpieczenia oryginalnego no\u015bnika na wypadek podejrze\u0144 o manipulacji w tre\u015b\u0107 nagra\u0144 w przysz\u0142o\u015bci. W celu por\u00f3wnania standard\u00f3w zapisy WAV i MP3 wykonali\u015bmy pr\u00f3bne nagrania na dw\u00f3ch rejestratorach zapisuj\u0105cych w odmiennych standardach. Rejestracj\u0119 w\u0142\u0105czono jednocze\u015bnie i rejestrowa\u0142y g\u0142os z tej samej odleg\u0142o\u015bci i przy tym samym nat\u0119\u017ceniu d\u017awi\u0119ku. Efekt tej pr\u00f3by prezentujemy poni\u017cej.<\/p>\n<p style=\"text-align: right;\"><a href=\"https:\/\/www.euro-soft.pl\/w\/kategoria-produktu\/sklep-euro-soft\/mini-dyktafony\/\"><img loading=\"lazy\" decoding=\"async\" class=\" size-full wp-image-264\" src=\"https:\/\/www.euro-soft.pl\/wordpress\/wp-content\/uploads\/2019\/05\/dodatkowe_informacje.jpg\" alt=\"dodatkowe informacje\" width=\"200\" height=\"32\" style=\"border: 1px solid rgb(255, 0, 0);\" \/><\/a><\/p>\n<h2 class=\"clear-both\" style=\"text-align: center;\">Odczyt skasowanych nagra\u0144 z dyktafonu<\/h2>\n<p style=\"text-align: center;\"><img loading=\"lazy\" decoding=\"async\" class=\" alignleft size-full wp-image-167\" src=\"https:\/\/www.euro-soft.pl\/wordpress\/wp-content\/uploads\/2017\/12\/UFED_TOUCH.jpg\" alt=\"Prezentowane urz\u0105dzenie UFED s\u0142u\u017cy do odczytu skasowanych nagra\u0144 na mini dyktafonie. Produkowane jest przez CELLEBRITE Tel Awiv.\" width=\"408\" height=\"257\" style=\"float: left;\" title=\"Prezentowane urz\u0105dzenie UFED s\u0142u\u017cy do odczytu skasowanych nagra\u0144 na mini dyktafonie.\" srcset=\"https:\/\/www.euro-soft.pl\/w\/wp-content\/uploads\/2017\/12\/UFED_TOUCH.jpg 561w, https:\/\/www.euro-soft.pl\/w\/wp-content\/uploads\/2017\/12\/UFED_TOUCH-300x189.jpg 300w\" sizes=\"auto, (max-width: 408px) 100vw, 408px\" \/><\/p>\n<p>Nale\u017cy pami\u0119ta\u0107 o tym \u017ce ka\u017cde nagranie skasowane na dowolnym<strong> dyktafonie<\/strong> mo\u017ce by\u0107 odzyskane. Do tego celu wykorzystujemy system o nazwie UFED 4 PC produkowanym przez firm\u0119 Cellebrite Tel Awiv. Pozwala ono na odzyskanie nagra\u0144 usuni\u0119tych poprzez procedur\u0119 &#8222;delete&#8221;. Procedura ta usuwa adres dost\u0119pu do nagrania. Sama tre\u015b\u0107 nagrania nadal istnieje w pami\u0119ci dyktafonu. Skuteczn\u0105 metoda usuwania nagra\u0144 z dyktafonu jest przeprowadzenie gruntownego formatowania pami\u0119ci mini dyktafonu. <br \/>Nieodpowiednie parametry procesu formatowania mog\u0105 bezpowrotnie uszkodzi\u0107&nbsp; mini dyktafon. W trakcie odczytu informacji z dyktafon\u00f3w pozyskiwana jest pe\u0142na wiedza o przeprowadzonych procesach formatowania co pozwala na jednoznaczne okre\u015blenie przyczyn niesprawno\u015bci rejestratora.&nbsp;<br \/>Poni\u017cej prezentujemy wykonany odczyt nagra\u0144 skasowanych w dyktafonie poprzez procedur\u0119 &#8222;delete&#8221;. Odczyt wykonano ststemen UFED 4PC.<\/p>\n<p style=\"text-align: center;\"><img loading=\"lazy\" decoding=\"async\" class=\" size-full wp-image-266\" src=\"https:\/\/www.euro-soft.pl\/wordpress\/wp-content\/uploads\/2019\/05\/dyktafon_odczyt.jpg\" alt=\"odczyt skasowanych nagra\u0144 w dyktafonie\" width=\"806\" height=\"366\" style=\"border: 1px solid #000000;\" title=\"odczyt skasowanych nagra\u0144 w dyktafonie z wykorzystaniem UFED 4PC\" srcset=\"https:\/\/www.euro-soft.pl\/w\/wp-content\/uploads\/2019\/05\/dyktafon_odczyt.jpg 806w, https:\/\/www.euro-soft.pl\/w\/wp-content\/uploads\/2019\/05\/dyktafon_odczyt-300x136.jpg 300w, https:\/\/www.euro-soft.pl\/w\/wp-content\/uploads\/2019\/05\/dyktafon_odczyt-768x349.jpg 768w, https:\/\/www.euro-soft.pl\/w\/wp-content\/uploads\/2019\/05\/dyktafon_odczyt-600x272.jpg 600w\" sizes=\"auto, (max-width: 806px) 100vw, 806px\" \/><\/p>\n<h2 class=\"clear-both\">Skuteczne i tanie mini dyktafony szpiegowskie<\/h2>\n<p>Oferowane przez nas urz\u0105dzenia pozwalaj\u0105 na nagrywanie mowy i sygna\u0142\u00f3w t\u0142a przez nawet 300 godzin. Nagrania s\u0105 zapisywane w bezstratnym formacie WAV, kt\u00f3ry jest gwarancj\u0105 doskona\u0142ej jako\u015bci ods\u0142uchu. Utrwalaj\u0105 wszystkie zarejestrowane informacje.<\/p>\n<p>Sprz\u0119t jest wyposa\u017cony w bardzo czu\u0142e mikrofony, kt\u00f3rych obwody wzmacniaj\u0105ce s\u0105 odporne na fluktuacje zewn\u0119trznych p\u00f3l elektromagnetycznych. Dzi\u0119ki temu mo\u017cemy by\u0107 pewni, \u017ce niezb\u0119dna dla nas \u015bcie\u017cka d\u017awi\u0119kowa zostanie nagrana niezale\u017cnie od warunk\u00f3w \u015brodowiska.<\/p>\n<p>Dost\u0119pne w asortymencie sklepu Euro-Soft skuteczne i tanie mini dyktafony <b>szpiegowskie<\/b> s\u0105 kompatybilne zar\u00f3wno z systemami Microsoft Windows, jak i Linux oraz darmowym oprogramowaniem audio. Pozwalaj\u0105 na bardzo szybki odczyt zapisanych danych.<\/p>\n<h2>Szeroki wyb\u00f3r solidnych dyktafon\u00f3w do pods\u0142uchu<\/h2>\n<p>Oferujemy szeroki wyb\u00f3r solidnych i niedrogich <b>dyktafon\u00f3w<\/b> do pods\u0142uchu. Niewielkie rozmiary urz\u0105dze\u0144 daj\u0105 si\u0119 dyskretnie umie\u015bci\u0107 w kobiecym staniku lub m\u0119skim krawacie. Dzi\u0119ki zminiaturyzowanej, kompaktowej konstrukcji s\u0105 ca\u0142kowicie niewidoczne.<\/p>\n<p>Warto pami\u0119ta\u0107, \u017ce wysoki poziom dyskrecji jest zachowany r\u00f3wnie\u017c podczas transferu danych do komputera. Urz\u0105dzenia do z\u0142udzenia przypominaj\u0105 niewielkie pami\u0119ci przeno\u015bne, dzi\u0119ki czemu nikt nie zorientuje si\u0119, \u017ce dochodzi do transmisji materia\u0142u dowodowego.<\/p>\n<h2>Wybierz niezawodny mini dyktafon szpiegowski !<\/h2>\n<p>Je\u017celi szukasz miniaturowego sprz\u0119tu rejestruj\u0105cego mow\u0119, to wybierz niezawodny i tani <b>dyktafon szpiegowski<\/b> z naszego asortymentu! Zapewniamy fachowe wsparcie naszych specjalist\u00f3w. Wszystkie produkty obj\u0119te s\u0105 gwarancj\u0105. Oferujemy tak\u017ce serwis pogwarancyjny naszych mini dyktafon\u00f3w szpiegowskich.<\/p>\n<h3>Rekomendujemy aplikacj\u0119 do ods\u0142uchu mini dyktafon\u00f3w<\/h3>\n<h3 style=\"text-align: center;\"><a href=\"https:\/\/wavepad.softonic.pl\/\">Pobierz !!!<\/a> <a href=\"https:\/\/wavepad.softonic.pl\/\"><img loading=\"lazy\" decoding=\"async\" class=\" alignleft size-full wp-image-267\" src=\"https:\/\/www.euro-soft.pl\/wordpress\/wp-content\/uploads\/2019\/05\/384_KBPS.png\" alt=\"Aplikacja do ods\u0142uchu nagra\u0144 wykonanych na mini dyktafonach szpiegowskich produkowane w Euro-Soft. Jest to w pe\u0142ni profesjonalny program z wieloma praktycznymi opcjami.\" width=\"398\" height=\"187\" style=\"float: left;\" title=\"Aplikacja do ods\u0142uchu nagra\u0144 wykonanych na mini dyktafonach szpiegowskich produkowane w Euro-Soft.\" srcset=\"https:\/\/www.euro-soft.pl\/w\/wp-content\/uploads\/2019\/05\/384_KBPS.png 600w, https:\/\/www.euro-soft.pl\/w\/wp-content\/uploads\/2019\/05\/384_KBPS-300x141.png 300w\" sizes=\"auto, (max-width: 398px) 100vw, 398px\" \/><\/a><\/h3>\n<p>Program posiada podstawowe funkcje takie jak: kopiowanie, usuwanie, wycinanie, wklejanie, wyciszanie zmiana wysoko\u015bci modulacji czy kompresja. WawvePad jest prosty w u\u017cyciu nawet przez osob\u0119 maj\u0105c\u0105 z nim pierwszy kontakt. Prostota programu nie oznacza jego mniejszej przydatno\u015bci do wykonywania nawet zaawansowanych procedur odczytu lub zapisu fonii.<\/p>\n<p>Program ten posiada osiem algorytm\u00f3w automatycznego zmieniania \u015bcie\u017cki zapisu. Algorytmy te pozwalaj\u0105 na polepszanie s\u0142yszalno\u015bci wykonanych nagra\u0144. Wszystkie nasze mini dyktafony s\u0105 kompatybilne z tym oprogramowaniem.<\/p>\n<h3>O czy nale\u017cy pami\u0119ta\u0107 przy zakupie dyktafonu:<\/h3>\n<ul>\n<li>Czas nagrywania dyktafonu zale\u017cny od pojemno\u015bci pami\u0119ci i od ilo\u015bci pr\u0105du w akumulatorze zasilaj\u0105cym. Nale\u017cy zawsze ustali\u0107 jaka jest d\u0142ugo\u015b\u0107 nagrania z wykorzystaniem pe\u0142nej pojemno\u015bci akumulatora.<\/li>\n<li>Nale\u017cy ustali\u0107 czy nagranie jest wykonywane w jednym pliku czy w plikach o okre\u015blonym czasie trwania. Nagranie wykonane w jednym pliku jest bardzo ci\u0119\u017ckie do obr\u00f3bki (ods\u0142uchu) w cz\u0119sto wr\u0119cz niemo\u017cliwe. Nagranie w plikach jest wygodne i praktyczne przy ods\u0142uchu.<\/li>\n<li>Nagrane pliki musz\u0105 by\u0107 datowane. Oznacza to \u017ce w ich nazwie jest zawarte data i godzina wykonania. Informacja ta pozwala na wykonanie selekcji nagranych plik\u00f3w pod k\u0105tem interesuj\u0105cych nas tre\u015bci.<\/li>\n<li>Nale\u017cy ustali\u0107 jaki jest standard pr\u00f3bkowania dyktafonu. Od tego parametru zale\u017cy czas efektywnego nagrywania. Im wy\u017csze pr\u00f3bkowanie np. 382 KBPS tym lepsza jako\u015b\u0107 nagrania ale niestety kr\u00f3tszy czas pracy dyktafonu. Wyst\u0119puje szybsze wykorzystanie pami\u0119ci oraz szybsze wyczerpanie akumulatora. Dyktafony przeznaczone do d\u0142ugich nagra\u0144 posiadan\u0105 pr\u00f3bkowanie na poziomie 32 KBPS. Przy tym poziomie pr\u00f3bkowania otrzymujemy czystsze nagranie pozbawione szum\u00f3w t\u0142a.<\/li>\n<li>Zapewnienia \u017ce dyktafon doskonale nagrywa z odleg\u0142o\u015bci 10 metr\u00f3w s\u0105 marketingowym oszustwem. Realna jako\u015b\u0107 nagrania zale\u017cy od:<\/li>\n<\/ul>\n<ol>\n<li>Akustyki pomieszczenia w kt\u00f3rym jest wykonywane nagranie.<\/li>\n<li>Poziomu sygna\u0142u nagrywanego (jak g\u0142o\u015bno m\u00f3wimy).<\/li>\n<li>Poziomu zak\u0142\u00f3ce\u0144 (jak g\u0142o\u015bno gra np. telewizor).<\/li>\n<li>Ukrycia dyktafonu.<\/li>\n<\/ol>\n<ul>\n<li>Przewa\u017cnie dyktafony z aktywacj\u0105 nagrania g\u0142osem nagrywaj\u0105 ca\u0142y materia\u0142 w jednym pliku. Stanowi to powa\u017cne utrudnienie przy ods\u0142uchu tego typu nagra\u0144. Ka\u017cde nowe nagranie mo\u017ce zaczyna\u0107 si\u0119 od po\u0142owy wypowiedzianego wyrazu. Cz\u0119sto aktywacja g\u0142osem nagrania nie doprowadza do wykonania rejestracji poniewa\u017c rozmowa jest za cicha. Nale\u017cy pami\u0119ta\u0107 \u017ce chowaj\u0105c dyktafon z aktywacj\u0105 nagrania g\u0142osem podwy\u017cszamy automatycznie poziom sygna\u0142u rozpoczynaj\u0105cego nagranie.<\/li>\n<\/ul>\n<h3 style=\"text-align: center;\">Z naszej oferty korzystaj\u0105 detektywi z poni\u017cszej listy:<\/h3>\n<div class=\"elementor-element elementor-element-bd53357 elementor-widget elementor-widget-text-editor\" style=\"text-align: center;\" data-id=\"bd53357\" data-element_type=\"widget\" data-widget_type=\"text-editor.default\">\n<div class=\"elementor-widget-container\">\n<div class=\"elementor-text-editor elementor-clearfix\">\n<p><strong>Detektyw Halski <\/strong>Warszawa tel. 604-121-997<\/p>\n<\/div>\n<\/div>\n<\/div>\n<div class=\"elementor-element elementor-element-48ba1ab elementor-widget elementor-widget-text-editor\" style=\"text-align: center;\" data-id=\"48ba1ab\" data-element_type=\"widget\" data-widget_type=\"text-editor.default\">\n<div class=\"elementor-widget-container\">\n<div class=\"elementor-text-editor elementor-clearfix\">\n<p><strong>Detektyw Piotrowski <\/strong>E\u0142k tel. 514-971-902<\/p>\n<\/div>\n<\/div>\n<\/div>\n<div class=\"elementor-element elementor-element-ba7c53d elementor-widget elementor-widget-text-editor\" style=\"text-align: center;\" data-id=\"ba7c53d\" data-element_type=\"widget\" data-widget_type=\"text-editor.default\">\n<div class=\"elementor-widget-container\">\n<div class=\"elementor-text-editor elementor-clearfix\">\n<p><strong>Detektyw Zemke <\/strong>Toru\u0144 tel. 530-210-878<\/p>\n<\/div>\n<\/div>\n<\/div>\n<div class=\"elementor-element elementor-element-17cb906 elementor-widget elementor-widget-text-editor\" style=\"text-align: center;\" data-id=\"17cb906\" data-element_type=\"widget\" data-widget_type=\"text-editor.default\">\n<div class=\"elementor-widget-container\">\n<div class=\"elementor-text-editor elementor-clearfix\">\n<p><strong>Detektyw Michalik <\/strong> Szczecin tel. 501-341-616<\/p>\n<\/div>\n<\/div>\n<\/div>\n<div class=\"elementor-element elementor-element-2a10385 elementor-widget elementor-widget-text-editor\" style=\"text-align: center;\" data-id=\"2a10385\" data-element_type=\"widget\" data-widget_type=\"text-editor.default\">\n<div class=\"elementor-widget-container\">\n<div class=\"elementor-text-editor elementor-clearfix\">\n<p><strong>Detektywi 24h\/7&nbsp;<\/strong>Warszawa tel. 797-320-007<\/p>\n<\/div>\n<\/div>\n<\/div>\n<div class=\"elementor-element elementor-element-8bcc62d elementor-widget elementor-widget-text-editor\" style=\"text-align: center;\" data-id=\"8bcc62d\" data-element_type=\"widget\" data-widget_type=\"text-editor.default\">\n<div class=\"elementor-widget-container\">\n<div class=\"elementor-text-editor elementor-clearfix\">\n<p><strong>Biuro Detektywistyczne Klos-Laskowski SC <\/strong>Szczecin tel. 785-484-308<\/p>\n<\/div>\n<\/div>\n<\/div>\n<div class=\"elementor-element elementor-element-e0e8087 elementor-widget elementor-widget-text-editor\" style=\"text-align: center;\" data-id=\"e0e8087\" data-element_type=\"widget\" data-widget_type=\"text-editor.default\">\n<div class=\"elementor-widget-container\">\n<div class=\"elementor-text-editor elementor-clearfix\">\n<p><strong>Detektyw Michalak<\/strong> Warszawa tel. 502-161-904<\/p>\n<\/div>\n<\/div>\n<\/div>\n<div class=\"elementor-element elementor-element-8d970f3 elementor-widget elementor-widget-text-editor\" style=\"text-align: center;\" data-id=\"8d970f3\" data-element_type=\"widget\" data-widget_type=\"text-editor.default\">\n<div class=\"elementor-widget-container\">\n<div class=\"elementor-text-editor elementor-clearfix\">\n<p><strong>Biuro Detektywistyczne Marta Michalska- Wilk <\/strong>Radom tel. 793-569-081<\/p>\n<\/div>\n<\/div>\n<\/div>\n<div class=\"elementor-element elementor-element-635122e elementor-widget elementor-widget-text-editor\" style=\"text-align: center;\" data-id=\"635122e\" data-element_type=\"widget\" data-widget_type=\"text-editor.default\">\n<div class=\"elementor-widget-container\">\n<div class=\"elementor-text-editor elementor-clearfix\"><strong>Polska Grupa Dochodzeniowo \u015aledcza Sp. z o.o<\/strong> Warszawa tel. 504-603-997<\/div>\n<\/div>\n<\/div>\n<div class=\"elementor-element elementor-element-1eb3481 elementor-widget elementor-widget-text-editor\" style=\"text-align: center;\" data-id=\"1eb3481\" data-element_type=\"widget\" data-widget_type=\"text-editor.default\">\n<div class=\"elementor-widget-container\">\n<div class=\"elementor-text-editor elementor-clearfix\">\n<p><strong>Detektyw Lambert<\/strong> Warszawa tel. 501-159-903<\/p>\n<\/div>\n<\/div>\n<\/div>\n<div class=\"elementor-element elementor-element-30c0e39 elementor-widget elementor-widget-text-editor\" data-id=\"30c0e39\" data-element_type=\"widget\" data-widget_type=\"text-editor.default\">\n<div class=\"elementor-widget-container\">\n<div class=\"elementor-text-editor elementor-clearfix\">\n<p style=\"text-align: center;\"><strong>Detektyw Korejwo<\/strong> Gdynia tel. 500-486-666<\/p>\n<\/div>\n<\/div>\n<\/div>\n<p style=\"text-align: center;\">Je\u017celi masz jakiekolwiek pytanie dotycz\u0105ce mini dyktafon\u00f3w oferowanych przez Euro-Soft prosimy o kontakt telefoniczny z numerem 501-159-903.<\/p>\n<p style=\"text-align: center;\">Pytania mo\u017cna kierowa\u0107 tak\u017ce na adres eurosoft@euro-soft.pl<\/p>\n","protected":false},"excerpt":{"rendered":"<p>Mini dyktafon Warszawa Dyktafon oferowany przez Euro-Soft&nbsp;jest podstawowym narz\u0119dziem w pracy detektywistycznej. Gwarantuj\u0105 one skuteczn\u0105 rejestracj\u0119 krystalicznie czystego d\u017awi\u0119ku i niezawodn\u0105 prac\u0119 przez wiele godzin. Dyktafon s\u0142u\u017cy do prowadzenia dyskretnego nagrywania fonii w trakcie rozm\u00f3w bezpo\u015brednich, do nagrywania rozm\u00f3w w pomieszczeniu lub w samochodzie. Czas zapisu wynosi do 20 godzin. Przede wszystkim ka\u017cdy plik w [&hellip;]<\/p>\n","protected":false},"author":1,"featured_media":263,"parent":0,"menu_order":8,"comment_status":"closed","ping_status":"closed","template":"","meta":{"footnotes":""},"categories":[5],"tags":[],"class_list":["post-268","page","type-page","status-publish","has-post-thumbnail","hentry","category-oferty"],"blocksy_meta":[],"_links":{"self":[{"href":"https:\/\/www.euro-soft.pl\/w\/wp-json\/wp\/v2\/pages\/268","targetHints":{"allow":["GET"]}}],"collection":[{"href":"https:\/\/www.euro-soft.pl\/w\/wp-json\/wp\/v2\/pages"}],"about":[{"href":"https:\/\/www.euro-soft.pl\/w\/wp-json\/wp\/v2\/types\/page"}],"author":[{"embeddable":true,"href":"https:\/\/www.euro-soft.pl\/w\/wp-json\/wp\/v2\/users\/1"}],"replies":[{"embeddable":true,"href":"https:\/\/www.euro-soft.pl\/w\/wp-json\/wp\/v2\/comments?post=268"}],"version-history":[{"count":1,"href":"https:\/\/www.euro-soft.pl\/w\/wp-json\/wp\/v2\/pages\/268\/revisions"}],"predecessor-version":[{"id":689,"href":"https:\/\/www.euro-soft.pl\/w\/wp-json\/wp\/v2\/pages\/268\/revisions\/689"}],"wp:featuredmedia":[{"embeddable":true,"href":"https:\/\/www.euro-soft.pl\/w\/wp-json\/wp\/v2\/media\/263"}],"wp:attachment":[{"href":"https:\/\/www.euro-soft.pl\/w\/wp-json\/wp\/v2\/media?parent=268"}],"wp:term":[{"taxonomy":"category","embeddable":true,"href":"https:\/\/www.euro-soft.pl\/w\/wp-json\/wp\/v2\/categories?post=268"},{"taxonomy":"post_tag","embeddable":true,"href":"https:\/\/www.euro-soft.pl\/w\/wp-json\/wp\/v2\/tags?post=268"}],"curies":[{"name":"wp","href":"https:\/\/api.w.org\/{rel}","templated":true}]}}