{"id":262,"date":"2019-05-20T10:18:35","date_gmt":"2019-05-20T08:18:35","guid":{"rendered":"https:\/\/www.euro-soft.pl\/wordpress\/warunki-zwrotu\/"},"modified":"2019-05-20T10:18:35","modified_gmt":"2019-05-20T08:18:35","slug":"warunki-zwrotu","status":"publish","type":"page","link":"https:\/\/www.euro-soft.pl\/w\/warunki-zwrotu\/","title":{"rendered":"Warunki zwrotu."},"content":{"rendered":"<p><span style=\"font-size: 12pt;\"><strong><span style=\"color: #ff0000;\">Zestaw z mikro s\u0142uchawka nie podlega zwrotowi z przyczyn medycznych.<\/span><\/strong><\/span><\/p>\n<p><span style=\"font-size: 12pt;\">S\u0142uchawka sprzedawana jest w zaplombowanym pojemniku.<\/span><\/p>\n<p><span style=\"font-size: 12pt;\">Mikro s\u0142uchawka w trakcie jej u\u017cytkowania ma kontakt z p\u0142ynem fizjologicznym cz\u0142owieka.<\/span><\/p>\n<p><span style=\"font-size: 12pt;\">U\u017cywanie jednej mikro s\u0142uchawki przez kilka os\u00f3b mo\u017ce by\u0107 przyczyn\u0105 zaka\u017cenia np. grzybic\u0105 przewodu s\u0142uchowego.<\/span><\/p>\n<p><span style=\"font-size: 12pt;\">Grzybica przewodu s\u0142uchowego&nbsp;jest bardzo trudna do wyleczenia.&nbsp;<\/span><\/p>\n<p><span style=\"font-size: 12pt;\"><img loading=\"lazy\" decoding=\"async\" class=\" size-full wp-image-261\" src=\"https:\/\/www.euro-soft.pl\/wordpress\/wp-content\/uploads\/2019\/05\/podpis.jpg\" alt=\"warunki zwrotu produktu\" width=\"416\" height=\"136\" title=\"warunki zwrotu produktu\" srcset=\"https:\/\/www.euro-soft.pl\/w\/wp-content\/uploads\/2019\/05\/podpis.jpg 416w, https:\/\/www.euro-soft.pl\/w\/wp-content\/uploads\/2019\/05\/podpis-300x98.jpg 300w\" sizes=\"auto, (max-width: 416px) 100vw, 416px\" \/><\/span><\/p>\n<p>&nbsp;<\/p>\n","protected":false},"excerpt":{"rendered":"<p>Zestaw z mikro s\u0142uchawka nie podlega zwrotowi z przyczyn medycznych. S\u0142uchawka sprzedawana jest w zaplombowanym pojemniku. Mikro s\u0142uchawka w trakcie jej u\u017cytkowania ma kontakt z p\u0142ynem fizjologicznym cz\u0142owieka. U\u017cywanie jednej mikro s\u0142uchawki przez kilka os\u00f3b mo\u017ce by\u0107 przyczyn\u0105 zaka\u017cenia np. grzybic\u0105 przewodu s\u0142uchowego. Grzybica przewodu s\u0142uchowego&nbsp;jest bardzo trudna do wyleczenia.&nbsp; &nbsp;<\/p>\n","protected":false},"author":1,"featured_media":261,"parent":0,"menu_order":16,"comment_status":"closed","ping_status":"closed","template":"","meta":{"footnotes":""},"categories":[7],"tags":[],"class_list":["post-262","page","type-page","status-publish","has-post-thumbnail","hentry","category-ukryte"],"blocksy_meta":[],"_links":{"self":[{"href":"https:\/\/www.euro-soft.pl\/w\/wp-json\/wp\/v2\/pages\/262","targetHints":{"allow":["GET"]}}],"collection":[{"href":"https:\/\/www.euro-soft.pl\/w\/wp-json\/wp\/v2\/pages"}],"about":[{"href":"https:\/\/www.euro-soft.pl\/w\/wp-json\/wp\/v2\/types\/page"}],"author":[{"embeddable":true,"href":"https:\/\/www.euro-soft.pl\/w\/wp-json\/wp\/v2\/users\/1"}],"replies":[{"embeddable":true,"href":"https:\/\/www.euro-soft.pl\/w\/wp-json\/wp\/v2\/comments?post=262"}],"version-history":[{"count":0,"href":"https:\/\/www.euro-soft.pl\/w\/wp-json\/wp\/v2\/pages\/262\/revisions"}],"wp:featuredmedia":[{"embeddable":true,"href":"https:\/\/www.euro-soft.pl\/w\/wp-json\/wp\/v2\/media\/261"}],"wp:attachment":[{"href":"https:\/\/www.euro-soft.pl\/w\/wp-json\/wp\/v2\/media?parent=262"}],"wp:term":[{"taxonomy":"category","embeddable":true,"href":"https:\/\/www.euro-soft.pl\/w\/wp-json\/wp\/v2\/categories?post=262"},{"taxonomy":"post_tag","embeddable":true,"href":"https:\/\/www.euro-soft.pl\/w\/wp-json\/wp\/v2\/tags?post=262"}],"curies":[{"name":"wp","href":"https:\/\/api.w.org\/{rel}","templated":true}]}}