{"id":248,"date":"2018-07-28T11:53:18","date_gmt":"2018-07-28T09:53:18","guid":{"rendered":"https:\/\/www.euro-soft.pl\/wordpress\/wykrywacz-podsluchu-spektran-5\/"},"modified":"2018-07-28T11:53:18","modified_gmt":"2018-07-28T09:53:18","slug":"wykrywacz-podsluchu-spektran-5","status":"publish","type":"page","link":"https:\/\/www.euro-soft.pl\/w\/wykrywacz-podsluchu-spektran-5\/","title":{"rendered":"Wykrywacz pods\u0142uchu SPECTRAN 5"},"content":{"rendered":"<h1 style=\"text-align: center;\"><span style=\"font-size: 24pt;\">Wykrywanie pods\u0142uchu &#8211; Spektran 5<\/span><\/h1>\n<p style=\"text-align: center;\"><img loading=\"lazy\" decoding=\"async\" class=\" size-full wp-image-243\" src=\"https:\/\/www.euro-soft.pl\/wordpress\/wp-content\/uploads\/2018\/07\/spektran5.png\" alt=\"wykrywanie pods\u0142uchu\" width=\"686\" height=\"458\" srcset=\"https:\/\/www.euro-soft.pl\/w\/wp-content\/uploads\/2018\/07\/spektran5.png 686w, https:\/\/www.euro-soft.pl\/w\/wp-content\/uploads\/2018\/07\/spektran5-300x200.png 300w, https:\/\/www.euro-soft.pl\/w\/wp-content\/uploads\/2018\/07\/spektran5-600x401.png 600w\" sizes=\"auto, (max-width: 686px) 100vw, 686px\" \/><img loading=\"lazy\" decoding=\"async\" class=\" size-full wp-image-244\" src=\"https:\/\/www.euro-soft.pl\/wordpress\/wp-content\/uploads\/2018\/07\/spektran.jpg\" alt=\"wykrywanie pods\u0142uchu\" width=\"196\" height=\"92\" \/><\/p>\n<p style=\"text-align: justify;\"><img loading=\"lazy\" decoding=\"async\" class=\" alignleft size-full wp-image-245\" src=\"https:\/\/www.euro-soft.pl\/wordpress\/wp-content\/uploads\/2018\/07\/Antitled-3.jpg\" alt=\"wykrywanie pods\u0142uchu\" style=\"float: left;\" width=\"250\" height=\"333\" srcset=\"https:\/\/www.euro-soft.pl\/w\/wp-content\/uploads\/2018\/07\/Antitled-3.jpg 250w, https:\/\/www.euro-soft.pl\/w\/wp-content\/uploads\/2018\/07\/Antitled-3-225x300.jpg 225w\" sizes=\"auto, (max-width: 250px) 100vw, 250px\" \/><span style=\"font-size: 12pt;\">Spektran 5 jest r\u0119cznym analizatorem widma przeznaczonym miedzy innymi do <strong>wykrywania pods\u0142uchu<\/strong> i dok\u0142adnego lokalizowania \u017ar\u00f3d\u0142a promieniowania. Spektran 5 mo\u017ce by\u0107 u\u017cywany jako interface do pracy<\/span>&nbsp;<span style=\"font-size: 12pt;\">oprogramowanie MCS Real-Time Spectrum Analyzer. Aplikacja ta posiada wiele zaawansowanych funkcji pozwalaj\u0105cych na analiz\u0119 przestrzenie elektromagnetycznej pod wieloma kontami jednocze\u015bnie. Mo\u017cliwo\u015bci takie jak: analiza i dekodowanie sygna\u0142u RF,&nbsp;&nbsp;analiza zakresu 2380-2543 MH, analiza sygna\u0142\u00f3w impulsowych w zakresie 967 MHz, analiza pracy nadajnik\u00f3w lokalizator\u00f3w typu notiOne. Wykrywacz pods\u0142uchu Spektran 5 mo\u017ce by\u0107 u\u017cywany z kierunkow\u0105 anten\u0105 typu&nbsp;typy&nbsp;HyperLOG 30100.&nbsp;Umo\u017cliwia ona wykrywanie wszystkich sygna\u0142\u00f3w transmisji radiowej w zakresie&nbsp;cz\u0119stotliwo\u015bci: 9kHz do 12GHz z uzyskiem 45 dB. Antena kierunkowa posiada wska\u017anik laserowy pozwalaj\u0105cy na bardzo dok\u0142adn\u0105 lokalizacje po\u0142o\u017cenia nadajnika pods\u0142uchowego.&nbsp;&nbsp;Antena HyperLOG\u00ae jest standardowo wyposa\u017cona w specjalnie skonstruowan\u0105, &nbsp;obudow\u0119 typu random. Obudowa zosta\u0142a opracowana po intensywnych badaniach z wykorzystaniem najnowocze\u015bniejszej technologii komputerowej w taki spos\u00f3b,&nbsp;aby jej kszta\u0142t, materia\u0142 i pow\u0142oka nie mia\u0142y praktycznie \u017cadnego wp\u0142ywu na pomiary, nawet w przypadku deszczu lub innego rodzaju wilgoci na powierzchni.<\/span><\/p>\n<p style=\"text-align: justify;\">&nbsp;<\/p>\n<p style=\"text-align: center;\"><span style=\"font-size: 12pt;\">&nbsp;Analiza i dekodowanie sygna\u0142u RF Spektran 5<\/span><\/p>\n<p><iframe loading=\"lazy\" src=\"\/\/www.youtube.com\/embed\/Qign9ZTh15A\" width=\"950\" height=\"533\" frameborder=\"0\" allowfullscreen=\"allowfullscreen\"><\/iframe><\/p>\n<p style=\"text-align: center;\"><span style=\"font-size: 12pt;\">&nbsp;Demodulacja sygna\u0142y RF na cz\u0119stotliwo\u015bci 97,026 MHz.<\/span><\/p>\n<p style=\"text-align: center;\"><span style=\"font-size: 12pt;\"><iframe loading=\"lazy\" src=\"\/\/www.youtube.com\/embed\/I82Cymplo_E\" width=\"950\" height=\"533\" frameborder=\"0\" allowfullscreen=\"allowfullscreen\"><\/iframe><\/span><\/p>\n<p style=\"text-align: center;\">&nbsp;<span style=\"font-size: 12pt;\">&nbsp;Spektran 5 Sygna\u0142y impulsowe 962 MHz.<\/span><\/p>\n<p style=\"text-align: center;\"><span style=\"font-size: 12pt;\"><iframe loading=\"lazy\" src=\"\/\/www.youtube.com\/embed\/ZgbJQqEH2X0\" width=\"950\" height=\"533\" frameborder=\"0\" allowfullscreen=\"allowfullscreen\"><\/iframe><\/span><\/p>\n<p style=\"text-align: center;\">&nbsp;<span style=\"font-size: 12pt;\">&nbsp;Analiza zakresu 2380-2543 MHz.<\/span><\/p>\n<p style=\"text-align: justify;\"><span style=\"font-size: 12pt;\"><img loading=\"lazy\" decoding=\"async\" class=\" alignleft size-full wp-image-246\" src=\"https:\/\/www.euro-soft.pl\/wordpress\/wp-content\/uploads\/2018\/07\/SP5-Antena.jpg\" alt=\"wykrywanie pods\u0142uchu\" style=\"float: left;\" width=\"402\" height=\"308\" srcset=\"https:\/\/www.euro-soft.pl\/w\/wp-content\/uploads\/2018\/07\/SP5-Antena.jpg 402w, https:\/\/www.euro-soft.pl\/w\/wp-content\/uploads\/2018\/07\/SP5-Antena-300x230.jpg 300w\" sizes=\"auto, (max-width: 402px) 100vw, 402px\" \/>Spektran 5 mo\u017ce by\u0107 wykorzystywany z stacjonarnym oprogramowaniem oraz dookuln\u0105 anten\u0105 OmniLOG\u00ae 30800.&nbsp;Antena OmniLOG\u00ae 30800 jest specjalnie zaprojektowana jako ma\u0142a i niewielka, szerokopasmowa antena dook\u00f3lna. Mimo niewielkich rozmiar\u00f3w obejmuje niezwykle szeroki zakres cz\u0119stotliwo\u015bci od 300MHz do 8GHz. W najwa\u017cniejszych pasmach cz\u0119stotliwo\u015bci antena osi\u0105ga bardzo wysokie wzmocnienie do 6,5 dBi. Pasuje idealnie do r\u0119cznych analizator\u00f3w spektroskopowych SPECTRAN, ale mo\u017ce by\u0107 r\u00f3wnie\u017c u\u017cywany z ka\u017cd\u0105 inn\u0105 mark\u0105 Spectrum Analyzer. Antena oferuje wytrzyma\u0142\u0105 podstaw\u0119 90 \u00b0 z wtyczk\u0105 SMA. Podstawa przegubu jest swobodnie regulowana w ka\u017cdej pozycji i mocowana za pomoc\u0105 dw\u00f3ch specjalnych \u015brub dociskowych kulowych. Ka\u017cda antena OmniLOG przechodzi rygorystyczne testy w naszych laboratoriach przed wysy\u0142k\u0105. Jego zaawansowana technologicznie obudowa anteny (radia) zapewnia ochron\u0119 przed uszkodzeniami mechanicznymi i wp\u0142ywem na \u015brodowisko. Wyprodukowane w Niemczech: Wszystkie anteny Aaronia s\u0105 opracowywane, indywidualnie produkowane i kalibrowane w Niemczech w fabryce Aaronia. Gwarantuje to najwy\u017csz\u0105 jako\u015b\u0107, dzi\u0119ki czemu Aaronia mo\u017ce zaoferowa\u0107 ka\u017cdemu klientowi 10-letni\u0105 gwarancj\u0119 na wszystkie anteny EMC. Wyczerpuj\u0105ce dane kalibracyjne: Wszystkie anteny Aaronia zawieraj\u0105 kompletny zestaw danych kalibracyjnych o wysokiej rozdzielczo\u015bci (10 MHz, 5 MHz lub nawet 1 MHz)! Z niezr\u00f3wnan\u0105 liczb\u0105 punkt\u00f3w kalibracji (na CD). Daje to mo\u017cliwo\u015b\u0107 wykonania bardzo dok\u0142adnego pomiaru EMC za pomoc\u0105 dowolnego analizatora widma. <a href=\"https:\/\/wykrywanie.podsluch.pl\/wordpress\/\">Wykrywanie pods\u0142uchu<\/a> w tym przypadku jest bardzo proste i bardzo skuteczne.<\/span><\/p>\n<p><span style=\"font-size: 12pt;\"><img loading=\"lazy\" decoding=\"async\" class=\" size-full wp-image-247\" src=\"https:\/\/www.euro-soft.pl\/wordpress\/wp-content\/uploads\/2018\/07\/spectren5.jpg\" alt=\"wykrywanie pods\u0142uchu\" width=\"666\" height=\"172\" style=\"display: block; margin-left: auto; margin-right: auto;\" srcset=\"https:\/\/www.euro-soft.pl\/w\/wp-content\/uploads\/2018\/07\/spectren5.jpg 666w, https:\/\/www.euro-soft.pl\/w\/wp-content\/uploads\/2018\/07\/spectren5-300x77.jpg 300w, https:\/\/www.euro-soft.pl\/w\/wp-content\/uploads\/2018\/07\/spectren5-600x155.jpg 600w\" sizes=\"auto, (max-width: 666px) 100vw, 666px\" \/><\/span><\/p>\n<p style=\"text-align: center;\"><span style=\"font-size: 12pt;\"><iframe loading=\"lazy\" src=\"\/\/www.youtube.com\/embed\/V3CqWqUHp-Y\" width=\"950\" height=\"533\" frameborder=\"0\" allowfullscreen=\"allowfullscreen\"><\/iframe><\/span><\/p>\n<p style=\"text-align: center;\"><span style=\"font-size: 12pt;\">Powy\u017cej prezentujemy analiz\u0119 widma pracuj\u0105cego nadajnika NotiOne.&nbsp;<\/span><\/p>\n<p style=\"text-align: center;\">&nbsp;<\/p>\n<p style=\"text-align: justify;\"><span style=\"font-size: 12pt;\">NotiOne jest popularnym lokalizatorem po\u0142o\u017cenia pracuj\u0105cym w oparciu o aplikacje typu&nbsp;JANOSIK zainstalowan\u0105 w obcych telefonach. Gabaryty lokalizatora notiOne s\u0105 por\u00f3wnywalne z monet\u0105 dwu z\u0142otow\u0105. Bateria 3 V zapewnia prac\u0119 lokalizatora w okresie ok. 12 miesi\u0119cy. NotiOne wysy\u0142a ok. trzech sygna\u0142\u00f3w zg\u0142oszeniowych na sekund\u0119. Sparowany lokalizator z naszym telefonem posiada w sowiej pami\u0119ci dane naszego telefonu. Lokalizator wysy\u0142a sygna\u0142 zg\u0142oszeniowy na odleg\u0142o\u015b\u0107 90 m. Je\u017celi ten sygna\u0142 zostanie przechwycony przez obcy telefon z w\u0142\u0105czon\u0105 aplikacj\u0105 typu JANOSIK to ten obcy telefon prze\u015ble informacje do naszego telefonu o po\u0142o\u017ceniu tokena. Rozwi\u0105zanie tego typu doskonale dzia\u0142a w du\u017cych aglomeracjach miejskich. Natomiast jest bezu\u017cyteczne np. w obszarach s\u0142abo zaludnionych takich jak lasy, jeziora czy obszary pustynne. W celu wymuszenia ci\u0105g\u0142ego wysy\u0142ania informacji o po\u0142o\u017ceniu tokena mo\u017cna w telefonie osoby nadzorowanej wgra\u0107 stosown\u0105 aplikacje. W tym przypadku b\u0119dziemy mieli do czynienie z ci\u0105g\u0142ym przesy\u0142aniem informacji o po\u0142o\u017ceniu tokena. Niestety nale\u017cy si\u0119 liczy\u0107 z szybszym roz\u0142adowywaniem si\u0119 akumulatora telefonu.<\/span><\/p>\n<p style=\"text-align: justify;\"><a href=\"https:\/\/www.podsluchy.pl\/joomla\/\">Wi\u0119cej informacji o lokalizatorze NotiOne&nbsp; mo\u017cna uzyska\u0107 na stronie&nbsp;https:\/\/www.podsluchy.pl\/joomla\/<\/a><\/p>\n","protected":false},"excerpt":{"rendered":"<p>Wykrywanie pods\u0142uchu &#8211; Spektran 5 Spektran 5 jest r\u0119cznym analizatorem widma przeznaczonym miedzy innymi do wykrywania pods\u0142uchu i dok\u0142adnego lokalizowania \u017ar\u00f3d\u0142a promieniowania. Spektran 5 mo\u017ce by\u0107 u\u017cywany jako interface do pracy&nbsp;oprogramowanie MCS Real-Time Spectrum Analyzer. Aplikacja ta posiada wiele zaawansowanych funkcji pozwalaj\u0105cych na analiz\u0119 przestrzenie elektromagnetycznej pod wieloma kontami jednocze\u015bnie. Mo\u017cliwo\u015bci takie jak: analiza i [&hellip;]<\/p>\n","protected":false},"author":1,"featured_media":243,"parent":0,"menu_order":8,"comment_status":"closed","ping_status":"closed","template":"","meta":{"footnotes":""},"categories":[8],"tags":[],"class_list":["post-248","page","type-page","status-publish","has-post-thumbnail","hentry","category-blog"],"blocksy_meta":[],"_links":{"self":[{"href":"https:\/\/www.euro-soft.pl\/w\/wp-json\/wp\/v2\/pages\/248","targetHints":{"allow":["GET"]}}],"collection":[{"href":"https:\/\/www.euro-soft.pl\/w\/wp-json\/wp\/v2\/pages"}],"about":[{"href":"https:\/\/www.euro-soft.pl\/w\/wp-json\/wp\/v2\/types\/page"}],"author":[{"embeddable":true,"href":"https:\/\/www.euro-soft.pl\/w\/wp-json\/wp\/v2\/users\/1"}],"replies":[{"embeddable":true,"href":"https:\/\/www.euro-soft.pl\/w\/wp-json\/wp\/v2\/comments?post=248"}],"version-history":[{"count":0,"href":"https:\/\/www.euro-soft.pl\/w\/wp-json\/wp\/v2\/pages\/248\/revisions"}],"wp:featuredmedia":[{"embeddable":true,"href":"https:\/\/www.euro-soft.pl\/w\/wp-json\/wp\/v2\/media\/243"}],"wp:attachment":[{"href":"https:\/\/www.euro-soft.pl\/w\/wp-json\/wp\/v2\/media?parent=248"}],"wp:term":[{"taxonomy":"category","embeddable":true,"href":"https:\/\/www.euro-soft.pl\/w\/wp-json\/wp\/v2\/categories?post=248"},{"taxonomy":"post_tag","embeddable":true,"href":"https:\/\/www.euro-soft.pl\/w\/wp-json\/wp\/v2\/tags?post=248"}],"curies":[{"name":"wp","href":"https:\/\/api.w.org\/{rel}","templated":true}]}}