{"id":242,"date":"2018-07-13T18:00:00","date_gmt":"2018-07-13T16:00:00","guid":{"rendered":"https:\/\/www.euro-soft.pl\/wordpress\/mini-dyktafon\/"},"modified":"2025-10-21T09:34:48","modified_gmt":"2025-10-21T07:34:48","slug":"mini-dyktafon","status":"publish","type":"page","link":"https:\/\/www.euro-soft.pl\/w\/mini-dyktafon\/","title":{"rendered":"Mini dyktafon"},"content":{"rendered":"<p style=\"text-align: justify;\"><img loading=\"lazy\" decoding=\"async\" class=\" alignleft size-full wp-image-241\" src=\"https:\/\/www.euro-soft.pl\/wordpress\/wp-content\/uploads\/2018\/07\/biust.jpg\" alt=\"\" width=\"393\" height=\"221\" style=\"float: left;\" srcset=\"https:\/\/www.euro-soft.pl\/w\/wp-content\/uploads\/2018\/07\/biust.jpg 711w, https:\/\/www.euro-soft.pl\/w\/wp-content\/uploads\/2018\/07\/biust-300x169.jpg 300w, https:\/\/www.euro-soft.pl\/w\/wp-content\/uploads\/2018\/07\/biust-600x338.jpg 600w\" sizes=\"auto, (max-width: 393px) 100vw, 393px\" \/><span style=\"font-size: 12pt;\">Mini dyktafon jest przeznaczony do prowadzenia rejestracji rozm\u00f3w a zw\u0142aszcza rozm\u00f3w prowadzonych przez konkretne osoby. Bardzo ma\u0142e gabaryty mini dyktafonu u\u0142atwiaj\u0105 jego dyskretne schowanie. Kobiety umieszczaj\u0105 mini dyktafony w biustonoszy co zapewnia doskona\u0142\u0105 jako\u015b\u0107 nagrania. Mini dyktafon umo\u017cliwia wykonanie nagrania dwudziestu godzi rozmowy. W praktyce nale\u017cy przed wyj\u015bciem z domu w\u0142\u0105czy\u0107 mini dyktafon i umie\u015bci\u0107 go w dyskretnym miejscu. Nagrywanie powinno by\u0107 prowadzone przez ca\u0142y czas. Cz\u0119sto do rozmowy mo\u017ce doj\u015b\u0107 przypadkowo i w tym przypadku za p\u00f3\u017ano jest na w\u0142\u0105czenie nagrywania.&nbsp;<br \/><a href=\"https:\/\/www.euro-soft.pl\/w\/dyktafony\/\">Pe\u0142na oferta mini dyktafon\u00f3w.<\/a><br \/><\/span><\/p>\n","protected":false},"excerpt":{"rendered":"<p>Mini dyktafon jest przeznaczony do prowadzenia rejestracji rozm\u00f3w a zw\u0142aszcza rozm\u00f3w prowadzonych przez konkretne osoby. Bardzo ma\u0142e gabaryty mini dyktafonu u\u0142atwiaj\u0105 jego dyskretne schowanie. Kobiety umieszczaj\u0105 mini dyktafony w biustonoszy co zapewnia doskona\u0142\u0105 jako\u015b\u0107 nagrania. Mini dyktafon umo\u017cliwia wykonanie nagrania dwudziestu godzi rozmowy. W praktyce nale\u017cy przed wyj\u015bciem z domu w\u0142\u0105czy\u0107 mini dyktafon i umie\u015bci\u0107 [&hellip;]<\/p>\n","protected":false},"author":1,"featured_media":241,"parent":0,"menu_order":7,"comment_status":"closed","ping_status":"closed","template":"","meta":{"footnotes":""},"categories":[8],"tags":[],"class_list":["post-242","page","type-page","status-publish","has-post-thumbnail","hentry","category-blog"],"blocksy_meta":[],"_links":{"self":[{"href":"https:\/\/www.euro-soft.pl\/w\/wp-json\/wp\/v2\/pages\/242","targetHints":{"allow":["GET"]}}],"collection":[{"href":"https:\/\/www.euro-soft.pl\/w\/wp-json\/wp\/v2\/pages"}],"about":[{"href":"https:\/\/www.euro-soft.pl\/w\/wp-json\/wp\/v2\/types\/page"}],"author":[{"embeddable":true,"href":"https:\/\/www.euro-soft.pl\/w\/wp-json\/wp\/v2\/users\/1"}],"replies":[{"embeddable":true,"href":"https:\/\/www.euro-soft.pl\/w\/wp-json\/wp\/v2\/comments?post=242"}],"version-history":[{"count":1,"href":"https:\/\/www.euro-soft.pl\/w\/wp-json\/wp\/v2\/pages\/242\/revisions"}],"predecessor-version":[{"id":690,"href":"https:\/\/www.euro-soft.pl\/w\/wp-json\/wp\/v2\/pages\/242\/revisions\/690"}],"wp:featuredmedia":[{"embeddable":true,"href":"https:\/\/www.euro-soft.pl\/w\/wp-json\/wp\/v2\/media\/241"}],"wp:attachment":[{"href":"https:\/\/www.euro-soft.pl\/w\/wp-json\/wp\/v2\/media?parent=242"}],"wp:term":[{"taxonomy":"category","embeddable":true,"href":"https:\/\/www.euro-soft.pl\/w\/wp-json\/wp\/v2\/categories?post=242"},{"taxonomy":"post_tag","embeddable":true,"href":"https:\/\/www.euro-soft.pl\/w\/wp-json\/wp\/v2\/tags?post=242"}],"curies":[{"name":"wp","href":"https:\/\/api.w.org\/{rel}","templated":true}]}}