{"id":240,"date":"2018-07-13T12:21:17","date_gmt":"2018-07-13T10:21:17","guid":{"rendered":"https:\/\/www.euro-soft.pl\/wordpress\/wykrywanie-gps\/"},"modified":"2018-07-13T12:21:17","modified_gmt":"2018-07-13T10:21:17","slug":"wykrywanie-gps","status":"publish","type":"page","link":"https:\/\/www.euro-soft.pl\/w\/wykrywanie-gps\/","title":{"rendered":"Wykrywanie GPS"},"content":{"rendered":"<p style=\"text-align: justify;\"><img loading=\"lazy\" decoding=\"async\" class=\" alignleft size-full wp-image-239\" src=\"https:\/\/www.euro-soft.pl\/wordpress\/wp-content\/uploads\/2018\/07\/GPS-trak.jpg\" alt=\"wykrywanie GPS\" width=\"400\" height=\"261\" style=\"float: left;\" title=\"wykrywanie GPS\" srcset=\"https:\/\/www.euro-soft.pl\/w\/wp-content\/uploads\/2018\/07\/GPS-trak.jpg 612w, https:\/\/www.euro-soft.pl\/w\/wp-content\/uploads\/2018\/07\/GPS-trak-300x196.jpg 300w, https:\/\/www.euro-soft.pl\/w\/wp-content\/uploads\/2018\/07\/GPS-trak-600x391.jpg 600w\" sizes=\"auto, (max-width: 400px) 100vw, 400px\" \/><span style=\"font-size: 12pt;\"><strong>Wykrywanie GPS<\/strong> w samochodzie jest procesem wieloetapowym wymagaj\u0105cym odpowiedniej wiedzy oraz odpowiedniego sprz\u0119tu<\/span>.<span style=\"font-size: 12pt;\"> Pos\u0142ugiwanie si\u0119 r\u0119cznymi detektorami pola elektromagnetycznego w trakcie wykrywania GPS \u015bwiadczy tylko o absolutnym dyletanctwie i kompletn\u0105 nieznajomo\u015bci\u0105 tematu. Skuteczne wykrywanie GPS musi polega\u0107 na procedurze rozpoczynaj\u0105cej&nbsp;si\u0119 od przerwania \u0142\u0105czno\u015bci pomi\u0119dzy modu\u0142em GSM lokalizatora GPS z operatorem sieci. Nast\u0119pnie po przywr\u00f3ceniu mo\u017cliwo\u015bci kontaktu modu\u0142u GSM ze swoim operatorem nale\u017cy wykona\u0107 pomiar emisji ujawniaj\u0105cej, kt\u00f3ra trwa ok 2 sekundy i sk\u0142ada si\u0119 z charakterystycznych trzech pik\u00f3w. Nast\u0119pnie trzeba stwierdzi\u0107 \u017ce to co zosta\u0142o przechwycone jest sygna\u0142em otwarcia bramki po\u0142\u0105czenia telefonicznego. Metoda ta pozwala tak\u017ce na wykrycie pods\u0142uchu GSM powszechnie stosowanego w samochodach.<\/span><\/p>\n","protected":false},"excerpt":{"rendered":"<p>Wykrywanie GPS w samochodzie jest procesem wieloetapowym wymagaj\u0105cym odpowiedniej wiedzy oraz odpowiedniego sprz\u0119tu. Pos\u0142ugiwanie si\u0119 r\u0119cznymi detektorami pola elektromagnetycznego w trakcie wykrywania GPS \u015bwiadczy tylko o absolutnym dyletanctwie i kompletn\u0105 nieznajomo\u015bci\u0105 tematu. Skuteczne wykrywanie GPS musi polega\u0107 na procedurze rozpoczynaj\u0105cej&nbsp;si\u0119 od przerwania \u0142\u0105czno\u015bci pomi\u0119dzy modu\u0142em GSM lokalizatora GPS z operatorem sieci. Nast\u0119pnie po przywr\u00f3ceniu mo\u017cliwo\u015bci [&hellip;]<\/p>\n","protected":false},"author":1,"featured_media":239,"parent":0,"menu_order":9,"comment_status":"closed","ping_status":"closed","template":"","meta":{"footnotes":""},"categories":[8],"tags":[],"class_list":["post-240","page","type-page","status-publish","has-post-thumbnail","hentry","category-blog"],"blocksy_meta":[],"_links":{"self":[{"href":"https:\/\/www.euro-soft.pl\/w\/wp-json\/wp\/v2\/pages\/240","targetHints":{"allow":["GET"]}}],"collection":[{"href":"https:\/\/www.euro-soft.pl\/w\/wp-json\/wp\/v2\/pages"}],"about":[{"href":"https:\/\/www.euro-soft.pl\/w\/wp-json\/wp\/v2\/types\/page"}],"author":[{"embeddable":true,"href":"https:\/\/www.euro-soft.pl\/w\/wp-json\/wp\/v2\/users\/1"}],"replies":[{"embeddable":true,"href":"https:\/\/www.euro-soft.pl\/w\/wp-json\/wp\/v2\/comments?post=240"}],"version-history":[{"count":0,"href":"https:\/\/www.euro-soft.pl\/w\/wp-json\/wp\/v2\/pages\/240\/revisions"}],"wp:featuredmedia":[{"embeddable":true,"href":"https:\/\/www.euro-soft.pl\/w\/wp-json\/wp\/v2\/media\/239"}],"wp:attachment":[{"href":"https:\/\/www.euro-soft.pl\/w\/wp-json\/wp\/v2\/media?parent=240"}],"wp:term":[{"taxonomy":"category","embeddable":true,"href":"https:\/\/www.euro-soft.pl\/w\/wp-json\/wp\/v2\/categories?post=240"},{"taxonomy":"post_tag","embeddable":true,"href":"https:\/\/www.euro-soft.pl\/w\/wp-json\/wp\/v2\/tags?post=240"}],"curies":[{"name":"wp","href":"https:\/\/api.w.org\/{rel}","templated":true}]}}