{"id":238,"date":"2018-06-12T15:49:18","date_gmt":"2018-06-12T13:49:18","guid":{"rendered":"https:\/\/www.euro-soft.pl\/wordpress\/rodo\/"},"modified":"2018-06-12T15:49:18","modified_gmt":"2018-06-12T13:49:18","slug":"rodo","status":"publish","type":"page","link":"https:\/\/www.euro-soft.pl\/w\/rodo\/","title":{"rendered":"RODO"},"content":{"rendered":"<p align=\"CENTER\"><span style=\"font-family: 'Times New Roman', serif; font-size: 14pt;\"><b>INFORMACJA DLA KLIENT\u00d3W FIRMY EURO-SOFT DOTYCZ\u0104CA PRZETWARZANIA DANYCH OSOBOWYCH ZGODNIE Z RODO.<\/b><\/span><\/p>\n<p>&nbsp;<\/p>\n<p style=\"text-align: justify;\"><span style=\"font-size: 14pt; font-family: 'times new roman', times, serif;\">Zgodnie z art. 13. Ust. 1 i ust. 2 Rozporz\u0105dzenia Parlamentu Europejskiego i Rady (UE) 2016\/679 z dnia 27 kwietnia 2016 r. w sprawie ochrony os\u00f3b fizycznych w zwi\u0105zku z przetwarzaniem danych osobowych i w sprawie swobodnego przep\u0142ywu takich danych oraz uchylenia dyrektywy 95\/46\/WE (og\u00f3lne rozporz\u0105dzenie o ochronie danych), informuj\u0119, \u017ce:<\/span><\/p>\n<p><span style=\"font-size: 14pt;\"><b>Co oznacza skr\u00f3t RODO?<\/b><\/span><\/p>\n<p><span style=\"font-family: 'Times New Roman', serif; font-size: 14pt;\">Odnosi si\u0119 on do rozporz\u0105dzenia Parlamentu Europejskiego i Rady (UE) 2016\/679 z dnia 27 kwietnia 2016 r. w sprawie ochrony os\u00f3b fizycznych w zwi\u0105zku z przetwarzaniem danych osobowych i w sprawie swobodnego przep\u0142ywu takich danych (zwanego dalej rozporz\u0105dzeniem RODO).<\/span><\/p>\n<p><span style=\"font-size: 14pt;\"><b>Jaki jest cel wprowadzenia RODO?<\/b><\/span><\/p>\n<p><span style=\"font-family: 'Times New Roman', serif; font-size: 14pt;\">Podstawowym celem RODO jest ochrona podstawowych praw i wolno\u015bci os\u00f3b fizycznych w zwi\u0105zku z przetwarzaniem danych osobowych.<\/span><\/p>\n<p><span style=\"font-size: 14pt;\"><b>Kto jest administratorem Twoich Danych osobowych?<\/b><\/span><\/p>\n<p><span style=\"font-size: 14pt;\"><span style=\"font-family: 'Times New Roman', serif;\">Administratorem Pani\/Pana danych osobowych jest <\/span><span style=\"color: #000000;\"><span style=\"font-family: 'Times New Roman', serif;\">firma Euro-Soft Wioletta Wiencis z siedzib\u0105: 05-091 Z\u0105bki, Hansa Christiana Andersena 18F\/2<\/span><\/span><\/span><\/p>\n<p><span style=\"font-size: 14pt;\"><b>Jaki jest cel przetwarzania przez nas Twoich danych osobowych?<\/b><\/span><\/p>\n<p><span style=\"font-family: 'Times New Roman', serif; font-size: 14pt;\">Przetwarzamy Pani\/Pana dane osobowe w celu:<\/span><\/p>\n<ul>\n<li>\n<p><span style=\"font-size: 14pt;\"><strong><span style=\"color: #000000;\"> <span style=\"font-family: 'Times New Roman', serif;\">zawarcia i realizacji umowy sprzeda\u017cy <\/span><\/span><\/strong><span style=\"color: #000000;\"><span style=\"font-family: 'Times New Roman', serif;\">(zam\u00f3wienia w sklepie internetowym) dane niezb\u0119dne do rejestracji konta: e-mail, imi\u0119 i nazwisko, adres, nazwa firmy, nip firmy, nr telefonu,<\/span><\/span><\/span><\/p>\n<\/li>\n<li>\n<p><span style=\"font-size: 14pt;\"><strong><span style=\"color: #000000;\"><span style=\"font-family: 'Times New Roman', serif;\">marketingu produkt\u00f3w w\u0142asnych <\/span><\/span><\/strong><span style=\"color: #000000;\"><span style=\"font-family: 'Times New Roman', serif;\">w tym, zadania pytania na karcie produktu, zapisu do newslettera, powiadomie\u0144 o szkoleniach i proponowania tematu szkole\u0144, formularz kontaktowy, zapytanie ofertowe: imi\u0119 i nazwisko, adres e-mail, nr telefonu,<\/span><\/span><\/span><\/p>\n<\/li>\n<li>\n<p><span style=\"font-size: 14pt;\"><strong><span style=\"color: #000000;\"><span style=\"font-family: 'Times New Roman', serif;\">zapis na szkolenia: <\/span><\/span><\/strong><span style=\"color: #000000;\"><span style=\"font-family: 'Times New Roman', serif;\">e-mail, imi\u0119 i nazwisko, adres, nazwa firmy, nip firmy, nr telefonu.<\/span><\/span><\/span><\/p>\n<\/li>\n<\/ul>\n<p><span style=\"font-size: 14pt;\"><b>Podstawa prawna przetwarzania danych<\/b><\/span><\/p>\n<p><span style=\"font-family: 'Times New Roman', serif; font-size: 14pt;\">Na podstawie art. 6 ust.1. lit b rozporz\u0105dzenia RODO tj. przetwarzanie jest niezb\u0119dne do wykonania umowy lub do podj\u0119cia dzia\u0142a\u0144 przed zawarciem umowy<\/span><\/p>\n<p><span style=\"font-size: 14pt;\"><b>Jakie ma Pani\/ Pan prawa w zakresie przetwarzania danych osobowych przez Ministerstwo?<\/b><\/span><\/p>\n<p><span style=\"font-family: 'Times New Roman', serif; font-size: 14pt;\">Masz prawo:<\/span><\/p>\n<ul>\n<li>\n<p><span style=\"font-family: 'Times New Roman', serif; font-size: 14pt;\">uzyska\u0107 dost\u0119p do swoich danych,<\/span><\/p>\n<\/li>\n<li>\n<p><span style=\"font-family: 'Times New Roman', serif; font-size: 14pt;\">za\u017c\u0105da\u0107 sprostowania Twoich danych osobowych,<\/span><\/p>\n<\/li>\n<li>\n<p><span style=\"font-family: 'Times New Roman', serif; font-size: 14pt;\">\u017c\u0105da\u0107 usuni\u0119cia danych <\/span><\/p>\n<\/li>\n<\/ul>\n<p><span style=\"font-family: 'Times New Roman', serif; font-size: 14pt;\">Wnioski w sprawie realizacji Twoich praw dotycz\u0105cych danych osobowych mo\u017cesz z\u0142o\u017cy\u0107:<\/span><\/p>\n<ul>\n<li>\n<p><span style=\"font-family: 'Times New Roman', serif; font-size: 14pt;\">osobi\u015bcie w siedzibie firmy<\/span><\/p>\n<\/li>\n<li>\n<p><span style=\"font-size: 14pt;\"><span style=\"font-family: 'Times New Roman', serif;\">elektronicznie na adres <\/span><span style=\"color: #0563c1;\"><span lang=\"zxx\"><span style=\"text-decoration: underline;\"><a href=\"mailto:iodo@euro-soft.pl\"><span style=\"font-family: 'Times New Roman', serif;\">iodo@euro-soft.pl<\/span><\/a><\/span><\/span><\/span><span style=\"text-decoration: underline;\"> <\/span><\/span><\/p>\n<\/li>\n<li>\n<p><span style=\"font-size: 14pt;\"><span style=\"font-family: 'Times New Roman', serif;\">oraz listownie na adres: <\/span><span style=\"color: #000000;\"><span style=\"font-family: 'Times New Roman', serif;\">Euro-Soft&nbsp;Wioletta Wiencis, 05-091 Z\u0105bki, Hansa Christiana Andersena 18F\/2<\/span><\/span><\/span><\/p>\n<\/li>\n<\/ul>\n<p><span style=\"font-family: 'Times New Roman', serif; font-size: 14pt;\">We wniosku nale\u017cy wskaza\u0107, jakie s\u0105 Pani\/Pana \u017c\u0105dania (np. \u201e\u017b\u0105dam dost\u0119pu do \u2026\u201d) oraz poda\u0107 dane, na podstawie, kt\u00f3rych b\u0119dzie mo\u017cliwa identyfikacja (imi\u0119, nazwisko lub nazwa firmy).<\/span><\/p>\n<p><span style=\"font-family: 'Times New Roman', serif; font-size: 14pt;\"><b>Kiedy mo\u017cesz \u017c\u0105da\u0107 usuni\u0119cia danych?<\/b><\/span><\/p>\n<p><span style=\"font-size: 14pt;\"><span style=\"font-family: 'Times New Roman', serif;\">W przypadku gdy dane osobowe nie s\u0105 ju\u017c niezb\u0119dne do cel\u00f3w, dla kt\u00f3rych zosta\u0142y zebrane tj. po zako\u0144czeniu realizacji umowy<\/span><span style=\"font-family: 'Times New Roman', serif;\"><b>. <\/b><\/span><\/span><\/p>\n<p><span style=\"font-size: 14pt;\"><span style=\"font-family: 'Times New Roman', serif;\"><b>PAMI\u0118TAJ: w przypadku post\u0119powania reklamacyjnego lub s\u0105dowego Twoje dane b\u0119d\u0105 przetwarzane do czasu zako\u0144czenia tych czynno\u015bci<\/b><\/span><span style=\"font-family: 'Times New Roman', serif;\">.<\/span><\/span><\/p>\n<p><span style=\"font-size: 14pt; color: #ff0000;\"><b>PAMI\u0118TAJ<\/b><\/span><\/p>\n<p><span style=\"font-size: 14pt;\"><span style=\"color: #ff0000;\"><span style=\"font-family: 'Times New Roman', serif;\">\u017b\u0105danie usuni\u0119cia danych skutkuje na przysz\u0142o\u015b\u0107 tj. dotyczy dalszej naszej dzia\u0142alno\u015bci. W zwi\u0105zku z przepisami podatkowymi Twoje \u017c\u0105danie usuni\u0119cia danych nie b\u0119dzie skutkowa\u0142o wstecz tzn. Twoje dane b\u0119dziemy archiwizowa\u0107 w zwi\u0105zku z konieczno\u015bci\u0105 udokumentowania przychod\u00f3w przez pi\u0119\u0107 lat od momentu realizacji zam\u00f3wienia.<\/span><\/span><\/span><\/p>\n<p><span style=\"font-size: 14pt;\"><b>Gdzie mo\u017cna wnie\u015b\u0107 skarg\u0119, w przypadku naruszenia prawa w zakresie rozporz\u0105dzenia RODO?<\/b><\/span><\/p>\n<p><span style=\"font-family: 'Times New Roman', serif; font-size: 14pt;\">Do organu nadzorczego, kt\u00f3ry zajmuje si\u0119 ochron\u0105 danych osobowych tj. Prezesa Urz\u0119du Ochrony Danych Osobowych (PUODO).<\/span><\/p>\n","protected":false},"excerpt":{"rendered":"<p>INFORMACJA DLA KLIENT\u00d3W FIRMY EURO-SOFT DOTYCZ\u0104CA PRZETWARZANIA DANYCH OSOBOWYCH ZGODNIE Z RODO. &nbsp; Zgodnie z art. 13. Ust. 1 i ust. 2 Rozporz\u0105dzenia Parlamentu Europejskiego i Rady (UE) 2016\/679 z dnia 27 kwietnia 2016 r. w sprawie ochrony os\u00f3b fizycznych w zwi\u0105zku z przetwarzaniem danych osobowych i w sprawie swobodnego przep\u0142ywu takich danych oraz uchylenia [&hellip;]<\/p>\n","protected":false},"author":1,"featured_media":0,"parent":0,"menu_order":17,"comment_status":"closed","ping_status":"closed","template":"","meta":{"footnotes":""},"categories":[7],"tags":[],"class_list":["post-238","page","type-page","status-publish","hentry","category-ukryte"],"blocksy_meta":[],"_links":{"self":[{"href":"https:\/\/www.euro-soft.pl\/w\/wp-json\/wp\/v2\/pages\/238","targetHints":{"allow":["GET"]}}],"collection":[{"href":"https:\/\/www.euro-soft.pl\/w\/wp-json\/wp\/v2\/pages"}],"about":[{"href":"https:\/\/www.euro-soft.pl\/w\/wp-json\/wp\/v2\/types\/page"}],"author":[{"embeddable":true,"href":"https:\/\/www.euro-soft.pl\/w\/wp-json\/wp\/v2\/users\/1"}],"replies":[{"embeddable":true,"href":"https:\/\/www.euro-soft.pl\/w\/wp-json\/wp\/v2\/comments?post=238"}],"version-history":[{"count":0,"href":"https:\/\/www.euro-soft.pl\/w\/wp-json\/wp\/v2\/pages\/238\/revisions"}],"wp:attachment":[{"href":"https:\/\/www.euro-soft.pl\/w\/wp-json\/wp\/v2\/media?parent=238"}],"wp:term":[{"taxonomy":"category","embeddable":true,"href":"https:\/\/www.euro-soft.pl\/w\/wp-json\/wp\/v2\/categories?post=238"},{"taxonomy":"post_tag","embeddable":true,"href":"https:\/\/www.euro-soft.pl\/w\/wp-json\/wp\/v2\/tags?post=238"}],"curies":[{"name":"wp","href":"https:\/\/api.w.org\/{rel}","templated":true}]}}