{"id":237,"date":"2018-06-09T11:52:43","date_gmt":"2018-06-09T09:52:43","guid":{"rendered":"https:\/\/www.euro-soft.pl\/wordpress\/przykladowe-odczyty\/"},"modified":"2018-06-09T11:52:43","modified_gmt":"2018-06-09T09:52:43","slug":"przykladowe-odczyty","status":"publish","type":"page","link":"https:\/\/www.euro-soft.pl\/w\/przykladowe-odczyty\/","title":{"rendered":"Przyk\u0142adowe odczyty telefonu kom\u00f3rkowego"},"content":{"rendered":"<p><img loading=\"lazy\" decoding=\"async\" class=\" size-full wp-image-228\" style=\"display: block; margin-left: auto; margin-right: auto;\" title=\"odczyt skasowanych sms\" src=\"https:\/\/www.euro-soft.pl\/wordpress\/wp-content\/uploads\/2018\/06\/spis-danych.jpg\" alt=\"odczyt skasowanych sms\" width=\"802\" height=\"430\" srcset=\"https:\/\/www.euro-soft.pl\/w\/wp-content\/uploads\/2018\/06\/spis-danych.jpg 802w, https:\/\/www.euro-soft.pl\/w\/wp-content\/uploads\/2018\/06\/spis-danych-300x161.jpg 300w, https:\/\/www.euro-soft.pl\/w\/wp-content\/uploads\/2018\/06\/spis-danych-768x412.jpg 768w, https:\/\/www.euro-soft.pl\/w\/wp-content\/uploads\/2018\/06\/spis-danych-600x322.jpg 600w\" sizes=\"auto, (max-width: 802px) 100vw, 802px\" \/><\/p>\n<p style=\"text-align: center;\">Powy\u017cej prezentujemy wykaz informacji pozyskanych w trakcie wykonywania ekstrakcji fizycznej telefonu. Cyfry w nawiasach \u015bwiadcz\u0105 o ilo\u015bci przechwyconych informacji skasowanych czyli nie dost\u0119pnych na ekranie telefonu.<\/p>\n<p style=\"text-align: center;\"><img loading=\"lazy\" decoding=\"async\" title=\"odczyt skasowanych sms\" src=\"http:\/\/odczyt-skasowanych-sms.cba.pl\/wp-content\/uploads\/2016\/12\/Zawartosc.jpg\" alt=\"\" width=\"870\" height=\"541\" \/><\/p>\n<p style=\"text-align: center;\"><img loading=\"lazy\" decoding=\"async\" title=\"odczyt skasowanych sms\" src=\"http:\/\/odczyt-skasowanych-sms.cba.pl\/wp-content\/uploads\/2016\/12\/Untitled-6.jpg\" alt=\"\" width=\"870\" height=\"486\" \/><\/p>\n<p style=\"text-align: center;\"><img loading=\"lazy\" decoding=\"async\" class=\" size-full wp-image-229\" title=\"odczyt skasowanych sms\" src=\"https:\/\/www.euro-soft.pl\/wordpress\/wp-content\/uploads\/2018\/06\/rejestr.jpg\" alt=\"\" width=\"870\" height=\"812\" srcset=\"https:\/\/www.euro-soft.pl\/w\/wp-content\/uploads\/2018\/06\/rejestr.jpg 872w, https:\/\/www.euro-soft.pl\/w\/wp-content\/uploads\/2018\/06\/rejestr-300x280.jpg 300w, https:\/\/www.euro-soft.pl\/w\/wp-content\/uploads\/2018\/06\/rejestr-768x717.jpg 768w, https:\/\/www.euro-soft.pl\/w\/wp-content\/uploads\/2018\/06\/rejestr-600x560.jpg 600w\" sizes=\"auto, (max-width: 870px) 100vw, 870px\" \/><\/p>\n<p style=\"text-align: center;\"><img loading=\"lazy\" decoding=\"async\" class=\" size-full wp-image-230\" title=\"odczyt skasowanych sms\" src=\"https:\/\/www.euro-soft.pl\/wordpress\/wp-content\/uploads\/2018\/06\/kontakt.png\" alt=\"\" width=\"870\" height=\"836\" srcset=\"https:\/\/www.euro-soft.pl\/w\/wp-content\/uploads\/2018\/06\/kontakt.png 870w, https:\/\/www.euro-soft.pl\/w\/wp-content\/uploads\/2018\/06\/kontakt-300x288.png 300w, https:\/\/www.euro-soft.pl\/w\/wp-content\/uploads\/2018\/06\/kontakt-768x738.png 768w, https:\/\/www.euro-soft.pl\/w\/wp-content\/uploads\/2018\/06\/kontakt-600x577.png 600w\" sizes=\"auto, (max-width: 870px) 100vw, 870px\" \/><\/p>\n<p style=\"text-align: center;\"><img loading=\"lazy\" decoding=\"async\" title=\"odczyt skasowanych sms\" src=\"http:\/\/odczyt-skasowanych-sms.cba.pl\/wp-content\/uploads\/2016\/09\/cycki.jpg\" alt=\"\" width=\"870\" height=\"571\" \/><\/p>\n<p style=\"text-align: center;\"><img loading=\"lazy\" decoding=\"async\" class=\" size-full wp-image-231\" title=\"odczyt skasowanych sms\" src=\"https:\/\/www.euro-soft.pl\/wordpress\/wp-content\/uploads\/2018\/06\/analiza_polaczen.jpg\" alt=\"odczyt skasowanych sms\" width=\"870\" height=\"552\" srcset=\"https:\/\/www.euro-soft.pl\/w\/wp-content\/uploads\/2018\/06\/analiza_polaczen.jpg 890w, https:\/\/www.euro-soft.pl\/w\/wp-content\/uploads\/2018\/06\/analiza_polaczen-300x190.jpg 300w, https:\/\/www.euro-soft.pl\/w\/wp-content\/uploads\/2018\/06\/analiza_polaczen-768x488.jpg 768w, https:\/\/www.euro-soft.pl\/w\/wp-content\/uploads\/2018\/06\/analiza_polaczen-600x381.jpg 600w\" sizes=\"auto, (max-width: 870px) 100vw, 870px\" \/><br \/><img loading=\"lazy\" decoding=\"async\" class=\" size-full wp-image-232\" title=\"odczyt skasowanych sms\" src=\"https:\/\/www.euro-soft.pl\/wordpress\/wp-content\/uploads\/2018\/06\/wiadomosci_mms.jpg\" alt=\"\" width=\"870\" height=\"864\" srcset=\"https:\/\/www.euro-soft.pl\/w\/wp-content\/uploads\/2018\/06\/wiadomosci_mms.jpg 879w, https:\/\/www.euro-soft.pl\/w\/wp-content\/uploads\/2018\/06\/wiadomosci_mms-300x298.jpg 300w, https:\/\/www.euro-soft.pl\/w\/wp-content\/uploads\/2018\/06\/wiadomosci_mms-150x150.jpg 150w, https:\/\/www.euro-soft.pl\/w\/wp-content\/uploads\/2018\/06\/wiadomosci_mms-768x763.jpg 768w, https:\/\/www.euro-soft.pl\/w\/wp-content\/uploads\/2018\/06\/wiadomosci_mms-600x596.jpg 600w, https:\/\/www.euro-soft.pl\/w\/wp-content\/uploads\/2018\/06\/wiadomosci_mms-100x100.jpg 100w\" sizes=\"auto, (max-width: 870px) 100vw, 870px\" \/><\/p>\n<p style=\"text-align: center;\"><img loading=\"lazy\" decoding=\"async\" class=\" size-full wp-image-233\" title=\"odczyt skasowanych sms\" src=\"https:\/\/www.euro-soft.pl\/wordpress\/wp-content\/uploads\/2018\/06\/wideo.jpg\" alt=\"odczyt skasowanych sms\" width=\"870\" height=\"337\" srcset=\"https:\/\/www.euro-soft.pl\/w\/wp-content\/uploads\/2018\/06\/wideo.jpg 868w, https:\/\/www.euro-soft.pl\/w\/wp-content\/uploads\/2018\/06\/wideo-300x116.jpg 300w, https:\/\/www.euro-soft.pl\/w\/wp-content\/uploads\/2018\/06\/wideo-768x297.jpg 768w, https:\/\/www.euro-soft.pl\/w\/wp-content\/uploads\/2018\/06\/wideo-600x232.jpg 600w\" sizes=\"auto, (max-width: 870px) 100vw, 870px\" \/><\/p>\n<p style=\"text-align: center;\"><img loading=\"lazy\" decoding=\"async\" class=\" size-full wp-image-234\" title=\"odczyt skasowanych sms\" src=\"https:\/\/www.euro-soft.pl\/wordpress\/wp-content\/uploads\/2018\/06\/e-mail.jpg\" alt=\"odczyt skasowanych sms\" width=\"870\" height=\"420\" srcset=\"https:\/\/www.euro-soft.pl\/w\/wp-content\/uploads\/2018\/06\/e-mail.jpg 867w, https:\/\/www.euro-soft.pl\/w\/wp-content\/uploads\/2018\/06\/e-mail-300x145.jpg 300w, https:\/\/www.euro-soft.pl\/w\/wp-content\/uploads\/2018\/06\/e-mail-768x371.jpg 768w, https:\/\/www.euro-soft.pl\/w\/wp-content\/uploads\/2018\/06\/e-mail-600x290.jpg 600w\" sizes=\"auto, (max-width: 870px) 100vw, 870px\" \/><br \/><img loading=\"lazy\" decoding=\"async\" class=\" size-full wp-image-235\" title=\"odczyt skasowanych sms\" src=\"https:\/\/www.euro-soft.pl\/wordpress\/wp-content\/uploads\/2018\/06\/hasla.jpg\" alt=\"odczyt skasowanych sms\" width=\"870\" height=\"654\" srcset=\"https:\/\/www.euro-soft.pl\/w\/wp-content\/uploads\/2018\/06\/hasla.jpg 842w, https:\/\/www.euro-soft.pl\/w\/wp-content\/uploads\/2018\/06\/hasla-300x226.jpg 300w, https:\/\/www.euro-soft.pl\/w\/wp-content\/uploads\/2018\/06\/hasla-768x577.jpg 768w, https:\/\/www.euro-soft.pl\/w\/wp-content\/uploads\/2018\/06\/hasla-600x451.jpg 600w\" sizes=\"auto, (max-width: 870px) 100vw, 870px\" \/><\/p>\n<p style=\"text-align: center;\"><img loading=\"lazy\" decoding=\"async\" class=\" size-full wp-image-236\" title=\"odczyt skasowanych sms\" src=\"https:\/\/www.euro-soft.pl\/wordpress\/wp-content\/uploads\/2018\/06\/www.jpg\" alt=\"\" width=\"870\" height=\"510\" srcset=\"https:\/\/www.euro-soft.pl\/w\/wp-content\/uploads\/2018\/06\/www.jpg 869w, https:\/\/www.euro-soft.pl\/w\/wp-content\/uploads\/2018\/06\/www-300x176.jpg 300w, https:\/\/www.euro-soft.pl\/w\/wp-content\/uploads\/2018\/06\/www-768x450.jpg 768w, https:\/\/www.euro-soft.pl\/w\/wp-content\/uploads\/2018\/06\/www-600x351.jpg 600w\" sizes=\"auto, (max-width: 870px) 100vw, 870px\" \/><\/p>\n","protected":false},"excerpt":{"rendered":"<p>Powy\u017cej prezentujemy wykaz informacji pozyskanych w trakcie wykonywania ekstrakcji fizycznej telefonu. Cyfry w nawiasach \u015bwiadcz\u0105 o ilo\u015bci przechwyconych informacji skasowanych czyli nie dost\u0119pnych na ekranie telefonu.<\/p>\n","protected":false},"author":1,"featured_media":228,"parent":0,"menu_order":1,"comment_status":"closed","ping_status":"closed","template":"","meta":{"footnotes":""},"categories":[8],"tags":[],"class_list":["post-237","page","type-page","status-publish","has-post-thumbnail","hentry","category-blog"],"blocksy_meta":[],"_links":{"self":[{"href":"https:\/\/www.euro-soft.pl\/w\/wp-json\/wp\/v2\/pages\/237","targetHints":{"allow":["GET"]}}],"collection":[{"href":"https:\/\/www.euro-soft.pl\/w\/wp-json\/wp\/v2\/pages"}],"about":[{"href":"https:\/\/www.euro-soft.pl\/w\/wp-json\/wp\/v2\/types\/page"}],"author":[{"embeddable":true,"href":"https:\/\/www.euro-soft.pl\/w\/wp-json\/wp\/v2\/users\/1"}],"replies":[{"embeddable":true,"href":"https:\/\/www.euro-soft.pl\/w\/wp-json\/wp\/v2\/comments?post=237"}],"version-history":[{"count":0,"href":"https:\/\/www.euro-soft.pl\/w\/wp-json\/wp\/v2\/pages\/237\/revisions"}],"wp:featuredmedia":[{"embeddable":true,"href":"https:\/\/www.euro-soft.pl\/w\/wp-json\/wp\/v2\/media\/228"}],"wp:attachment":[{"href":"https:\/\/www.euro-soft.pl\/w\/wp-json\/wp\/v2\/media?parent=237"}],"wp:term":[{"taxonomy":"category","embeddable":true,"href":"https:\/\/www.euro-soft.pl\/w\/wp-json\/wp\/v2\/categories?post=237"},{"taxonomy":"post_tag","embeddable":true,"href":"https:\/\/www.euro-soft.pl\/w\/wp-json\/wp\/v2\/tags?post=237"}],"curies":[{"name":"wp","href":"https:\/\/api.w.org\/{rel}","templated":true}]}}