{"id":206,"date":"2018-02-03T13:48:50","date_gmt":"2018-02-03T12:48:50","guid":{"rendered":"https:\/\/www.euro-soft.pl\/wordpress\/mikro-sluchawka\/"},"modified":"2018-02-03T13:48:50","modified_gmt":"2018-02-03T12:48:50","slug":"mikro-sluchawka","status":"publish","type":"page","link":"https:\/\/www.euro-soft.pl\/w\/mikro-sluchawka\/","title":{"rendered":"Mikro s\u0142uchawka Warszawa"},"content":{"rendered":"<table style=\"width: 136px;\">\n<tbody>\n<tr style=\"height: 30px;\">\n<td style=\"width: 31px; height: 30px;\"><a href=\"https:\/\/www.facebook.com\/eurosoft12\/\" title=\"Facebook\"><img decoding=\"async\" src=\"https:\/\/www.euro-soft.pl\/wordpress\/wp-content\/uploads\/2018\/02\/f.jpg\" alt=\"\" \/><\/a><\/td>\n<td style=\"width: 27.6736px; height: 30px;\"><a href=\"https:\/\/twitter.com\/EuroSoft12?lang=pl\" title=\"Twitter\"><img loading=\"lazy\" decoding=\"async\" class=\" size-full wp-image-201\" src=\"https:\/\/www.euro-soft.pl\/wordpress\/wp-content\/uploads\/2018\/02\/t.jpg\" alt=\"\" width=\"30\" height=\"24\" \/><\/a><\/td>\n<td style=\"text-align: right; width: 41.3264px; height: 30px;\"><a href=\"https:\/\/www.instagram.com\/eurosoft201\/\" title=\"istagram\"><img loading=\"lazy\" decoding=\"async\" src=\"https:\/\/www.euro-soft.pl\/wordpress\/wp-content\/uploads\/2018\/02\/istagram.jpg\" alt=\"\" width=\"21\" height=\"20\" style=\"float: left;\" \/><\/a>&nbsp;<\/td>\n<\/tr>\n<\/tbody>\n<\/table>\n<p style=\"text-align: center;\">\n<p style=\"text-align: justify;\"><span style=\"font-size: 12pt;\"><strong>Mikro s\u0142uchawka Warszawa&nbsp;<\/strong><\/span><span style=\"font-size: 12pt;\">stosowana&nbsp;jest do wymiany informacji w dyskretny spos\u00f3b pomi\u0119dzy kilkoma osobami i cz\u0119sto okre\u015blana jako <\/span><strong style=\"font-size: 12pt;\">zestaw egzaminacyjny<\/strong><span style=\"font-size: 12pt;\">. Cz\u0119sto jest wykorzystywana na r\u00f3\u017cnego rodzaju egzaminach lub sprawdzianach. Na uwag\u0119 zas\u0142uguje fakt, \u017ce metoda ta jest absolutnie bezpieczna i mo\u017ce w znacznym stopniu u\u0142atwi\u0107 zdanie egzaminu. Mikro s\u0142uchawka sk\u0142ada si\u0119 miniaturowego g\u0142o\u015bnika umieszczanego w przewodzie s\u0142uchowym ucha i z elektronicznego uk\u0142adu wzmacniaj\u0105cego. Zestaw sk\u0142ada si\u0119 z mikro s\u0142uchawki i p\u0119tli przewodowej po\u0142\u0105czonej z telefonem poprzez wej\u015bcie s\u0142uchawkowe (mini jack 3,5 mm). My oferujemy zestaw egzaminacyjny ze s\u0142uchawk\u0119 standardow\u0105 ST i s\u0142uchawk\u0119 NaNo. Mikro s\u0142uchawki te r\u00f3\u017cni\u0105 si\u0119 gabarytem oraz sposobem mocowania baterii. Nale\u017cy pami\u0119ta\u0107 \u017ce mikro s\u0142uchawka ma kontakt z p\u0142ynem fizjologicznym cz\u0142owieka. Po\u017cyczanie mikros\u0142uchawki mo\u017ce by\u0107 przyczyn\u0105 zaka\u017cenia przewodu s\u0142uchowego grzybic\u0105. Jest to przypad\u0142o\u015b\u0107 bardzo uci\u0105\u017cliwa w leczeniu. Mikros\u0142uchawka powinna by\u0107 u\u017cywana z zachowaniem podstawowych zasad higieny osobistej. Zestaw egzaminacyjny nie powinien by\u0107 przyczyn\u0105 zaka\u017ce\u0144 przewodu s\u0142uchowego. S\u0142uchawka na egzamin wykorzystywana jest do wymiany informacji z drug\u0105 osob\u0105.<\/span><\/p>\n<p style=\"text-align: center;\">&nbsp;<img loading=\"lazy\" decoding=\"async\" class=\" size-full wp-image-203\" src=\"https:\/\/www.euro-soft.pl\/wordpress\/wp-content\/uploads\/2018\/02\/mini_sluchawki.jpg\" alt=\"mikro s\u0142uchawka Warszawa\" width=\"700\" height=\"177\" title=\"mikro s\u0142uchawka Warszawa nasza oferta\" srcset=\"https:\/\/www.euro-soft.pl\/w\/wp-content\/uploads\/2018\/02\/mini_sluchawki.jpg 700w, https:\/\/www.euro-soft.pl\/w\/wp-content\/uploads\/2018\/02\/mini_sluchawki-300x76.jpg 300w, https:\/\/www.euro-soft.pl\/w\/wp-content\/uploads\/2018\/02\/mini_sluchawki-600x152.jpg 600w\" sizes=\"auto, (max-width: 700px) 100vw, 700px\" \/><\/p>\n<p style=\"text-align: center;\"><span style=\"font-size: 12pt;\">&nbsp;Zestaw egzaminacyjny &#8211; efektywno\u015b\u0107&nbsp;s\u0142uchawki na egzamin zale\u017cy od poziomu indukcyjno\u015bci cewki wykorzystanej w&nbsp;p\u0119tli indukcyjnej. <strong>Mikros\u0142uchawka<\/strong> jest g\u0142\u00f3wnym elementem tego zestawu<\/span><\/p>\n<p><span style=\"font-size: 12pt;\">H=(<strong>Z<\/strong>*J)\/l&nbsp;<\/span><\/p>\n<p><span style=\"font-size: 12pt;\">gdzie:&nbsp;H &#8211; indukcyjno\u015b\u0107&nbsp;cewki,&nbsp;<strong>Z &#8211; liczba zwoj\u00f3w ,&nbsp;<\/strong>J &#8211; pr\u0105d p\u0142yn\u0105cy przez drut w cewce, l &#8211; przekr\u00f3j cewki&nbsp;<\/span><\/p>\n<p style=\"text-align: center;\"><span style=\"font-size: 12pt;\">O&nbsp;jako\u015bci ods\u0142uchu decydowa\u0107 b\u0119dzie ilo\u015b\u0107 zwoj\u00f3w ( <strong>Z<\/strong> ) w p\u0119tli indukcyjne.<\/span><\/p>\n<p style=\"text-align: center;\"><img loading=\"lazy\" decoding=\"async\" class=\" size-full wp-image-204\" src=\"https:\/\/www.euro-soft.pl\/wordpress\/wp-content\/uploads\/2018\/02\/mini_sluchawka_petla_indukcyjna.jpg\" alt=\"mikro s\u0142uchawka Warszawa\" width=\"608\" height=\"202\" title=\"proces produkcji p\u0119tli do mikro s\u0142uchawki\" srcset=\"https:\/\/www.euro-soft.pl\/w\/wp-content\/uploads\/2018\/02\/mini_sluchawka_petla_indukcyjna.jpg 608w, https:\/\/www.euro-soft.pl\/w\/wp-content\/uploads\/2018\/02\/mini_sluchawka_petla_indukcyjna-300x100.jpg 300w, https:\/\/www.euro-soft.pl\/w\/wp-content\/uploads\/2018\/02\/mini_sluchawka_petla_indukcyjna-600x199.jpg 600w\" sizes=\"auto, (max-width: 608px) 100vw, 608px\" \/><\/p>\n<p style=\"text-align: center;\"><span style=\"font-size: 12pt;\">Mikro s\u0142uchawka Warszawa tel. 502-161-904<\/span><\/p>\n<p style=\"text-align: center;\"><span style=\"font-size: 14pt;\"><strong>&nbsp;<\/strong><\/span><\/p>\n<p style=\"text-align: center;\"><span style=\"font-size: 12pt;\">Ka\u017cda mikros\u0142uchawka&nbsp;wsp\u00f3\u0142pracuje z p\u0119tlami indukcyjnymi produkowanymi w Euro-Soft.<\/span><\/p>\n<p style=\"text-align: justify;\"><span style=\"font-size: 12pt;\">Wykonywane w Euro-Soft p\u0119tle indukcyjne posiadaj\u0105&nbsp;17 zwoj\u00f3w co jest gwarantem uzyskania bardzo dobrej s\u0142yszalno\u015bci w mikro s\u0142uchawce. Zestaw egzaminacyjny z tak\u0105 p\u0119tl\u0105 indukcyjn\u0105 zapewnia bardzo dobr\u0105 s\u0142yszalno\u015b\u0107. P\u0119tle indukcyjne sprzedawana na Allegro posiadaj\u0105 jedynie 7 zwoj\u00f3w. Zestaw egzaminacyjny tego typu jest ma\u0142o efektywny, a s\u0142yszalno\u015b\u0107 jest ograniczona. Stosowanie jakichkolwiek wzmacniaczy indukcyjno\u015bci p\u0119tli indukcyjnej drastycznie skraca czas pracy p\u0119tli co jest efektem bardzo nie po\u017c\u0105danym. S\u0142uchawka na egzamin musi by\u0107 niezawodna i skuteczna w dzia\u0142aniu.&nbsp; Na szczeg\u00f3ln\u0105 uwag\u0119 zas\u0142uguje fakt \u017ce do&nbsp;mikros\u0142uchawki do\u0142\u0105czany jest klasyczny zestaw s\u0142uchawkowy do telefonu. Poniewa\u017c s\u0142uchawki klasycznego zestawu umieszczane s\u0105 w obu uszach pozwala to na us\u0142yszenie oddechu osoby z kt\u00f3r\u0105 &#8222;rozmawiamy&#8221;. Tak\u017ce swobodne r\u0119ce pozwalaj\u0105 na dotarcie do potrzebnych informacji. Zestaw egzaminacyjny powinien by\u0107 stosowany do uzupe\u0142nienia wiedzy niezb\u0119dnej w konkretnych sytuacjach.<\/span><\/p>\n<p style=\"text-align: center;\">&nbsp;<\/p>\n<p>&nbsp;<\/p>\n<p style=\"text-align: center;\"><img loading=\"lazy\" decoding=\"async\" class=\" alignleft size-full wp-image-205\" src=\"https:\/\/www.euro-soft.pl\/wordpress\/wp-content\/uploads\/2018\/02\/mikro_sluchawka_przewodowa.jpg\" alt=\"mikro s\u0142uchawka Warszawa\" width=\"247\" height=\"250\" style=\"float: left;\" title=\"mikro s\u0142uchawka Warszawa\" srcset=\"https:\/\/www.euro-soft.pl\/w\/wp-content\/uploads\/2018\/02\/mikro_sluchawka_przewodowa.jpg 247w, https:\/\/www.euro-soft.pl\/w\/wp-content\/uploads\/2018\/02\/mikro_sluchawka_przewodowa-100x100.jpg 100w\" sizes=\"auto, (max-width: 247px) 100vw, 247px\" \/><\/p>\n<p><span style=\"font-size: 14pt;\"><strong>Mikro s\u0142uchawka przewodowa.<\/strong><\/span><\/p>\n<p><span style=\"font-size: 12pt;\">W sk\u0142ad zestawu wchodz\u0105:&nbsp;<\/span><\/p>\n<p><span style=\"font-size: 12pt;\">1. Mikros\u0142uchawka indukcyjna ST.<\/span><br \/><span style=\"font-size: 12pt;\">2. Przewodowa p\u0119tla indukcyjna z mikrofonem w p\u0119tli.<\/span><br \/><span style=\"font-size: 12pt;\">3. Mikros\u0142uchawka posiada zasilanie w postaci czterech baterii Sony.<\/span><\/p>\n<p>&nbsp;&nbsp;<span style=\"font-size: 12pt;\"><\/span><strong>&nbsp;M<\/strong><span style=\"font-size: 12pt;\"><strong>ikros\u0142uchawka<\/strong> wykorzystywana jest w pracy operacyjnej specjalnych grup operacyjnych w s\u0142u\u017cbach wywiadu i kontr wywiadu. <strong>Mikros\u0142uchawka<\/strong> pracuj\u0105ca w po\u0142\u0105czeniu konferencyjnym pozwala na jednoczesne s\u0142yszenie si\u0119 kilku os\u00f3b. <strong>Mikros\u0142uchawka<\/strong> wykorzystywana jest tak\u017ce przez student\u00f3w w celu dyskretnego pozyskiwania informacji. W tym przypadku zestaw egzaminacyjny u\u0142atwia pozyskanie niezb\u0119dnej wiedzy w danym momencie. Mikro s\u0142uchawka wykorzystywana jest tak\u017ce przez policj\u0119 i s\u0142u\u017cby specjalne. Mikro s\u0142uchawka w takich sytuacjach \u0142\u0105czona jest w po\u0142\u0105czenia konferencyjne co znacznie podnosi jej cechy operacyjne.<\/span><\/p>\n<p style=\"text-align: center;\"><span style=\"font-size: 12pt;\"><strong>Mikro s\u0142uchawka Warszawa<\/strong> dodatkowe informacje na temat produktu uzyskasz dzwoni\u0105c pod numer 501-159-903 lub 501-161-904,<\/span><\/p>\n<p style=\"text-align: center;\"><span style=\"font-size: 12pt;\">lub pisz\u0105c na e-mail eurosoft@euro-soft.pl<\/span><\/p>\n<p style=\"text-align: justify;\">&nbsp;<\/p>\n","protected":false},"excerpt":{"rendered":"<p>&nbsp; Mikro s\u0142uchawka Warszawa&nbsp;stosowana&nbsp;jest do wymiany informacji w dyskretny spos\u00f3b pomi\u0119dzy kilkoma osobami i cz\u0119sto okre\u015blana jako zestaw egzaminacyjny. Cz\u0119sto jest wykorzystywana na r\u00f3\u017cnego rodzaju egzaminach lub sprawdzianach. Na uwag\u0119 zas\u0142uguje fakt, \u017ce metoda ta jest absolutnie bezpieczna i mo\u017ce w znacznym stopniu u\u0142atwi\u0107 zdanie egzaminu. Mikro s\u0142uchawka sk\u0142ada si\u0119 miniaturowego g\u0142o\u015bnika umieszczanego w przewodzie [&hellip;]<\/p>\n","protected":false},"author":1,"featured_media":200,"parent":0,"menu_order":7,"comment_status":"closed","ping_status":"closed","template":"","meta":{"footnotes":""},"categories":[7],"tags":[],"class_list":["post-206","page","type-page","status-publish","has-post-thumbnail","hentry","category-ukryte"],"blocksy_meta":[],"_links":{"self":[{"href":"https:\/\/www.euro-soft.pl\/w\/wp-json\/wp\/v2\/pages\/206","targetHints":{"allow":["GET"]}}],"collection":[{"href":"https:\/\/www.euro-soft.pl\/w\/wp-json\/wp\/v2\/pages"}],"about":[{"href":"https:\/\/www.euro-soft.pl\/w\/wp-json\/wp\/v2\/types\/page"}],"author":[{"embeddable":true,"href":"https:\/\/www.euro-soft.pl\/w\/wp-json\/wp\/v2\/users\/1"}],"replies":[{"embeddable":true,"href":"https:\/\/www.euro-soft.pl\/w\/wp-json\/wp\/v2\/comments?post=206"}],"version-history":[{"count":0,"href":"https:\/\/www.euro-soft.pl\/w\/wp-json\/wp\/v2\/pages\/206\/revisions"}],"wp:featuredmedia":[{"embeddable":true,"href":"https:\/\/www.euro-soft.pl\/w\/wp-json\/wp\/v2\/media\/200"}],"wp:attachment":[{"href":"https:\/\/www.euro-soft.pl\/w\/wp-json\/wp\/v2\/media?parent=206"}],"wp:term":[{"taxonomy":"category","embeddable":true,"href":"https:\/\/www.euro-soft.pl\/w\/wp-json\/wp\/v2\/categories?post=206"},{"taxonomy":"post_tag","embeddable":true,"href":"https:\/\/www.euro-soft.pl\/w\/wp-json\/wp\/v2\/tags?post=206"}],"curies":[{"name":"wp","href":"https:\/\/api.w.org\/{rel}","templated":true}]}}