{"id":196,"date":"2018-01-18T12:45:31","date_gmt":"2018-01-18T11:45:31","guid":{"rendered":"https:\/\/www.euro-soft.pl\/wordpress\/kontrola-niani\/"},"modified":"2025-10-21T09:34:49","modified_gmt":"2025-10-21T07:34:49","slug":"kontrola-niani","status":"publish","type":"page","link":"https:\/\/www.euro-soft.pl\/w\/kontrola-niani\/","title":{"rendered":"Kontrola niani"},"content":{"rendered":"<h1 style=\"text-align: center;\">Metody kontrolowania niani<\/h1>\n<p style=\"text-align: center;\"><img loading=\"lazy\" decoding=\"async\" class=\" size-full wp-image-186\" src=\"https:\/\/www.euro-soft.pl\/wordpress\/wp-content\/uploads\/2018\/01\/Untitled-20.png\" alt=\"kontrola niani\" title=\"kontrola niani\" width=\"1026\" height=\"246\" srcset=\"https:\/\/www.euro-soft.pl\/w\/wp-content\/uploads\/2018\/01\/Untitled-20.png 1026w, https:\/\/www.euro-soft.pl\/w\/wp-content\/uploads\/2018\/01\/Untitled-20-300x72.png 300w, https:\/\/www.euro-soft.pl\/w\/wp-content\/uploads\/2018\/01\/Untitled-20-1024x246.png 1024w, https:\/\/www.euro-soft.pl\/w\/wp-content\/uploads\/2018\/01\/Untitled-20-768x184.png 768w, https:\/\/www.euro-soft.pl\/w\/wp-content\/uploads\/2018\/01\/Untitled-20-600x144.png 600w\" sizes=\"auto, (max-width: 1026px) 100vw, 1026px\" \/><\/p>\n<p>Problematyk\u0105 zwi\u0105zan\u0105 z kontrolowaniem niani zajmujemy si\u0119 od wielu lat. Z naszego do\u015bwiadczenia wynika \u017ce kontrola ta&nbsp;powinna by\u0107 podzielona na trzy integralne obszary, a mianowicie :<\/p>\n<ol>\n<li><strong>Kontrola niani<\/strong> w przypadku dziecka, kt\u00f3re nie m\u00f3wi.<\/li>\n<li><strong>Kontrola niani<\/strong> w przypadku dziecka, kt\u00f3re m\u00f3wi.<\/li>\n<li><strong>Kontrola niani<\/strong>, kt\u00f3ra pl\u0105druje zawarto\u015b\u0107 &#8222;szaf i podobnych miejsc&#8221;.<\/li>\n<\/ol>\n<p>W pierwszym przypadku mamy do czynienia z dzieckiem, kt\u00f3re nie m\u00f3wi. Sytuacje kryzysowe s\u0105 sygnalizowane poprzez p\u0142acz dziecka. Dziecko takie jest ma\u0142o &#8222;ruchliwe&#8221; to znaczy przebywa w kojcu, \u0142\u00f3\u017cku lub w\u00f3zku. Uwarunkowania te pozwalaj\u0105 na skuteczne stosowanie: rejestracji obrazy z foni\u0105, transmisje obrazu z foni\u0105 na pewn\u0105 odleg\u0142o\u015b\u0107, rejestracje tylko fonii, powiadamianie poprzez telefon kom\u00f3rkowy o p\u0142aczu dziecka lub o innych d\u017awi\u0119kach o podwy\u017cszonym poziomie (np. krzyku niani). Nale\u017cy tak\u017ce zwr\u00f3ci\u0107 uwag\u0119 na wypowiedzi niani kierowane do dziecka.<\/p>\n<p>Kontrola niani w drugim przypadku powinna koncentrowa\u0107 si\u0119 na nagrywaniu fonii oraz obrazu. Wskazane jest stosowanie lokalizator\u00f3w po\u0142o\u017cenia GPS. Pozwol\u0105 one na sprawdzenie po\u0142o\u017cenia np. w\u00f3zka w godzinach przewidzianych np. na spacer. Kontrol\u0119 po\u0142o\u017cenia mo\u017cna wykonywa\u0107 z u\u017cyciem telefonu kom\u00f3rkowego.<\/p>\n<p>Kontrola niani w trzecim przypadku ogranicza si\u0119 praktycznie do stosowania ukrytych kamer. Pozwol\u0105 one na rejestracje zachowania niani.<\/p>\n<p>Poni\u017cej prezentowany jest sprz\u0119t pozwalaj\u0105cy skutecznie rejestrowa\u0107 aktywno\u015b\u0107 osoby pe\u0142ni\u0105cej funkcj\u0119 niani.<\/p>\n<p>&nbsp;Opis techniczny oferowanego sprz\u0119tu oraz jego cen\u0119 mo\u017cna znale\u017a\u0107 pod adresem:<\/p>\n<ol>\n<li>Rejestrator fonii KS-20<\/li>\n<li>Rejestrator obrazu UC-1<\/li>\n<li>Pods\u0142uch pomieszczenia GSM<\/li>\n<li>Lokalizator po\u0142o\u017cenia GPS\n<\/li>\n<\/ol>\n<p style=\"text-align: center;\">Euro-Soft<br \/>05-091 Z\u0105bki, H.Ch. Andersena 18F\/2<br \/> e-mail <a href=\"mailto:eurosoft@euro-soft.pl\">eurosoft@euro-soft.pl<br \/><\/a> tel. 501-159-903, 502-161-904,<br \/>od pon do sob w godz 9.00 do 19.00.<\/p>\n<p style=\"text-align: center;\"><span style=\"font-size: 12pt;\"><strong>Lokalizator po\u0142o\u017cenia GPS PS-06<\/strong><\/span><\/p>\n<p style=\"text-align: center;\"><img loading=\"lazy\" decoding=\"async\" class=\" size-full wp-image-187\" src=\"https:\/\/www.euro-soft.pl\/wordpress\/wp-content\/uploads\/2018\/01\/spacer.png\" alt=\"kontrola niania lokalizator GPS PS-06\" width=\"832\" height=\"173\" title=\"kontrola niania lokalizator GPS PS-06\" srcset=\"https:\/\/www.euro-soft.pl\/w\/wp-content\/uploads\/2018\/01\/spacer.png 755w, https:\/\/www.euro-soft.pl\/w\/wp-content\/uploads\/2018\/01\/spacer-300x62.png 300w, https:\/\/www.euro-soft.pl\/w\/wp-content\/uploads\/2018\/01\/spacer-600x125.png 600w\" sizes=\"auto, (max-width: 832px) 100vw, 832px\" \/><\/p>\n<p style=\"text-align: center;\">Kontrola cyklu dziennego opieki nad dzieckiem mo\u017cna realizowa\u0107 przy pomocy lokalizatora GPS PS-06. Zasad\u0119 dzia\u0142ania tego systemu prezentujemy poni\u017cej.<\/p>\n<p style=\"text-align: center;\"><img loading=\"lazy\" decoding=\"async\" class=\" size-full wp-image-188\" src=\"https:\/\/www.euro-soft.pl\/wordpress\/wp-content\/uploads\/2018\/01\/mapa.png\" alt=\"kontrola niania zasada dzia\u0142ania systemu\" width=\"837\" height=\"366\" title=\"kontrola niania zasada dzia\u0142ania systemu\" srcset=\"https:\/\/www.euro-soft.pl\/w\/wp-content\/uploads\/2018\/01\/mapa.png 1440w, https:\/\/www.euro-soft.pl\/w\/wp-content\/uploads\/2018\/01\/mapa-300x131.png 300w, https:\/\/www.euro-soft.pl\/w\/wp-content\/uploads\/2018\/01\/mapa-1024x448.png 1024w, https:\/\/www.euro-soft.pl\/w\/wp-content\/uploads\/2018\/01\/mapa-768x336.png 768w, https:\/\/www.euro-soft.pl\/w\/wp-content\/uploads\/2018\/01\/mapa-600x263.png 600w\" sizes=\"auto, (max-width: 837px) 100vw, 837px\" \/><\/p>\n<p>Lokalizator GPS&nbsp;PS-06 nale\u017cy sparowa\u0107 z naszym telefonem. W trakcie parowania w lokalizatorze zapisywany jest numer naszego telefonu. Lokalizator wysy\u0142a sygna\u0142 zg\u0142oszeniowy na odleg\u0142o\u015b\u0107 70 metr\u00f3w. W przypadku niani wskazane jest aby ta osoba mia\u0142a przy sobie telefon &#8222;s\u0142u\u017cbowy&#8221; z wgran\u0105 aplikacj\u0105 Janosik. Aplikacja ta przychwytuje sygna\u0142 pochodz\u0105cy z lokalizatora GPS PS-06 i wysy\u0142a na nasz telefon informacje o po\u0142o\u017ceniu. Aplikacja do zainstalowania na naszym telefonie jest bezp\u0142atna. Bateria w lokalizatorze wystarcza na okres ok. 3 miesi\u0105ce. Lokalizator jest umieszczany w w\u00f3zku lub dowolnej zabawce zabieranej na spacer przez dziecko.<\/p>\n<hr \/>\n<p style=\"text-align: center;\"><span style=\"font-size: 14pt;\"><strong>Mini dyktafon KS-20<\/strong><\/span><\/p>\n<p style=\"text-align: center;\">&nbsp;<img loading=\"lazy\" decoding=\"async\" class=\" size-full wp-image-189\" src=\"https:\/\/www.euro-soft.pl\/wordpress\/wp-content\/uploads\/2018\/01\/KS-20c.jpg\" alt=\"\" width=\"748\" height=\"292\" title=\"kontrola niani rejestrator KS-20\" data-alt=\"kontrola niani rejestrator KS-20\" srcset=\"https:\/\/www.euro-soft.pl\/w\/wp-content\/uploads\/2018\/01\/KS-20c.jpg 748w, https:\/\/www.euro-soft.pl\/w\/wp-content\/uploads\/2018\/01\/KS-20c-300x117.jpg 300w, https:\/\/www.euro-soft.pl\/w\/wp-content\/uploads\/2018\/01\/KS-20c-600x234.jpg 600w\" sizes=\"auto, (max-width: 748px) 100vw, 748px\" \/><\/p>\n<p>Rejestrator KS-20 charakteryzacje si\u0119 ma\u0142ymi wymiarami (jak na rysunku). Ma\u0142e gabaryty rejestratora pozwalania na ukrycie go w r\u00f3\u017cnego rodzaju zabawkach. Czas zapisu wynosi 20 godzin. Zapis jest realizowany w plikach cztero godzinnych. Ka\u017cdy plik w swojej nazwie posiada dat\u0119 i godzin\u0119 jego wykonania. Nagrane pliki s\u0105 czytane w ka\u017cdym komputerze programem Media Player. Mo\u017cna tak\u017ce u\u017cywa\u0107 darmowego programu do ods\u0142uchu nagra\u0144 o nazwie AudaCity. Pozwoli on na znaczne przyspieszenie procesu ods\u0142uchiwania wykonanych nagra\u0144.&nbsp;<\/p>\n<p style=\"text-align: center;\"><img loading=\"lazy\" decoding=\"async\" class=\" size-full wp-image-190\" src=\"https:\/\/www.euro-soft.pl\/wordpress\/wp-content\/uploads\/2018\/01\/Untitled-23.jpg\" alt=\"kontola niani przyk\u0142adowe kamufla\u017ce\" width=\"653\" height=\"177\" title=\"kontola niani przyk\u0142adowe kamufla\u017ce\" srcset=\"https:\/\/www.euro-soft.pl\/w\/wp-content\/uploads\/2018\/01\/Untitled-23.jpg 653w, https:\/\/www.euro-soft.pl\/w\/wp-content\/uploads\/2018\/01\/Untitled-23-300x81.jpg 300w, https:\/\/www.euro-soft.pl\/w\/wp-content\/uploads\/2018\/01\/Untitled-23-600x163.jpg 600w\" sizes=\"auto, (max-width: 653px) 100vw, 653px\" \/><\/p>\n<h2 style=\"text-align: center;\"><a href=\"https:\/\/www.euro-soft.pl\/w\/kategoria-produktu\/sklep-euro-soft\/mini-dyktafony\/\">Pe\u0142na oferta mini dyktafon\u00f3w<\/a><\/h2>\n<hr \/>\n<p style=\"text-align: center;\"><span style=\"font-size: 14pt;\"><strong>Kamera Online<\/strong><\/span><\/p>\n<p style=\"text-align: center;\">Aby skutecznie korzysta\u0107 z kamery nale\u017cny posiada\u0107 w mieszkaniu ruter WiFi. Kamera niezaleznie od twojej aktualnej lokalizacji pozwoli Ci na podgl\u0105d obrazu i ods\u0142uch pomieszczenia.&nbsp;<\/p>\n<p style=\"text-align: center;\"><img loading=\"lazy\" decoding=\"async\" class=\" size-full wp-image-191\" src=\"https:\/\/www.euro-soft.pl\/wordpress\/wp-content\/uploads\/2018\/01\/K05.png\" alt=\"\" data-alt=\"kamera OnLine\" width=\"787\" height=\"429\" srcset=\"https:\/\/www.euro-soft.pl\/w\/wp-content\/uploads\/2018\/01\/K05.png 787w, https:\/\/www.euro-soft.pl\/w\/wp-content\/uploads\/2018\/01\/K05-300x164.png 300w, https:\/\/www.euro-soft.pl\/w\/wp-content\/uploads\/2018\/01\/K05-768x419.png 768w, https:\/\/www.euro-soft.pl\/w\/wp-content\/uploads\/2018\/01\/K05-600x327.png 600w\" sizes=\"auto, (max-width: 787px) 100vw, 787px\" \/><\/p>\n<p style=\"text-align: center;\"><img loading=\"lazy\" decoding=\"async\" class=\" size-full wp-image-192\" src=\"https:\/\/www.euro-soft.pl\/wordpress\/wp-content\/uploads\/2018\/01\/K08.png\" alt=\"po\u0142\u0105czenie z ruterem kamery online\" width=\"593\" height=\"186\" srcset=\"https:\/\/www.euro-soft.pl\/w\/wp-content\/uploads\/2018\/01\/K08.png 593w, https:\/\/www.euro-soft.pl\/w\/wp-content\/uploads\/2018\/01\/K08-300x94.png 300w\" sizes=\"auto, (max-width: 593px) 100vw, 593px\" \/><img loading=\"lazy\" decoding=\"async\" class=\" size-full wp-image-193\" src=\"https:\/\/www.euro-soft.pl\/wordpress\/wp-content\/uploads\/2018\/01\/K07.png\" alt=\"po\u0142aczenie kamery poprzez WiFi\" width=\"434\" height=\"193\" srcset=\"https:\/\/www.euro-soft.pl\/w\/wp-content\/uploads\/2018\/01\/K07.png 434w, https:\/\/www.euro-soft.pl\/w\/wp-content\/uploads\/2018\/01\/K07-300x133.png 300w\" sizes=\"auto, (max-width: 434px) 100vw, 434px\" \/><\/p>\n<p style=\"text-align: center;\"><img loading=\"lazy\" decoding=\"async\" class=\" size-full wp-image-194\" src=\"https:\/\/www.euro-soft.pl\/wordpress\/wp-content\/uploads\/2018\/01\/K03aa.png\" alt=\"opis kamery do kontroli niani\" width=\"719\" height=\"323\" srcset=\"https:\/\/www.euro-soft.pl\/w\/wp-content\/uploads\/2018\/01\/K03aa.png 719w, https:\/\/www.euro-soft.pl\/w\/wp-content\/uploads\/2018\/01\/K03aa-300x135.png 300w, https:\/\/www.euro-soft.pl\/w\/wp-content\/uploads\/2018\/01\/K03aa-600x270.png 600w\" sizes=\"auto, (max-width: 719px) 100vw, 719px\" \/><\/p>\n<p><span style=\"font-size: 10pt;\"><img loading=\"lazy\" decoding=\"async\" class=\" size-full wp-image-195\" src=\"https:\/\/www.euro-soft.pl\/wordpress\/wp-content\/uploads\/2018\/01\/Untitled-24.png\" alt=\"kontrola niani przyk\u0142adowy kamufla\u017c\" width=\"653\" height=\"175\" style=\"display: block; margin-left: auto; margin-right: auto;\" title=\"kontrola niani przyk\u0142adowy kamufla\u017c\" srcset=\"https:\/\/www.euro-soft.pl\/w\/wp-content\/uploads\/2018\/01\/Untitled-24.png 653w, https:\/\/www.euro-soft.pl\/w\/wp-content\/uploads\/2018\/01\/Untitled-24-300x80.png 300w, https:\/\/www.euro-soft.pl\/w\/wp-content\/uploads\/2018\/01\/Untitled-24-600x161.png 600w\" sizes=\"auto, (max-width: 653px) 100vw, 653px\" \/><\/span><\/p>\n<h2 style=\"text-align: center;\"><a href=\"https:\/\/www.euro-soft.pl\/w\/\">Przekierowanie do sklepu<\/a><\/h2>\n<p style=\"text-align: center;\">&nbsp;Z pe\u0142nym opisem i parametrami technicznymi mo\u017cna zapozna\u0107 si\u0119 na stronie produktu.<\/p>\n","protected":false},"excerpt":{"rendered":"<p>Metody kontrolowania niani Problematyk\u0105 zwi\u0105zan\u0105 z kontrolowaniem niani zajmujemy si\u0119 od wielu lat. Z naszego do\u015bwiadczenia wynika \u017ce kontrola ta&nbsp;powinna by\u0107 podzielona na trzy integralne obszary, a mianowicie : Kontrola niani w przypadku dziecka, kt\u00f3re nie m\u00f3wi. Kontrola niani w przypadku dziecka, kt\u00f3re m\u00f3wi. Kontrola niani, kt\u00f3ra pl\u0105druje zawarto\u015b\u0107 &#8222;szaf i podobnych miejsc&#8221;. W pierwszym [&hellip;]<\/p>\n","protected":false},"author":1,"featured_media":186,"parent":0,"menu_order":2,"comment_status":"closed","ping_status":"closed","template":"","meta":{"footnotes":""},"categories":[8],"tags":[],"class_list":["post-196","page","type-page","status-publish","has-post-thumbnail","hentry","category-blog"],"blocksy_meta":[],"_links":{"self":[{"href":"https:\/\/www.euro-soft.pl\/w\/wp-json\/wp\/v2\/pages\/196","targetHints":{"allow":["GET"]}}],"collection":[{"href":"https:\/\/www.euro-soft.pl\/w\/wp-json\/wp\/v2\/pages"}],"about":[{"href":"https:\/\/www.euro-soft.pl\/w\/wp-json\/wp\/v2\/types\/page"}],"author":[{"embeddable":true,"href":"https:\/\/www.euro-soft.pl\/w\/wp-json\/wp\/v2\/users\/1"}],"replies":[{"embeddable":true,"href":"https:\/\/www.euro-soft.pl\/w\/wp-json\/wp\/v2\/comments?post=196"}],"version-history":[{"count":1,"href":"https:\/\/www.euro-soft.pl\/w\/wp-json\/wp\/v2\/pages\/196\/revisions"}],"predecessor-version":[{"id":691,"href":"https:\/\/www.euro-soft.pl\/w\/wp-json\/wp\/v2\/pages\/196\/revisions\/691"}],"wp:featuredmedia":[{"embeddable":true,"href":"https:\/\/www.euro-soft.pl\/w\/wp-json\/wp\/v2\/media\/186"}],"wp:attachment":[{"href":"https:\/\/www.euro-soft.pl\/w\/wp-json\/wp\/v2\/media?parent=196"}],"wp:term":[{"taxonomy":"category","embeddable":true,"href":"https:\/\/www.euro-soft.pl\/w\/wp-json\/wp\/v2\/categories?post=196"},{"taxonomy":"post_tag","embeddable":true,"href":"https:\/\/www.euro-soft.pl\/w\/wp-json\/wp\/v2\/tags?post=196"}],"curies":[{"name":"wp","href":"https:\/\/api.w.org\/{rel}","templated":true}]}}