{"id":185,"date":"2017-12-11T12:56:02","date_gmt":"2017-12-11T11:56:02","guid":{"rendered":"https:\/\/www.euro-soft.pl\/wordpress\/regulamin\/"},"modified":"2017-12-11T12:56:02","modified_gmt":"2017-12-11T11:56:02","slug":"regulamin","status":"publish","type":"page","link":"https:\/\/www.euro-soft.pl\/w\/regulamin\/","title":{"rendered":"Regulamin"},"content":{"rendered":"<div id=\"center_block\">\n<div class=\"l\">\n<div class=\"r\">\n<div>\n<h2><span style=\"font-size: 10pt;\">REGULAMIN SKLEPU EURO-SOFT<\/span><\/h2>\n<h3><span style=\"font-size: 10pt;\">\u00a7&nbsp;1 Sk\u0142adanie zam\u00f3wie\u0144<\/span><\/h3>\n<p><span style=\"font-size: 10pt;\">1. Prezentowane w sklepie ceny towar\u00f3w s\u0105 cenami brutto i podane s\u0105 w polskich z\u0142otych.<\/span><\/p>\n<p><span style=\"font-size: 10pt;\">2. Podane ceny nie obejmuj\u0105 koszt\u00f3w wysy\u0142ki oraz koszt\u00f3w p\u0142atno\u015bci, kt\u00f3re mog\u0105 dodatkowo zwi\u0119ksza\u0107 warto\u015b\u0107 zam\u00f3wienia.<\/span><\/p>\n<p><span style=\"font-size: 10pt;\">3. Zam\u00f3wienia s\u0105 przyjmowane poprzez stron\u0119 internetow\u0105, mailowo pod adresem eurosoft@euro-soft.pl lub telefonicznie pod numerem telefonu 501 159 903. Wysy\u0142ki s\u0105 realizowane na obszarze terytorialnym Polski.<\/span><\/p>\n<p><span style=\"font-size: 10pt;\">4. Zam\u00f3wienia za po\u015brednictwem sklepu internetowego mo\u017cna sk\u0142ada\u0107 24 godziny na dob\u0119, 7 dni w tygodniu przez ca\u0142y rok.<\/span><\/p>\n<p><span style=\"font-size: 10pt;\">5. Warunkiem prawid\u0142owej realizacji z\u0142o\u017conego poprzez sklep internetowy zam\u00f3wienia jest w\u0142a\u015bciwe wype\u0142nienie formularza zam\u00f3wienia oraz podanie niezb\u0119dnych danych do realizacji zam\u00f3wienia, w tym wysy\u0142ki zam\u00f3wionego towaru.<\/span><\/p>\n<p><span style=\"font-size: 10pt;\">6. Informacje znajduj\u0105ce si\u0119 na stronach internetowych sklepu nie stanowi\u0105 oferty w rozumieniu Kodeksu Cywilnego. Klient sk\u0142adaj\u0105c zam\u00f3wienie za pomoc\u0105 mechanizm\u00f3w dost\u0119pnych na internetowych stronach sklepu, sk\u0142ada ofert\u0119 kupna okre\u015blonego towaru na warunkach podanych w opisie produkt. Po z\u0142o\u017ceniu przez klienta zam\u00f3wienia, otrzyma on informacj\u0119 mailow\u0105 potwierdzaj\u0105c\u0105 przyj\u0119cie zam\u00f3wienia i zawarciu umowy kupna \/ sprzeda\u017cy.<\/span><\/p>\n<p><span style=\"font-size: 10pt;\">7. Termin rozpocz\u0119cia realizacji zam\u00f3wienia pokrywa si\u0119 z momentem wp\u0142ywu wp\u0142aty na rachunek bankowy podany w potwierdzeniu zam\u00f3wienia w przypadku p\u0142atno\u015bci przelewem lub momentem dokonania zam\u00f3wienia w przypadku szybkich p\u0142atno\u015bci elektronicznych lub wyborem opcji p\u0142atno\u015bci przy odbiorze.<\/span><\/p>\n<p><span style=\"font-size: 10pt;\">8. Wszystkie produkty oferowane w sklepie s\u0105 fabrycznie nowe, podlegaj\u0105 gwarancji 12 miesi\u0119cy (chyba \u017ce jest to oznaczone inaczej na karcie danego produktu), oraz zosta\u0142y legalnie wprowadzone na rynek polski. Jako przedsi\u0119biorca handlowy, informujemy, \u017ce mamy obowi\u0105zek dostarcza\u0107 produkty pozbawione wad fabrycznych i prawnych.<\/span><\/p>\n<p><span style=\"font-size: 10pt;\">9. Anulowanie zam\u00f3wienia przez Klienta mo\u017ce nast\u0105pi\u0107 mailowo lub telefonicznie korzystaj\u0105c z danych teleadresowych sklepu. Zam\u00f3wienia, kt\u00f3re zosta\u0142o wys\u0142ane nie mo\u017cna anulowa\u0107. O fakcie wys\u0142ania zam\u00f3wienia Klient zostanie powiadomiony drog\u0105 mailow\u0105.<\/span><\/p>\n<h3><span style=\"font-size: 10pt;\">\u00a7&nbsp;2 Koszty i termin wysy\u0142ki<\/span><\/h3>\n<p><span style=\"font-size: 10pt;\">1. Zam\u00f3wione towary s\u0105 wysy\u0142ane pod adres wskazany w formularzu zam\u00f3wienia. Sklep ma obowi\u0105zek poinformowania klienta o nieprawid\u0142owo wype\u0142nionym formularzu zam\u00f3wienia, lub o innych czynnikach kt\u00f3re uniemo\u017cliwiaj\u0105 lub utrudniaj\u0105 realizacj\u0119 zam\u00f3wienia i dokonanie wysy\u0142ki lub mog\u0105 wp\u0142yn\u0105\u0107 na jej op\u00f3\u017anienie.<\/span><\/p>\n<p><span style=\"font-size: 10pt;\">2. Przesy\u0142ka dostarczona jest do klienta zgodnie z terminem podanym w sklepie internetowym przy ka\u017cdym produkcie (je\u017celi produkt nie ma podanego terminu wysy\u0142ki czas wysy\u0142ki jest okre\u015blany na maksymalnie 3 dni). Jest to orientacyjny czas wysy\u0142ki i dotyczy on zam\u00f3wie\u0144 z opcj\u0105 p\u0142atno\u015bci przy odbiorze lub szybkich p\u0142atno\u015bci elektronicznych. Przy innych formach p\u0142atno\u015bci, w tym p\u0142atno\u015bci przelewem czy kartami kredytowymi do podanego czasu nale\u017cy doda\u0107 czas zaksi\u0119gowania \u015brodk\u00f3w na rachunku bankowym sklepu (w zale\u017cno\u015bci od banku i sposobu p\u0142atno\u015bci).<\/span><\/p>\n<p><span style=\"font-size: 10pt;\">3. Koszty przesy\u0142ki pokrywa nabywca towar\u00f3w. Wysoko\u015b\u0107 koszt\u00f3w wysy\u0142ki jest uzale\u017cniona od zakupionego towaru, rodzaju wybranego sposobu transportu zakupionych towar\u00f3w oraz wybranego sposobu p\u0142atno\u015bci. Klient mo\u017ce si\u0119 zapozna\u0107 z cennikiem koszt\u00f3w dostawy na stronie koszyka sklepu &#8211; po dodaniu wybranych towar\u00f3w do koszyka. Na podanej stronie sklep wy\u015bwietli dost\u0119pne formy i koszty wysy\u0142ek dla towar\u00f3w znajduj\u0105cych si\u0119 w koszyku klienta.<\/span><\/p>\n<h3><span style=\"font-size: 10pt;\">\u00a7&nbsp;3 P\u0142atno\u015bci<\/span><\/h3>\n<p><span style=\"font-size: 10pt;\">1. Ka\u017cda transakcja potwierdzana jest paragonem lub faktur\u0105 VAT.<\/span><\/p>\n<p><span style=\"font-size: 10pt;\">2. P\u0142atno\u015b\u0107 za zam\u00f3wiony towar mo\u017ce nast\u0105pi\u0107 przy odbiorze towaru, za po\u015brednictwem systemu&nbsp;<\/span><\/p>\n<p><span style=\"font-size: 10pt;\">szybkich p\u0142atno\u015bci elektronicznych lub przelewem na konto bankowe sklepu.<\/span><\/p>\n<p><span style=\"font-size: 10pt;\">3. W przypadku zam\u00f3wienia p\u0142atnego przelewem na konto lub kart\u0105, op\u0142at\u0119 nale\u017cy wnie\u015b\u0107 w ca\u0142o\u015bci w ci\u0105gu 14 dni od momentu przyj\u0119cia przez sklep zam\u00f3wienia. Po up\u0142ywie tego terminu nieop\u0142acone zam\u00f3wienie zostaje anulowane.<\/span><\/p>\n<h3><span style=\"font-size: 10pt;\">\u00a7 &nbsp;4 Procedura reklamacji<\/span><\/h3>\n<p><span style=\"font-size: 10pt;\">1. W przypadku stwierdzenia przez Klienta wady lub uszkodzenia towaru o kt\u00f3rym nie by\u0142o mowy w opisie produktu zamieszczonym na stronie sklepu, Klient powinien niezw\u0142ocznie skontaktowa\u0107 si\u0119 ze sprzedawc\u0105 drog\u0105 telefoniczn\u0105 lub e-mailow\u0105 w celu ustalenia sposobu dalszego post\u0119powania.&nbsp;<\/span><\/p>\n<p><span style=\"font-size: 10pt;\">2. Reklamacje musz\u0105 zawiera\u0107 niezb\u0119dne do jej rozpatrzenia dane w szczeg\u00f3lno\u015bci imi\u0119 i nazwisko zamawiaj\u0105cego oraz opis przedmiotu reklamacji.<\/span><\/p>\n<p><span style=\"font-size: 10pt;\">3. Do odsy\u0142anego z powodu reklamacji towaru nale\u017cy do\u0142\u0105czy\u0107 wydrukowany i wype\u0142niony formularz reklamacji za\u0142\u0105czony na dole tego regulaminu.<\/span><\/p>\n<p><span style=\"font-size: 10pt;\">4. Je\u017celi otrzymany przez Klienta towar posiada wady lub uszkodzenia powsta\u0142e podczas transportu, mo\u017ce on zosta\u0107 odes\u0142any przez Klienta na adres sklepu.<\/span><\/p>\n<p><span style=\"font-size: 10pt;\">5. Klient ponosi koszty wysy\u0142ki reklamowanego lub zwracanego produktu. W przypadku pozytywnego rozpatrzenia reklamacji, koszt odes\u0142ania towaru ponosi sprzedawca.<\/span><\/p>\n<p><span style=\"font-size: 10pt;\">6. W przypadku uznania reklamacji sklep dokonuje naprawy lub wymiany uszkodzonego produktu na nowy, a gdy ten spos\u00f3b za\u0142atwienia reklamacji nie jest mo\u017cliwy dokonuje zwrotu zap\u0142aconej przez Klienta kwoty. Podstaw\u0105 otrzymania zwrotu pieni\u0119dzy jest odes\u0142anie do sprzedawcy orygina\u0142u faktury, podpisanej korekty faktury sprzeda\u017cy lub paragonu.<\/span><\/p>\n<p><span style=\"font-size: 10pt;\">7. W przypadku zwrotu, wymiany lub reklamacji zakupionego towaru Klient proszony jest o kontakt mailowy lub telefoniczny ze sprzedaj\u0105cym w celu ustalenia dalszego toku post\u0119powania.<\/span><\/p>\n<p><span style=\"font-size: 10pt;\">8. W przypadku stwierdzenia wady, kupuj\u0105cy mo\u017ce dodatkowo z\u0142o\u017cy\u0107 o\u015bwiadczenie o obni\u017ceniu ceny albo odst\u0105pieniu od umowy, chyba \u017ce sprzedawca niezw\u0142ocznie i bez nadmiernych niedogodno\u015bci dla kupuj\u0105cego wymieni rzecz wadliw\u0105 na woln\u0105 od wad albo wad\u0119 usunie.<\/span><\/p>\n<p><span style=\"font-size: 10pt;\">9. Klient mo\u017ce zrezygnowa\u0107 z zakupionego towaru na odleg\u0142o\u015b\u0107 (odst\u0105pi\u0107 od umowy) bez podania przyczyny w ci\u0105gu 14 dni od daty odebrania przesy\u0142ki pod warunkiem zachowania zasad zwrotu opisanych w zapisach ustawy o towarach zakupionych na odleg\u0142o\u015b\u0107. Zwracany produkt nie mo\u017ce nosi\u0107 \u015blad\u00f3w u\u017cywania i musi by\u0107 odes\u0142any w ca\u0142o\u015bci w\u0142\u0105cznie z opakowaniem naruszonym jedynie w stopniu umo\u017cliwiaj\u0105cym swobodne obejrzenie towaru, kompletem akcesori\u00f3w (je\u015bli dotyczy), dokumentacj\u0105 i dowodem zakupu. Klient ponosi odpowiedzialno\u015b\u0107 za nale\u017cyte zabezpieczenie przesy\u0142ki i oryginalnego opakowania podczas transportu. &nbsp;(podstawa prawna: art. 7 ust.1 &nbsp;ustawy z dnia 2 marca 2000 r. o ochronie niekt\u00f3rych praw konsument\u00f3w oraz o odpowiedzialno\u015bci za szkod\u0119 wyrz\u0105dzona przez produkt niebezpieczny).<\/span><\/p>\n<p><span style=\"font-size: 10pt;\">10. Z uprawnie\u0144 do zwrotu i odst\u0105pienia od umowy nie mog\u0105 korzysta\u0107 osoby, kt\u00f3re nabywaj\u0105 dany towar w zwi\u0105zku z prowadzon\u0105 dzia\u0142alno\u015bci\u0105 gospodarcz\u0105 prosz\u0105c dodatkowo o wystawienie faktury VAT na firm\u0119. Niezale\u017cnie od nabywcy z prawa tego wy\u0142\u0105czone s\u0105 tak\u017ce produkty takie jak: cyfrowe dane audio-wizualne, oprogramowanie oraz tre\u015bci cyfrowe (je\u017celi zosta\u0142o otwarte ich opakowanie w stopniu umo\u017cliwiaj\u0105cym ich skopiowanie), oraz produkty wyprodukowane wed\u0142ug specyfikacji konsumenta lub jego zindywidualizowanych potrzeb.<\/span><\/p>\n<h3><span style=\"font-size: 10pt;\">\u00a7 &nbsp;5 Zwrot pieni\u0119dzy<\/span><\/h3>\n<p><span style=\"font-size: 10pt;\">1. Zwroty pieni\u0119dzy realizowane s\u0105 przez sklep przelewem na wskazany przez Klienta rachunek bankowy.<\/span><\/p>\n<p><span style=\"font-size: 10pt;\">2. Aby dokona\u0107 zwrotu nale\u017cy wydrukowa\u0107 i wype\u0142ni\u0107 formularz zwrotu oraz przes\u0142a\u0107 towar wraz z paragonem lub faktur\u0105 na adres sklepu.<\/span><\/p>\n<p><span style=\"font-size: 10pt;\">3. Pieni\u0105dze za zwr\u00f3cony towar oraz jego koszt wysy\u0142ki (do kwoty r\u00f3wnowarto\u015bci najta\u0144szej dost\u0119pnej dla danego produktu formy wysy\u0142ki) &nbsp;zostan\u0105 przes\u0142ane do Klienta w ci\u0105gu 5 dni roboczych od daty otrzymania zwrotu.<\/span><\/p>\n<h3><span style=\"font-size: 10pt;\">\u00a7 &nbsp;6 Polityka prywatno\u015bci oraz ochrona danych osobowych<\/span><\/h3>\n<p><span style=\"font-size: 10pt;\">1. Wraz z akceptacj\u0105 regulaminu klient wyra\u017ca zgod\u0119, aby w\u0142a\u015bciciel sklepu przetwarza\u0142 jego dane osobowe zgodnie z Ustaw\u0105 z dnia 29.08.1997 r. o ochronie danych osobowych (Dz. U. 2002r. Nr 101, poz. 926 z p\u00f3\u017an. zm.), niezb\u0119dne dla procesu realizacji us\u0142ugi oraz cel\u00f3w marketingowych. Jednocze\u015bnie Nadawcy przys\u0142uguje prawo wgl\u0105du i poprawiania swoich danych osobowych.<\/span><\/p>\n<h3><span style=\"font-size: 10pt;\">\u00a7&nbsp;7 Informacje og\u00f3lne<\/span><\/h3>\n<p><span style=\"font-size: 10pt;\">1. Sklep Euro-Soft prowadzi sprzeda\u017c&nbsp; Internetow\u0105. W\u0142a\u015bcicielem strony euro-soft.pl jest Euro-Soft (nazwa handlowa) mieszcz\u0105cy si\u0119 w Z\u0105bkach, Hansa Christiana Andersena 18F\/2, Firma jest zarejestrowana pod numerem &nbsp;NIP 762 172 44 13 i REGON 146967631.&nbsp;<\/span><\/p>\n<h3><span style=\"font-size: 10pt;\">\u00a7 &nbsp;8 Postanowienia ko\u0144cowe<\/span><\/h3>\n<p><span style=\"font-size: 10pt;\">1. W sprawach nieuregulowanych niniejszym Regulaminem zastosowanie maj\u0105 przepisy Kodeksu Cywilnego, Ustawy z dnia 02.03.2000r. o ochronie niekt\u00f3rych praw konsument\u00f3w oraz o odpowiedzialno\u015bci za szkod\u0119 wyrz\u0105dzon\u0105 przez produkt niebezpieczny.<\/span> &nbsp;<\/p>\n<p>2. W\u0142a\u015bciciel sklepu zastrzega sobie prawo wprowadzania zmian do niniejszego Regulaminu z zastrze\u017ceniem, i\u017c zmiany w stosunku do konsument\u00f3w nie b\u0119d\u0105 mia\u0142y zastosowania do us\u0142ug b\u0119d\u0105cych w trakcie wykonywania.<\/p>\n<\/div>\n<\/div>\n<\/div>\n<\/div>\n","protected":false},"excerpt":{"rendered":"<p>REGULAMIN SKLEPU EURO-SOFT \u00a7&nbsp;1 Sk\u0142adanie zam\u00f3wie\u0144 1. Prezentowane w sklepie ceny towar\u00f3w s\u0105 cenami brutto i podane s\u0105 w polskich z\u0142otych. 2. Podane ceny nie obejmuj\u0105 koszt\u00f3w wysy\u0142ki oraz koszt\u00f3w p\u0142atno\u015bci, kt\u00f3re mog\u0105 dodatkowo zwi\u0119ksza\u0107 warto\u015b\u0107 zam\u00f3wienia. 3. Zam\u00f3wienia s\u0105 przyjmowane poprzez stron\u0119 internetow\u0105, mailowo pod adresem eurosoft@euro-soft.pl lub telefonicznie pod numerem telefonu 501 159 [&hellip;]<\/p>\n","protected":false},"author":1,"featured_media":0,"parent":0,"menu_order":18,"comment_status":"closed","ping_status":"closed","template":"","meta":{"footnotes":""},"categories":[7],"tags":[],"class_list":["post-185","page","type-page","status-publish","hentry","category-ukryte"],"blocksy_meta":[],"_links":{"self":[{"href":"https:\/\/www.euro-soft.pl\/w\/wp-json\/wp\/v2\/pages\/185","targetHints":{"allow":["GET"]}}],"collection":[{"href":"https:\/\/www.euro-soft.pl\/w\/wp-json\/wp\/v2\/pages"}],"about":[{"href":"https:\/\/www.euro-soft.pl\/w\/wp-json\/wp\/v2\/types\/page"}],"author":[{"embeddable":true,"href":"https:\/\/www.euro-soft.pl\/w\/wp-json\/wp\/v2\/users\/1"}],"replies":[{"embeddable":true,"href":"https:\/\/www.euro-soft.pl\/w\/wp-json\/wp\/v2\/comments?post=185"}],"version-history":[{"count":0,"href":"https:\/\/www.euro-soft.pl\/w\/wp-json\/wp\/v2\/pages\/185\/revisions"}],"wp:attachment":[{"href":"https:\/\/www.euro-soft.pl\/w\/wp-json\/wp\/v2\/media?parent=185"}],"wp:term":[{"taxonomy":"category","embeddable":true,"href":"https:\/\/www.euro-soft.pl\/w\/wp-json\/wp\/v2\/categories?post=185"},{"taxonomy":"post_tag","embeddable":true,"href":"https:\/\/www.euro-soft.pl\/w\/wp-json\/wp\/v2\/tags?post=185"}],"curies":[{"name":"wp","href":"https:\/\/api.w.org\/{rel}","templated":true}]}}