{"id":131,"date":"2017-10-21T12:48:04","date_gmt":"2017-10-21T10:48:04","guid":{"rendered":"https:\/\/www.euro-soft.pl\/wordpress\/posiadane-uprawnienia\/"},"modified":"2017-10-21T12:48:04","modified_gmt":"2017-10-21T10:48:04","slug":"posiadane-uprawnienia","status":"publish","type":"page","link":"https:\/\/www.euro-soft.pl\/w\/posiadane-uprawnienia\/","title":{"rendered":"Posiadane uprawnienia"},"content":{"rendered":"<h1 style=\"text-align: center;\"><strong>Wykrywanie pods\u0142uchu<\/strong><\/h1>\n<p style=\"text-align: center;\"><img loading=\"lazy\" decoding=\"async\" class=\" size-full wp-image-127\" src=\"https:\/\/www.euro-soft.pl\/wordpress\/wp-content\/uploads\/2017\/10\/untitled_2.jpg\" alt=\"wykrywanie pods\u0142uchu, wykrywanie pods\u0142uch\u00f3w\" style=\"border: 2px solid black;\" title=\"wykrywanie pods\u0142uchu, wykrywanie pods\u0142uch\u00f3w\" border=\"2\" width=\"480\" height=\"332\" srcset=\"https:\/\/www.euro-soft.pl\/w\/wp-content\/uploads\/2017\/10\/untitled_2.jpg 480w, https:\/\/www.euro-soft.pl\/w\/wp-content\/uploads\/2017\/10\/untitled_2-300x208.jpg 300w\" sizes=\"auto, (max-width: 480px) 100vw, 480px\" \/><\/p>\n<p style=\"text-align: center;\"><span style=\"font-size: small;\"><span style=\"font-size: medium;\"> Dyplom uko\u0144czenia Wojskowej Akademii Technicznej.<br \/>Promocja 1976 r.<\/span><\/span><\/p>\n<p style=\"text-align: center;\"><img loading=\"lazy\" decoding=\"async\" class=\" size-full wp-image-128\" src=\"https:\/\/www.euro-soft.pl\/wordpress\/wp-content\/uploads\/2017\/10\/untitled_4.jpg\" alt=\"wykrywanie pods\u0142uchu, wykrywanie pods\u0142uch\u00f3w\" width=\"500\" height=\"700\" style=\"border: 2px solid black;\" title=\"wykrywanie pods\u0142uchu, wykrywanie pods\u0142uch\u00f3w\" srcset=\"https:\/\/www.euro-soft.pl\/w\/wp-content\/uploads\/2017\/10\/untitled_4.jpg 567w, https:\/\/www.euro-soft.pl\/w\/wp-content\/uploads\/2017\/10\/untitled_4-215x300.jpg 215w\" sizes=\"auto, (max-width: 500px) 100vw, 500px\" \/><\/p>\n<p style=\"text-align: center;\">Wpis do rejestru Bieg\u0142ych S\u0105dowych S\u0105du Okr\u0119gowego Warszawie w dziale <strong>kryminalistyka<\/strong> o specjalno\u015bci <strong>wykrywanie pods\u0142uchu<\/strong>.<\/p>\n<p style=\"text-align: center;\"><img loading=\"lazy\" decoding=\"async\" class=\" size-full wp-image-129\" src=\"https:\/\/www.euro-soft.pl\/wordpress\/wp-content\/uploads\/2017\/10\/odczyt_sms_biegy.jpg\" alt=\"odczyt skasowanych SMS\" width=\"500\" height=\"700\" style=\"border: 2px solid black;\" \/><\/p>\n<p style=\"text-align: center;\">Wpis do rejestru Bieg\u0142ych S\u0105dowych S\u0105du Okr\u0119gowego Warszawie w&nbsp;zakresie<strong> odczytu telefonu, w tym odczytu skasowanych wiadomo\u015bci tekstowych SMS.<\/strong><\/p>\n<p style=\"text-align: center;\"><img loading=\"lazy\" decoding=\"async\" class=\" size-full wp-image-130\" src=\"https:\/\/www.euro-soft.pl\/wordpress\/wp-content\/uploads\/2017\/10\/untitled_3.jpg\" alt=\"wykrywanie pods\u0142uchu, wykrywanie pods\u0142uch\u00f3w\" width=\"500\" height=\"700\" style=\"border: 2px solid black;\" title=\"wykrywanie pods\u0142uchu, wykrywanie pods\u0142uch\u00f3w\" \/><\/p>\n<p style=\"text-align: center;\">Certyfikat Bezpiecze\u0144stwa Osobowego.<\/p>\n<p>&nbsp;<\/p>\n","protected":false},"excerpt":{"rendered":"<p>Wykrywanie pods\u0142uchu Dyplom uko\u0144czenia Wojskowej Akademii Technicznej.Promocja 1976 r. Wpis do rejestru Bieg\u0142ych S\u0105dowych S\u0105du Okr\u0119gowego Warszawie w dziale kryminalistyka o specjalno\u015bci wykrywanie pods\u0142uchu. Wpis do rejestru Bieg\u0142ych S\u0105dowych S\u0105du Okr\u0119gowego Warszawie w&nbsp;zakresie odczytu telefonu, w tym odczytu skasowanych wiadomo\u015bci tekstowych SMS. Certyfikat Bezpiecze\u0144stwa Osobowego. &nbsp;<\/p>\n","protected":false},"author":1,"featured_media":127,"parent":0,"menu_order":4,"comment_status":"closed","ping_status":"closed","template":"","meta":{"footnotes":""},"categories":[6],"tags":[],"class_list":["post-131","page","type-page","status-publish","has-post-thumbnail","hentry","category-informacje-o-nas"],"blocksy_meta":[],"_links":{"self":[{"href":"https:\/\/www.euro-soft.pl\/w\/wp-json\/wp\/v2\/pages\/131","targetHints":{"allow":["GET"]}}],"collection":[{"href":"https:\/\/www.euro-soft.pl\/w\/wp-json\/wp\/v2\/pages"}],"about":[{"href":"https:\/\/www.euro-soft.pl\/w\/wp-json\/wp\/v2\/types\/page"}],"author":[{"embeddable":true,"href":"https:\/\/www.euro-soft.pl\/w\/wp-json\/wp\/v2\/users\/1"}],"replies":[{"embeddable":true,"href":"https:\/\/www.euro-soft.pl\/w\/wp-json\/wp\/v2\/comments?post=131"}],"version-history":[{"count":0,"href":"https:\/\/www.euro-soft.pl\/w\/wp-json\/wp\/v2\/pages\/131\/revisions"}],"wp:featuredmedia":[{"embeddable":true,"href":"https:\/\/www.euro-soft.pl\/w\/wp-json\/wp\/v2\/media\/127"}],"wp:attachment":[{"href":"https:\/\/www.euro-soft.pl\/w\/wp-json\/wp\/v2\/media?parent=131"}],"wp:term":[{"taxonomy":"category","embeddable":true,"href":"https:\/\/www.euro-soft.pl\/w\/wp-json\/wp\/v2\/categories?post=131"},{"taxonomy":"post_tag","embeddable":true,"href":"https:\/\/www.euro-soft.pl\/w\/wp-json\/wp\/v2\/tags?post=131"}],"curies":[{"name":"wp","href":"https:\/\/api.w.org\/{rel}","templated":true}]}}