{"id":115,"date":"2017-10-19T20:21:39","date_gmt":"2017-10-19T18:21:39","guid":{"rendered":"https:\/\/www.euro-soft.pl\/wordpress\/media\/"},"modified":"2017-10-19T20:21:39","modified_gmt":"2017-10-19T18:21:39","slug":"media","status":"publish","type":"page","link":"https:\/\/www.euro-soft.pl\/w\/media\/","title":{"rendered":"Media"},"content":{"rendered":"<p style=\"text-align: center;\"><span style=\"font-size: 18pt;\">Kontakty z TV<\/span><\/p>\n<p><img loading=\"lazy\" decoding=\"async\" class=\" size-full wp-image-108\" src=\"https:\/\/www.euro-soft.pl\/wordpress\/wp-content\/uploads\/2017\/10\/tv1.jpg\" alt=\"wykrywanie pods\u0142uchu, wykrywanie pods\u0142uch\u00f3w\" style=\"border: 2px solid black; display: block; margin-left: auto; margin-right: auto;\" title=\"wykrywanie pods\u0142uchu, wykrywanie pods\u0142uch\u00f3w\" width=\"454\" height=\"255\" srcset=\"https:\/\/www.euro-soft.pl\/w\/wp-content\/uploads\/2017\/10\/tv1.jpg 454w, https:\/\/www.euro-soft.pl\/w\/wp-content\/uploads\/2017\/10\/tv1-300x169.jpg 300w\" sizes=\"auto, (max-width: 454px) 100vw, 454px\" \/><\/p>\n<p><a href=\"http:\/\/www.tvp.info\/15656612\/w-bucie-dlugopisie-zapalniczce-podsluchiwanie-wcale-nie-takie-trudne\" title=\"wykrywanie pods\u0142uchu, wykrywanie pods\u0142uch\u00f3w\"><img decoding=\"async\" src=\"https:\/\/www.euro-soft.pl\/wordpress\/wp-content\/uploads\/2017\/10\/untitled_30.jpg\" alt=\"wykrywanie pods\u0142uchu, wykrywanie pods\u0142uch\u00f3w\" style=\"border: 2px solid black; display: block; margin-left: auto; margin-right: auto;\" title=\"wykrywanie pods\u0142uchu, wykrywanie pods\u0142uch\u00f3w\" \/><\/a><\/p>\n<p><a href=\"https:\/\/www.tvn24.pl\/wiadomosci-z-kraju,3\/kazdy-teraz-nosi-przy-sobie-podsluch,161893.html\"><img loading=\"lazy\" decoding=\"async\" class=\" size-full wp-image-110\" src=\"https:\/\/www.euro-soft.pl\/wordpress\/wp-content\/uploads\/2017\/10\/ccb.jpg\" alt=\"wykrywanie pods\u0142uchu, wykrywanie pods\u0142uch\u00f3w\" width=\"454\" height=\"253\" style=\"display: block; margin-left: auto; margin-right: auto;\" srcset=\"https:\/\/www.euro-soft.pl\/w\/wp-content\/uploads\/2017\/10\/ccb.jpg 637w, https:\/\/www.euro-soft.pl\/w\/wp-content\/uploads\/2017\/10\/ccb-300x168.jpg 300w, https:\/\/www.euro-soft.pl\/w\/wp-content\/uploads\/2017\/10\/ccb-600x336.jpg 600w\" sizes=\"auto, (max-width: 454px) 100vw, 454px\" \/><\/a><\/p>\n<p><img loading=\"lazy\" decoding=\"async\" class=\" size-full wp-image-75\" src=\"https:\/\/www.euro-soft.pl\/wordpress\/wp-content\/uploads\/2017\/10\/Untitled_33.jpg\" alt=\"wykrywanie pods\u0142uchu, wykrywanie pods\u0142uch\u00f3w\" style=\"border: 2px solid black; display: block; margin-left: auto; margin-right: auto;\" title=\"wykrywanie pods\u0142uchu, wykrywanie pods\u0142uch\u00f3w\" width=\"628\" height=\"167\" srcset=\"https:\/\/www.euro-soft.pl\/w\/wp-content\/uploads\/2017\/10\/Untitled_33.jpg 628w, https:\/\/www.euro-soft.pl\/w\/wp-content\/uploads\/2017\/10\/Untitled_33-300x80.jpg 300w, https:\/\/www.euro-soft.pl\/w\/wp-content\/uploads\/2017\/10\/Untitled_33-600x160.jpg 600w\" sizes=\"auto, (max-width: 628px) 100vw, 628px\" \/><\/p>\n<p><img loading=\"lazy\" decoding=\"async\" class=\" size-full wp-image-111\" src=\"https:\/\/www.euro-soft.pl\/wordpress\/wp-content\/uploads\/2017\/10\/untitled_34.jpg\" alt=\"wykrywanie pods\u0142uchu, wykrywanie pods\u0142uch\u00f3w\" style=\"border: 2px solid black; display: block; margin-left: auto; margin-right: auto;\" title=\"wykrywanie pods\u0142uchu, wykrywanie pods\u0142uch\u00f3w\" width=\"450\" height=\"250\" srcset=\"https:\/\/www.euro-soft.pl\/w\/wp-content\/uploads\/2017\/10\/untitled_34.jpg 450w, https:\/\/www.euro-soft.pl\/w\/wp-content\/uploads\/2017\/10\/untitled_34-300x167.jpg 300w\" sizes=\"auto, (max-width: 450px) 100vw, 450px\" \/><\/p>\n<p><img loading=\"lazy\" decoding=\"async\" class=\" size-full wp-image-112\" src=\"https:\/\/www.euro-soft.pl\/wordpress\/wp-content\/uploads\/2017\/10\/untitled_35.jpg\" alt=\"wykrywanie pods\u0142uchu, wykrywanie pods\u0142uch\u00f3w\" style=\"border: 2px solid black; display: block; margin-left: auto; margin-right: auto;\" title=\"wykrywanie pods\u0142uchu, wykrywanie pods\u0142uch\u00f3w\" width=\"450\" height=\"250\" srcset=\"https:\/\/www.euro-soft.pl\/w\/wp-content\/uploads\/2017\/10\/untitled_35.jpg 450w, https:\/\/www.euro-soft.pl\/w\/wp-content\/uploads\/2017\/10\/untitled_35-300x167.jpg 300w\" sizes=\"auto, (max-width: 450px) 100vw, 450px\" \/><\/p>\n<p><img loading=\"lazy\" decoding=\"async\" class=\" size-full wp-image-113\" src=\"https:\/\/www.euro-soft.pl\/wordpress\/wp-content\/uploads\/2017\/10\/untitled_36.jpg\" alt=\"wykrywanie pods\u0142uchu, wykrywanie pods\u0142uch\u00f3w\" style=\"border: 2px solid black; display: block; margin-left: auto; margin-right: auto;\" title=\"wykrywanie pods\u0142uchu, wykrywanie pods\u0142uch\u00f3w\" width=\"450\" height=\"250\" srcset=\"https:\/\/www.euro-soft.pl\/w\/wp-content\/uploads\/2017\/10\/untitled_36.jpg 450w, https:\/\/www.euro-soft.pl\/w\/wp-content\/uploads\/2017\/10\/untitled_36-300x167.jpg 300w\" sizes=\"auto, (max-width: 450px) 100vw, 450px\" \/><\/p>\n<p><a href=\"http:\/\/www.tvn24.pl\/wiadomosci-z-kraju,3\/kazdy-teraz-nosi-przy-sobie-podsluch,161893.html\"> <img loading=\"lazy\" decoding=\"async\" class=\" size-full wp-image-108\" src=\"https:\/\/www.euro-soft.pl\/wordpress\/wp-content\/uploads\/2017\/10\/tv1.jpg\" alt=\"wykrywanie pods\u0142uchu, wykrywanie pods\u0142uch\u00f3w\" style=\"border: 2px solid black; display: block; margin-left: auto; margin-right: auto;\" title=\"wykrywanie pods\u0142uchu, wykrywanie pods\u0142uch\u00f3w\" width=\"454\" height=\"255\" srcset=\"https:\/\/www.euro-soft.pl\/w\/wp-content\/uploads\/2017\/10\/tv1.jpg 454w, https:\/\/www.euro-soft.pl\/w\/wp-content\/uploads\/2017\/10\/tv1-300x169.jpg 300w\" sizes=\"auto, (max-width: 454px) 100vw, 454px\" \/><\/a><\/p>\n<p><a href=\"http:\/\/www.interia.tv\/wideo-nietypowy-prezent-dla-mezczyzny,vId,1983416\" title=\"wykrywanie pods\u0142uchu, wykrywanie pods\u0142uch\u00f3w\"><img loading=\"lazy\" decoding=\"async\" src=\"https:\/\/www.euro-soft.pl\/wordpress\/wp-content\/uploads\/2017\/10\/interia.jpg\" alt=\"wykrywanie pods\u0142uchu, wykrywanie pods\u0142uch\u00f3w\" width=\"457\" height=\"254\" style=\"display: block; margin-left: auto; margin-right: auto;\" \/><\/a><\/p>\n<p>&nbsp;<\/p>\n","protected":false},"excerpt":{"rendered":"<p>Kontakty z TV &nbsp;<\/p>\n","protected":false},"author":1,"featured_media":108,"parent":0,"menu_order":5,"comment_status":"closed","ping_status":"closed","template":"","meta":{"footnotes":""},"categories":[6],"tags":[],"class_list":["post-115","page","type-page","status-publish","has-post-thumbnail","hentry","category-informacje-o-nas"],"blocksy_meta":[],"_links":{"self":[{"href":"https:\/\/www.euro-soft.pl\/w\/wp-json\/wp\/v2\/pages\/115","targetHints":{"allow":["GET"]}}],"collection":[{"href":"https:\/\/www.euro-soft.pl\/w\/wp-json\/wp\/v2\/pages"}],"about":[{"href":"https:\/\/www.euro-soft.pl\/w\/wp-json\/wp\/v2\/types\/page"}],"author":[{"embeddable":true,"href":"https:\/\/www.euro-soft.pl\/w\/wp-json\/wp\/v2\/users\/1"}],"replies":[{"embeddable":true,"href":"https:\/\/www.euro-soft.pl\/w\/wp-json\/wp\/v2\/comments?post=115"}],"version-history":[{"count":0,"href":"https:\/\/www.euro-soft.pl\/w\/wp-json\/wp\/v2\/pages\/115\/revisions"}],"wp:featuredmedia":[{"embeddable":true,"href":"https:\/\/www.euro-soft.pl\/w\/wp-json\/wp\/v2\/media\/108"}],"wp:attachment":[{"href":"https:\/\/www.euro-soft.pl\/w\/wp-json\/wp\/v2\/media?parent=115"}],"wp:term":[{"taxonomy":"category","embeddable":true,"href":"https:\/\/www.euro-soft.pl\/w\/wp-json\/wp\/v2\/categories?post=115"},{"taxonomy":"post_tag","embeddable":true,"href":"https:\/\/www.euro-soft.pl\/w\/wp-json\/wp\/v2\/tags?post=115"}],"curies":[{"name":"wp","href":"https:\/\/api.w.org\/{rel}","templated":true}]}}