{"id":107,"date":"2017-10-19T08:00:48","date_gmt":"2017-10-19T06:00:48","guid":{"rendered":"https:\/\/www.euro-soft.pl\/wordpress\/wykrywanie-gps-warszawa\/"},"modified":"2017-10-19T08:00:48","modified_gmt":"2017-10-19T06:00:48","slug":"wykrywanie-gps-warszawa","status":"publish","type":"page","link":"https:\/\/www.euro-soft.pl\/w\/wykrywanie-gps-warszawa\/","title":{"rendered":"Wykrywanie GPS Warszawa"},"content":{"rendered":"<h2 style=\"text-align: center;\"><a href=\"https:\/\/www.google.pl\/maps\/place\/Wykrywanie+pods%C5%82uchu+Warszawa,+Wykrywanie+GPS+Warszawa,+Mini+dyktafony,+Odczyt+skasowanych+SMS\/@52.262555,20.9278333,18z\/data=!4m8!1m2!2m1!1sEuro-Soft!3m4!1s0x471eca52b70fc705:0x58672abdf1891ccb!8m2!3d52.2627112!4d20.92806\">Wykrywanie&nbsp; lokalizator\u00f3w GPS&nbsp;<\/a><\/h2>\n<p style=\"text-align: justify;\">Wykrywanie lokalizator\u00f3w GPS wykonywane jest zgodnie z tr\u00f3j-etapow\u0105 procedur\u0105 pomiarow\u0105 zapewniaj\u0105c\u0105 100 % skuteczno\u015bci.&nbsp;Wykrywanie wykonywane jest z uwzgl\u0119dnieniem procedur aktywuj\u0105cych u\u015bpione lokalizatory GPS. <span style=\"text-decoration: underline; color: #ff0000;\">Wykrywanie lokalizatora GPS to koszt 500 z\u0142. Skuteczno\u015b\u0107 procesu wykrywania wynosi 100 %.<\/span><\/p>\n<p>Nasza firma oferuje profesjonalne wykrywanie lokalizator\u00f3w GPS w Warszawie, jak i okolicznych miejscowo\u015bciach, po uprzednim kontakcie telefonicznym (501 159 903). Mamy wieloletnie do\u015bwiadczenie w zakresie skutecznego lokalizowania urz\u0105dze\u0144 inwigiluj\u0105cych w samochodach osobowych i ci\u0119\u017carowych.&nbsp;<\/p>\n<h2 style=\"text-align: center;\"><strong>Wykrywanie <\/strong>lokalizator\u00f3w <strong>GPS&nbsp; Warszawa<\/strong><\/h2>\n<p>Us\u0142uga wyszukiwania sprz\u0119tu lokalizuj\u0105cego jest wykonywana zgodnie z ustalon\u0105 przez naszych ekspert\u00f3w, autorsk\u0105 procedur\u0105 sk\u0142adaj\u0105c\u0105 si\u0119 z 3 etap\u00f3w. Gwarantuje ona stuprocentow\u0105 skuteczno\u015b\u0107, nawet gdy pluskwa <b>GPS<\/b> jest nieaktywna i u\u015bpiona.<\/p>\n<p>Zaczynamy od wymuszenia tzw. emisji ujawniaj\u0105cej przy u\u017cyciu naszego specjalistycznego wyposa\u017cenia kontrolno-pomiarowego. Dzi\u0119ki u\u017cyciu profesjonalnych przyrz\u0105d\u00f3w lokalizator zaczyna emitowa\u0107 sygna\u0142, nawet je\u015bli wcze\u015bniej zosta\u0142 automatycznie wy\u0142\u0105czony.<\/p>\n<p>W kolejnym etapie przechwytujemy transmisj\u0119 radiow\u0105 wyemitowan\u0105 przez zainstalowany w samochodzie sprz\u0119t szpieguj\u0105cy. Po zebraniu odpowiedniej ilo\u015bci materia\u0142u przechodzimy do szczeg\u00f3\u0142owej analizy danych, a jednocze\u015bnie rejestracji sygna\u0142u z modu\u0142u komunikacji GSM.<\/p>\n<p>Korzystanie z naszych us\u0142ug umo\u017cliwia szybkie<b> wykrywanie<\/b> popularnych lokalizator\u00f3w <b>GPS<\/b> zamontowanych w pojazdach na terenie <b>Warszawy<\/b> i okolic. Gwarantujemy pe\u0142n\u0105 dyskrecj\u0119, a zarazem indywidualne podej\u015bcie do ka\u017cdego klienta oraz stuprocentowe bezpiecze\u0144stwo.<\/p>\n<h2 style=\"text-align: center;\">Nie daj si\u0119 szpiegowa\u0107 \u2013 wykryj lokalizator <strong>GPS<\/strong>!<\/h2>\n<p>Zlecenia wykonywane s\u0105 przy u\u017cyciu bardzo czu\u0142ych przyrz\u0105d\u00f3w. Je\u017celi zatem masz podejrzenie, \u017ce Twoje&nbsp;auto mo\u017ce by\u0107 \u015bledzone, to skorzystaj z naszej pomocy! Zapewniamy 100% skuteczno\u015bci w <b>wykrywaniu <\/b>urz\u0105dze\u0144 lokalizacyjnych<b> GPS<\/b>. Nale\u017cy pami\u0119ta\u0107, \u017ce lokalizowanie obiektu mo\u017ce odbywa\u0107 si\u0119 tak\u017ce poprzez aplikacje szpiegowsk\u0105, zainstalowan\u0105 w telefonie kierowcy.<\/p>\n<h2 style=\"text-align: center;\">Opis stosowanych procedur<\/h2>\n<ol>\n<li>Pierwszy etap wykrywania GPS polega na wymuszeniu emisji ujawniaj\u0105cej .<\/li>\n<li>Drugi etap to przechwycenie dwu sekundowego sygna\u0142u wymuszonej emisji.<\/li>\n<li>Trzeci etap wykrywania GPS to weryfikacja przechwyconego sygna\u0142u pod k\u0105tem otwarcia bramki po\u0142\u0105czenia GSM.<\/li>\n<\/ol>\n<p>Nie stosowanie powy\u017cszej procedury uniemo\u017cliwia skuteczne wykrywanie lokalizatora GPS w samochodzie lub w przesy\u0142ce kurierskiej.<\/p>\n<p>Nasz klient bierze czynny udzia\u0142 w wykonywanych czynno\u015bciach i dokonuje odczytu wskaza\u0144 przyrz\u0105d\u00f3w pomiarowych.&nbsp;<\/p>\n<p style=\"text-align: justify;\">Badania&nbsp;wykonujemy bardzo czu\u0142ym skanerem czytaj\u0105cym obwiednie sygna\u0142u cyfrowego w zakresie do 25 GHz .&nbsp;Wykrywanie&nbsp;wykonujemy po sprz\u0119towym wymuszeniu emisji ujawniaj\u0105cej modu\u0142\u00f3w GSM. Tr\u00f3j-etapowa procedura wykrywania GPS zapewnia uzyskanie stu procentowej skuteczno\u015bci wykrycia istniej\u0105cych nadajnik\u00f3w pods\u0142uchowych GSM, a tak\u017ce lokalizator\u00f3w GPS. Modu\u0142y te s\u0105 wykrywane bez wzgl\u0119du na to czy aktualnie pracuj\u0105 czy nie. Musz\u0105 by\u0107 jedynie zalogowane do sieci GSM. Czynno\u015bci sprawdzaj\u0105ce s\u0105 wykonywane w okresie ok.20-30 min z u\u017cyciem zestawu PTS-100. Wykrywanie &#8211; sprawdzeniu podlega sygna\u0142 cyfrowych generowana w trakcie logowania si\u0119 lokalizatora GPS do stacji BTS . U\u017cyty sprz\u0119t do&nbsp;wykrywania GPS&nbsp;posiada bardzo wysok\u0105 czu\u0142o\u015b\u0107 oraz szeroki zakres pomiarowy.<br \/>Badanie&nbsp;mo\u017ce by\u0107 zako\u0144czone pisemnym opracowaniem wynik\u00f3w pomiar\u00f3w. Opracowanie takie zawiera wszystkie niezb\u0119dne dane do stwierdzenia stanu faktycznego w momencie pomiar\u00f3w przeprowadzonych w samochodzie.&nbsp;<strong>Wykrywanie GPS<\/strong>&nbsp;w samochodzie powinna odbywa\u0107 si\u0119 w przestrzeni o jak najni\u017cszym poziomie promieniowania t\u0142a elektromagnetycznego. Niski poziom t\u0142a znacznie poprawia selektywno\u015b\u0107 sygna\u0142\u00f3w generowanych w czasie logowania si\u0119 modu\u0142u GSM do swojego BTS-a. W praktyce&nbsp;wykrywanie lokalizator\u00f3w GPS&nbsp;powinno odbywa\u0107 si\u0119 jak najdalej od przeka\u017anik\u00f3w BTS oraz innych \u017ar\u00f3de\u0142 promieniowania elektromagnetycznego.<\/p>\n<h3 style=\"text-align: center;\">Porady techniczne dotycz\u0105ce wykrywania<\/h3>\n<p><img loading=\"lazy\" decoding=\"async\" class=\" alignleft size-full wp-image-91\" src=\"https:\/\/www.euro-soft.pl\/wordpress\/wp-content\/uploads\/2017\/10\/oscor_zd1.jpg\" alt=\"wykrywanie GPS Warszawa, wykrywanie GPS z wykorzystaniem  analizatora widma Oscor Green\" width=\"301\" height=\"326\" style=\"margin-top: 6px; margin-bottom: 6px; float: left;\" title=\"wykrywanie GPS Warszawa wykonywane jest sprz\u0119tem najnowszej generacji z zachowaniem stosownych procedur pomiarowych\" longdesc=\"Wykrywanie lokalizatora GPS wykonywane jest w przestrzenie pozbawionej sygna\u0142\u00f3w zak\u0142\u00f3caj\u0105cych. Procedura ta pozwala na wyeliminowanie przypadkowych zniekszta\u0142ce\u0144 wynik\u00f3w pomiar\u00f3w,\" srcset=\"https:\/\/www.euro-soft.pl\/w\/wp-content\/uploads\/2017\/10\/oscor_zd1.jpg 400w, https:\/\/www.euro-soft.pl\/w\/wp-content\/uploads\/2017\/10\/oscor_zd1-277x300.jpg 277w\" sizes=\"auto, (max-width: 301px) 100vw, 301px\" \/>Wykrywanie lokalizator\u00f3w GPS w samochodzie z wykorzystaniem r\u0119cznych miernik\u00f3w cz\u0119stotliwo\u015bci lub generator\u00f3w samowzbudnych ACECO jest skazane na niepowodzenie. Przyrz\u0105dy te posiadaj\u0105 zbyt ma\u0142\u0105 czu\u0142o\u015b\u0107 i nie s\u0105 w stanie dokonywa\u0107 selektywnych pomiar\u00f3w sygna\u0142u cyfrowego. U\u017cywanie tego typu sprz\u0119tu do wykrywania lokalizator\u00f3w GPS i pods\u0142uchu GSM w samochodzie jest dowodem na kompletn\u0105 nieznajomo\u015b\u0107 tematu. Wykrywanie pods\u0142uchu oraz&nbsp;<strong>wykrywanie GPS<\/strong>&nbsp;powinno odbywa\u0107 si\u0119 w przestrzeni o niskim poziomie t\u0142a co w znacznym stopniu u\u0142atwi prawid\u0142owe pomiary sprawdzaj\u0105ce. <strong>Wykrywanie GPS<\/strong> Warszawa wykonywane jest na Powsta\u0144c\u00f3w \u015al\u0105skich 124 (parking).<\/p>\n<p class=\"clear-both\" style=\"text-align: center;\">Lokalizacja GPS&nbsp; w samochodzie przy pomocy wszelkiego typu urz\u0105dze\u0144 prezentowanych poni\u017cej skazane jest na niepowodzenie z kilku wzgl\u0119d\u00f3w:<\/p>\n<p><img loading=\"lazy\" decoding=\"async\" class=\" size-full wp-image-92\" src=\"https:\/\/www.euro-soft.pl\/wordpress\/wp-content\/uploads\/2017\/10\/wykrywacze.jpg\" alt=\" nieprawid\u0142owy sprz\u0119t do szukania GPS\" style=\"display: block; margin-left: auto; margin-right: auto;\" title=\"Prezentowany sprz\u0119t nie gwarantuje skutecznego wykrywania GPS.\" width=\"747\" height=\"176\" srcset=\"https:\/\/www.euro-soft.pl\/w\/wp-content\/uploads\/2017\/10\/wykrywacze.jpg 747w, https:\/\/www.euro-soft.pl\/w\/wp-content\/uploads\/2017\/10\/wykrywacze-300x71.jpg 300w, https:\/\/www.euro-soft.pl\/w\/wp-content\/uploads\/2017\/10\/wykrywacze-600x141.jpg 600w\" sizes=\"auto, (max-width: 747px) 100vw, 747px\" \/><\/p>\n<p>Wykrywanie&nbsp;GPS musi by\u0107 poprzedzone wymuszeniem emisji ujawniaj\u0105cej lokalizatora GPS. W przypadku pomini\u0119cia wymuszenia emisji ujawniaj\u0105cej badania z u\u017cyciem skaner\u00f3w rejestruj\u0105cych s\u0105 bezzasadne. Podstawowym b\u0142\u0119dem tzw. konkurencji w trakcie wykrywanie GPS w samochodzie jest za\u0142o\u017cenie \u017ce lokalizator GPS pracuje w momencie wykonywania pomiar\u00f3w. Oczywi\u015bcie takie za\u0142o\u017cenie jest zbyt optymistyczne i w praktyce bardzo ma\u0142o prawdopodobne. Wykrywanie GPS wykonywane w Euro-Soft zapewnia stu procentow\u0105 pewno\u015b\u0107 i skuteczno\u015b\u0107. Nasza metoda wykrywania GPS sk\u0142ada si\u0119 z trzech niezale\u017cnych etap\u00f3w. Pierwszy etap to sprz\u0119towe wymuszenie emisji ujawniaj\u0105cej. Drugi etap to przechwycenie sygna\u0142u zg\u0142oszeniowego lokalizatora GPS trwaj\u0105cego ok. 2 sekundy. Trzeci etap wykrywania GPS to weryfikacja przechwyconego sygna\u0142u pod k\u0105tem otwarcia bramki po\u0142\u0105czenia z BTS-em.<\/p>\n<p style=\"text-align: center;\">Poni\u017cej prezentowane s\u0105 przyk\u0142adowe&nbsp;miejsca w kt\u00f3rych s\u0105 umieszczane lokalizatory&nbsp;GPS<\/p>\n<div class=\"center\" style=\"text-align: center;\"><img loading=\"lazy\" decoding=\"async\" class=\" size-full wp-image-93\" src=\"https:\/\/www.euro-soft.pl\/wordpress\/wp-content\/uploads\/2017\/10\/wykrywanie-GPS3.jpg\" alt=\"przyk\u0142adowa lokalizacja \" width=\"370\" height=\"140\" srcset=\"https:\/\/www.euro-soft.pl\/w\/wp-content\/uploads\/2017\/10\/wykrywanie-GPS3.jpg 370w, https:\/\/www.euro-soft.pl\/w\/wp-content\/uploads\/2017\/10\/wykrywanie-GPS3-300x114.jpg 300w\" sizes=\"auto, (max-width: 370px) 100vw, 370px\" \/>&nbsp; <img loading=\"lazy\" decoding=\"async\" class=\" size-full wp-image-94\" src=\"https:\/\/www.euro-soft.pl\/wordpress\/wp-content\/uploads\/2017\/10\/wykrywanie-GPS4.jpg\" alt=\"metody wykrywania lokalizatora\" width=\"370\" height=\"140\" srcset=\"https:\/\/www.euro-soft.pl\/w\/wp-content\/uploads\/2017\/10\/wykrywanie-GPS4.jpg 370w, https:\/\/www.euro-soft.pl\/w\/wp-content\/uploads\/2017\/10\/wykrywanie-GPS4-300x114.jpg 300w\" sizes=\"auto, (max-width: 370px) 100vw, 370px\" \/><\/div>\n<div class=\"center\" style=\"text-align: center;\"><img loading=\"lazy\" decoding=\"async\" class=\" size-full wp-image-95\" src=\"https:\/\/www.euro-soft.pl\/wordpress\/wp-content\/uploads\/2017\/10\/wykrywanie-GPS5.jpg\" alt=\"wykrywanie GPS Warszawa, wykrywanie GPS \" width=\"370\" height=\"140\" srcset=\"https:\/\/www.euro-soft.pl\/w\/wp-content\/uploads\/2017\/10\/wykrywanie-GPS5.jpg 370w, https:\/\/www.euro-soft.pl\/w\/wp-content\/uploads\/2017\/10\/wykrywanie-GPS5-300x114.jpg 300w\" sizes=\"auto, (max-width: 370px) 100vw, 370px\" \/>&nbsp;&nbsp;<img loading=\"lazy\" decoding=\"async\" class=\" size-full wp-image-96\" src=\"https:\/\/www.euro-soft.pl\/wordpress\/wp-content\/uploads\/2017\/10\/wykrywanie-GPS6.jpg\" alt=\"wykrywanie GPS Warszawa\" width=\"370\" height=\"140\" srcset=\"https:\/\/www.euro-soft.pl\/w\/wp-content\/uploads\/2017\/10\/wykrywanie-GPS6.jpg 370w, https:\/\/www.euro-soft.pl\/w\/wp-content\/uploads\/2017\/10\/wykrywanie-GPS6-300x114.jpg 300w\" sizes=\"auto, (max-width: 370px) 100vw, 370px\" \/><\/div>\n<div class=\"center\" style=\"text-align: center;\"><img loading=\"lazy\" decoding=\"async\" class=\" size-full wp-image-97\" src=\"https:\/\/www.euro-soft.pl\/wordpress\/wp-content\/uploads\/2017\/10\/wykrywanie-GPS1.jpg\" alt=\"wykrywanie GPS Warszawa, wykrywanie GPS\" width=\"370\" height=\"140\" srcset=\"https:\/\/www.euro-soft.pl\/w\/wp-content\/uploads\/2017\/10\/wykrywanie-GPS1.jpg 370w, https:\/\/www.euro-soft.pl\/w\/wp-content\/uploads\/2017\/10\/wykrywanie-GPS1-300x114.jpg 300w\" sizes=\"auto, (max-width: 370px) 100vw, 370px\" \/>&nbsp;&nbsp;<img loading=\"lazy\" decoding=\"async\" class=\" size-full wp-image-98\" src=\"https:\/\/www.euro-soft.pl\/wordpress\/wp-content\/uploads\/2017\/10\/wykrywanie-GPS2.jpg\" alt=\"wykrywanie GPS Warszawa\" width=\"370\" height=\"140\" srcset=\"https:\/\/www.euro-soft.pl\/w\/wp-content\/uploads\/2017\/10\/wykrywanie-GPS2.jpg 370w, https:\/\/www.euro-soft.pl\/w\/wp-content\/uploads\/2017\/10\/wykrywanie-GPS2-300x114.jpg 300w\" sizes=\"auto, (max-width: 370px) 100vw, 370px\" \/><\/div>\n<div>&nbsp;<\/div>\n<p style=\"text-align: center;\">&nbsp;<\/p>\n<h5 style=\"text-align: center;\">Prezentacja lokalizator\u00f3w GPS<\/h5>\n<p><img loading=\"lazy\" decoding=\"async\" class=\" alignleft size-full wp-image-99\" src=\"https:\/\/www.euro-soft.pl\/wordpress\/wp-content\/uploads\/2017\/10\/gps_33.jpg\" alt=\"GPS Warszawa, \" width=\"200\" height=\"133\" style=\"float: left;\" \/> <img loading=\"lazy\" decoding=\"async\" class=\" alignleft size-full wp-image-100\" src=\"https:\/\/www.euro-soft.pl\/wordpress\/wp-content\/uploads\/2017\/10\/gps_6.jpg\" alt=\"lokalizator po\u0142o\u017cenia GPS\" width=\"200\" height=\"133\" style=\"float: left;\" title=\"lokalizator po\u0142o\u017cenia GPS\" \/> <img loading=\"lazy\" decoding=\"async\" class=\" alignleft size-full wp-image-101\" src=\"https:\/\/www.euro-soft.pl\/wordpress\/wp-content\/uploads\/2017\/10\/gps_3.jpg\" alt=\"lokalizator GPS Warszawa, wykrywanie \" width=\"200\" height=\"133\" style=\"float: left;\" \/> <img loading=\"lazy\" decoding=\"async\" class=\" alignleft size-full wp-image-102\" src=\"https:\/\/www.euro-soft.pl\/wordpress\/wp-content\/uploads\/2017\/10\/gps_4.jpg\" alt=\"lokalizator GPS\" width=\"200\" height=\"133\" style=\"float: left;\" \/> <img loading=\"lazy\" decoding=\"async\" class=\" size-full wp-image-103\" src=\"https:\/\/www.euro-soft.pl\/wordpress\/wp-content\/uploads\/2017\/10\/gps_5.jpg\" alt=\"wska\u017anik po\u0142o\u017cenia GPS\" width=\"200\" height=\"133\" \/> <img loading=\"lazy\" decoding=\"async\" class=\" size-full wp-image-104\" src=\"https:\/\/www.euro-soft.pl\/wordpress\/wp-content\/uploads\/2017\/10\/wykrywanie_gps_warszawa_4.png\" alt=\"GPS Warszawa\" width=\"200\" height=\"133\" \/> <img loading=\"lazy\" decoding=\"async\" class=\" size-full wp-image-105\" src=\"https:\/\/www.euro-soft.pl\/wordpress\/wp-content\/uploads\/2017\/10\/wykrywanie_gps_warszawa_12.png\" alt=\"wykrywanie GPS Warszawa\" width=\"200\" height=\"133\" \/> <img loading=\"lazy\" decoding=\"async\" class=\" size-full wp-image-106\" src=\"https:\/\/www.euro-soft.pl\/wordpress\/wp-content\/uploads\/2017\/10\/gps1aa.jpg\" alt=\"wykrywanie GPS Warszawa, wykrywanie GPS\" width=\"200\" height=\"133\" \/> &nbsp;&nbsp;&nbsp;<\/p>\n<h3 style=\"text-align: center;\">Dodatkowe informacje o wykrywaniu pods\u0142uchu mo\u017cna uzyska\u0107 odwiedzaj\u0105c strony:<\/h3>\n<p style=\"text-align: center;\"><a href=\"https:\/\/www.podsluch.pl\/\"><\/a><a href=\"https:\/\/www.podsluch.pl\/\">https:\/\/www.podsluch.pl<\/a><\/p>\n<p style=\"text-align: center;\"><a href=\"https:\/\/www.podsluchy.pl\/joomla\/\"><\/a><a href=\"https:\/\/www.podsluchy.pl\/joomla\/\">https:\/\/www.podsluchy.pl<\/a><\/p>\n<p style=\"text-align: center;\"><a href=\"https:\/\/wykrywanie.podsluchy.pl\/wordpress\/\">https:\/\/wykrywanie.podsluchy.pl<\/a><\/p>\n","protected":false},"excerpt":{"rendered":"<p>Wykrywanie&nbsp; lokalizator\u00f3w GPS&nbsp; Wykrywanie lokalizator\u00f3w GPS wykonywane jest zgodnie z tr\u00f3j-etapow\u0105 procedur\u0105 pomiarow\u0105 zapewniaj\u0105c\u0105 100 % skuteczno\u015bci.&nbsp;Wykrywanie wykonywane jest z uwzgl\u0119dnieniem procedur aktywuj\u0105cych u\u015bpione lokalizatory GPS. Wykrywanie lokalizatora GPS to koszt 500 z\u0142. Skuteczno\u015b\u0107 procesu wykrywania wynosi 100 %. Nasza firma oferuje profesjonalne wykrywanie lokalizator\u00f3w GPS w Warszawie, jak i okolicznych miejscowo\u015bciach, po uprzednim kontakcie [&hellip;]<\/p>\n","protected":false},"author":1,"featured_media":91,"parent":0,"menu_order":3,"comment_status":"closed","ping_status":"closed","template":"","meta":{"footnotes":""},"categories":[5],"tags":[],"class_list":["post-107","page","type-page","status-publish","has-post-thumbnail","hentry","category-oferty"],"blocksy_meta":[],"_links":{"self":[{"href":"https:\/\/www.euro-soft.pl\/w\/wp-json\/wp\/v2\/pages\/107","targetHints":{"allow":["GET"]}}],"collection":[{"href":"https:\/\/www.euro-soft.pl\/w\/wp-json\/wp\/v2\/pages"}],"about":[{"href":"https:\/\/www.euro-soft.pl\/w\/wp-json\/wp\/v2\/types\/page"}],"author":[{"embeddable":true,"href":"https:\/\/www.euro-soft.pl\/w\/wp-json\/wp\/v2\/users\/1"}],"replies":[{"embeddable":true,"href":"https:\/\/www.euro-soft.pl\/w\/wp-json\/wp\/v2\/comments?post=107"}],"version-history":[{"count":0,"href":"https:\/\/www.euro-soft.pl\/w\/wp-json\/wp\/v2\/pages\/107\/revisions"}],"wp:featuredmedia":[{"embeddable":true,"href":"https:\/\/www.euro-soft.pl\/w\/wp-json\/wp\/v2\/media\/91"}],"wp:attachment":[{"href":"https:\/\/www.euro-soft.pl\/w\/wp-json\/wp\/v2\/media?parent=107"}],"wp:term":[{"taxonomy":"category","embeddable":true,"href":"https:\/\/www.euro-soft.pl\/w\/wp-json\/wp\/v2\/categories?post=107"},{"taxonomy":"post_tag","embeddable":true,"href":"https:\/\/www.euro-soft.pl\/w\/wp-json\/wp\/v2\/tags?post=107"}],"curies":[{"name":"wp","href":"https:\/\/api.w.org\/{rel}","templated":true}]}}